{"id":7901,"date":"2024-05-22T17:33:17","date_gmt":"2024-05-22T15:33:17","guid":{"rendered":"https:\/\/www.e-leclerc.es\/vitoria-gasteiz\/?page_id=7901"},"modified":"2024-05-22T17:34:21","modified_gmt":"2024-05-22T15:34:21","slug":"clausula-informativa-newsletter","status":"publish","type":"page","link":"https:\/\/e-leclerc.es\/vitoria-gasteiz\/clausula-informativa-newsletter\/","title":{"rendered":"Cl\u00e1usula informativa newsletter"},"content":{"rendered":"\t\t<div data-elementor-type=\"wp-page\" data-elementor-id=\"7901\" class=\"elementor elementor-7901\" data-elementor-post-type=\"page\">\n\t\t\t\t<div class=\"elementor-element elementor-element-ea0a39e e-flex e-con-boxed e-con e-parent\" data-id=\"ea0a39e\" data-element_type=\"container\" data-e-type=\"container\">\n\t\t\t\t\t<div class=\"e-con-inner\">\n\t\t\t\t<div class=\"elementor-element elementor-element-1fc032b elementor-invisible elementor-widget elementor-widget-rt-title\" data-id=\"1fc032b\" data-element_type=\"widget\" data-e-type=\"widget\" data-widget_type=\"rt-title.default\">\n\t\t\t\t<div class=\"elementor-widget-container\">\n\t\t\t\t\t<div class=\"rt-section-title style1\">\n\t<div class=\"title-holder\">\t\t\n\t\t\t\t\t\t<div class=\"heading-wrap \"><h2 class=\"entry-title hide fadeInUp\" data-wow-delay=\"0.4s\" data-wow-duration=\"1.2s\">CL\u00c1USULA INFORMATIVA NEWSLETTER<\/h2><\/div>\n\t\t\t\t\t\t\t<\/div>\n<\/div>\n\t\t\t\t<\/div>\n\t\t\t\t<\/div>\n\t\t\t\t<div class=\"elementor-element elementor-element-3b78e32 elementor-widget elementor-widget-text-editor\" data-id=\"3b78e32\" data-element_type=\"widget\" data-e-type=\"widget\" data-widget_type=\"text-editor.default\">\n\t\t\t\t<div class=\"elementor-widget-container\">\n\t\t\t\t\t\t\t\t\t<p>Si usted introduce su direcci\u00f3n de correo electr\u00f3nico, dar\u00e1 su autorizaci\u00f3n para la recepci\u00f3n peri\u00f3dica de nuestra Newsletter en su correo electr\u00f3nico, consintiendo asimismo el tratamiento de los datos personales facilitados con la citada finalidad. Si usted desea dejar de recibir nuestra Newsletter en su direcci\u00f3n de correo electr\u00f3nico, puede oponerse en cualquier momento al tratamiento de sus datos con fines informativos remitiendo un mensaje de correo electr\u00f3nico, con el asunto \u201cBAJA SUSCRIPCI\u00d3N NEWSLETTER\u201d, a la siguiente direcci\u00f3n: <a href=\"mailto:rgpd@vitoria.leclerc\">rgpd@vitoria.leclerc<\/a>.<\/p><p>Puede dirigirse a nosotros para saber qu\u00e9 informaci\u00f3n tenemos sobre usted, rectificarla, eliminarla y solicitar el traspaso de su informaci\u00f3n a otra entidad (portabilidad). Para solicitar estos derechos, deber\u00e1 realizar una solicitud escrita a nuestra direcci\u00f3n, junto con una fotocopia de su DNI: VITORIADIS , S.L., C\/ MAHATMA GANDHI , 1, CP 01015, VITORIA -GASTEIZ (Alava) Direcci\u00f3n de contacto con nuestro Delegado de Protecci\u00f3n de Datos: <a href=\"mailto:DPD@AUDIDAT.COM\">DPD@AUDIDAT.COM<\/a><\/p><p>Si entiende que sus derechos han sido desatendidos, puede formular una reclamaci\u00f3n en la AEPD (<a href=\"http:\/\/www.aepd.es\">www.aepd.es<\/a>)<\/p><p>Dispone de una informaci\u00f3n ampliada sobre el tratamiento de sus datos personales en el apartado \u201cPol\u00edtica de Privacidad\u201d de nuestra p\u00e1gina web.<\/p>\t\t\t\t\t\t\t\t<\/div>\n\t\t\t\t<\/div>\n\t\t\t\t\t<\/div>\n\t\t\t\t<\/div>\n\t\t\t\t<\/div>\n\t\t","protected":false},"excerpt":{"rendered":"<p>CL\u00c1USULA INFORMATIVA NEWSLETTER Si usted introduce su direcci\u00f3n de correo electr\u00f3nico, dar\u00e1 su autorizaci\u00f3n para la recepci\u00f3n peri\u00f3dica de nuestra Newsletter en su correo electr\u00f3nico, consintiendo asimismo el tratamiento de los datos personales facilitados con la citada finalidad. Si usted desea dejar de recibir nuestra Newsletter en su direcci\u00f3n de correo electr\u00f3nico, puede oponerse en [&hellip;]<\/p>\n","protected":false},"author":3,"featured_media":0,"parent":0,"menu_order":0,"comment_status":"closed","ping_status":"closed","template":"","meta":{"_acf_changed":false,"footnotes":""},"class_list":["post-7901","page","type-page","status-publish","hentry"],"acf":[],"yoast_head":"<!-- This site is optimized with the Yoast SEO plugin v27.3 - https:\/\/yoast.com\/product\/yoast-seo-wordpress\/ -->\n<title>Cl\u00e1usula informativa newsletter - E.Leclerc Vitoria-Gasteiz<\/title>\n<meta name=\"robots\" content=\"index, follow, max-snippet:-1, max-image-preview:large, max-video-preview:-1\" \/>\n<link rel=\"canonical\" href=\"https:\/\/e-leclerc.es\/vitoria-gasteiz\/clausula-informativa-newsletter\/\" \/>\n<meta property=\"og:locale\" content=\"es_ES\" \/>\n<meta property=\"og:type\" content=\"article\" \/>\n<meta property=\"og:title\" content=\"Cl\u00e1usula informativa newsletter - E.Leclerc Vitoria-Gasteiz\" \/>\n<meta property=\"og:description\" content=\"CL\u00c1USULA INFORMATIVA NEWSLETTER Si usted introduce su direcci\u00f3n de correo electr\u00f3nico, dar\u00e1 su autorizaci\u00f3n para la recepci\u00f3n peri\u00f3dica de nuestra Newsletter en su correo electr\u00f3nico, consintiendo asimismo el tratamiento de los datos personales facilitados con la citada finalidad. Si usted desea dejar de recibir nuestra Newsletter en su direcci\u00f3n de correo electr\u00f3nico, puede oponerse en [&hellip;]\" \/>\n<meta property=\"og:url\" content=\"https:\/\/e-leclerc.es\/vitoria-gasteiz\/clausula-informativa-newsletter\/\" \/>\n<meta property=\"og:site_name\" content=\"E.Leclerc Vitoria-Gasteiz\" \/>\n<meta property=\"article:modified_time\" content=\"2024-05-22T15:34:21+00:00\" \/>\n<meta name=\"twitter:card\" content=\"summary_large_image\" \/>\n<meta name=\"twitter:label1\" content=\"Tiempo de lectura\" \/>\n\t<meta name=\"twitter:data1\" content=\"1 minuto\" \/>\n<script type=\"application\/ld+json\" class=\"yoast-schema-graph\">{\"@context\":\"https:\\\/\\\/schema.org\",\"@graph\":[{\"@type\":\"WebPage\",\"@id\":\"https:\\\/\\\/e-leclerc.es\\\/vitoria-gasteiz\\\/clausula-informativa-newsletter\\\/\",\"url\":\"https:\\\/\\\/e-leclerc.es\\\/vitoria-gasteiz\\\/clausula-informativa-newsletter\\\/\",\"name\":\"Cl\u00e1usula informativa newsletter - E.Leclerc Vitoria-Gasteiz\",\"isPartOf\":{\"@id\":\"https:\\\/\\\/e-leclerc.es\\\/vitoria-gasteiz\\\/#website\"},\"datePublished\":\"2024-05-22T15:33:17+00:00\",\"dateModified\":\"2024-05-22T15:34:21+00:00\",\"breadcrumb\":{\"@id\":\"https:\\\/\\\/e-leclerc.es\\\/vitoria-gasteiz\\\/clausula-informativa-newsletter\\\/#breadcrumb\"},\"inLanguage\":\"es\",\"potentialAction\":[{\"@type\":\"ReadAction\",\"target\":[\"https:\\\/\\\/e-leclerc.es\\\/vitoria-gasteiz\\\/clausula-informativa-newsletter\\\/\"]}]},{\"@type\":\"BreadcrumbList\",\"@id\":\"https:\\\/\\\/e-leclerc.es\\\/vitoria-gasteiz\\\/clausula-informativa-newsletter\\\/#breadcrumb\",\"itemListElement\":[{\"@type\":\"ListItem\",\"position\":1,\"name\":\"Portada\",\"item\":\"https:\\\/\\\/e-leclerc.es\\\/vitoria-gasteiz\\\/\"},{\"@type\":\"ListItem\",\"position\":2,\"name\":\"Cl\u00e1usula informativa newsletter\"}]},{\"@type\":\"WebSite\",\"@id\":\"https:\\\/\\\/e-leclerc.es\\\/vitoria-gasteiz\\\/#website\",\"url\":\"https:\\\/\\\/e-leclerc.es\\\/vitoria-gasteiz\\\/\",\"name\":\"E.Leclerc Vitoria-Gasteiz\",\"description\":\"Descubre los folletos, ofertas y promociones de nuestro hipermercado E.Leclerc Vitoria-Gasteiz en Pa\u00eds Vasco. Direcci\u00f3n | Horario | Productos locales\",\"publisher\":{\"@id\":\"https:\\\/\\\/e-leclerc.es\\\/vitoria-gasteiz\\\/#organization\"},\"potentialAction\":[{\"@type\":\"SearchAction\",\"target\":{\"@type\":\"EntryPoint\",\"urlTemplate\":\"https:\\\/\\\/e-leclerc.es\\\/vitoria-gasteiz\\\/?s={search_term_string}\"},\"query-input\":{\"@type\":\"PropertyValueSpecification\",\"valueRequired\":true,\"valueName\":\"search_term_string\"}}],\"inLanguage\":\"es\"},{\"@type\":\"Organization\",\"@id\":\"https:\\\/\\\/e-leclerc.es\\\/vitoria-gasteiz\\\/#organization\",\"name\":\"E.Leclerc Vitoria-Gasteiz\",\"url\":\"https:\\\/\\\/e-leclerc.es\\\/vitoria-gasteiz\\\/\",\"logo\":{\"@type\":\"ImageObject\",\"inLanguage\":\"es\",\"@id\":\"https:\\\/\\\/e-leclerc.es\\\/vitoria-gasteiz\\\/#\\\/schema\\\/logo\\\/image\\\/\",\"url\":\"https:\\\/\\\/e-leclerc.es\\\/vitoria-gasteiz\\\/wp-content\\\/uploads\\\/sites\\\/4\\\/2024\\\/03\\\/Leclerc_Logo.svg\",\"contentUrl\":\"https:\\\/\\\/e-leclerc.es\\\/vitoria-gasteiz\\\/wp-content\\\/uploads\\\/sites\\\/4\\\/2024\\\/03\\\/Leclerc_Logo.svg\",\"caption\":\"E.Leclerc Vitoria-Gasteiz\"},\"image\":{\"@id\":\"https:\\\/\\\/e-leclerc.es\\\/vitoria-gasteiz\\\/#\\\/schema\\\/logo\\\/image\\\/\"}}]}<\/script>\n<!-- \/ Yoast SEO plugin. -->","yoast_head_json":{"title":"Cl\u00e1usula informativa newsletter - E.Leclerc Vitoria-Gasteiz","robots":{"index":"index","follow":"follow","max-snippet":"max-snippet:-1","max-image-preview":"max-image-preview:large","max-video-preview":"max-video-preview:-1"},"canonical":"https:\/\/e-leclerc.es\/vitoria-gasteiz\/clausula-informativa-newsletter\/","og_locale":"es_ES","og_type":"article","og_title":"Cl\u00e1usula informativa newsletter - E.Leclerc Vitoria-Gasteiz","og_description":"CL\u00c1USULA INFORMATIVA NEWSLETTER Si usted introduce su direcci\u00f3n de correo electr\u00f3nico, dar\u00e1 su autorizaci\u00f3n para la recepci\u00f3n peri\u00f3dica de nuestra Newsletter en su correo electr\u00f3nico, consintiendo asimismo el tratamiento de los datos personales facilitados con la citada finalidad. Si usted desea dejar de recibir nuestra Newsletter en su direcci\u00f3n de correo electr\u00f3nico, puede oponerse en [&hellip;]","og_url":"https:\/\/e-leclerc.es\/vitoria-gasteiz\/clausula-informativa-newsletter\/","og_site_name":"E.Leclerc Vitoria-Gasteiz","article_modified_time":"2024-05-22T15:34:21+00:00","twitter_card":"summary_large_image","twitter_misc":{"Tiempo de lectura":"1 minuto"},"schema":{"@context":"https:\/\/schema.org","@graph":[{"@type":"WebPage","@id":"https:\/\/e-leclerc.es\/vitoria-gasteiz\/clausula-informativa-newsletter\/","url":"https:\/\/e-leclerc.es\/vitoria-gasteiz\/clausula-informativa-newsletter\/","name":"Cl\u00e1usula informativa newsletter - E.Leclerc Vitoria-Gasteiz","isPartOf":{"@id":"https:\/\/e-leclerc.es\/vitoria-gasteiz\/#website"},"datePublished":"2024-05-22T15:33:17+00:00","dateModified":"2024-05-22T15:34:21+00:00","breadcrumb":{"@id":"https:\/\/e-leclerc.es\/vitoria-gasteiz\/clausula-informativa-newsletter\/#breadcrumb"},"inLanguage":"es","potentialAction":[{"@type":"ReadAction","target":["https:\/\/e-leclerc.es\/vitoria-gasteiz\/clausula-informativa-newsletter\/"]}]},{"@type":"BreadcrumbList","@id":"https:\/\/e-leclerc.es\/vitoria-gasteiz\/clausula-informativa-newsletter\/#breadcrumb","itemListElement":[{"@type":"ListItem","position":1,"name":"Portada","item":"https:\/\/e-leclerc.es\/vitoria-gasteiz\/"},{"@type":"ListItem","position":2,"name":"Cl\u00e1usula informativa newsletter"}]},{"@type":"WebSite","@id":"https:\/\/e-leclerc.es\/vitoria-gasteiz\/#website","url":"https:\/\/e-leclerc.es\/vitoria-gasteiz\/","name":"E.Leclerc Vitoria-Gasteiz","description":"Descubre los folletos, ofertas y promociones de nuestro hipermercado E.Leclerc Vitoria-Gasteiz en Pa\u00eds Vasco. Direcci\u00f3n | Horario | Productos locales","publisher":{"@id":"https:\/\/e-leclerc.es\/vitoria-gasteiz\/#organization"},"potentialAction":[{"@type":"SearchAction","target":{"@type":"EntryPoint","urlTemplate":"https:\/\/e-leclerc.es\/vitoria-gasteiz\/?s={search_term_string}"},"query-input":{"@type":"PropertyValueSpecification","valueRequired":true,"valueName":"search_term_string"}}],"inLanguage":"es"},{"@type":"Organization","@id":"https:\/\/e-leclerc.es\/vitoria-gasteiz\/#organization","name":"E.Leclerc Vitoria-Gasteiz","url":"https:\/\/e-leclerc.es\/vitoria-gasteiz\/","logo":{"@type":"ImageObject","inLanguage":"es","@id":"https:\/\/e-leclerc.es\/vitoria-gasteiz\/#\/schema\/logo\/image\/","url":"https:\/\/e-leclerc.es\/vitoria-gasteiz\/wp-content\/uploads\/sites\/4\/2024\/03\/Leclerc_Logo.svg","contentUrl":"https:\/\/e-leclerc.es\/vitoria-gasteiz\/wp-content\/uploads\/sites\/4\/2024\/03\/Leclerc_Logo.svg","caption":"E.Leclerc Vitoria-Gasteiz"},"image":{"@id":"https:\/\/e-leclerc.es\/vitoria-gasteiz\/#\/schema\/logo\/image\/"}}]}},"_links":{"self":[{"href":"https:\/\/e-leclerc.es\/vitoria-gasteiz\/wp-json\/wp\/v2\/pages\/7901","targetHints":{"allow":["GET"]}}],"collection":[{"href":"https:\/\/e-leclerc.es\/vitoria-gasteiz\/wp-json\/wp\/v2\/pages"}],"about":[{"href":"https:\/\/e-leclerc.es\/vitoria-gasteiz\/wp-json\/wp\/v2\/types\/page"}],"author":[{"embeddable":true,"href":"https:\/\/e-leclerc.es\/vitoria-gasteiz\/wp-json\/wp\/v2\/users\/3"}],"replies":[{"embeddable":true,"href":"https:\/\/e-leclerc.es\/vitoria-gasteiz\/wp-json\/wp\/v2\/comments?post=7901"}],"version-history":[{"count":4,"href":"https:\/\/e-leclerc.es\/vitoria-gasteiz\/wp-json\/wp\/v2\/pages\/7901\/revisions"}],"predecessor-version":[{"id":7906,"href":"https:\/\/e-leclerc.es\/vitoria-gasteiz\/wp-json\/wp\/v2\/pages\/7901\/revisions\/7906"}],"wp:attachment":[{"href":"https:\/\/e-leclerc.es\/vitoria-gasteiz\/wp-json\/wp\/v2\/media?parent=7901"}],"curies":[{"name":"wp","href":"https:\/\/api.w.org\/{rel}","templated":true}]}}