{"id":7741,"date":"2024-04-30T13:19:29","date_gmt":"2024-04-30T11:19:29","guid":{"rendered":"https:\/\/www.e-leclerc.es\/vitoria-gasteiz\/?page_id=7741"},"modified":"2024-04-30T13:19:45","modified_gmt":"2024-04-30T11:19:45","slug":"buzon-de-sugerencias","status":"publish","type":"page","link":"https:\/\/e-leclerc.es\/vitoria-gasteiz\/buzon-de-sugerencias\/","title":{"rendered":"Buz\u00f3n de sugerencias"},"content":{"rendered":"\t\t<div data-elementor-type=\"wp-page\" data-elementor-id=\"7741\" class=\"elementor elementor-7741\" data-elementor-post-type=\"page\">\n\t\t\t\t<div class=\"elementor-element elementor-element-13020d48 e-flex e-con-boxed e-con e-parent\" data-id=\"13020d48\" data-element_type=\"container\" data-e-type=\"container\">\n\t\t\t\t\t<div class=\"e-con-inner\">\n\t\t\t\t<div class=\"elementor-element elementor-element-3d97d04c elementor-invisible elementor-widget elementor-widget-rt-title-with-text\" data-id=\"3d97d04c\" data-element_type=\"widget\" data-e-type=\"widget\" data-widget_type=\"rt-title-with-text.default\">\n\t\t\t\t<div class=\"elementor-widget-container\">\n\t\t\t\t\t<div class=\"rt-title-text has-animation\">\n\t\t\t<div class=\"entry-subtitle hide fadeInUp\" data-wow-delay=\"0.2s\" data-wow-duration=\"1.2s\">Buz\u00f3n de sugerencias<\/div>\n\t\t\t\t<h2 class=\"entry-title hide fadeInUp\" data-wow-delay=\"0.4s\" data-wow-duration=\"1.2s\">Sugerencias, quejas, reclamaciones y agradecimientos\n<\/h2>\t\t\n\t\t\n\t<div class=\"entry-content hide fadeInUp\" data-wow-delay=\"0.6s\" data-wow-duration=\"1.2s\"><p>A trav\u00e9s de este formulario E. Leclerc pone a su disposici\u00f3n un medio de comunicaci\u00f3n para presentar su opini\u00f3n. Esto nos ayudar\u00e1 a mejorar. Tenemos el compromiso de responderle lo m\u00e1s pronto posible. Para presentar su sugerencia, queja, reclamaci\u00f3n o agradecimiento (SQRA) rellene el siguiente formulario y pulse \"Enviar\". Trataremos los datos personales que nos indique con la finalidad de ofrecer respuesta a su SQRA. Asimismo, le informamos de que tiene la posibilidad de ejercitar los derechos de acceso, rectificaci\u00f3n, supresi\u00f3n y portabilidad. Adicionalmente, tendr\u00e1 derecho a solicitar la limitaci\u00f3n u oposici\u00f3n del tratamiento de sus datos. Puede consultar la informaci\u00f3n adicional y detallada sobre protecci\u00f3n de datos en nuestra <a href=\"http:\/\/wp-content\/uploads\/sites\/3\/2024\/04\/POLITICA-DE-PRIVACIDAD.pdf\" data-wplink-url-error=\"true\">pol\u00edtica de privacidad.<\/a><\/p><\/div>\n\n\t<\/div>\t\t\t\t<\/div>\n\t\t\t\t<\/div>\n\t\t\t\t\t<\/div>\n\t\t\t\t<\/div>\n\t\t<div class=\"elementor-element elementor-element-15ab1dc e-flex e-con-boxed e-con e-parent\" data-id=\"15ab1dc\" data-element_type=\"container\" data-e-type=\"container\">\n\t\t\t\t\t<div class=\"e-con-inner\">\n\t\t<div class=\"elementor-element elementor-element-2937098a e-flex e-con-boxed e-con e-child\" data-id=\"2937098a\" data-element_type=\"container\" data-e-type=\"container\">\n\t\t\t\t\t<div class=\"e-con-inner\">\n\t\t\t\t<div class=\"elementor-element elementor-element-27a07179 fluent-form-widget-step-header-yes fluent-form-widget-step-progressbar-yes fluentform-widget-submit-button-custom elementor-widget elementor-widget-fluent-form-widget\" data-id=\"27a07179\" data-element_type=\"widget\" data-e-type=\"widget\" data-widget_type=\"fluent-form-widget.default\">\n\t\t\t\t<div class=\"elementor-widget-container\">\n\t\t\t\t\t\n            <div class=\"fluentform-widget-wrapper fluentform-widget-align-default\">\n\n                            <div class=\"fluentform-widget-heading\">\n                                                        <\/div>\n            \n            <div class='fluentform ff-default fluentform_wrapper_6 ffs_default_wrap'><form data-form_id=\"6\" id=\"fluentform_6\" class=\"frm-fluent-form fluent_form_6 ff-el-form-top ff_form_instance_6_1 ff-form-loading ffs_default\" data-form_instance=\"ff_form_instance_6_1\" method=\"POST\" ><fieldset  style=\"border: none!important;margin: 0!important;padding: 0!important;background-color: transparent!important;box-shadow: none!important;outline: none!important; min-inline-size: 100%;\">\n                    <legend class=\"ff_screen_reader_title\" style=\"display: block; margin: 0!important;padding: 0!important;height: 0!important;text-indent: -999999px;width: 0!important;overflow:hidden;\">Buz\u00f3n de sugerencias<\/legend><input type='hidden' name='__fluent_form_embded_post_id' value='7741' \/><input type=\"hidden\" id=\"_fluentform_6_fluentformnonce\" name=\"_fluentform_6_fluentformnonce\" value=\"ae6f72d12f\" \/><input type=\"hidden\" name=\"_wp_http_referer\" value=\"\/vitoria-gasteiz\/wp-json\/wp\/v2\/pages\/7741\" \/><div data-name=\"ff_cn_id_1\"  class='ff-t-container ff-column-container ff_columns_total_2 '><div class='ff-t-cell ff-t-column-1' style='flex-basis: 50%;'><div data-type=\"name-element\" data-name=\"nombre_1\" class=\" ff-field_container ff-name-field-wrapper\" ><div class='ff-t-container'><div class='ff-t-cell '><div class='ff-el-group'><div class=\"ff-el-input--label ff-el-is-required asterisk-right\"><label for='ff_6_nombre_1_first_name_' id='label_ff_6_nombre_1_first_name_' >Nombre<\/label><\/div><div class='ff-el-input--content'><input type=\"text\" name=\"nombre_1[first_name]\" id=\"ff_6_nombre_1_first_name_\" class=\"ff-el-form-control\" aria-invalid=\"false\" aria-required=true><\/div><\/div><\/div><\/div><\/div><\/div><div class='ff-t-cell ff-t-column-2' style='flex-basis: 50%;'><div class='ff-el-group'><div class=\"ff-el-input--label ff-el-is-required asterisk-right\"><label for='ff_6_email' id='label_ff_6_email' aria-label=\"Correo electr\u00f3nico\">Correo electr\u00f3nico<\/label><\/div><div class='ff-el-input--content'><input type=\"email\" name=\"email\" id=\"ff_6_email\" class=\"ff-el-form-control\" data-name=\"email\"  aria-invalid=\"false\" aria-required=true><\/div><\/div><\/div><\/div><div data-name=\"ff_cn_id_2\"  class='ff-t-container ff-column-container ff_columns_total_1 '><div class='ff-t-cell ff-t-column-1' style='flex-basis: 100%;'><div class='ff-el-group'><div class=\"ff-el-input--label ff-el-is-required asterisk-right\"><label for='ff_6_dropdown' id='label_ff_6_dropdown' aria-label=\"Tipo de SQRA\">Tipo de SQRA<\/label><\/div><div class='ff-el-input--content'><select name=\"dropdown\" id=\"ff_6_dropdown\" class=\"ff-el-form-control\" data-name=\"dropdown\" data-calc_value=\"0\"  aria-invalid=\"false\" aria-required=\"true\" aria-labelledby=\"label_ff_6_dropdown\"><option value=\"\">- Seleccionar -<\/option><option value=\"Sugerencia\"  >Sugerencia<\/option><option value=\"Queja o Reclamaci\u00f3n\"  >Queja o Reclamaci\u00f3n<\/option><option value=\"Agradecimiento\"  >Agradecimiento<\/option><\/select><\/div><\/div><div class='ff-el-group'><div class=\"ff-el-input--label ff-el-is-required asterisk-right\"><label for='ff_6_description' id='label_ff_6_description' aria-label=\"Descripci\u00f3n \/ Solicitud\">Descripci\u00f3n \/ Solicitud<\/label><\/div><div class='ff-el-input--content'><textarea aria-required=\"true\" aria-labelledby=\"label_ff_6_description\" name=\"description\" id=\"ff_6_description\" class=\"ff-el-form-control\" rows=\"8\" cols=\"1\" data-name=\"description\" ><\/textarea><\/div><\/div><\/div><\/div><div data-name=\"ff_cn_id_3\"  class='ff-t-container ff-column-container ff_columns_total_1 '><div class='ff-t-cell ff-t-column-1' style='flex-basis: 100%;'><div class='ff-el-group    ff-el-input--content'><div class='ff-el-form-check ff-el-tc'><label aria-label='T\u00e9rminos y condiciones: Consiento el uso de mis datos para los fines indicados en la &quot;POL\u00cdTICA DE PRIVACIDAD&quot;. Contiene 1 enlace. Usa la navegaci\u00f3n por pesta\u00f1as para rese\u00f1ar.' class='ff-el-form-check-label ff_tc_label' for=terms-n-condition_1_7d49143bac7543f27d10cbc0941de26e><span class='ff_tc_checkbox'><input type=\"checkbox\" name=\"terms-n-condition_1\" class=\"ff-el-form-check-input\" data-name=\"terms-n-condition_1\" id=\"terms-n-condition_1_7d49143bac7543f27d10cbc0941de26e\"  value='on' aria-invalid='false' aria-required=true><\/span> <div class='ff_t_c'><p>Consiento el uso de mis datos para los fines indicados en la \"<a href=\"https:\/\/e-leclerc.es\/vitoria-gasteiz\/politica-de-privacidad\/\"><span style=\"color: #1173b6\">POL\u00cdTICA DE PRIVACIDAD<\/span><\/a>\".<\/p><\/div><\/label><\/div><\/div><div class='ff-el-group ' ><div class='ff-el-input--content'><div data-fluent_id='6' name='g-recaptcha-response'><div\n\t\tdata-sitekey='6LfKmL0qAAAAAIPSIpDTUReP7YnW86-CNVmpSrxh'\n\t\tid='fluentform-recaptcha-6-1'\n\t\tclass='ff-el-recaptcha g-recaptcha'\n\t\tdata-callback='fluentFormrecaptchaSuccessCallback'><\/div><\/div><\/div><\/div><\/div><\/div><div class='ff-el-group ff-text-left contact-form ff_submit_btn_wrapper'><button type=\"submit\" class=\"ff-btn ff-btn-submit ff-btn-md ff_btn_no_style\"  aria-label=\"Enviar\">Enviar<\/button><\/div><\/fieldset><\/form><div id='fluentform_6_errors' class='ff-errors-in-stack ff_form_instance_6_1 ff-form-loading_errors ff_form_instance_6_1_errors'><\/div><\/div>            <script type=\"text\/javascript\">\n                window.fluent_form_ff_form_instance_6_1 = {\"id\":\"6\",\"settings\":{\"layout\":{\"labelPlacement\":\"top\",\"helpMessagePlacement\":\"with_label\",\"errorMessagePlacement\":\"inline\",\"cssClassName\":\"\",\"asteriskPlacement\":\"asterisk-right\"},\"restrictions\":{\"denyEmptySubmission\":{\"enabled\":false}}},\"form_instance\":\"ff_form_instance_6_1\",\"form_id_selector\":\"fluentform_6\",\"rules\":{\"nombre_1[first_name]\":{\"required\":{\"value\":true,\"message\":\"Este campo es obligatorio\",\"global\":true,\"global_message\":\"Este campo es obligatorio\"}},\"nombre_1[middle_name]\":{\"required\":{\"value\":false,\"message\":\"This field is required\",\"global\":false,\"global_message\":\"Este campo es obligatorio\"}},\"nombre_1[last_name]\":{\"required\":{\"value\":false,\"message\":\"This field is required\",\"global\":false,\"global_message\":\"Este campo es obligatorio\"}},\"email\":{\"required\":{\"value\":true,\"message\":\"Este campo es obligatorio\",\"global_message\":\"Este campo es obligatorio\",\"global\":true},\"email\":{\"value\":true,\"message\":\"Este campo debe contener un correo electr\\u00f3nico v\\u00e1lido\",\"global_message\":\"Este campo debe contener un correo electr\\u00f3nico v\\u00e1lido\",\"global\":true}},\"dropdown\":{\"required\":{\"value\":true,\"message\":\"Este campo es obligatorio\",\"global_message\":\"Este campo es obligatorio\",\"global\":true}},\"description\":{\"required\":{\"value\":true,\"message\":\"Este campo es obligatorio\",\"global_message\":\"Este campo es obligatorio\",\"global\":true}},\"terms-n-condition_1\":{\"required\":{\"value\":true,\"message\":\"Este campo es obligatorio\",\"global_message\":\"Este campo es obligatorio\",\"global\":true}},\"g-recaptcha-response\":[]},\"debounce_time\":300};\n                            <\/script>\n                        <\/div>\n\n            \t\t\t\t<\/div>\n\t\t\t\t<\/div>\n\t\t\t\t\t<\/div>\n\t\t\t\t<\/div>\n\t\t\t\t\t<\/div>\n\t\t\t\t<\/div>\n\t\t\t\t<\/div>\n\t\t","protected":false},"excerpt":{"rendered":"<p>Buz\u00f3n de sugerencias Sugerencias, quejas, reclamaciones y agradecimientos A trav\u00e9s de este formulario E. Leclerc pone a su disposici\u00f3n un medio de comunicaci\u00f3n para presentar su opini\u00f3n. Esto nos ayudar\u00e1 a mejorar. Tenemos el compromiso de responderle lo m\u00e1s pronto posible. Para presentar su sugerencia, queja, reclamaci\u00f3n o agradecimiento (SQRA) rellene el siguiente formulario y [&hellip;]<\/p>\n","protected":false},"author":1,"featured_media":0,"parent":0,"menu_order":0,"comment_status":"closed","ping_status":"closed","template":"elementor_header_footer","meta":{"_acf_changed":false,"footnotes":""},"class_list":["post-7741","page","type-page","status-publish","hentry"],"acf":[],"yoast_head":"<!-- This site is optimized with the Yoast SEO plugin v27.3 - https:\/\/yoast.com\/product\/yoast-seo-wordpress\/ -->\n<title>Buz\u00f3n de sugerencias - E.Leclerc Vitoria-Gasteiz<\/title>\n<meta name=\"robots\" content=\"index, follow, max-snippet:-1, max-image-preview:large, max-video-preview:-1\" \/>\n<link rel=\"canonical\" href=\"https:\/\/e-leclerc.es\/vitoria-gasteiz\/buzon-de-sugerencias\/\" \/>\n<meta property=\"og:locale\" content=\"es_ES\" \/>\n<meta property=\"og:type\" content=\"article\" \/>\n<meta property=\"og:title\" content=\"Buz\u00f3n de sugerencias - E.Leclerc Vitoria-Gasteiz\" \/>\n<meta property=\"og:description\" content=\"Buz\u00f3n de sugerencias Sugerencias, quejas, reclamaciones y agradecimientos A trav\u00e9s de este formulario E. Leclerc pone a su disposici\u00f3n un medio de comunicaci\u00f3n para presentar su opini\u00f3n. Esto nos ayudar\u00e1 a mejorar. Tenemos el compromiso de responderle lo m\u00e1s pronto posible. Para presentar su sugerencia, queja, reclamaci\u00f3n o agradecimiento (SQRA) rellene el siguiente formulario y [&hellip;]\" \/>\n<meta property=\"og:url\" content=\"https:\/\/e-leclerc.es\/vitoria-gasteiz\/buzon-de-sugerencias\/\" \/>\n<meta property=\"og:site_name\" content=\"E.Leclerc Vitoria-Gasteiz\" \/>\n<meta property=\"article:modified_time\" content=\"2024-04-30T11:19:45+00:00\" \/>\n<meta name=\"twitter:card\" content=\"summary_large_image\" \/>\n<meta name=\"twitter:label1\" content=\"Tiempo de lectura\" \/>\n\t<meta name=\"twitter:data1\" content=\"1 minuto\" \/>\n<script type=\"application\/ld+json\" class=\"yoast-schema-graph\">{\"@context\":\"https:\\\/\\\/schema.org\",\"@graph\":[{\"@type\":\"WebPage\",\"@id\":\"https:\\\/\\\/e-leclerc.es\\\/vitoria-gasteiz\\\/buzon-de-sugerencias\\\/\",\"url\":\"https:\\\/\\\/e-leclerc.es\\\/vitoria-gasteiz\\\/buzon-de-sugerencias\\\/\",\"name\":\"Buz\u00f3n de sugerencias - E.Leclerc Vitoria-Gasteiz\",\"isPartOf\":{\"@id\":\"https:\\\/\\\/e-leclerc.es\\\/vitoria-gasteiz\\\/#website\"},\"datePublished\":\"2024-04-30T11:19:29+00:00\",\"dateModified\":\"2024-04-30T11:19:45+00:00\",\"breadcrumb\":{\"@id\":\"https:\\\/\\\/e-leclerc.es\\\/vitoria-gasteiz\\\/buzon-de-sugerencias\\\/#breadcrumb\"},\"inLanguage\":\"es\",\"potentialAction\":[{\"@type\":\"ReadAction\",\"target\":[\"https:\\\/\\\/e-leclerc.es\\\/vitoria-gasteiz\\\/buzon-de-sugerencias\\\/\"]}]},{\"@type\":\"BreadcrumbList\",\"@id\":\"https:\\\/\\\/e-leclerc.es\\\/vitoria-gasteiz\\\/buzon-de-sugerencias\\\/#breadcrumb\",\"itemListElement\":[{\"@type\":\"ListItem\",\"position\":1,\"name\":\"Portada\",\"item\":\"https:\\\/\\\/e-leclerc.es\\\/vitoria-gasteiz\\\/\"},{\"@type\":\"ListItem\",\"position\":2,\"name\":\"Buz\u00f3n de sugerencias\"}]},{\"@type\":\"WebSite\",\"@id\":\"https:\\\/\\\/e-leclerc.es\\\/vitoria-gasteiz\\\/#website\",\"url\":\"https:\\\/\\\/e-leclerc.es\\\/vitoria-gasteiz\\\/\",\"name\":\"E.Leclerc Vitoria-Gasteiz\",\"description\":\"Descubre los folletos, ofertas y promociones de nuestro hipermercado E.Leclerc Vitoria-Gasteiz en Pa\u00eds Vasco. Direcci\u00f3n | Horario | Productos locales\",\"publisher\":{\"@id\":\"https:\\\/\\\/e-leclerc.es\\\/vitoria-gasteiz\\\/#organization\"},\"potentialAction\":[{\"@type\":\"SearchAction\",\"target\":{\"@type\":\"EntryPoint\",\"urlTemplate\":\"https:\\\/\\\/e-leclerc.es\\\/vitoria-gasteiz\\\/?s={search_term_string}\"},\"query-input\":{\"@type\":\"PropertyValueSpecification\",\"valueRequired\":true,\"valueName\":\"search_term_string\"}}],\"inLanguage\":\"es\"},{\"@type\":\"Organization\",\"@id\":\"https:\\\/\\\/e-leclerc.es\\\/vitoria-gasteiz\\\/#organization\",\"name\":\"E.Leclerc Vitoria-Gasteiz\",\"url\":\"https:\\\/\\\/e-leclerc.es\\\/vitoria-gasteiz\\\/\",\"logo\":{\"@type\":\"ImageObject\",\"inLanguage\":\"es\",\"@id\":\"https:\\\/\\\/e-leclerc.es\\\/vitoria-gasteiz\\\/#\\\/schema\\\/logo\\\/image\\\/\",\"url\":\"https:\\\/\\\/e-leclerc.es\\\/vitoria-gasteiz\\\/wp-content\\\/uploads\\\/sites\\\/4\\\/2024\\\/03\\\/Leclerc_Logo.svg\",\"contentUrl\":\"https:\\\/\\\/e-leclerc.es\\\/vitoria-gasteiz\\\/wp-content\\\/uploads\\\/sites\\\/4\\\/2024\\\/03\\\/Leclerc_Logo.svg\",\"caption\":\"E.Leclerc Vitoria-Gasteiz\"},\"image\":{\"@id\":\"https:\\\/\\\/e-leclerc.es\\\/vitoria-gasteiz\\\/#\\\/schema\\\/logo\\\/image\\\/\"}}]}<\/script>\n<!-- \/ Yoast SEO plugin. -->","yoast_head_json":{"title":"Buz\u00f3n de sugerencias - E.Leclerc Vitoria-Gasteiz","robots":{"index":"index","follow":"follow","max-snippet":"max-snippet:-1","max-image-preview":"max-image-preview:large","max-video-preview":"max-video-preview:-1"},"canonical":"https:\/\/e-leclerc.es\/vitoria-gasteiz\/buzon-de-sugerencias\/","og_locale":"es_ES","og_type":"article","og_title":"Buz\u00f3n de sugerencias - E.Leclerc Vitoria-Gasteiz","og_description":"Buz\u00f3n de sugerencias Sugerencias, quejas, reclamaciones y agradecimientos A trav\u00e9s de este formulario E. Leclerc pone a su disposici\u00f3n un medio de comunicaci\u00f3n para presentar su opini\u00f3n. Esto nos ayudar\u00e1 a mejorar. Tenemos el compromiso de responderle lo m\u00e1s pronto posible. Para presentar su sugerencia, queja, reclamaci\u00f3n o agradecimiento (SQRA) rellene el siguiente formulario y [&hellip;]","og_url":"https:\/\/e-leclerc.es\/vitoria-gasteiz\/buzon-de-sugerencias\/","og_site_name":"E.Leclerc Vitoria-Gasteiz","article_modified_time":"2024-04-30T11:19:45+00:00","twitter_card":"summary_large_image","twitter_misc":{"Tiempo de lectura":"1 minuto"},"schema":{"@context":"https:\/\/schema.org","@graph":[{"@type":"WebPage","@id":"https:\/\/e-leclerc.es\/vitoria-gasteiz\/buzon-de-sugerencias\/","url":"https:\/\/e-leclerc.es\/vitoria-gasteiz\/buzon-de-sugerencias\/","name":"Buz\u00f3n de sugerencias - E.Leclerc Vitoria-Gasteiz","isPartOf":{"@id":"https:\/\/e-leclerc.es\/vitoria-gasteiz\/#website"},"datePublished":"2024-04-30T11:19:29+00:00","dateModified":"2024-04-30T11:19:45+00:00","breadcrumb":{"@id":"https:\/\/e-leclerc.es\/vitoria-gasteiz\/buzon-de-sugerencias\/#breadcrumb"},"inLanguage":"es","potentialAction":[{"@type":"ReadAction","target":["https:\/\/e-leclerc.es\/vitoria-gasteiz\/buzon-de-sugerencias\/"]}]},{"@type":"BreadcrumbList","@id":"https:\/\/e-leclerc.es\/vitoria-gasteiz\/buzon-de-sugerencias\/#breadcrumb","itemListElement":[{"@type":"ListItem","position":1,"name":"Portada","item":"https:\/\/e-leclerc.es\/vitoria-gasteiz\/"},{"@type":"ListItem","position":2,"name":"Buz\u00f3n de sugerencias"}]},{"@type":"WebSite","@id":"https:\/\/e-leclerc.es\/vitoria-gasteiz\/#website","url":"https:\/\/e-leclerc.es\/vitoria-gasteiz\/","name":"E.Leclerc Vitoria-Gasteiz","description":"Descubre los folletos, ofertas y promociones de nuestro hipermercado E.Leclerc Vitoria-Gasteiz en Pa\u00eds Vasco. Direcci\u00f3n | Horario | Productos locales","publisher":{"@id":"https:\/\/e-leclerc.es\/vitoria-gasteiz\/#organization"},"potentialAction":[{"@type":"SearchAction","target":{"@type":"EntryPoint","urlTemplate":"https:\/\/e-leclerc.es\/vitoria-gasteiz\/?s={search_term_string}"},"query-input":{"@type":"PropertyValueSpecification","valueRequired":true,"valueName":"search_term_string"}}],"inLanguage":"es"},{"@type":"Organization","@id":"https:\/\/e-leclerc.es\/vitoria-gasteiz\/#organization","name":"E.Leclerc Vitoria-Gasteiz","url":"https:\/\/e-leclerc.es\/vitoria-gasteiz\/","logo":{"@type":"ImageObject","inLanguage":"es","@id":"https:\/\/e-leclerc.es\/vitoria-gasteiz\/#\/schema\/logo\/image\/","url":"https:\/\/e-leclerc.es\/vitoria-gasteiz\/wp-content\/uploads\/sites\/4\/2024\/03\/Leclerc_Logo.svg","contentUrl":"https:\/\/e-leclerc.es\/vitoria-gasteiz\/wp-content\/uploads\/sites\/4\/2024\/03\/Leclerc_Logo.svg","caption":"E.Leclerc Vitoria-Gasteiz"},"image":{"@id":"https:\/\/e-leclerc.es\/vitoria-gasteiz\/#\/schema\/logo\/image\/"}}]}},"_links":{"self":[{"href":"https:\/\/e-leclerc.es\/vitoria-gasteiz\/wp-json\/wp\/v2\/pages\/7741","targetHints":{"allow":["GET"]}}],"collection":[{"href":"https:\/\/e-leclerc.es\/vitoria-gasteiz\/wp-json\/wp\/v2\/pages"}],"about":[{"href":"https:\/\/e-leclerc.es\/vitoria-gasteiz\/wp-json\/wp\/v2\/types\/page"}],"author":[{"embeddable":true,"href":"https:\/\/e-leclerc.es\/vitoria-gasteiz\/wp-json\/wp\/v2\/users\/1"}],"replies":[{"embeddable":true,"href":"https:\/\/e-leclerc.es\/vitoria-gasteiz\/wp-json\/wp\/v2\/comments?post=7741"}],"version-history":[{"count":4,"href":"https:\/\/e-leclerc.es\/vitoria-gasteiz\/wp-json\/wp\/v2\/pages\/7741\/revisions"}],"predecessor-version":[{"id":7745,"href":"https:\/\/e-leclerc.es\/vitoria-gasteiz\/wp-json\/wp\/v2\/pages\/7741\/revisions\/7745"}],"wp:attachment":[{"href":"https:\/\/e-leclerc.es\/vitoria-gasteiz\/wp-json\/wp\/v2\/media?parent=7741"}],"curies":[{"name":"wp","href":"https:\/\/api.w.org\/{rel}","templated":true}]}}