{"id":3129,"date":"2024-04-19T13:58:20","date_gmt":"2024-04-19T11:58:20","guid":{"rendered":"https:\/\/www.e-leclerc.es\/soria\/?page_id=3129"},"modified":"2024-05-02T12:30:45","modified_gmt":"2024-05-02T10:30:45","slug":"aviso-legal","status":"publish","type":"page","link":"https:\/\/e-leclerc.es\/soria\/aviso-legal\/","title":{"rendered":"Aviso Legal"},"content":{"rendered":"\n<p>El acceso, navegaci\u00f3n y utilizaci\u00f3n del sitio web&nbsp;<a href=\"https:\/\/e-leclerc.es\/soria\/\" data-type=\"link\" data-id=\"https:\/\/e-leclerc.es\/soria\/\">https:\/\/e-leclerc.es\/soria\/<\/a>&nbsp;(en adelante, el \u201cSitio Web\u201d) implica la aceptaci\u00f3n expresa y sin reservas de todos los t\u00e9rminos de las presentes Condiciones de Uso, teniendo la misma validez y eficacia que cualquier contrato celebrado por escrito y firmado. Su observancia y cumplimiento ser\u00e1 exigible respecto de cualquier persona que acceda, navegue o utilice el Sitio Web. Si Ud. Si no est\u00e1 de acuerdo con los t\u00e9rminos expuestos, no acceda, navegue o utilice el Sitio Web.<\/p>\n\n\n\n<h2 class=\"wp-block-heading\">Identificaci\u00f3n del titular<\/h2>\n\n\n\n<ul class=\"wp-block-list\">\n<li>Nuestra denominaci\u00f3n: SORIADIS, S.L.<\/li>\n\n\n\n<li>Nuestro CIF \/ NIF: B42141176<\/li>\n\n\n\n<li>Nuestra actividad principal: HIPERMERCADO E.LECLERC<\/li>\n\n\n\n<li>Nuestra direcci\u00f3n: P.I. LAS CASAS , CALLE J PARCELA 290, CP 42005, SORIA (Soria)<\/li>\n\n\n\n<li>Nuestro tel\u00e9fono de contacto: 975226169<\/li>\n\n\n\n<li>Nuestra direcci\u00f3n de correo electr\u00f3nico de contacto:&nbsp;<a href=\"mailto:rgpd@soria.leclerc\">rgpd@soria.leclerc<\/a><\/li>\n\n\n\n<li>Nuestras p\u00e1ginas web:\n<ul class=\"wp-block-list\">\n<li><a href=\"http:\/\/www.soriadis.com\/\" target=\"_blank\" rel=\"noreferrer noopener\">www.soriadis.com<\/a><\/li>\n\n\n\n<li><a href=\"http:\/\/www.e-leclerc.es\/soria\" target=\"_blank\" rel=\"noreferrer noopener\">www.e-leclerc.es\/soria<\/a><\/li>\n<\/ul>\n<\/li>\n\n\n\n<li>Para su confianza y seguridad, le informamos que somos una entidad inscrita en el siguiente Registro Mercantil de Soria. Folio 211 del Tomo 97, Libro 47 de la Secci\u00f3n General, Hoja SO-1138, Inscripci\u00f3n 1\u00aa<\/li>\n<\/ul>\n\n\n\n<p>Estamos a su disposici\u00f3n, no dude en contactar con nosotros.<\/p>\n\n\n\n<h2 class=\"wp-block-heading\">Objeto<\/h2>\n\n\n\n<p>Las presentes Condiciones de Uso regulan el acceso, navegaci\u00f3n y utilizaci\u00f3n del presente Sitio Web, sin perjuicio de que SORIADIS, S.L. se reserva el derecho a modificar la presentaci\u00f3n, configuraci\u00f3n y contenido de este, as\u00ed como las condiciones requeridas para su acceso y\/o utilizaci\u00f3n. El acceso y utilizaci\u00f3n de los contenidos del Sitio Web tras la entrada en vigor de sus modificaciones o cambios suponen la aceptaci\u00f3n de estos.<\/p>\n\n\n\n<p>SORIADIS, S.L se reserva el derecho a modificar los t\u00e9rminos y condiciones aqu\u00ed estipuladas, total o parcialmente, publicando cualquier cambio en la misma forma en que aparecen estas Condiciones de Uso o a trav\u00e9s de cualquier tipo de comunicaci\u00f3n dirigida a los usuarios.<\/p>\n\n\n\n<p>Del mismo modo, se informa a los usuarios acerca de cu\u00e1les son sus derechos y sus obligaciones en relaci\u00f3n con los contenidos expuestos a trav\u00e9s del Sitio Web, logotipos y marcas utilizadas, as\u00ed como las responsabilidades que pueden derivarse del acceso al Sitio Web.<\/p>\n\n\n\n<p>A los efectos de la interpretaci\u00f3n de las presentes Condiciones de Uso, se entiende que una persona pasa a ser usuaria en el momento en que \u00e9sta acepta las Condiciones de Uso y la Pol\u00edtica de Privacidad expuestas en el Sitio Web, bastando para ello que lo visite.<\/p>\n\n\n\n<h2 class=\"wp-block-heading\">Derechos de propiedad intelectual e industrial.<\/h2>\n\n\n\n<p>SORIADIS, S.L es titular o, en su caso, cuenta con las licencias correspondientes sobre los derechos de explotaci\u00f3n de propiedad intelectual e industrial del Sitio Web, as\u00ed como de todos los contenidos ofrecidos en el mismo, incluyendo la propia plataforma, textos, fotograf\u00edas o ilustraciones, logos, marcas, grafismos, dise\u00f1os, interfaces, o cualquier otra informaci\u00f3n o contenido, y los servicios disponibles a trav\u00e9s del mismo. El sitio web de SORIADIS, S.L, sus contenidos y derechos de Propiedad Intelectual, la programaci\u00f3n y el dise\u00f1o de la web se encuentran plenamente protegidos por los derechos de autor, quedando prohibida su reproducci\u00f3n, comunicaci\u00f3n, divulgaci\u00f3n y distribuci\u00f3n, a menos que se cuente con la preceptiva autorizaci\u00f3n.<\/p>\n\n\n\n<p>No se podr\u00e1 establecer ning\u00fan v\u00ednculo al sitio web desde cualquier otra web sin el previo y expreso consentimiento de SORIADIS, S.L.<\/p>\n\n\n\n<p>Los signos distintivos que aparecen en el sitio web, o son titularidad de SORIADIS, S.L o pertenecen a terceros cuyo uso ha sido autorizado previamente. En ambos casos se encuentran debidamente registrados, quedando prohibida su reproducci\u00f3n o distribuci\u00f3n bajo ning\u00fan medio, sin la debida, previa y expresa autorizaci\u00f3n de su titular.<\/p>\n\n\n\n<p>Si el usuario tuviera conocimiento de la existencia de alg\u00fan contenido il\u00edcito, ilegal, contrario a las leyes o que pudiera suponer una infracci\u00f3n de derechos de propiedad intelectual y\/o industrial, deber\u00e1 notificarlo inmediatamente a SORIADIS, S.L a trav\u00e9s de la direcci\u00f3n de correo electr\u00f3nico <a href=\"mailto:rgpd@soria.leclerc\">rgpd@soria.leclerc<\/a> para que \u00e9sta pueda proceder a la adopci\u00f3n de las medidas oportunas.<\/p>\n\n\n\n<p>SORIADIS, S.L podr\u00e1 realizar modificaciones al contenido de este Sitio Web sin previo aviso, tanto en lo referente a la informaci\u00f3n de sus servicios, seg\u00fan vaya ampliando y mejorando su oferta, como en relaci\u00f3n a cualquier otro elemento que forme parte del mismo.<\/p>\n\n\n\n<p>De igual modo, en el caso de que cualquier usuario o un tercero consideren que alguno de los contenidos del Sitio Web propiedad de SORIADIS, S.L vulnera sus derechos de propiedad intelectual y\/o industrial, as\u00ed como cualesquiera otros derechos, deber\u00e1 remitir una comunicaci\u00f3n a <a href=\"mailto:rgpd@soria.leclerc\">rgpd@soria.leclerc<\/a> con la siguiente informaci\u00f3n:<\/p>\n\n\n\n<ul class=\"wp-block-list\">\n<li>Datos identificativos y medio de contacto del reclamante o de su representante legal.<\/li>\n\n\n\n<li>Documentaci\u00f3n que acredite su condici\u00f3n de titular de los derechos supuestamente infringidos.<\/li>\n\n\n\n<li>Relato detallado de los derechos supuestamente infringidos por SORIADIS, S.L, as\u00ed como su localizaci\u00f3n exacta dentro del Sitio Web.<\/li>\n\n\n\n<li>Declaraci\u00f3n expresa por parte del reclamante de que la utilizaci\u00f3n de los contenidos se ha realizado sin el consentimiento del titular de los derechos supuestamente infringidos.<\/li>\n<\/ul>\n\n\n\n<h2 class=\"wp-block-heading\">Obligaciones y responsabilidades del usuario del espacio web<\/h2>\n\n\n\n<ol class=\"wp-block-list\">\n<li>El Usuario se compromete a:\n<ol class=\"wp-block-list\" style=\"list-style-type:lower-alpha\">\n<li>Hacer un uso adecuado y l\u00edcito de la P\u00e1gina Web as\u00ed como de los contenidos y servicios, de conformidad con: \n<ul class=\"wp-block-list\">\n<li>la legislaci\u00f3n aplicable en cada momento<\/li>\n\n\n\n<li>las Condiciones Generales de Uso de la P\u00e1gina Web<\/li>\n\n\n\n<li>la moral y el orden p\u00fablico.<\/li>\n<\/ul>\n<\/li>\n\n\n\n<li>Proveerse de todos los medios y requerimientos t\u00e9cnicos que se precisen para acceder a la Web.<\/li>\n\n\n\n<li>Facilitar informaci\u00f3n veraz al cumplimentar con sus datos de car\u00e1cter personal los formularios contenidos en la Web y a mantenerlos actualizados en todo momento de forma que responda, en cada momento, a la realidad del Usuario. El Usuario ser\u00e1 el \u00fanico responsable de las manifestaciones falsas o inexactas que realice y de los perjuicios que cause a la empresa o a terceros por la informaci\u00f3n que facilite.<\/li>\n\n\n\n<li>El Usuario utilizar\u00e1 los servicios y contenidos exclusivamente para fines particulares y\/o por raz\u00f3n de su condici\u00f3n de cliente de SORIADIS, S.L, con exclusi\u00f3n de cualquier modalidad de utilizaci\u00f3n de los mismos con \u00e1nimo de lucro o reporte de alg\u00fan beneficio, directo o indirecto.<\/li>\n\n\n\n<li>No emplear cualquier tipo de virus inform\u00e1tico, c\u00f3digo, software o programa inform\u00e1tico que pueda provocar da\u00f1os o alteraciones no autorizadas de los contenidos accesibles a trav\u00e9s de los servicios y contenidos de la presente Web, o en los sistemas de informaci\u00f3n, archivos y equipos inform\u00e1ticos de los otros usuarios.<\/li>\n\n\n\n<li>Incluir en un portal o sitio web, un enlace que genere una ventana o sesi\u00f3n en que se incluyan o utilicen, marcas, nombres comerciales o signos distintivos titularidad de SORIADIS, S.L, y a trav\u00e9s del cual se muestre la Web o alguna de las pesta\u00f1as accesibles a trav\u00e9s de la misma, sin la previa autorizaci\u00f3n expresa y por escrito de SORIADIS, S.L.<\/li>\n\n\n\n<li>Realizar cualquier acci\u00f3n que suponga la reproducci\u00f3n, distribuci\u00f3n, copia, alquiler, comunicaci\u00f3n p\u00fablica, transformaci\u00f3n o cualquier otra acci\u00f3n similar que suponga la modificaci\u00f3n o alteraci\u00f3n, de todo o parte de los contenidos y servicios de la Web, o la explotaci\u00f3n econ\u00f3mica de los mismos, sin la autorizaci\u00f3n previa y por escrito de SORIADIS, S.L.<\/li>\n<\/ol>\n<\/li>\n<\/ol>\n\n\n\n<h2 class=\"wp-block-heading\">Responsabilidades<\/h2>\n\n\n\n<p>En consecuencia, SORIADIS, S.L no garantiza ni se hace responsable de:<\/p>\n\n\n\n<ol class=\"wp-block-list\">\n<li>La continuidad de los contenidos del Sitio Web;<\/li>\n\n\n\n<li>La ausencia de errores en dichos contenidos;<\/li>\n\n\n\n<li>La ausencia de virus y\/o dem\u00e1s componentes da\u00f1inos en el Sitio Web o en el servidor que lo suministra;<\/li>\n\n\n\n<li>La invulnerabilidad del Sitio Web y\/o la imposibilidad de vulnerar las medidas de seguridad que se adopten en el mismo;<\/li>\n\n\n\n<li>La falta de utilidad o rendimiento de los contenidos del Sitio Web; y<\/li>\n\n\n\n<li>Los da\u00f1os o perjuicios que cause, a s\u00ed mismo o a un tercero, cualquier persona que infringiera las condiciones, normas e instrucciones que SORIADIS, S.L establece en el Sitio Web o a trav\u00e9s de la vulneraci\u00f3n de los sistemas de seguridad del Sitio Web.<\/li>\n<\/ol>\n\n\n\n<p>Ello, no obstante, SORIADIS, S.L declara que ha adoptado todas las medidas necesarias, dentro de sus posibilidades y del estado de la t\u00e9cnica, para garantizar el funcionamiento del Sitio Web y reducir al m\u00ednimo los errores del sistema, tanto desde el punto de vista t\u00e9cnico como legal y organizativo.<\/p>\n\n\n\n<p>Si el usuario tuviera conocimiento de la existencia de alg\u00fan contenido il\u00edcito, ilegal, contrario a las leyes o que pudiera suponer una infracci\u00f3n de derechos de terceros, deber\u00e1 notificarlo inmediatamente a SORIADIS, S.L para que \u00e9sta pueda proceder a la adopci\u00f3n de las medidas oportunas.<\/p>\n\n\n\n<p>SORIADIS, S.L no ser\u00e1 responsable de la veracidad, integridad o actualizaci\u00f3n de las informaciones publicadas en el Sitio Web provenientes de fuentes ajenas al mismo y no asumir\u00e1 responsabilidad en cuanto a hipot\u00e9ticos perjuicios que pudieran originarse por el uso de las citadas informaciones.<\/p>\n\n\n\n<h2 class=\"wp-block-heading\">Suspensi\u00f3n del sitio web<\/h2>\n\n\n\n<p>SORIADIS, S.L se reserva el derecho a suspender, modificar, restringir o interrumpir, ya sea temporal o permanentemente, el acceso, navegaci\u00f3n, uso, alojamiento y\/o descarga del contenido y\/o uso de servicios del Sitio Web, con o sin previa notificaci\u00f3n, sin que medie la posibilidad del usuario de exigir indemnizaci\u00f3n alguna por esta causa.<\/p>\n\n\n\n<h2 class=\"wp-block-heading\">Protecci\u00f3n de datos<\/h2>\n\n\n\n<p>Para poder disfrutar de algunos de los Servicios, el Usuario debe proporcionar previamente ciertos datos de car\u00e1cter personal. La empresa tratar\u00e1 estos datos y aplicar\u00e1 las correspondientes medidas de seguridad, todo ello en cumplimiento del RGPD, LOPDGDD y LSSI. El Usuario puede acceder a la pol\u00edtica seguida en el tratamiento de los datos personales, as\u00ed como el establecimiento de las finalidades previamente establecidas, en las condiciones definidas en la&nbsp;<a href=\"https:\/\/e-leclerc.es\/soria\/politica-de-privacidad\/\">Pol\u00edtica de Privacidad<\/a>.<\/p>\n\n\n\n<h2 class=\"wp-block-heading\">Cookies<\/h2>\n\n\n\n<p>SORIADIS, S.L se reserva el derecho de utilizar la tecnolog\u00eda \u201ccookie\u201d en la P\u00e1gina Web, a fin de reconocerlo como Usuario frecuente y personalizar el uso que realice del Espacio Web mediante la preselecci\u00f3n de su idioma, o contenidos m\u00e1s deseados o espec\u00edficos. Las cookies recopilan la direcci\u00f3n IP del usuario siendo SCABER, S.C.A.I. el responsable del tratamiento de esta informaci\u00f3n. Las cookies son ficheros enviados a un navegador, por medio de un servidor Web, para registrar la navegaci\u00f3n del Usuario en la P\u00e1gina Web, cuando el Usuario permita su recepci\u00f3n. Si usted lo desea puede configurar su navegador para ser avisado en pantalla de la recepci\u00f3n de cookies y para impedir la instalaci\u00f3n de cookies en su disco duro. Por favor consulte las instrucciones y manuales de su navegador para ampliar esta informaci\u00f3n. Para ampliar la informaci\u00f3n sobre las cookies puede acceder a la pol\u00edtica de cookies desde el pie de pagina de esta misma pagina.<\/p>\n\n\n\n<h2 class=\"wp-block-heading\">Legislaci\u00f3n aplicable y jurisdicci\u00f3n competente<\/h2>\n\n\n\n<p>Siempre que la normativa vigente al efecto prevea la posibilidad para las partes de someterse a un fuero determinado, para toda cuesti\u00f3n litigiosa derivada o relacionada con este Sitio Web ser\u00e1 de aplicaci\u00f3n la legislaci\u00f3n espa\u00f1ola vigente en el momento del litigio, y nos someteremos a los Juzgados y Tribunales de Madrid, as\u00ed como, en su caso, a los Tribunales Arbitrales de consumo o semejantes a los que nos encontremos adheridos en el momento de producirse la controversia.<\/p>\n\n\n\n<p class=\"has-text-align-right\"><em>Ultima revisi\u00f3n: 21 de septiembre de 2023<\/em><\/p>\n","protected":false},"excerpt":{"rendered":"<p>El acceso, navegaci\u00f3n y utilizaci\u00f3n del sitio web&nbsp;https:\/\/e-leclerc.es\/soria\/&nbsp;(en adelante, el \u201cSitio Web\u201d) implica la aceptaci\u00f3n expresa y sin reservas de todos los t\u00e9rminos de las presentes Condiciones de Uso, teniendo la misma validez y eficacia que cualquier contrato celebrado por escrito y firmado. Su observancia y cumplimiento ser\u00e1 exigible respecto de cualquier persona que acceda, [&hellip;]<\/p>\n","protected":false},"author":1,"featured_media":0,"parent":0,"menu_order":0,"comment_status":"closed","ping_status":"closed","template":"","meta":{"_acf_changed":false,"footnotes":""},"class_list":["post-3129","page","type-page","status-publish","hentry"],"acf":[],"yoast_head":"<!-- This site is optimized with the Yoast SEO plugin v27.4 - https:\/\/yoast.com\/product\/yoast-seo-wordpress\/ -->\n<title>Aviso Legal - E.Leclerc Soria<\/title>\n<meta name=\"robots\" content=\"index, follow, max-snippet:-1, max-image-preview:large, max-video-preview:-1\" \/>\n<link rel=\"canonical\" href=\"https:\/\/e-leclerc.es\/soria\/aviso-legal\/\" \/>\n<meta property=\"og:locale\" content=\"es_ES\" \/>\n<meta property=\"og:type\" content=\"article\" \/>\n<meta property=\"og:title\" content=\"Aviso Legal - E.Leclerc Soria\" \/>\n<meta property=\"og:description\" content=\"El acceso, navegaci\u00f3n y utilizaci\u00f3n del sitio web&nbsp;https:\/\/e-leclerc.es\/soria\/&nbsp;(en adelante, el \u201cSitio Web\u201d) implica la aceptaci\u00f3n expresa y sin reservas de todos los t\u00e9rminos de las presentes Condiciones de Uso, teniendo la misma validez y eficacia que cualquier contrato celebrado por escrito y firmado. Su observancia y cumplimiento ser\u00e1 exigible respecto de cualquier persona que acceda, [&hellip;]\" \/>\n<meta property=\"og:url\" content=\"https:\/\/e-leclerc.es\/soria\/aviso-legal\/\" \/>\n<meta property=\"og:site_name\" content=\"E.Leclerc Soria\" \/>\n<meta property=\"article:publisher\" content=\"https:\/\/www.facebook.com\/eleclercsoria?ref=hl\" \/>\n<meta property=\"article:modified_time\" content=\"2024-05-02T10:30:45+00:00\" \/>\n<meta name=\"twitter:card\" content=\"summary_large_image\" \/>\n<meta name=\"twitter:site\" content=\"@LeclercSoria\" \/>\n<meta name=\"twitter:label1\" content=\"Tiempo de lectura\" \/>\n\t<meta name=\"twitter:data1\" content=\"10 minutos\" \/>\n<script type=\"application\/ld+json\" class=\"yoast-schema-graph\">{\"@context\":\"https:\\\/\\\/schema.org\",\"@graph\":[{\"@type\":\"WebPage\",\"@id\":\"https:\\\/\\\/e-leclerc.es\\\/soria\\\/aviso-legal\\\/\",\"url\":\"https:\\\/\\\/e-leclerc.es\\\/soria\\\/aviso-legal\\\/\",\"name\":\"Aviso Legal - E.Leclerc Soria\",\"isPartOf\":{\"@id\":\"https:\\\/\\\/e-leclerc.es\\\/soria\\\/#website\"},\"datePublished\":\"2024-04-19T11:58:20+00:00\",\"dateModified\":\"2024-05-02T10:30:45+00:00\",\"breadcrumb\":{\"@id\":\"https:\\\/\\\/e-leclerc.es\\\/soria\\\/aviso-legal\\\/#breadcrumb\"},\"inLanguage\":\"es\",\"potentialAction\":[{\"@type\":\"ReadAction\",\"target\":[\"https:\\\/\\\/e-leclerc.es\\\/soria\\\/aviso-legal\\\/\"]}]},{\"@type\":\"BreadcrumbList\",\"@id\":\"https:\\\/\\\/e-leclerc.es\\\/soria\\\/aviso-legal\\\/#breadcrumb\",\"itemListElement\":[{\"@type\":\"ListItem\",\"position\":1,\"name\":\"Portada\",\"item\":\"https:\\\/\\\/e-leclerc.es\\\/soria\\\/\"},{\"@type\":\"ListItem\",\"position\":2,\"name\":\"Aviso Legal\"}]},{\"@type\":\"WebSite\",\"@id\":\"https:\\\/\\\/e-leclerc.es\\\/soria\\\/#website\",\"url\":\"https:\\\/\\\/e-leclerc.es\\\/soria\\\/\",\"name\":\"E.Leclerc Soria\",\"description\":\"Descubre los folletos, ofertas y promociones de nuestro hipermercado E.Leclerc Soria en Castilla y Le\u00f3n. Direcci\u00f3n | Horario | Productos locales\",\"publisher\":{\"@id\":\"https:\\\/\\\/e-leclerc.es\\\/soria\\\/#organization\"},\"alternateName\":\"E.Leclerc Soria\",\"potentialAction\":[{\"@type\":\"SearchAction\",\"target\":{\"@type\":\"EntryPoint\",\"urlTemplate\":\"https:\\\/\\\/e-leclerc.es\\\/soria\\\/?s={search_term_string}\"},\"query-input\":{\"@type\":\"PropertyValueSpecification\",\"valueRequired\":true,\"valueName\":\"search_term_string\"}}],\"inLanguage\":\"es\"},{\"@type\":\"Organization\",\"@id\":\"https:\\\/\\\/e-leclerc.es\\\/soria\\\/#organization\",\"name\":\"E.Leclerc Soria\",\"alternateName\":\"Soriadis, S.L.\",\"url\":\"https:\\\/\\\/e-leclerc.es\\\/soria\\\/\",\"logo\":{\"@type\":\"ImageObject\",\"inLanguage\":\"es\",\"@id\":\"https:\\\/\\\/e-leclerc.es\\\/soria\\\/#\\\/schema\\\/logo\\\/image\\\/\",\"url\":\"https:\\\/\\\/e-leclerc.es\\\/soria\\\/wp-content\\\/uploads\\\/sites\\\/3\\\/2024\\\/05\\\/Logo_Soria-1.svg\",\"contentUrl\":\"https:\\\/\\\/e-leclerc.es\\\/soria\\\/wp-content\\\/uploads\\\/sites\\\/3\\\/2024\\\/05\\\/Logo_Soria-1.svg\",\"width\":100,\"height\":100,\"caption\":\"E.Leclerc Soria\"},\"image\":{\"@id\":\"https:\\\/\\\/e-leclerc.es\\\/soria\\\/#\\\/schema\\\/logo\\\/image\\\/\"},\"sameAs\":[\"https:\\\/\\\/www.facebook.com\\\/eleclercsoria?ref=hl\",\"https:\\\/\\\/x.com\\\/LeclercSoria\",\"https:\\\/\\\/www.instagram.com\\\/e.leclercsoria\\\/\"]}]}<\/script>\n<!-- \/ Yoast SEO plugin. -->","yoast_head_json":{"title":"Aviso Legal - E.Leclerc Soria","robots":{"index":"index","follow":"follow","max-snippet":"max-snippet:-1","max-image-preview":"max-image-preview:large","max-video-preview":"max-video-preview:-1"},"canonical":"https:\/\/e-leclerc.es\/soria\/aviso-legal\/","og_locale":"es_ES","og_type":"article","og_title":"Aviso Legal - E.Leclerc Soria","og_description":"El acceso, navegaci\u00f3n y utilizaci\u00f3n del sitio web&nbsp;https:\/\/e-leclerc.es\/soria\/&nbsp;(en adelante, el \u201cSitio Web\u201d) implica la aceptaci\u00f3n expresa y sin reservas de todos los t\u00e9rminos de las presentes Condiciones de Uso, teniendo la misma validez y eficacia que cualquier contrato celebrado por escrito y firmado. Su observancia y cumplimiento ser\u00e1 exigible respecto de cualquier persona que acceda, [&hellip;]","og_url":"https:\/\/e-leclerc.es\/soria\/aviso-legal\/","og_site_name":"E.Leclerc Soria","article_publisher":"https:\/\/www.facebook.com\/eleclercsoria?ref=hl","article_modified_time":"2024-05-02T10:30:45+00:00","twitter_card":"summary_large_image","twitter_site":"@LeclercSoria","twitter_misc":{"Tiempo de lectura":"10 minutos"},"schema":{"@context":"https:\/\/schema.org","@graph":[{"@type":"WebPage","@id":"https:\/\/e-leclerc.es\/soria\/aviso-legal\/","url":"https:\/\/e-leclerc.es\/soria\/aviso-legal\/","name":"Aviso Legal - E.Leclerc Soria","isPartOf":{"@id":"https:\/\/e-leclerc.es\/soria\/#website"},"datePublished":"2024-04-19T11:58:20+00:00","dateModified":"2024-05-02T10:30:45+00:00","breadcrumb":{"@id":"https:\/\/e-leclerc.es\/soria\/aviso-legal\/#breadcrumb"},"inLanguage":"es","potentialAction":[{"@type":"ReadAction","target":["https:\/\/e-leclerc.es\/soria\/aviso-legal\/"]}]},{"@type":"BreadcrumbList","@id":"https:\/\/e-leclerc.es\/soria\/aviso-legal\/#breadcrumb","itemListElement":[{"@type":"ListItem","position":1,"name":"Portada","item":"https:\/\/e-leclerc.es\/soria\/"},{"@type":"ListItem","position":2,"name":"Aviso Legal"}]},{"@type":"WebSite","@id":"https:\/\/e-leclerc.es\/soria\/#website","url":"https:\/\/e-leclerc.es\/soria\/","name":"E.Leclerc Soria","description":"Descubre los folletos, ofertas y promociones de nuestro hipermercado E.Leclerc Soria en Castilla y Le\u00f3n. Direcci\u00f3n | Horario | Productos locales","publisher":{"@id":"https:\/\/e-leclerc.es\/soria\/#organization"},"alternateName":"E.Leclerc Soria","potentialAction":[{"@type":"SearchAction","target":{"@type":"EntryPoint","urlTemplate":"https:\/\/e-leclerc.es\/soria\/?s={search_term_string}"},"query-input":{"@type":"PropertyValueSpecification","valueRequired":true,"valueName":"search_term_string"}}],"inLanguage":"es"},{"@type":"Organization","@id":"https:\/\/e-leclerc.es\/soria\/#organization","name":"E.Leclerc Soria","alternateName":"Soriadis, S.L.","url":"https:\/\/e-leclerc.es\/soria\/","logo":{"@type":"ImageObject","inLanguage":"es","@id":"https:\/\/e-leclerc.es\/soria\/#\/schema\/logo\/image\/","url":"https:\/\/e-leclerc.es\/soria\/wp-content\/uploads\/sites\/3\/2024\/05\/Logo_Soria-1.svg","contentUrl":"https:\/\/e-leclerc.es\/soria\/wp-content\/uploads\/sites\/3\/2024\/05\/Logo_Soria-1.svg","width":100,"height":100,"caption":"E.Leclerc Soria"},"image":{"@id":"https:\/\/e-leclerc.es\/soria\/#\/schema\/logo\/image\/"},"sameAs":["https:\/\/www.facebook.com\/eleclercsoria?ref=hl","https:\/\/x.com\/LeclercSoria","https:\/\/www.instagram.com\/e.leclercsoria\/"]}]}},"_links":{"self":[{"href":"https:\/\/e-leclerc.es\/soria\/wp-json\/wp\/v2\/pages\/3129","targetHints":{"allow":["GET"]}}],"collection":[{"href":"https:\/\/e-leclerc.es\/soria\/wp-json\/wp\/v2\/pages"}],"about":[{"href":"https:\/\/e-leclerc.es\/soria\/wp-json\/wp\/v2\/types\/page"}],"author":[{"embeddable":true,"href":"https:\/\/e-leclerc.es\/soria\/wp-json\/wp\/v2\/users\/1"}],"replies":[{"embeddable":true,"href":"https:\/\/e-leclerc.es\/soria\/wp-json\/wp\/v2\/comments?post=3129"}],"version-history":[{"count":4,"href":"https:\/\/e-leclerc.es\/soria\/wp-json\/wp\/v2\/pages\/3129\/revisions"}],"predecessor-version":[{"id":7465,"href":"https:\/\/e-leclerc.es\/soria\/wp-json\/wp\/v2\/pages\/3129\/revisions\/7465"}],"wp:attachment":[{"href":"https:\/\/e-leclerc.es\/soria\/wp-json\/wp\/v2\/media?parent=3129"}],"curies":[{"name":"wp","href":"https:\/\/api.w.org\/{rel}","templated":true}]}}