{"id":15415,"date":"2025-11-05T19:12:15","date_gmt":"2025-11-05T18:12:15","guid":{"rendered":"https:\/\/e-leclerc.es\/soria\/?page_id=15415"},"modified":"2025-11-05T19:12:57","modified_gmt":"2025-11-05T18:12:57","slug":"base-de-promocion-juguetes-de-la-navidad-2025-en-la-web","status":"publish","type":"page","link":"https:\/\/e-leclerc.es\/soria\/base-de-promocion-juguetes-de-la-navidad-2025-en-la-web\/","title":{"rendered":"Bases de promoci\u00f3n \u00abJuguetes de la Navidad 2025 en la WEB\u00bb"},"content":{"rendered":"\n<h4 class=\"wp-block-heading\"><strong>1.- Organizador:<\/strong>\u00a0<\/h4>\n\n\n\n<p>Las sociedades explotadoras de los establecimientos que operan en Espa\u00f1a bajo la ense\u00f1a E.Leclerc participantes en esta campa\u00f1a y que se indican en el Anexo 1 (en adelante E.Leclerc), tienen previsto realizar una promoci\u00f3n dirigida a sus clientes para que puedan obtener un c\u00f3digo de descuento a trav\u00e9s de la plataforma <a href=\"http:\/\/www.e-leclerc.es\">www.e-leclerc.es<\/a>, para compras superiores a 50\u20ac de la secci\u00f3n de juguetes en tienda f\u00edsica. El cliente tendr\u00e1 que seleccionar una de las cuatro tiendas participantes dentro de la web <a href=\"http:\/\/www.e-leclerc.es\">www.e-leclerc.es<\/a>, y as\u00ed podr\u00e1 conseguir un c\u00f3digo de descuento que le reembolsar\u00e1 el 20% del importe de su compra en juguetes en su tarjeta de fidelidad E.Leclerc. Posteriormente podr\u00e1 utilizar ese descuento como pago de las pr\u00f3ximas compras que realice en el hipermercado o supermercado E.Leclerc que lo obtuviera.<\/p>\n\n\n\n<h4 class=\"wp-block-heading\"><strong>2.- Objetivo y plazo de participaci\u00f3n:<\/strong>\u00a0<\/h4>\n\n\n\n<p>El objetivo es la obtenci\u00f3n del c\u00f3digo de descuento a trav\u00e9s de la creaci\u00f3n de una lista con una selecci\u00f3n de juguetes, que recibir\u00e1 v\u00eda email, tras rellenar el formulario.<\/p>\n\n\n\n<p>La creaci\u00f3n de esta lista <strong>no supone ning\u00fan tipo de reserva ni pedido<\/strong> de los art\u00edculos seleccionados a E.Leclerc.<\/p>\n\n\n\n<p>La vigencia de la promoci\u00f3n ser\u00e1 desde las 09:00 horas del 3 de noviembre hasta las 21:00 horas del 30 de noviembre de 2025.<\/p>\n\n\n\n<h4 class=\"wp-block-heading\"><strong>3.- Legitimaci\u00f3n para participar:<\/strong>\u00a0<\/h4>\n\n\n\n<p>Podr\u00e1n participar en esta promoci\u00f3n y resultar ganador de la misma todas aquellas personas f\u00edsicas, mayores de edad, que durante el per\u00edodo de tiempo antes indicado, accedan a la plataforma para la selecci\u00f3n de los productos y registren sus datos en el formulario destinado a tal efecto, para poder obtener el c\u00f3digo. Para poder beneficiarse del reembolso ser\u00e1 imprescindible ser titular de una tarjeta de fidelidad de E.Leclerc.<\/p>\n\n\n\n<p>Cualquier participaci\u00f3n obtenida de manera anormal, en violaci\u00f3n de estas bases o por medio de manipulaciones t\u00e9cnicas destinadas a falsear su honradez, intrusi\u00f3n, o tentativa de intrusi\u00f3n, ser\u00e1 cancelada reserv\u00e1ndose E.Leclerc el derecho de perseguir al autor del fraude.<\/p>\n\n\n\n<h4 class=\"wp-block-heading\"><strong>4.- Mec\u00e1nica de la promoci\u00f3n:<\/strong>\u00a0<\/h4>\n\n\n\n<p>Para participar en esta promoci\u00f3n, los usuarios deben acceder a la p\u00e1gina web indicada en el punto 1.<\/p>\n\n\n\n<p>El acceso a dicha plataforma podr\u00e1 hacerse desde las redes sociales de E.Leclerc Espa\u00f1a o a trav\u00e9s de la p\u00e1gina web corporativa del hipermercado o indicada en el folleto de Juguetes.<\/p>\n\n\n\n<p>En la plataforma, el participante deber\u00e1:<\/p>\n\n\n\n<ul class=\"wp-block-list\">\n<li>A\u00f1adir productos a la <em>Lista de deseos<\/em> y rellenar el formulario, para la recepci\u00f3n de email con dicha lista y el c\u00f3digo de la promoci\u00f3n. Adem\u00e1s, a partir de esa lista tambi\u00e9n podr\u00e1 crear una carta a los Reyes Magos o a Pap\u00e1 Noel con su selecci\u00f3n de juguetes, para los m\u00e1s peque\u00f1os de la casa.<\/li>\n\n\n\n<li>Completar sus datos, en el formulario dise\u00f1ado para tal fin y validar la participaci\u00f3n (email y n\u00famero de tel\u00e9fono).<\/li>\n<\/ul>\n\n\n\n<h4 class=\"wp-block-heading\"><strong>5.- C\u00f3digo promocional:<\/strong>\u00a0<\/h4>\n\n\n\n<p>El cliente recibir\u00e1 v\u00eda email el c\u00f3digo asociado, una vez\u00a0 validada la selecci\u00f3n de productos. Este c\u00f3digo conlleva que cuando el cliente lo presente en l\u00ednea de caja de la tienda se realizar\u00e1 un reembolso adicional del 20% del importe de la compra de juguetes en la tarjeta de fidelidad, siempre y cuando el importe de la compra en juguetes sea superior a 50\u20ac, durante el periodo de vigencia de la promoci\u00f3n.<\/p>\n\n\n\n<p>El importe \u00edntegro podr\u00e1 ser utilizado en las pr\u00f3ximas compras \u00fanicamente en los hipermercados E.Leclerc.<\/p>\n\n\n\n<p>Ser\u00e1 imprescindible ser titular de la tarjeta de fidelidad E.Leclerc para proceder al reembolso de dicho importe en la tarjeta.<\/p>\n\n\n\n<h4 class=\"wp-block-heading\"><strong>7.- Renuncia o imposibilidad de aceptaci\u00f3n:<\/strong>\u00a0<\/h4>\n\n\n\n<p>En el caso de que por cualquier circunstancia el premiado renunciara o no pudiera utilizar el c\u00f3digo promocional, el hipermercado E.Leclerc no proceder\u00e1 a realizar ning\u00fan canje por dinero ni por cualquier otro premio distinto al descrito.<\/p>\n\n\n\n<h4 class=\"wp-block-heading\"><strong>8.- Per\u00edodo de reclamaci\u00f3n:<\/strong>\u00a0<\/h4>\n\n\n\n<p>El per\u00edodo para interponer cualquier reclamaci\u00f3n por quien tenga derecho a ella, relativa a la celebraci\u00f3n de la promoci\u00f3n finalizar\u00e1 transcurridos 21 d\u00edas naturales desde la fecha de finalizaci\u00f3n de la promoci\u00f3n.<\/p>\n\n\n\n<h4 class=\"wp-block-heading\"><strong>9.- Fiscalidad de los premios:<\/strong>\u00a0<\/h4>\n\n\n\n<p>E.Leclerc realizar\u00e1 sobre el premio la retenci\u00f3n o ingreso a cuenta que de acuerdo con la normativa fiscal en vigor sea aplicable en el momento de su entrega.<\/p>\n\n\n\n<h4 class=\"wp-block-heading\"><strong>10.- Derechos de imagen:<\/strong>\u00a0<\/h4>\n\n\n\n<p>El participante, al aceptar lo anterior se compromete, en caso de que as\u00ed le fuera requerido por E.Leclerc, a facilitar gratuitamente una imagen personal y\/o a que se le realice una o varias fotograf\u00edas con el \u00fanico fin de dar publicidad a la promoci\u00f3n, al hipermercado E.Leclerc y\/o a los productos ofrecidos en estos establecimientos.<\/p>\n\n\n\n<p>Asimismo, y en cumplimiento de lo dispuesto Reglamento (UE) 2016\/679 de protecci\u00f3n de datos de car\u00e1cter personal, los agraciados autorizan expresamente a las empresas asociadas al Movimiento E.Leclerc la utilizaci\u00f3n de sus datos personales para rese\u00f1ar los mismos en carteles, folletos, reportajes audiovisuales o cualquier otro medio de difusi\u00f3n en relaci\u00f3n al premio obtenido.<\/p>\n\n\n\n<h4 class=\"wp-block-heading\"><strong>11.- Aceptaci\u00f3n de las bases:<\/strong>\u00a0<\/h4>\n\n\n\n<p>Se informa a los posibles participantes que el simple hecho de participar en la promoci\u00f3n implica la total aceptaci\u00f3n de las presentes bases que han sido publicadas en la web de E.Leclerc: www.e-leclerc.es.<\/p>\n\n\n\n<h4 class=\"wp-block-heading\"><strong>12.- Legislaci\u00f3n y jurisdicci\u00f3n aplicable:<\/strong>\u00a0<\/h4>\n\n\n\n<p>Estos t\u00e9rminos y condiciones se regir\u00e1n por las leyes y tribunales del Estado Espa\u00f1ol.<\/p>\n\n\n\n<h4 class=\"wp-block-heading\"><strong>13.- Protecci\u00f3n de datos personales:<\/strong>&nbsp;<\/h4>\n\n\n\n<p>La recogida y el tratamiento de los datos se realizar\u00e1 de conformidad con las exigencias del Reglamento (UE) 2016\/679 relativo a la protecci\u00f3n de las personas f\u00edsicas en lo que respecta al tratamiento de datos personales y a la libre circulaci\u00f3n de estos datos (en adelante, el \u201cReglamento General de Protecci\u00f3n de Datos\u201d o \u201cRGPD\u201d) y de conformidad con Ley Org\u00e1nica 3\/2018 de 5 de diciembre, de Protecci\u00f3n de Datos Personales y garant\u00eda de los derechos digitales (en adelante \u201cLOPD y GDD\u201d),<\/p>\n\n\n\n<p><strong><em>Responsable del tratamiento<\/em><\/strong><\/p>\n\n\n\n<p>E.Leclerc informa a los clientes que los datos personales que se les solicitan en la plataforma para redactar la carta, y que libre y voluntariamente facilitan, ser\u00e1n recogidos y tratados por la sociedad explotadora de cada hipermercado E.Leclerc e incluidos en un fichero de su responsabilidad.<\/p>\n\n\n\n<p>Cada una de las sociedades explotadoras de cada Hipermercado E.Leclerc ser\u00e1 Responsable del tratamiento de su respectivo fichero.<\/p>\n\n\n\n<p>Cada uno de los Responsables se compromete a tratar los datos personales con total confidencialidad y respetando las t\u00e9cnicas y organizativas apropiadas a fin de garantizar y poder demostrar que el tratamiento es conforme con el RGPD.<\/p>\n\n\n\n<p><strong><em>Finalidad del tratamiento<\/em><\/strong><\/p>\n\n\n\n<p>Los datos recabados por los Responsables se tratar\u00e1n con la finalidad principal de gestionar su participaci\u00f3n en la promoci\u00f3n.<\/p>\n\n\n\n<p><strong><em>Legitimaci\u00f3n<\/em><\/strong><\/p>\n\n\n\n<p>La base legal para el tratamiento de los datos del participante se fundamenta en el consentimiento que se le solicita mediante la aceptaci\u00f3n de estas bases y el env\u00edo de la carta desde la plataforma, consintiendo expresamente el tratamiento de sus datos personales por parte del Responsables del Tratamiento correspondiente a cada establecimiento E.Leclerc en el que participe.&nbsp;&nbsp;<\/p>\n\n\n\n<p>En el supuesto de que no se suministren todos los datos de respuesta obligatoria se podr\u00e1 proceder al bloqueo de la participaci\u00f3n hasta la inclusi\u00f3n de los mismos. Los datos considerados como obligatorios ser\u00e1n los estrictamente necesarios para la finalidad del tratamiento anteriormente indicada.<\/p>\n\n\n\n<p><strong><em>Destinatarios<\/em><\/strong><\/p>\n\n\n\n<p>Los Responsables del tratamiento no ceden datos a terceros, salvo obligaci\u00f3n legal.<\/p>\n\n\n\n<p><strong><em>Exactitud de los datos<\/em><\/strong><\/p>\n\n\n\n<p>En cumplimiento del principio de calidad de los datos personales, expresado en el art\u00edculo 5 d) del RGPD, el participante se compromete a facilitar datos verdaderos, exactos, completos y actualizados, de forma que respondan con veracidad a la situaci\u00f3n de \u00e9ste siendo el \u00fanico responsable en caso de ser falsos, incompletos, no actualizados o inexactos.<\/p>\n\n\n\n<p><strong><em>Derechos del cliente<\/em><\/strong><\/p>\n\n\n\n<p>Los clientes pueden ejercitar sus derechos de acceso a sus datos personales, rectificaci\u00f3n de los datos inexactos o, en su caso, solicitar su supresi\u00f3n cuando, entre otros motivos, los datos ya no sean necesarios para los fines que fueron recogidos.<\/p>\n\n\n\n<p>Los clientes podr\u00e1n solicitar la limitaci\u00f3n u oposici\u00f3n al tratamiento de sus datos, en cuyo caso dejar\u00e1n de utilizarse salvo que su conservaci\u00f3n sea necesaria para el ejercicio o la defensa de reclamaciones.<\/p>\n\n\n\n<p>Los clientes podr\u00e1n en todo caso solicitar el derecho a la portabilidad de sus datos, recibiendo del Responsable los datos personales que le incumban y le hubiese facilitado, en un formato estructurado, de uso com\u00fan y lectura mec\u00e1nica, y pudiendo transmitirlos a otro responsable del tratamiento sin que lo impida el Responsable al que se los hubiera facilitado. Este derecho podr\u00e1 ejercerse siempre que el cliente no hubiese ejercido anteriormente su derecho de supresi\u00f3n o los datos hubiesen sido cancelados por el Responsable al terminar la finalidad principal por la que fueron recabados.<\/p>\n\n\n\n<p>El cliente tendr\u00e1 derecho a retirar el consentimiento otorgado para cualquier finalidad en cualquier momento, sin que dicha retirada afecte a la licitud del tratamiento basada en el consentimiento previo a su retirada.<\/p>\n\n\n\n<p>Todos estos derechos podr\u00e1 ejercitarlos de forma gratuita dirigi\u00e9ndose al Responsable del tratamiento del hipermercado en el cual participe, mediante el env\u00edo de una comunicaci\u00f3n escrita, o mediante correo electr\u00f3nico. Las direcciones f\u00edsicas y electr\u00f3nicas de cada Responsable vienen recogidas en el Anexo 1, debiendo incluir el cliente en la comunicaci\u00f3n sus datos personales para poder tramitar el derecho exigido en cuesti\u00f3n.<\/p>\n\n\n\n<p>El Responsable del tratamiento facilitar\u00e1 al interesado informaci\u00f3n relativa a sus actuaciones sobre la base de una solicitud de ejercicio de derechos y, en cualquier caso, en el plazo de un mes a partir de la recepci\u00f3n de la solicitud.<\/p>\n\n\n\n<p>Dicho plazo podr\u00e1 prorrogarse otros dos meses en caso necesario, teniendo en cuenta la complejidad y el n\u00famero de solicitudes. El responsable informar\u00e1 al interesado de cualquiera de dichas pr\u00f3rrogas en el plazo de un mes a partir de la recepci\u00f3n de la solicitud, indicando los motivos de la dilaci\u00f3n.<\/p>\n\n\n\n<p>Cuando el interesado presente la solicitud por medios electr\u00f3nicos, la informaci\u00f3n se facilitar\u00e1 por medios electr\u00f3nicos cuando sea posible, a menos que el interesado solicite que se facilite de otro modo.<\/p>\n\n\n\n<p>Si el responsable del tratamiento no da curso a la solicitud del interesado, le informar\u00e1 sin dilaci\u00f3n, y a m\u00e1s tardar transcurrido un mes de la recepci\u00f3n de la solicitud, de las razones de su no actuaci\u00f3n y de la posibilidad de presentar en todo caso una reclamaci\u00f3n ante una autoridad de control (Agencia Espa\u00f1ola de Protecci\u00f3n de Datos) y de ejercitar las acciones judiciales oportunas<\/p>\n\n\n\n<figure class=\"wp-block-image size-full\"><img fetchpriority=\"high\" decoding=\"async\" width=\"643\" height=\"265\" src=\"https:\/\/e-leclerc.es\/soria\/wp-content\/uploads\/sites\/3\/2025\/11\/image.png\" alt=\"\" class=\"wp-image-15416\" srcset=\"https:\/\/e-leclerc.es\/soria\/wp-content\/uploads\/sites\/3\/2025\/11\/image.png 643w, https:\/\/e-leclerc.es\/soria\/wp-content\/uploads\/sites\/3\/2025\/11\/image-300x124.png 300w\" sizes=\"(max-width: 643px) 100vw, 643px\" \/><\/figure>\n\n\n\n<p><\/p>\n","protected":false},"excerpt":{"rendered":"<p>1.- Organizador:\u00a0 Las sociedades explotadoras de los establecimientos que operan en Espa\u00f1a bajo la ense\u00f1a E.Leclerc participantes en esta campa\u00f1a y que se indican en el Anexo 1 (en adelante E.Leclerc), tienen previsto realizar una promoci\u00f3n dirigida a sus clientes para que puedan obtener un c\u00f3digo de descuento a trav\u00e9s de la plataforma www.e-leclerc.es, para [&hellip;]<\/p>\n","protected":false},"author":35,"featured_media":0,"parent":0,"menu_order":0,"comment_status":"closed","ping_status":"closed","template":"","meta":{"_acf_changed":false,"footnotes":""},"class_list":["post-15415","page","type-page","status-publish","hentry"],"acf":[],"yoast_head":"<!-- This site is optimized with the Yoast SEO plugin v27.4 - https:\/\/yoast.com\/product\/yoast-seo-wordpress\/ -->\n<title>Bases de promoci\u00f3n &quot;Juguetes de la Navidad 2025 en la WEB&quot; - E.Leclerc Soria<\/title>\n<meta name=\"robots\" content=\"index, follow, max-snippet:-1, max-image-preview:large, max-video-preview:-1\" \/>\n<link rel=\"canonical\" href=\"https:\/\/e-leclerc.es\/soria\/base-de-promocion-juguetes-de-la-navidad-2025-en-la-web\/\" \/>\n<meta property=\"og:locale\" content=\"es_ES\" \/>\n<meta property=\"og:type\" content=\"article\" \/>\n<meta property=\"og:title\" content=\"Bases de promoci\u00f3n &quot;Juguetes de la Navidad 2025 en la WEB&quot; - E.Leclerc Soria\" \/>\n<meta property=\"og:description\" content=\"1.- Organizador:\u00a0 Las sociedades explotadoras de los establecimientos que operan en Espa\u00f1a bajo la ense\u00f1a E.Leclerc participantes en esta campa\u00f1a y que se indican en el Anexo 1 (en adelante E.Leclerc), tienen previsto realizar una promoci\u00f3n dirigida a sus clientes para que puedan obtener un c\u00f3digo de descuento a trav\u00e9s de la plataforma www.e-leclerc.es, para [&hellip;]\" \/>\n<meta property=\"og:url\" content=\"https:\/\/e-leclerc.es\/soria\/base-de-promocion-juguetes-de-la-navidad-2025-en-la-web\/\" \/>\n<meta property=\"og:site_name\" content=\"E.Leclerc Soria\" \/>\n<meta property=\"article:publisher\" content=\"https:\/\/www.facebook.com\/eleclercsoria?ref=hl\" \/>\n<meta property=\"article:modified_time\" content=\"2025-11-05T18:12:57+00:00\" \/>\n<meta property=\"og:image\" content=\"https:\/\/e-leclerc.es\/soria\/wp-content\/uploads\/sites\/3\/2025\/11\/image.png\" \/>\n\t<meta property=\"og:image:width\" content=\"643\" \/>\n\t<meta property=\"og:image:height\" content=\"265\" \/>\n\t<meta property=\"og:image:type\" content=\"image\/png\" \/>\n<meta name=\"twitter:card\" content=\"summary_large_image\" \/>\n<meta name=\"twitter:site\" content=\"@LeclercSoria\" \/>\n<meta name=\"twitter:label1\" content=\"Tiempo de lectura\" \/>\n\t<meta name=\"twitter:data1\" content=\"8 minutos\" \/>\n<script type=\"application\/ld+json\" class=\"yoast-schema-graph\">{\"@context\":\"https:\\\/\\\/schema.org\",\"@graph\":[{\"@type\":\"WebPage\",\"@id\":\"https:\\\/\\\/e-leclerc.es\\\/soria\\\/base-de-promocion-juguetes-de-la-navidad-2025-en-la-web\\\/\",\"url\":\"https:\\\/\\\/e-leclerc.es\\\/soria\\\/base-de-promocion-juguetes-de-la-navidad-2025-en-la-web\\\/\",\"name\":\"Bases de promoci\u00f3n \\\"Juguetes de la Navidad 2025 en la WEB\\\" - E.Leclerc Soria\",\"isPartOf\":{\"@id\":\"https:\\\/\\\/e-leclerc.es\\\/soria\\\/#website\"},\"primaryImageOfPage\":{\"@id\":\"https:\\\/\\\/e-leclerc.es\\\/soria\\\/base-de-promocion-juguetes-de-la-navidad-2025-en-la-web\\\/#primaryimage\"},\"image\":{\"@id\":\"https:\\\/\\\/e-leclerc.es\\\/soria\\\/base-de-promocion-juguetes-de-la-navidad-2025-en-la-web\\\/#primaryimage\"},\"thumbnailUrl\":\"https:\\\/\\\/e-leclerc.es\\\/soria\\\/wp-content\\\/uploads\\\/sites\\\/3\\\/2025\\\/11\\\/image.png\",\"datePublished\":\"2025-11-05T18:12:15+00:00\",\"dateModified\":\"2025-11-05T18:12:57+00:00\",\"breadcrumb\":{\"@id\":\"https:\\\/\\\/e-leclerc.es\\\/soria\\\/base-de-promocion-juguetes-de-la-navidad-2025-en-la-web\\\/#breadcrumb\"},\"inLanguage\":\"es\",\"potentialAction\":[{\"@type\":\"ReadAction\",\"target\":[\"https:\\\/\\\/e-leclerc.es\\\/soria\\\/base-de-promocion-juguetes-de-la-navidad-2025-en-la-web\\\/\"]}]},{\"@type\":\"ImageObject\",\"inLanguage\":\"es\",\"@id\":\"https:\\\/\\\/e-leclerc.es\\\/soria\\\/base-de-promocion-juguetes-de-la-navidad-2025-en-la-web\\\/#primaryimage\",\"url\":\"https:\\\/\\\/e-leclerc.es\\\/soria\\\/wp-content\\\/uploads\\\/sites\\\/3\\\/2025\\\/11\\\/image.png\",\"contentUrl\":\"https:\\\/\\\/e-leclerc.es\\\/soria\\\/wp-content\\\/uploads\\\/sites\\\/3\\\/2025\\\/11\\\/image.png\",\"width\":643,\"height\":265},{\"@type\":\"BreadcrumbList\",\"@id\":\"https:\\\/\\\/e-leclerc.es\\\/soria\\\/base-de-promocion-juguetes-de-la-navidad-2025-en-la-web\\\/#breadcrumb\",\"itemListElement\":[{\"@type\":\"ListItem\",\"position\":1,\"name\":\"Portada\",\"item\":\"https:\\\/\\\/e-leclerc.es\\\/soria\\\/\"},{\"@type\":\"ListItem\",\"position\":2,\"name\":\"Bases de promoci\u00f3n \u00abJuguetes de la Navidad 2025 en la WEB\u00bb\"}]},{\"@type\":\"WebSite\",\"@id\":\"https:\\\/\\\/e-leclerc.es\\\/soria\\\/#website\",\"url\":\"https:\\\/\\\/e-leclerc.es\\\/soria\\\/\",\"name\":\"E.Leclerc Soria\",\"description\":\"Descubre los folletos, ofertas y promociones de nuestro hipermercado E.Leclerc Soria en Castilla y Le\u00f3n. Direcci\u00f3n | Horario | Productos locales\",\"publisher\":{\"@id\":\"https:\\\/\\\/e-leclerc.es\\\/soria\\\/#organization\"},\"alternateName\":\"E.Leclerc Soria\",\"potentialAction\":[{\"@type\":\"SearchAction\",\"target\":{\"@type\":\"EntryPoint\",\"urlTemplate\":\"https:\\\/\\\/e-leclerc.es\\\/soria\\\/?s={search_term_string}\"},\"query-input\":{\"@type\":\"PropertyValueSpecification\",\"valueRequired\":true,\"valueName\":\"search_term_string\"}}],\"inLanguage\":\"es\"},{\"@type\":\"Organization\",\"@id\":\"https:\\\/\\\/e-leclerc.es\\\/soria\\\/#organization\",\"name\":\"E.Leclerc Soria\",\"alternateName\":\"Soriadis, S.L.\",\"url\":\"https:\\\/\\\/e-leclerc.es\\\/soria\\\/\",\"logo\":{\"@type\":\"ImageObject\",\"inLanguage\":\"es\",\"@id\":\"https:\\\/\\\/e-leclerc.es\\\/soria\\\/#\\\/schema\\\/logo\\\/image\\\/\",\"url\":\"https:\\\/\\\/e-leclerc.es\\\/soria\\\/wp-content\\\/uploads\\\/sites\\\/3\\\/2024\\\/05\\\/Logo_Soria-1.svg\",\"contentUrl\":\"https:\\\/\\\/e-leclerc.es\\\/soria\\\/wp-content\\\/uploads\\\/sites\\\/3\\\/2024\\\/05\\\/Logo_Soria-1.svg\",\"width\":100,\"height\":100,\"caption\":\"E.Leclerc Soria\"},\"image\":{\"@id\":\"https:\\\/\\\/e-leclerc.es\\\/soria\\\/#\\\/schema\\\/logo\\\/image\\\/\"},\"sameAs\":[\"https:\\\/\\\/www.facebook.com\\\/eleclercsoria?ref=hl\",\"https:\\\/\\\/x.com\\\/LeclercSoria\",\"https:\\\/\\\/www.instagram.com\\\/e.leclercsoria\\\/\"]}]}<\/script>\n<!-- \/ Yoast SEO plugin. -->","yoast_head_json":{"title":"Bases de promoci\u00f3n \"Juguetes de la Navidad 2025 en la WEB\" - E.Leclerc Soria","robots":{"index":"index","follow":"follow","max-snippet":"max-snippet:-1","max-image-preview":"max-image-preview:large","max-video-preview":"max-video-preview:-1"},"canonical":"https:\/\/e-leclerc.es\/soria\/base-de-promocion-juguetes-de-la-navidad-2025-en-la-web\/","og_locale":"es_ES","og_type":"article","og_title":"Bases de promoci\u00f3n \"Juguetes de la Navidad 2025 en la WEB\" - E.Leclerc Soria","og_description":"1.- Organizador:\u00a0 Las sociedades explotadoras de los establecimientos que operan en Espa\u00f1a bajo la ense\u00f1a E.Leclerc participantes en esta campa\u00f1a y que se indican en el Anexo 1 (en adelante E.Leclerc), tienen previsto realizar una promoci\u00f3n dirigida a sus clientes para que puedan obtener un c\u00f3digo de descuento a trav\u00e9s de la plataforma www.e-leclerc.es, para [&hellip;]","og_url":"https:\/\/e-leclerc.es\/soria\/base-de-promocion-juguetes-de-la-navidad-2025-en-la-web\/","og_site_name":"E.Leclerc Soria","article_publisher":"https:\/\/www.facebook.com\/eleclercsoria?ref=hl","article_modified_time":"2025-11-05T18:12:57+00:00","og_image":[{"width":643,"height":265,"url":"https:\/\/e-leclerc.es\/soria\/wp-content\/uploads\/sites\/3\/2025\/11\/image.png","type":"image\/png"}],"twitter_card":"summary_large_image","twitter_site":"@LeclercSoria","twitter_misc":{"Tiempo de lectura":"8 minutos"},"schema":{"@context":"https:\/\/schema.org","@graph":[{"@type":"WebPage","@id":"https:\/\/e-leclerc.es\/soria\/base-de-promocion-juguetes-de-la-navidad-2025-en-la-web\/","url":"https:\/\/e-leclerc.es\/soria\/base-de-promocion-juguetes-de-la-navidad-2025-en-la-web\/","name":"Bases de promoci\u00f3n \"Juguetes de la Navidad 2025 en la WEB\" - E.Leclerc Soria","isPartOf":{"@id":"https:\/\/e-leclerc.es\/soria\/#website"},"primaryImageOfPage":{"@id":"https:\/\/e-leclerc.es\/soria\/base-de-promocion-juguetes-de-la-navidad-2025-en-la-web\/#primaryimage"},"image":{"@id":"https:\/\/e-leclerc.es\/soria\/base-de-promocion-juguetes-de-la-navidad-2025-en-la-web\/#primaryimage"},"thumbnailUrl":"https:\/\/e-leclerc.es\/soria\/wp-content\/uploads\/sites\/3\/2025\/11\/image.png","datePublished":"2025-11-05T18:12:15+00:00","dateModified":"2025-11-05T18:12:57+00:00","breadcrumb":{"@id":"https:\/\/e-leclerc.es\/soria\/base-de-promocion-juguetes-de-la-navidad-2025-en-la-web\/#breadcrumb"},"inLanguage":"es","potentialAction":[{"@type":"ReadAction","target":["https:\/\/e-leclerc.es\/soria\/base-de-promocion-juguetes-de-la-navidad-2025-en-la-web\/"]}]},{"@type":"ImageObject","inLanguage":"es","@id":"https:\/\/e-leclerc.es\/soria\/base-de-promocion-juguetes-de-la-navidad-2025-en-la-web\/#primaryimage","url":"https:\/\/e-leclerc.es\/soria\/wp-content\/uploads\/sites\/3\/2025\/11\/image.png","contentUrl":"https:\/\/e-leclerc.es\/soria\/wp-content\/uploads\/sites\/3\/2025\/11\/image.png","width":643,"height":265},{"@type":"BreadcrumbList","@id":"https:\/\/e-leclerc.es\/soria\/base-de-promocion-juguetes-de-la-navidad-2025-en-la-web\/#breadcrumb","itemListElement":[{"@type":"ListItem","position":1,"name":"Portada","item":"https:\/\/e-leclerc.es\/soria\/"},{"@type":"ListItem","position":2,"name":"Bases de promoci\u00f3n \u00abJuguetes de la Navidad 2025 en la WEB\u00bb"}]},{"@type":"WebSite","@id":"https:\/\/e-leclerc.es\/soria\/#website","url":"https:\/\/e-leclerc.es\/soria\/","name":"E.Leclerc Soria","description":"Descubre los folletos, ofertas y promociones de nuestro hipermercado E.Leclerc Soria en Castilla y Le\u00f3n. Direcci\u00f3n | Horario | Productos locales","publisher":{"@id":"https:\/\/e-leclerc.es\/soria\/#organization"},"alternateName":"E.Leclerc Soria","potentialAction":[{"@type":"SearchAction","target":{"@type":"EntryPoint","urlTemplate":"https:\/\/e-leclerc.es\/soria\/?s={search_term_string}"},"query-input":{"@type":"PropertyValueSpecification","valueRequired":true,"valueName":"search_term_string"}}],"inLanguage":"es"},{"@type":"Organization","@id":"https:\/\/e-leclerc.es\/soria\/#organization","name":"E.Leclerc Soria","alternateName":"Soriadis, S.L.","url":"https:\/\/e-leclerc.es\/soria\/","logo":{"@type":"ImageObject","inLanguage":"es","@id":"https:\/\/e-leclerc.es\/soria\/#\/schema\/logo\/image\/","url":"https:\/\/e-leclerc.es\/soria\/wp-content\/uploads\/sites\/3\/2024\/05\/Logo_Soria-1.svg","contentUrl":"https:\/\/e-leclerc.es\/soria\/wp-content\/uploads\/sites\/3\/2024\/05\/Logo_Soria-1.svg","width":100,"height":100,"caption":"E.Leclerc Soria"},"image":{"@id":"https:\/\/e-leclerc.es\/soria\/#\/schema\/logo\/image\/"},"sameAs":["https:\/\/www.facebook.com\/eleclercsoria?ref=hl","https:\/\/x.com\/LeclercSoria","https:\/\/www.instagram.com\/e.leclercsoria\/"]}]}},"_links":{"self":[{"href":"https:\/\/e-leclerc.es\/soria\/wp-json\/wp\/v2\/pages\/15415","targetHints":{"allow":["GET"]}}],"collection":[{"href":"https:\/\/e-leclerc.es\/soria\/wp-json\/wp\/v2\/pages"}],"about":[{"href":"https:\/\/e-leclerc.es\/soria\/wp-json\/wp\/v2\/types\/page"}],"author":[{"embeddable":true,"href":"https:\/\/e-leclerc.es\/soria\/wp-json\/wp\/v2\/users\/35"}],"replies":[{"embeddable":true,"href":"https:\/\/e-leclerc.es\/soria\/wp-json\/wp\/v2\/comments?post=15415"}],"version-history":[{"count":2,"href":"https:\/\/e-leclerc.es\/soria\/wp-json\/wp\/v2\/pages\/15415\/revisions"}],"predecessor-version":[{"id":15418,"href":"https:\/\/e-leclerc.es\/soria\/wp-json\/wp\/v2\/pages\/15415\/revisions\/15418"}],"wp:attachment":[{"href":"https:\/\/e-leclerc.es\/soria\/wp-json\/wp\/v2\/media?parent=15415"}],"curies":[{"name":"wp","href":"https:\/\/api.w.org\/{rel}","templated":true}]}}