{"id":12588,"date":"2025-09-16T16:49:09","date_gmt":"2025-09-16T14:49:09","guid":{"rendered":"https:\/\/e-leclerc.es\/soria\/?page_id=12588"},"modified":"2025-09-16T16:49:09","modified_gmt":"2025-09-16T14:49:09","slug":"base-de-sorteo-eurocentrin-2025","status":"publish","type":"page","link":"https:\/\/e-leclerc.es\/soria\/base-de-sorteo-eurocentrin-2025\/","title":{"rendered":"Base de sorteo \u00abEurocentrin 2025\u00bb"},"content":{"rendered":"\n<h2 class=\"wp-block-heading\"><strong>1.- Bases complementarias<\/strong><\/h2>\n\n\n\n<p>Estas bases vienen a completar las bases del sorteo del eurocentr\u00edn publicadas por los organizadores del mismo: FECsoria y FOES.<\/p>\n\n\n\n<h2 class=\"wp-block-heading\"><strong>2.- Plazo:<\/strong><\/h2>\n\n\n\n<p>Entre las 09:00 horas del d\u00eda 15 de septiembre de 2025 y las 21:30 horas del d\u00eda 2 de noviembre de 2025 o FIN de EXISTENCIAS, siempre y cuando los establecimientos est\u00e9n abiertos al p\u00fablico.<\/p>\n\n\n\n<h2 class=\"wp-block-heading\"><strong>3.- Mec\u00e1nica de la promoci\u00f3n:<\/strong><\/h2>\n\n\n\n<p>Los boletos del \u201csorteo del eurocentr\u00edn\u201d se repartir\u00e1n a los clientes que realicen una compra superior a 50 euros en el hipermercado E.Leclerc Soria, o superior a 25 euros en los supermercados E.Leclerc (Mariano Vicen y Garc\u00eda Carrilero), Vinoteca E.Leclerc y Parafarmacia E.Leclerc durante el per\u00edodo de la promoci\u00f3n. Excepto compras realizadas en la gasolinera, tintorer\u00eda, cafeter\u00eda Bamb\u00fa y venta online.<\/p>\n\n\n\n<p>La mec\u00e1nica ser\u00e1:<\/p>\n\n\n\n<h3 class=\"wp-block-heading\"><strong>Hipermercado<\/strong><\/h3>\n\n\n\n<p>&#8211; Las cajeras entregar\u00e1n a los clientes que realicen una <strong>compra superior a 50\u20ac<\/strong> un boleto para participar en el sorteo. HASTA FIN DE EXISTENCIAS O FECHA FINAL DE LA PROMOCI\u00d3N.<\/p>\n\n\n\n<h3 class=\"wp-block-heading\"><strong>Supermercados, Vinoteca, Parafarmacia<\/strong><\/h3>\n\n\n\n<p>&#8211; Las cajeras entregar\u00e1n a los clientes que realicen una <strong>compra superior a 25\u20ac<\/strong> un boleto para participar en el sorteo. HASTA FIN DE EXISTENCIAS O FECHA FINAL DE LA PROMOCI\u00d3N.<\/p>\n\n\n\n<h2 class=\"wp-block-heading\"><strong>4.- Legitimaci\u00f3n para participar:<\/strong><\/h2>\n\n\n\n<p><strong>NO SE PUEDEN REPARTIR BOLETOS DEL SORTEO A LOS EMPLEADOS DEL E.LECLERC, PROSECO, OPV E ISS.<\/strong><\/p>\n\n\n\n<p><strong>PUEDEN PARTICIPAR OBTENIENDO BOLETOS EN OTROS ESTABLECIMIENTOS.<\/strong><\/p>\n\n\n\n<h2 class=\"wp-block-heading\"><strong>5.- Fecha Sorteo:<\/strong><\/h2>\n\n\n\n<p>El sorteo de los 6.000 euros ser\u00e1 el <strong>5 de noviembre de 2025<\/strong> a las 12:00 horas en las instalaciones de FOES, por lo que te pedimos que guardes los boletos hasta ese d\u00eda.<\/p>\n\n","protected":false},"excerpt":{"rendered":"<p>1.- Bases complementarias Estas bases vienen a completar las bases del sorteo del eurocentr\u00edn publicadas por los organizadores del mismo: FECsoria y FOES. 2.- Plazo: Entre las 09:00 horas del d\u00eda 15 de septiembre de 2025 y las 21:30 horas del d\u00eda 2 de noviembre de 2025 o FIN de EXISTENCIAS, siempre y cuando los [&hellip;]<\/p>\n","protected":false},"author":60,"featured_media":0,"parent":0,"menu_order":0,"comment_status":"closed","ping_status":"closed","template":"","meta":{"_acf_changed":false,"footnotes":""},"class_list":["post-12588","page","type-page","status-publish","hentry"],"acf":[],"yoast_head":"<!-- This site is optimized with the Yoast SEO plugin v27.3 - https:\/\/yoast.com\/product\/yoast-seo-wordpress\/ -->\n<title>Base de sorteo &quot;Eurocentrin 2025&quot; - E.Leclerc Soria<\/title>\n<meta name=\"robots\" content=\"index, follow, max-snippet:-1, max-image-preview:large, max-video-preview:-1\" \/>\n<link rel=\"canonical\" href=\"https:\/\/e-leclerc.es\/soria\/base-de-sorteo-eurocentrin-2025\/\" \/>\n<meta property=\"og:locale\" content=\"es_ES\" \/>\n<meta property=\"og:type\" content=\"article\" \/>\n<meta property=\"og:title\" content=\"Base de sorteo &quot;Eurocentrin 2025&quot; - E.Leclerc Soria\" \/>\n<meta property=\"og:description\" content=\"1.- Bases complementarias Estas bases vienen a completar las bases del sorteo del eurocentr\u00edn publicadas por los organizadores del mismo: FECsoria y FOES. 2.- Plazo: Entre las 09:00 horas del d\u00eda 15 de septiembre de 2025 y las 21:30 horas del d\u00eda 2 de noviembre de 2025 o FIN de EXISTENCIAS, siempre y cuando los [&hellip;]\" \/>\n<meta property=\"og:url\" content=\"https:\/\/e-leclerc.es\/soria\/base-de-sorteo-eurocentrin-2025\/\" \/>\n<meta property=\"og:site_name\" content=\"E.Leclerc Soria\" \/>\n<meta property=\"article:publisher\" content=\"https:\/\/www.facebook.com\/eleclercsoria?ref=hl\" \/>\n<meta name=\"twitter:card\" content=\"summary_large_image\" \/>\n<meta name=\"twitter:site\" content=\"@LeclercSoria\" \/>\n<meta name=\"twitter:label1\" content=\"Tiempo de lectura\" \/>\n\t<meta name=\"twitter:data1\" content=\"2 minutos\" \/>\n<script type=\"application\/ld+json\" class=\"yoast-schema-graph\">{\"@context\":\"https:\\\/\\\/schema.org\",\"@graph\":[{\"@type\":\"WebPage\",\"@id\":\"https:\\\/\\\/e-leclerc.es\\\/soria\\\/base-de-sorteo-eurocentrin-2025\\\/\",\"url\":\"https:\\\/\\\/e-leclerc.es\\\/soria\\\/base-de-sorteo-eurocentrin-2025\\\/\",\"name\":\"Base de sorteo \\\"Eurocentrin 2025\\\" - E.Leclerc Soria\",\"isPartOf\":{\"@id\":\"https:\\\/\\\/e-leclerc.es\\\/soria\\\/#website\"},\"datePublished\":\"2025-09-16T14:49:09+00:00\",\"breadcrumb\":{\"@id\":\"https:\\\/\\\/e-leclerc.es\\\/soria\\\/base-de-sorteo-eurocentrin-2025\\\/#breadcrumb\"},\"inLanguage\":\"es\",\"potentialAction\":[{\"@type\":\"ReadAction\",\"target\":[\"https:\\\/\\\/e-leclerc.es\\\/soria\\\/base-de-sorteo-eurocentrin-2025\\\/\"]}]},{\"@type\":\"BreadcrumbList\",\"@id\":\"https:\\\/\\\/e-leclerc.es\\\/soria\\\/base-de-sorteo-eurocentrin-2025\\\/#breadcrumb\",\"itemListElement\":[{\"@type\":\"ListItem\",\"position\":1,\"name\":\"Portada\",\"item\":\"https:\\\/\\\/e-leclerc.es\\\/soria\\\/\"},{\"@type\":\"ListItem\",\"position\":2,\"name\":\"Base de sorteo \u00abEurocentrin 2025\u00bb\"}]},{\"@type\":\"WebSite\",\"@id\":\"https:\\\/\\\/e-leclerc.es\\\/soria\\\/#website\",\"url\":\"https:\\\/\\\/e-leclerc.es\\\/soria\\\/\",\"name\":\"E.Leclerc Soria\",\"description\":\"Descubre los folletos, ofertas y promociones de nuestro hipermercado E.Leclerc Soria en Castilla y Le\u00f3n. Direcci\u00f3n | Horario | Productos locales\",\"publisher\":{\"@id\":\"https:\\\/\\\/e-leclerc.es\\\/soria\\\/#organization\"},\"alternateName\":\"E.Leclerc Soria\",\"potentialAction\":[{\"@type\":\"SearchAction\",\"target\":{\"@type\":\"EntryPoint\",\"urlTemplate\":\"https:\\\/\\\/e-leclerc.es\\\/soria\\\/?s={search_term_string}\"},\"query-input\":{\"@type\":\"PropertyValueSpecification\",\"valueRequired\":true,\"valueName\":\"search_term_string\"}}],\"inLanguage\":\"es\"},{\"@type\":\"Organization\",\"@id\":\"https:\\\/\\\/e-leclerc.es\\\/soria\\\/#organization\",\"name\":\"E.Leclerc Soria\",\"alternateName\":\"Soriadis, S.L.\",\"url\":\"https:\\\/\\\/e-leclerc.es\\\/soria\\\/\",\"logo\":{\"@type\":\"ImageObject\",\"inLanguage\":\"es\",\"@id\":\"https:\\\/\\\/e-leclerc.es\\\/soria\\\/#\\\/schema\\\/logo\\\/image\\\/\",\"url\":\"https:\\\/\\\/e-leclerc.es\\\/soria\\\/wp-content\\\/uploads\\\/sites\\\/3\\\/2024\\\/05\\\/Logo_Soria-1.svg\",\"contentUrl\":\"https:\\\/\\\/e-leclerc.es\\\/soria\\\/wp-content\\\/uploads\\\/sites\\\/3\\\/2024\\\/05\\\/Logo_Soria-1.svg\",\"width\":100,\"height\":100,\"caption\":\"E.Leclerc Soria\"},\"image\":{\"@id\":\"https:\\\/\\\/e-leclerc.es\\\/soria\\\/#\\\/schema\\\/logo\\\/image\\\/\"},\"sameAs\":[\"https:\\\/\\\/www.facebook.com\\\/eleclercsoria?ref=hl\",\"https:\\\/\\\/x.com\\\/LeclercSoria\",\"https:\\\/\\\/www.instagram.com\\\/e.leclercsoria\\\/\"]}]}<\/script>\n<!-- \/ Yoast SEO plugin. -->","yoast_head_json":{"title":"Base de sorteo \"Eurocentrin 2025\" - E.Leclerc Soria","robots":{"index":"index","follow":"follow","max-snippet":"max-snippet:-1","max-image-preview":"max-image-preview:large","max-video-preview":"max-video-preview:-1"},"canonical":"https:\/\/e-leclerc.es\/soria\/base-de-sorteo-eurocentrin-2025\/","og_locale":"es_ES","og_type":"article","og_title":"Base de sorteo \"Eurocentrin 2025\" - E.Leclerc Soria","og_description":"1.- Bases complementarias Estas bases vienen a completar las bases del sorteo del eurocentr\u00edn publicadas por los organizadores del mismo: FECsoria y FOES. 2.- Plazo: Entre las 09:00 horas del d\u00eda 15 de septiembre de 2025 y las 21:30 horas del d\u00eda 2 de noviembre de 2025 o FIN de EXISTENCIAS, siempre y cuando los [&hellip;]","og_url":"https:\/\/e-leclerc.es\/soria\/base-de-sorteo-eurocentrin-2025\/","og_site_name":"E.Leclerc Soria","article_publisher":"https:\/\/www.facebook.com\/eleclercsoria?ref=hl","twitter_card":"summary_large_image","twitter_site":"@LeclercSoria","twitter_misc":{"Tiempo de lectura":"2 minutos"},"schema":{"@context":"https:\/\/schema.org","@graph":[{"@type":"WebPage","@id":"https:\/\/e-leclerc.es\/soria\/base-de-sorteo-eurocentrin-2025\/","url":"https:\/\/e-leclerc.es\/soria\/base-de-sorteo-eurocentrin-2025\/","name":"Base de sorteo \"Eurocentrin 2025\" - E.Leclerc Soria","isPartOf":{"@id":"https:\/\/e-leclerc.es\/soria\/#website"},"datePublished":"2025-09-16T14:49:09+00:00","breadcrumb":{"@id":"https:\/\/e-leclerc.es\/soria\/base-de-sorteo-eurocentrin-2025\/#breadcrumb"},"inLanguage":"es","potentialAction":[{"@type":"ReadAction","target":["https:\/\/e-leclerc.es\/soria\/base-de-sorteo-eurocentrin-2025\/"]}]},{"@type":"BreadcrumbList","@id":"https:\/\/e-leclerc.es\/soria\/base-de-sorteo-eurocentrin-2025\/#breadcrumb","itemListElement":[{"@type":"ListItem","position":1,"name":"Portada","item":"https:\/\/e-leclerc.es\/soria\/"},{"@type":"ListItem","position":2,"name":"Base de sorteo \u00abEurocentrin 2025\u00bb"}]},{"@type":"WebSite","@id":"https:\/\/e-leclerc.es\/soria\/#website","url":"https:\/\/e-leclerc.es\/soria\/","name":"E.Leclerc Soria","description":"Descubre los folletos, ofertas y promociones de nuestro hipermercado E.Leclerc Soria en Castilla y Le\u00f3n. Direcci\u00f3n | Horario | Productos locales","publisher":{"@id":"https:\/\/e-leclerc.es\/soria\/#organization"},"alternateName":"E.Leclerc Soria","potentialAction":[{"@type":"SearchAction","target":{"@type":"EntryPoint","urlTemplate":"https:\/\/e-leclerc.es\/soria\/?s={search_term_string}"},"query-input":{"@type":"PropertyValueSpecification","valueRequired":true,"valueName":"search_term_string"}}],"inLanguage":"es"},{"@type":"Organization","@id":"https:\/\/e-leclerc.es\/soria\/#organization","name":"E.Leclerc Soria","alternateName":"Soriadis, S.L.","url":"https:\/\/e-leclerc.es\/soria\/","logo":{"@type":"ImageObject","inLanguage":"es","@id":"https:\/\/e-leclerc.es\/soria\/#\/schema\/logo\/image\/","url":"https:\/\/e-leclerc.es\/soria\/wp-content\/uploads\/sites\/3\/2024\/05\/Logo_Soria-1.svg","contentUrl":"https:\/\/e-leclerc.es\/soria\/wp-content\/uploads\/sites\/3\/2024\/05\/Logo_Soria-1.svg","width":100,"height":100,"caption":"E.Leclerc Soria"},"image":{"@id":"https:\/\/e-leclerc.es\/soria\/#\/schema\/logo\/image\/"},"sameAs":["https:\/\/www.facebook.com\/eleclercsoria?ref=hl","https:\/\/x.com\/LeclercSoria","https:\/\/www.instagram.com\/e.leclercsoria\/"]}]}},"_links":{"self":[{"href":"https:\/\/e-leclerc.es\/soria\/wp-json\/wp\/v2\/pages\/12588","targetHints":{"allow":["GET"]}}],"collection":[{"href":"https:\/\/e-leclerc.es\/soria\/wp-json\/wp\/v2\/pages"}],"about":[{"href":"https:\/\/e-leclerc.es\/soria\/wp-json\/wp\/v2\/types\/page"}],"author":[{"embeddable":true,"href":"https:\/\/e-leclerc.es\/soria\/wp-json\/wp\/v2\/users\/60"}],"replies":[{"embeddable":true,"href":"https:\/\/e-leclerc.es\/soria\/wp-json\/wp\/v2\/comments?post=12588"}],"version-history":[{"count":2,"href":"https:\/\/e-leclerc.es\/soria\/wp-json\/wp\/v2\/pages\/12588\/revisions"}],"predecessor-version":[{"id":12591,"href":"https:\/\/e-leclerc.es\/soria\/wp-json\/wp\/v2\/pages\/12588\/revisions\/12591"}],"wp:attachment":[{"href":"https:\/\/e-leclerc.es\/soria\/wp-json\/wp\/v2\/media?parent=12588"}],"curies":[{"name":"wp","href":"https:\/\/api.w.org\/{rel}","templated":true}]}}