{"id":11612,"date":"2025-04-25T09:00:08","date_gmt":"2025-04-25T07:00:08","guid":{"rendered":"https:\/\/www.e-leclerc.es\/soria\/?page_id=11612"},"modified":"2025-04-25T09:00:08","modified_gmt":"2025-04-25T07:00:08","slug":"reglamento-viii-carrera-popular-e-leclerc","status":"publish","type":"page","link":"https:\/\/e-leclerc.es\/soria\/reglamento-viii-carrera-popular-e-leclerc\/","title":{"rendered":"Reglamento VIII Carrera Popular E.Leclerc"},"content":{"rendered":"\n<p>1. La VIII Carrera Popular E. Leclerc, es una prueba abierta a los aficionados del atletismo, est\u00e9n o no federados. La prueba <strong>se celebrar\u00e1 el d\u00eda 24 de mayo de 2025 en Soria<\/strong> con las diferentes carreras, distancias y horarios que se indican a continuaci\u00f3n.<\/p>\n\n\n\n<p><strong>2. Categor\u00edas<\/strong><\/p>\n\n\n\n<figure class=\"wp-block-table\"><table class=\"has-fixed-layout\"><tbody><tr><td><strong>CATEGOR\u00cdA<\/strong><\/td><td><strong>A\u00d1OS<\/strong><\/td><td><strong>HORARIO<\/strong><\/td><td><strong>DISTANCIA<\/strong><\/td><td><strong>CIRCUITO<\/strong><\/td><\/tr><tr><td>CHUPETINES<\/td><td>2020 Y ANTER.<\/td><td>12.25 H.<\/td><td>100 METROS<\/td><td>A<\/td><\/tr><tr><td>PREBENJAMINSUB 8<\/td><td>2018-2019<\/td><td>12.20 H.<\/td><td>250 METROS<\/td><td>B<\/td><\/tr><tr><td>BENJAMINSUB 10<\/td><td>2016-2017<\/td><td>12.10 H.<\/td><td>500 METROS<\/td><td>C<\/td><\/tr><tr><td>ALEVINSUB 12<\/td><td>2014-2015<\/td><td>11.30 H.<\/td><td>1.000 METROS<\/td><td>D<\/td><\/tr><tr><td>INFANTILSUB 14<\/td><td>2012-2013<\/td><td>11.30 H.<\/td><td>1.000 METROS<\/td><td>D<\/td><\/tr><tr><td>CADETESUB 16<\/td><td>2010-2011<\/td><td>11.45H.<\/td><td>1.500 METROS<\/td><td>E<\/td><\/tr><tr><td>SENIOR<\/td><td>2009 YANTERIORES<\/td><td>11.45 H.<\/td><td>3.000 METROS<\/td><td>2 E<\/td><\/tr><tr><td>MASTER A<\/td><td>M\u00c1S DE 35 A\u00d1OS<\/td><td>11.45 H.<\/td><td>3.000 METROS<\/td><td>2 E<\/td><\/tr><tr><td>MASTER B<\/td><td>M\u00c1S DE 45 A\u00d1OS<\/td><td>11.45 H.<\/td><td>3.000 METROS<\/td><td>2 E<\/td><\/tr><\/tbody><\/table><\/figure>\n\n\n\n<p><strong>3. Inscripciones<\/strong><\/p>\n\n\n\n<p>Se realizar\u00e1n en el Hipermercado E. Leclerc <strong>hasta el d\u00eda 21 de mayo a las 14 horas<\/strong>, no realiz\u00e1ndose ninguna inscripci\u00f3n con posterioridad. El coste de la inscripci\u00f3n es de 2 euros pagaderos en el momento de realizarla. Toda la recaudaci\u00f3n estar\u00e1 destinada a la Asociaci\u00f3n Redenci\u00f3n para continuar con su gran labor de cuidado y apadrinamiento de mascotas. La retirada de dorsales se realizar\u00e1 en el mismo momento de la inscripci\u00f3n y pago.<\/p>\n\n\n\n<p><strong>4. Premios<\/strong><\/p>\n\n\n\n<ul class=\"wp-block-list\">\n<li>Categor\u00eda Chupetines, medallas para todos los participantes.<\/li>\n\n\n\n<li>Categor\u00edas Sub 8, Sub 10, Sub 12, Sub 14 y Sub 16 Trofeos a los tres primeros clasificados<\/li>\n\n\n\n<li>Carrera Senior, Master A y B (3.000 metros) Trofeos a los tres primeros absolutos. Trofeos al ganador de cada una de las categor\u00edas Senior, Master A y Master B)<\/li>\n<\/ul>\n\n\n\n<p>5. El control de la prueba ser\u00e1 a cargo de la Delegaci\u00f3n Soriana de Atletismo \u2013 Comit\u00e9 Provincial de Jueces<\/p>\n\n\n\n<p><strong>6. Descalificaciones<\/strong><\/p>\n\n\n\n<ul class=\"wp-block-list\">\n<li>El participante deber\u00e1 llevar el dorsal visible en su parte delantera, a la altura del pecho.<\/li>\n\n\n\n<li>No se permitir\u00e1 la asistencia de ning\u00fan veh\u00edculo ajeno a la organizaci\u00f3n, as\u00ed como el acompa\u00f1amiento de los atletas por ciclistas.<\/li>\n\n\n\n<li>Ser\u00e1 descalificado cualquier atleta que, a sabiendas de su imposibilidad de participar en la prueba, proporcione datos err\u00f3neos para poder hacerlo.<\/li>\n\n\n\n<li>La organizaci\u00f3n, servicio m\u00e9dico o jueces podr\u00e1n retirar de la prueba a cualquier atleta con inferioridad f\u00edsica y a los que incumplan el reglamento de la prueba.<\/li>\n<\/ul>\n\n\n\n<p>7. La organizaci\u00f3n declina toda responsabilidad por los da\u00f1os f\u00edsicos, morales, perjuicios o lesiones que la participaci\u00f3n en esta prueba pueda ocasionar as\u00ed mismo o a otra persona, o a terceros; excluidos tambi\u00e9n cualquier da\u00f1o por padecimiento latente, imprudencia, negligencia o inobservancia de las leyes, etc., as\u00ed como las producidas en los desplazamientos, hasta y desde la prueba.<\/p>\n\n\n\n<p>8. La organizaci\u00f3n podr\u00e1 solicitar la presentaci\u00f3n del D.N.I. o similar en cualquier momento, para acreditar la edad del corredor.<\/p>\n\n\n\n<p>9. Las reclamaciones se efectuar\u00e1n, verbalmente, ante el Juez \u00c1rbitro, hasta 30 minutos despu\u00e9s de haberse hecho p\u00fablica la clasificaci\u00f3n.<\/p>\n\n\n\n<p>10. La participaci\u00f3n en la competici\u00f3n supone la aceptaci\u00f3n del presente Reglamento. Para todo lo no contemplado en este Reglamento, se aplicar\u00e1 la normativa de la I.A.A.F., Real Federaci\u00f3n Espa\u00f1ola de Atletismo y Federaci\u00f3n de Atletismo de Castilla y Le\u00f3n.<\/p>\n\n\n\n<p>11. Por estar inscrito en la prueba y seg\u00fan la Ley de Protecci\u00f3n de Datos, se ceden los datos de cada participante a la organizaci\u00f3n para fines de inscripci\u00f3n y promoci\u00f3n de la prueba, as\u00ed como se acepta la recepci\u00f3n de informaci\u00f3n de los organizadores acerca de datos, informaci\u00f3n y documentaci\u00f3n de la prueba para a\u00f1os posteriores.<\/p>\n\n\n\n<ol start=\"7\" class=\"wp-block-list\"><\/ol>\n","protected":false},"excerpt":{"rendered":"<p>1. La VIII Carrera Popular E. Leclerc, es una prueba abierta a los aficionados del atletismo, est\u00e9n o no federados. La prueba se celebrar\u00e1 el d\u00eda 24 de mayo de 2025 en Soria con las diferentes carreras, distancias y horarios que se indican a continuaci\u00f3n. 2. Categor\u00edas CATEGOR\u00cdA A\u00d1OS HORARIO DISTANCIA CIRCUITO CHUPETINES 2020 Y [&hellip;]<\/p>\n","protected":false},"author":35,"featured_media":0,"parent":0,"menu_order":0,"comment_status":"closed","ping_status":"closed","template":"","meta":{"_acf_changed":false,"footnotes":""},"class_list":["post-11612","page","type-page","status-publish","hentry"],"acf":[],"yoast_head":"<!-- This site is optimized with the Yoast SEO plugin v25.6 - https:\/\/yoast.com\/wordpress\/plugins\/seo\/ -->\n<title>Reglamento VIII Carrera Popular E.Leclerc - E.Leclerc Soria<\/title>\n<meta name=\"robots\" content=\"index, follow, max-snippet:-1, max-image-preview:large, max-video-preview:-1\" \/>\n<link rel=\"canonical\" href=\"https:\/\/e-leclerc.es\/soria\/reglamento-viii-carrera-popular-e-leclerc\/\" \/>\n<meta property=\"og:locale\" content=\"es_ES\" \/>\n<meta property=\"og:type\" content=\"article\" \/>\n<meta property=\"og:title\" content=\"Reglamento VIII Carrera Popular E.Leclerc - E.Leclerc Soria\" \/>\n<meta property=\"og:description\" content=\"1. La VIII Carrera Popular E. Leclerc, es una prueba abierta a los aficionados del atletismo, est\u00e9n o no federados. La prueba se celebrar\u00e1 el d\u00eda 24 de mayo de 2025 en Soria con las diferentes carreras, distancias y horarios que se indican a continuaci\u00f3n. 2. Categor\u00edas CATEGOR\u00cdA A\u00d1OS HORARIO DISTANCIA CIRCUITO CHUPETINES 2020 Y [&hellip;]\" \/>\n<meta property=\"og:url\" content=\"https:\/\/e-leclerc.es\/soria\/reglamento-viii-carrera-popular-e-leclerc\/\" \/>\n<meta property=\"og:site_name\" content=\"E.Leclerc Soria\" \/>\n<meta property=\"article:publisher\" content=\"https:\/\/www.facebook.com\/eleclercsoria?ref=hl\" \/>\n<meta name=\"twitter:card\" content=\"summary_large_image\" \/>\n<meta name=\"twitter:site\" content=\"@LeclercSoria\" \/>\n<meta name=\"twitter:label1\" content=\"Tiempo de lectura\" \/>\n\t<meta name=\"twitter:data1\" content=\"3 minutos\" \/>\n<script type=\"application\/ld+json\" class=\"yoast-schema-graph\">{\"@context\":\"https:\/\/schema.org\",\"@graph\":[{\"@type\":\"WebPage\",\"@id\":\"https:\/\/e-leclerc.es\/soria\/reglamento-viii-carrera-popular-e-leclerc\/\",\"url\":\"https:\/\/e-leclerc.es\/soria\/reglamento-viii-carrera-popular-e-leclerc\/\",\"name\":\"Reglamento VIII Carrera Popular E.Leclerc - E.Leclerc Soria\",\"isPartOf\":{\"@id\":\"https:\/\/e-leclerc.es\/soria\/#website\"},\"datePublished\":\"2025-04-25T07:00:08+00:00\",\"breadcrumb\":{\"@id\":\"https:\/\/e-leclerc.es\/soria\/reglamento-viii-carrera-popular-e-leclerc\/#breadcrumb\"},\"inLanguage\":\"es\",\"potentialAction\":[{\"@type\":\"ReadAction\",\"target\":[\"https:\/\/e-leclerc.es\/soria\/reglamento-viii-carrera-popular-e-leclerc\/\"]}]},{\"@type\":\"BreadcrumbList\",\"@id\":\"https:\/\/e-leclerc.es\/soria\/reglamento-viii-carrera-popular-e-leclerc\/#breadcrumb\",\"itemListElement\":[{\"@type\":\"ListItem\",\"position\":1,\"name\":\"Portada\",\"item\":\"https:\/\/e-leclerc.es\/soria\/\"},{\"@type\":\"ListItem\",\"position\":2,\"name\":\"Reglamento VIII Carrera Popular E.Leclerc\"}]},{\"@type\":\"WebSite\",\"@id\":\"https:\/\/e-leclerc.es\/soria\/#website\",\"url\":\"https:\/\/e-leclerc.es\/soria\/\",\"name\":\"E.Leclerc Soria\",\"description\":\"Descubre los folletos, ofertas y promociones de nuestro hipermercado E.Leclerc Soria en Castilla y Le\u00f3n. Direcci\u00f3n | Horario | Productos locales\",\"publisher\":{\"@id\":\"https:\/\/e-leclerc.es\/soria\/#organization\"},\"alternateName\":\"E.Leclerc Soria\",\"potentialAction\":[{\"@type\":\"SearchAction\",\"target\":{\"@type\":\"EntryPoint\",\"urlTemplate\":\"https:\/\/e-leclerc.es\/soria\/?s={search_term_string}\"},\"query-input\":{\"@type\":\"PropertyValueSpecification\",\"valueRequired\":true,\"valueName\":\"search_term_string\"}}],\"inLanguage\":\"es\"},{\"@type\":\"Organization\",\"@id\":\"https:\/\/e-leclerc.es\/soria\/#organization\",\"name\":\"E.Leclerc Soria\",\"alternateName\":\"Soriadis, S.L.\",\"url\":\"https:\/\/e-leclerc.es\/soria\/\",\"logo\":{\"@type\":\"ImageObject\",\"inLanguage\":\"es\",\"@id\":\"https:\/\/e-leclerc.es\/soria\/#\/schema\/logo\/image\/\",\"url\":\"https:\/\/e-leclerc.es\/soria\/wp-content\/uploads\/sites\/3\/2024\/05\/Logo_Soria-1.svg\",\"contentUrl\":\"https:\/\/e-leclerc.es\/soria\/wp-content\/uploads\/sites\/3\/2024\/05\/Logo_Soria-1.svg\",\"width\":100,\"height\":100,\"caption\":\"E.Leclerc Soria\"},\"image\":{\"@id\":\"https:\/\/e-leclerc.es\/soria\/#\/schema\/logo\/image\/\"},\"sameAs\":[\"https:\/\/www.facebook.com\/eleclercsoria?ref=hl\",\"https:\/\/x.com\/LeclercSoria\",\"https:\/\/www.instagram.com\/e.leclercsoria\/\"]}]}<\/script>\n<!-- \/ Yoast SEO plugin. -->","yoast_head_json":{"title":"Reglamento VIII Carrera Popular E.Leclerc - E.Leclerc Soria","robots":{"index":"index","follow":"follow","max-snippet":"max-snippet:-1","max-image-preview":"max-image-preview:large","max-video-preview":"max-video-preview:-1"},"canonical":"https:\/\/e-leclerc.es\/soria\/reglamento-viii-carrera-popular-e-leclerc\/","og_locale":"es_ES","og_type":"article","og_title":"Reglamento VIII Carrera Popular E.Leclerc - E.Leclerc Soria","og_description":"1. La VIII Carrera Popular E. Leclerc, es una prueba abierta a los aficionados del atletismo, est\u00e9n o no federados. La prueba se celebrar\u00e1 el d\u00eda 24 de mayo de 2025 en Soria con las diferentes carreras, distancias y horarios que se indican a continuaci\u00f3n. 2. Categor\u00edas CATEGOR\u00cdA A\u00d1OS HORARIO DISTANCIA CIRCUITO CHUPETINES 2020 Y [&hellip;]","og_url":"https:\/\/e-leclerc.es\/soria\/reglamento-viii-carrera-popular-e-leclerc\/","og_site_name":"E.Leclerc Soria","article_publisher":"https:\/\/www.facebook.com\/eleclercsoria?ref=hl","twitter_card":"summary_large_image","twitter_site":"@LeclercSoria","twitter_misc":{"Tiempo de lectura":"3 minutos"},"schema":{"@context":"https:\/\/schema.org","@graph":[{"@type":"WebPage","@id":"https:\/\/e-leclerc.es\/soria\/reglamento-viii-carrera-popular-e-leclerc\/","url":"https:\/\/e-leclerc.es\/soria\/reglamento-viii-carrera-popular-e-leclerc\/","name":"Reglamento VIII Carrera Popular E.Leclerc - E.Leclerc Soria","isPartOf":{"@id":"https:\/\/e-leclerc.es\/soria\/#website"},"datePublished":"2025-04-25T07:00:08+00:00","breadcrumb":{"@id":"https:\/\/e-leclerc.es\/soria\/reglamento-viii-carrera-popular-e-leclerc\/#breadcrumb"},"inLanguage":"es","potentialAction":[{"@type":"ReadAction","target":["https:\/\/e-leclerc.es\/soria\/reglamento-viii-carrera-popular-e-leclerc\/"]}]},{"@type":"BreadcrumbList","@id":"https:\/\/e-leclerc.es\/soria\/reglamento-viii-carrera-popular-e-leclerc\/#breadcrumb","itemListElement":[{"@type":"ListItem","position":1,"name":"Portada","item":"https:\/\/e-leclerc.es\/soria\/"},{"@type":"ListItem","position":2,"name":"Reglamento VIII Carrera Popular E.Leclerc"}]},{"@type":"WebSite","@id":"https:\/\/e-leclerc.es\/soria\/#website","url":"https:\/\/e-leclerc.es\/soria\/","name":"E.Leclerc Soria","description":"Descubre los folletos, ofertas y promociones de nuestro hipermercado E.Leclerc Soria en Castilla y Le\u00f3n. Direcci\u00f3n | Horario | Productos locales","publisher":{"@id":"https:\/\/e-leclerc.es\/soria\/#organization"},"alternateName":"E.Leclerc Soria","potentialAction":[{"@type":"SearchAction","target":{"@type":"EntryPoint","urlTemplate":"https:\/\/e-leclerc.es\/soria\/?s={search_term_string}"},"query-input":{"@type":"PropertyValueSpecification","valueRequired":true,"valueName":"search_term_string"}}],"inLanguage":"es"},{"@type":"Organization","@id":"https:\/\/e-leclerc.es\/soria\/#organization","name":"E.Leclerc Soria","alternateName":"Soriadis, S.L.","url":"https:\/\/e-leclerc.es\/soria\/","logo":{"@type":"ImageObject","inLanguage":"es","@id":"https:\/\/e-leclerc.es\/soria\/#\/schema\/logo\/image\/","url":"https:\/\/e-leclerc.es\/soria\/wp-content\/uploads\/sites\/3\/2024\/05\/Logo_Soria-1.svg","contentUrl":"https:\/\/e-leclerc.es\/soria\/wp-content\/uploads\/sites\/3\/2024\/05\/Logo_Soria-1.svg","width":100,"height":100,"caption":"E.Leclerc Soria"},"image":{"@id":"https:\/\/e-leclerc.es\/soria\/#\/schema\/logo\/image\/"},"sameAs":["https:\/\/www.facebook.com\/eleclercsoria?ref=hl","https:\/\/x.com\/LeclercSoria","https:\/\/www.instagram.com\/e.leclercsoria\/"]}]}},"_links":{"self":[{"href":"https:\/\/e-leclerc.es\/soria\/wp-json\/wp\/v2\/pages\/11612","targetHints":{"allow":["GET"]}}],"collection":[{"href":"https:\/\/e-leclerc.es\/soria\/wp-json\/wp\/v2\/pages"}],"about":[{"href":"https:\/\/e-leclerc.es\/soria\/wp-json\/wp\/v2\/types\/page"}],"author":[{"embeddable":true,"href":"https:\/\/e-leclerc.es\/soria\/wp-json\/wp\/v2\/users\/35"}],"replies":[{"embeddable":true,"href":"https:\/\/e-leclerc.es\/soria\/wp-json\/wp\/v2\/comments?post=11612"}],"version-history":[{"count":1,"href":"https:\/\/e-leclerc.es\/soria\/wp-json\/wp\/v2\/pages\/11612\/revisions"}],"predecessor-version":[{"id":11613,"href":"https:\/\/e-leclerc.es\/soria\/wp-json\/wp\/v2\/pages\/11612\/revisions\/11613"}],"wp:attachment":[{"href":"https:\/\/e-leclerc.es\/soria\/wp-json\/wp\/v2\/media?parent=11612"}],"curies":[{"name":"wp","href":"https:\/\/api.w.org\/{rel}","templated":true}]}}