{"id":11446,"date":"2025-03-27T13:04:43","date_gmt":"2025-03-27T12:04:43","guid":{"rendered":"https:\/\/www.e-leclerc.es\/soria\/?page_id=11446"},"modified":"2025-03-27T16:17:36","modified_gmt":"2025-03-27T15:17:36","slug":"solicitud-de-empleo","status":"publish","type":"page","link":"https:\/\/e-leclerc.es\/soria\/bolsa-de-empleo\/solicitud-de-empleo\/","title":{"rendered":"Solicitud de empleo"},"content":{"rendered":"\t\t<div data-elementor-type=\"wp-page\" data-elementor-id=\"11446\" class=\"elementor elementor-11446\" data-elementor-post-type=\"page\">\n\t\t\t\t<div class=\"elementor-element elementor-element-4869d34c e-flex e-con-boxed e-con e-parent\" data-id=\"4869d34c\" data-element_type=\"container\" data-e-type=\"container\" id=\"inicio\">\n\t\t\t\t\t<div class=\"e-con-inner\">\n\t\t<div class=\"elementor-element elementor-element-739f276d e-flex e-con-boxed e-con e-child\" data-id=\"739f276d\" data-element_type=\"container\" data-e-type=\"container\">\n\t\t\t\t\t<div class=\"e-con-inner\">\n\t\t\t\t<div class=\"elementor-element elementor-element-7de267d7 elementor-widget elementor-widget-heading\" data-id=\"7de267d7\" data-element_type=\"widget\" data-e-type=\"widget\" data-widget_type=\"heading.default\">\n\t\t\t\t<div class=\"elementor-widget-container\">\n\t\t\t\t\t<h2 class=\"elementor-heading-title elementor-size-default\">Trabaja con nosotros<\/h2>\t\t\t\t<\/div>\n\t\t\t\t<\/div>\n\t\t\t\t<div class=\"elementor-element elementor-element-969d356 fluent-form-widget-step-header-yes fluent-form-widget-step-progressbar-yes fluentform-widget-submit-button-custom elementor-widget elementor-widget-fluent-form-widget\" data-id=\"969d356\" data-element_type=\"widget\" data-e-type=\"widget\" data-widget_type=\"fluent-form-widget.default\">\n\t\t\t\t<div class=\"elementor-widget-container\">\n\t\t\t\t\t\n            <div class=\"fluentform-widget-wrapper fluentform-widget-align-default\">\n\n            \n            <div class='fluentform ff-default fluentform_wrapper_7 ffs_default_wrap'><form data-form_id=\"7\" id=\"fluentform_7\" class=\"frm-fluent-form fluent_form_7 ff-el-form-top ff_form_instance_7_1 ff-form-loading ffs_default\" data-form_instance=\"ff_form_instance_7_1\" method=\"POST\" ><fieldset  style=\"border: none!important;margin: 0!important;padding: 0!important;background-color: transparent!important;box-shadow: none!important;outline: none!important; min-inline-size: 100%;\">\n                    <legend class=\"ff_screen_reader_title\" style=\"display: block; margin: 0!important;padding: 0!important;height: 0!important;text-indent: -999999px;width: 0!important;overflow:hidden;\">Solicitar empleo v2 (#7)<\/legend><input type='hidden' name='__fluent_form_embded_post_id' value='11446' \/><input type=\"hidden\" id=\"_fluentform_7_fluentformnonce\" name=\"_fluentform_7_fluentformnonce\" value=\"7817eeb320\" \/><input type=\"hidden\" name=\"_wp_http_referer\" value=\"\/soria\/wp-json\/wp\/v2\/pages\/11446\" \/><div data-name=\"ff_cn_id_1\"  class='ff-t-container ff-column-container ff_columns_total_3 '><div class='ff-t-cell ff-t-column-1' style='flex-basis: 33.33%;'><div class='ff-el-group'><div class=\"ff-el-input--label asterisk-right\"><label for='ff_7_dropdown' id='label_ff_7_dropdown' aria-label=\"Tratamiento\">Tratamiento<\/label><\/div><div class='ff-el-input--content'><select name=\"dropdown\" id=\"ff_7_dropdown\" class=\"ff-el-form-control\" data-name=\"dropdown\" data-calc_value=\"0\"  aria-invalid=\"false\" aria-required=\"false\" aria-labelledby=\"label_ff_7_dropdown\"><option value=\"\">-Seleccionar-<\/option><option value=\"Sr.\"  >Sr.<\/option><option value=\"Sra.\"  >Sra.<\/option><\/select><\/div><\/div><div class='ff-el-group'><div class=\"ff-el-input--label ff-el-is-required asterisk-right\"><label for='ff_7_email' id='label_ff_7_email' aria-label=\"Correo electr\u00f3nico\">Correo electr\u00f3nico<\/label><\/div><div class='ff-el-input--content'><input type=\"email\" name=\"email\" id=\"ff_7_email\" class=\"ff-el-form-control\" data-name=\"email\"  aria-invalid=\"false\" aria-required=true><\/div><\/div><\/div><div class='ff-t-cell ff-t-column-2' style='flex-basis: 33.33%;'><div class='ff-el-group'><div class=\"ff-el-input--label ff-el-is-required asterisk-right\"><label for='ff_7_input_text' id='label_ff_7_input_text' aria-label=\"Nombre\">Nombre<\/label><\/div><div class='ff-el-input--content'><input type=\"text\" name=\"input_text\" class=\"ff-el-form-control\" data-name=\"input_text\" id=\"ff_7_input_text\"  aria-invalid=\"false\" aria-required=true><\/div><\/div><div class='ff-el-group'><div class=\"ff-el-input--label asterisk-right\"><label for='ff_7_phone' id='label_ff_7_phone' aria-label=\"Tel\u00e9fono\">Tel\u00e9fono<\/label><\/div><div class='ff-el-input--content'><input name=\"phone\" class=\"ff-el-form-control ff-el-phone ff_el_with_extended_validation\" type=\"tel\" data-name=\"phone\" id=\"ff_7_phone\" inputmode=\"tel\"  aria-invalid='false' aria-required=false><\/div><\/div><\/div><div class='ff-t-cell ff-t-column-3' style='flex-basis: 33.33%;'><div class='ff-el-group'><div class=\"ff-el-input--label ff-el-is-required asterisk-right\"><label for='ff_7_input_text_1' id='label_ff_7_input_text_1' aria-label=\"Apellidos\">Apellidos<\/label><\/div><div class='ff-el-input--content'><input type=\"text\" name=\"input_text_1\" class=\"ff-el-form-control\" data-name=\"input_text_1\" id=\"ff_7_input_text_1\"  aria-invalid=\"false\" aria-required=true><\/div><\/div><div class='ff-el-group'><div class=\"ff-el-input--label ff-el-is-required asterisk-right\"><label for='ff_7_phone_1' id='label_ff_7_phone_1' aria-label=\"M\u00f3vil\">M\u00f3vil<\/label><\/div><div class='ff-el-input--content'><input name=\"phone_1\" class=\"ff-el-form-control ff-el-phone ff_el_with_extended_validation\" type=\"tel\" data-name=\"phone_1\" id=\"ff_7_phone_1\" inputmode=\"tel\"  aria-invalid='false' aria-required=true><\/div><\/div><\/div><\/div><div data-name=\"ff_cn_id_2\"  class='ff-t-container ff-column-container ff_columns_total_2 '><div class='ff-t-cell ff-t-column-1' style='flex-basis: 50%;'><div class='ff-el-group'><div class=\"ff-el-input--label ff-el-is-required asterisk-right\"><label for='ff_7_file-upload_1' id='label_ff_7_file-upload_1' aria-label=\"Adjuntar Curriculum Vitae (formatos aceptados PDF, DOC, ODT)\">Adjuntar Curriculum Vitae (formatos aceptados PDF, DOC, ODT)<\/label><\/div><div class='ff-el-input--content'><label for='ff_7_file-upload_1' class='ff_file_upload_holder'><span class='ff_upload_btn ff-btn' tabindex='0'>Seleccionar<\/span> <input type=\"file\" name=\"file-upload\" id=\"ff_7_file-upload_1\" class=\"ff-el-form-control  ff-screen-reader-element\" data-name=\"file-upload\" multiple=\"1\"  aria-invalid='false' aria-required=true><\/label><\/div><\/div><\/div><div class='ff-t-cell ff-t-column-2' style='flex-basis: 50%;'><\/div><\/div><div class='ff-el-group    ff-el-input--content'><div class='ff-el-form-check ff-el-tc'><label aria-label='T\u00e9rminos y condiciones: \n\n\nLos datos personales que obren en su Curr\u00edculum Vitae ser\u00e1n utilizados para incluirle en distintos procesos de selecci\u00f3n que encajen con su perfil o que puedan ser de su inter\u00e9s, no trat\u00e1ndolos para ninguna otra finalidad sin haber obtenido su consentimiento previo.\nS\u00f3lo el personal debidamente autorizado podr\u00e1 tratar la informaci\u00f3n que aparece en su Curr\u00edculum Vitae.\nAsimismo, usted se compromete a comunicarnos aquellos cambios que se produzcan respecto a la informaci\u00f3n obrante en el Curr\u00edculum Vitae, de forma que podamos cumplir con la finalidad descrita anteriormente.\nSus datos personales se conservar\u00e1n durante el plazo de un a\u00f1o a contar desde la presentaci\u00f3n de la solicitud de empleo o candidatura al proceso de selecci\u00f3n de personal. Una vez finalizado dicho plazo, procederemos a eliminarlos de forma segura.\nEn cualquier momento puede dirigirse a nosotros para saber qu\u00e9 informaci\u00f3n tenemos sobre usted, rectificarla si fuese incorrecta y eliminarla una vez finalizada nuestra relaci\u00f3n, en el caso de que ello sea legalmente posible. Tambi\u00e9n tiene derecho a solicitar el traspaso de su informaci\u00f3n a otra entidad (portabilidad). Para solicitar alguno de estos derechos, deber\u00e1 realizar una solicitud escrita a nuestra direcci\u00f3n, junto con una fotocopia de su DNI: SORIADIS , S.L., con direcci\u00f3n en P.I. LAS CASAS, CALLE J PARCELA 290, CP 42005, SORIA (Soria).\nPuede contactar con nuestro Delegado de Protecci\u00f3n de Datos a trav\u00e9s del siguiente correo electr\u00f3nico: dpd@audidat.com\n\n\n Contiene 1 enlace. Usa la navegaci\u00f3n por pesta\u00f1as para rese\u00f1ar.' class='ff-el-form-check-label ff_tc_label' for=terms-n-condition_e9152342d8768bc0d859d1247571c64a> <div class='ff_t_c'><div class=\"page\" title=\"Page 1\">\n<div class=\"layoutArea\">\n<div class=\"column\">\n<p><em>Los datos personales que obren en su Curr\u00edculum Vitae ser\u00e1n utilizados para incluirle en distintos procesos de selecci\u00f3n que encajen con su perfil o que puedan ser de su inter\u00e9s, no trat\u00e1ndolos para ninguna otra finalidad sin haber obtenido su consentimiento previo.<\/em><\/p>\n<p><em>S\u00f3lo el personal debidamente autorizado podr\u00e1 tratar la informaci\u00f3n que aparece en su Curr\u00edculum Vitae.<\/em><\/p>\n<p><em>Asimismo, usted se compromete a comunicarnos aquellos cambios que se produzcan respecto a la informaci\u00f3n obrante en el Curr\u00edculum Vitae, de forma que podamos cumplir con la finalidad descrita anteriormente.<\/em><\/p>\n<p><em>Sus datos personales se conservar\u00e1n durante el plazo de un a\u00f1o a contar desde la presentaci\u00f3n de la solicitud de empleo o candidatura al proceso de selecci\u00f3n de personal. Una vez finalizado dicho plazo, procederemos a eliminarlos de forma segura.<\/em><\/p>\n<p><em>En cualquier momento puede dirigirse a nosotros para saber qu\u00e9 informaci\u00f3n tenemos sobre usted, rectificarla si fuese incorrecta y eliminarla una vez finalizada nuestra relaci\u00f3n, en el caso de que ello sea legalmente posible. Tambi\u00e9n tiene derecho a solicitar el traspaso de su informaci\u00f3n a otra entidad (portabilidad). Para solicitar alguno de estos derechos, deber\u00e1 realizar una solicitud escrita a nuestra direcci\u00f3n, junto con una fotocopia de su DNI: SORIADIS , S.L., con direcci\u00f3n en P.I. LAS CASAS, CALLE J PARCELA 290, CP 42005, SORIA (Soria).<\/em><\/p>\n<p><em>Puede contactar con nuestro Delegado de Protecci\u00f3n de Datos a trav\u00e9s del siguiente correo electr\u00f3nico: <a href=\"mailto:dpd@audidat.com\" target=\"_blank\" rel=\"noopener\">dpd@audidat.com<\/a><br \/><\/em><\/p>\n<\/div>\n<\/div>\n<\/div><\/div><\/label><\/div><\/div><div class='ff-el-group    ff-el-input--content'><div class='ff-el-form-check ff-el-tc'><label aria-label='T\u00e9rminos y condiciones: He le\u00eddo y acepto ceder mis datos acorde con la pol\u00edtica de privacidad de Soriadis, S.L. Contiene 1 enlace. Usa la navegaci\u00f3n por pesta\u00f1as para rese\u00f1ar.' class='ff-el-form-check-label ff_tc_label' for=terms-n-condition_1_e2576168c0953302715e1153caeb7229><span class='ff_tc_checkbox'><input type=\"checkbox\" name=\"terms-n-condition_1\" class=\"ff-el-form-check-input\" data-name=\"terms-n-condition_1\" id=\"terms-n-condition_1_e2576168c0953302715e1153caeb7229\"  value='on' aria-invalid='false' aria-required=true><\/span> <div class='ff_t_c'><p>He le\u00eddo y acepto ceder mis datos acorde con la <a href=\"https:\/\/e-leclerc.es\/soria\/politica-de-privacidad\/\" target=\"_blank\" rel=\"noopener\">pol\u00edtica de privacidad<\/a> de Soriadis, S.L.<\/p><\/div><\/label><\/div><\/div><div class='ff-el-group ' ><div class='ff-el-input--content'><div data-fluent_id='7' name='g-recaptcha-response'><div\n\t\tdata-sitekey='6LfKmL0qAAAAAIPSIpDTUReP7YnW86-CNVmpSrxh'\n\t\tid='fluentform-recaptcha-7-1'\n\t\tclass='ff-el-recaptcha g-recaptcha'\n\t\tdata-callback='fluentFormrecaptchaSuccessCallback'><\/div><\/div><\/div><\/div><div class='ff-el-group ff-text-left contact-form ff_submit_btn_wrapper'><button type=\"submit\" class=\"ff-btn ff-btn-submit ff-btn-md ff_btn_no_style\"  aria-label=\"Registrar\">Registrar<\/button><\/div><\/fieldset><\/form><div id='fluentform_7_errors' class='ff-errors-in-stack ff_form_instance_7_1 ff-form-loading_errors ff_form_instance_7_1_errors'><\/div><\/div>            <script type=\"text\/javascript\">\n                window.fluent_form_ff_form_instance_7_1 = {\"id\":\"7\",\"ajaxUrl\":\"https:\\\/\\\/e-leclerc.es\\\/soria\\\/wp-admin\\\/admin-ajax.php\",\"settings\":{\"layout\":{\"labelPlacement\":\"top\",\"helpMessagePlacement\":\"with_label\",\"errorMessagePlacement\":\"inline\",\"cssClassName\":\"\",\"asteriskPlacement\":\"asterisk-right\"},\"restrictions\":{\"denyEmptySubmission\":{\"enabled\":false}}},\"form_instance\":\"ff_form_instance_7_1\",\"form_id_selector\":\"fluentform_7\",\"rules\":{\"dropdown\":{\"required\":{\"value\":false,\"message\":\"Este campo es obligatorio\",\"global_message\":\"Este campo es obligatorio\",\"global\":true}},\"email\":{\"required\":{\"value\":true,\"message\":\"Este campo es obligatorio\",\"global_message\":\"Este campo es obligatorio\",\"global\":true},\"email\":{\"value\":true,\"message\":\"Este campo debe contener un correo electr\\u00f3nico v\\u00e1lido\",\"global_message\":\"Este campo debe contener un correo electr\\u00f3nico v\\u00e1lido\",\"global\":true}},\"input_text\":{\"required\":{\"value\":true,\"message\":\"Este campo es obligatorio\",\"global_message\":\"Este campo es obligatorio\",\"global\":true}},\"phone\":{\"required\":{\"value\":false,\"global\":true,\"message\":\"Este campo es obligatorio\",\"global_message\":\"Este campo es obligatorio\"},\"valid_phone_number\":{\"value\":true,\"global\":true,\"message\":\"El n\\u00famero de tel\\u00e9fono no es v\\u00e1lido\",\"global_message\":\"Phone number is not valid\"}},\"input_text_1\":{\"required\":{\"value\":true,\"message\":\"Este campo es obligatorio\",\"global_message\":\"Este campo es obligatorio\",\"global\":true}},\"phone_1\":{\"required\":{\"value\":true,\"global\":true,\"message\":\"Este campo es obligatorio\",\"global_message\":\"Este campo es obligatorio\"},\"valid_phone_number\":{\"value\":true,\"global\":true,\"message\":\"El n\\u00famero de tel\\u00e9fono no es v\\u00e1lido\",\"global_message\":\"Phone number is not valid\"}},\"file-upload\":{\"required\":{\"value\":true,\"message\":\"Este campo es obligatorio\",\"global_message\":\"Este campo es obligatorio\",\"global\":true},\"max_file_size\":{\"value\":3145728,\"_valueFrom\":\"MB\",\"message\":\"La validaci\\u00f3n falla por el tama\\u00f1o m\\u00e1ximo de archivo\",\"global_message\":\"La validaci\\u00f3n falla por el tama\\u00f1o m\\u00e1ximo de archivo\",\"global\":true},\"max_file_count\":{\"value\":1,\"message\":\"La validaci\\u00f3n falla para el recuento m\\u00e1ximo de archivos\",\"global_message\":\"La validaci\\u00f3n falla para el recuento m\\u00e1ximo de archivos\",\"global\":true},\"allowed_file_types\":{\"value\":[\"pdf\",\"doc|ppt|pps|xls|mdb|docx|xlsx|pptx|odt|odp|ods|odg|odc|odb|odf|rtf|txt\"],\"message\":\"Tipo de archivo no v\\u00e1lido\",\"global_message\":\"Tipo de archivo no v\\u00e1lido\",\"global\":true}},\"terms-n-condition\":{\"required\":{\"value\":false,\"message\":\"Este campo es obligatorio\",\"global_message\":\"Este campo es obligatorio\",\"global\":true}},\"terms-n-condition_1\":{\"required\":{\"value\":true,\"message\":\"Este campo es obligatorio\",\"global_message\":\"Este campo es obligatorio\",\"global\":true}},\"g-recaptcha-response\":[]},\"debounce_time\":300};\n                            <\/script>\n                        <\/div>\n\n            \t\t\t\t<\/div>\n\t\t\t\t<\/div>\n\t\t\t\t\t<\/div>\n\t\t\t\t<\/div>\n\t\t\t\t\t<\/div>\n\t\t\t\t<\/div>\n\t\t\t\t<\/div>\n\t\t","protected":false},"excerpt":{"rendered":"<p>Trabaja con nosotros Solicitar empleo v2 (#7) Tratamiento-Seleccionar-Sr.Sra.Correo electr\u00f3nicoNombreTel\u00e9fonoApellidosM\u00f3vilAdjuntar Curriculum Vitae (formatos aceptados PDF, DOC, ODT)Seleccionar Los datos personales que obren en su Curr\u00edculum Vitae ser\u00e1n utilizados para incluirle en distintos procesos de selecci\u00f3n que encajen con su perfil o que puedan ser de su inter\u00e9s, no trat\u00e1ndolos para ninguna otra finalidad sin haber obtenido [&hellip;]<\/p>\n","protected":false},"author":3,"featured_media":0,"parent":6182,"menu_order":0,"comment_status":"closed","ping_status":"closed","template":"","meta":{"_acf_changed":false,"footnotes":""},"class_list":["post-11446","page","type-page","status-publish","hentry"],"acf":[],"yoast_head":"<!-- This site is optimized with the Yoast SEO plugin v27.4 - https:\/\/yoast.com\/product\/yoast-seo-wordpress\/ -->\n<title>Solicitud de empleo - E.Leclerc Soria<\/title>\n<meta name=\"robots\" content=\"noindex, follow\" \/>\n<meta property=\"og:locale\" content=\"es_ES\" \/>\n<meta property=\"og:type\" content=\"article\" \/>\n<meta property=\"og:title\" content=\"Solicitud de empleo - E.Leclerc Soria\" \/>\n<meta property=\"og:description\" content=\"Trabaja con nosotros Solicitar empleo v2 (#7) Tratamiento-Seleccionar-Sr.Sra.Correo electr\u00f3nicoNombreTel\u00e9fonoApellidosM\u00f3vilAdjuntar Curriculum Vitae (formatos aceptados PDF, DOC, ODT)Seleccionar Los datos personales que obren en su Curr\u00edculum Vitae ser\u00e1n utilizados para incluirle en distintos procesos de selecci\u00f3n que encajen con su perfil o que puedan ser de su inter\u00e9s, no trat\u00e1ndolos para ninguna otra finalidad sin haber obtenido [&hellip;]\" \/>\n<meta property=\"og:url\" content=\"https:\/\/e-leclerc.es\/soria\/bolsa-de-empleo\/solicitud-de-empleo\/\" \/>\n<meta property=\"og:site_name\" content=\"E.Leclerc Soria\" \/>\n<meta property=\"article:publisher\" content=\"https:\/\/www.facebook.com\/eleclercsoria?ref=hl\" \/>\n<meta property=\"article:modified_time\" content=\"2025-03-27T15:17:36+00:00\" \/>\n<meta name=\"twitter:card\" content=\"summary_large_image\" \/>\n<meta name=\"twitter:site\" content=\"@LeclercSoria\" \/>\n<meta name=\"twitter:label1\" content=\"Tiempo de lectura\" \/>\n\t<meta name=\"twitter:data1\" content=\"2 minutos\" \/>\n<script type=\"application\/ld+json\" class=\"yoast-schema-graph\">{\"@context\":\"https:\\\/\\\/schema.org\",\"@graph\":[{\"@type\":\"WebPage\",\"@id\":\"https:\\\/\\\/e-leclerc.es\\\/soria\\\/bolsa-de-empleo\\\/solicitud-de-empleo\\\/\",\"url\":\"https:\\\/\\\/e-leclerc.es\\\/soria\\\/bolsa-de-empleo\\\/solicitud-de-empleo\\\/\",\"name\":\"Solicitud de empleo - E.Leclerc Soria\",\"isPartOf\":{\"@id\":\"https:\\\/\\\/e-leclerc.es\\\/soria\\\/#website\"},\"datePublished\":\"2025-03-27T12:04:43+00:00\",\"dateModified\":\"2025-03-27T15:17:36+00:00\",\"breadcrumb\":{\"@id\":\"https:\\\/\\\/e-leclerc.es\\\/soria\\\/bolsa-de-empleo\\\/solicitud-de-empleo\\\/#breadcrumb\"},\"inLanguage\":\"es\",\"potentialAction\":[{\"@type\":\"ReadAction\",\"target\":[\"https:\\\/\\\/e-leclerc.es\\\/soria\\\/bolsa-de-empleo\\\/solicitud-de-empleo\\\/\"]}]},{\"@type\":\"BreadcrumbList\",\"@id\":\"https:\\\/\\\/e-leclerc.es\\\/soria\\\/bolsa-de-empleo\\\/solicitud-de-empleo\\\/#breadcrumb\",\"itemListElement\":[{\"@type\":\"ListItem\",\"position\":1,\"name\":\"Portada\",\"item\":\"https:\\\/\\\/e-leclerc.es\\\/soria\\\/\"},{\"@type\":\"ListItem\",\"position\":2,\"name\":\"Bolsa de empleo\",\"item\":\"https:\\\/\\\/e-leclerc.es\\\/soria\\\/bolsa-de-empleo\\\/\"},{\"@type\":\"ListItem\",\"position\":3,\"name\":\"Solicitud de empleo\"}]},{\"@type\":\"WebSite\",\"@id\":\"https:\\\/\\\/e-leclerc.es\\\/soria\\\/#website\",\"url\":\"https:\\\/\\\/e-leclerc.es\\\/soria\\\/\",\"name\":\"E.Leclerc Soria\",\"description\":\"Descubre los folletos, ofertas y promociones de nuestro hipermercado E.Leclerc Soria en Castilla y Le\u00f3n. Direcci\u00f3n | Horario | Productos locales\",\"publisher\":{\"@id\":\"https:\\\/\\\/e-leclerc.es\\\/soria\\\/#organization\"},\"alternateName\":\"E.Leclerc Soria\",\"potentialAction\":[{\"@type\":\"SearchAction\",\"target\":{\"@type\":\"EntryPoint\",\"urlTemplate\":\"https:\\\/\\\/e-leclerc.es\\\/soria\\\/?s={search_term_string}\"},\"query-input\":{\"@type\":\"PropertyValueSpecification\",\"valueRequired\":true,\"valueName\":\"search_term_string\"}}],\"inLanguage\":\"es\"},{\"@type\":\"Organization\",\"@id\":\"https:\\\/\\\/e-leclerc.es\\\/soria\\\/#organization\",\"name\":\"E.Leclerc Soria\",\"alternateName\":\"Soriadis, S.L.\",\"url\":\"https:\\\/\\\/e-leclerc.es\\\/soria\\\/\",\"logo\":{\"@type\":\"ImageObject\",\"inLanguage\":\"es\",\"@id\":\"https:\\\/\\\/e-leclerc.es\\\/soria\\\/#\\\/schema\\\/logo\\\/image\\\/\",\"url\":\"https:\\\/\\\/e-leclerc.es\\\/soria\\\/wp-content\\\/uploads\\\/sites\\\/3\\\/2024\\\/05\\\/Logo_Soria-1.svg\",\"contentUrl\":\"https:\\\/\\\/e-leclerc.es\\\/soria\\\/wp-content\\\/uploads\\\/sites\\\/3\\\/2024\\\/05\\\/Logo_Soria-1.svg\",\"width\":100,\"height\":100,\"caption\":\"E.Leclerc Soria\"},\"image\":{\"@id\":\"https:\\\/\\\/e-leclerc.es\\\/soria\\\/#\\\/schema\\\/logo\\\/image\\\/\"},\"sameAs\":[\"https:\\\/\\\/www.facebook.com\\\/eleclercsoria?ref=hl\",\"https:\\\/\\\/x.com\\\/LeclercSoria\",\"https:\\\/\\\/www.instagram.com\\\/e.leclercsoria\\\/\"]}]}<\/script>\n<!-- \/ Yoast SEO plugin. -->","yoast_head_json":{"title":"Solicitud de empleo - E.Leclerc Soria","robots":{"index":"noindex","follow":"follow"},"og_locale":"es_ES","og_type":"article","og_title":"Solicitud de empleo - E.Leclerc Soria","og_description":"Trabaja con nosotros Solicitar empleo v2 (#7) Tratamiento-Seleccionar-Sr.Sra.Correo electr\u00f3nicoNombreTel\u00e9fonoApellidosM\u00f3vilAdjuntar Curriculum Vitae (formatos aceptados PDF, DOC, ODT)Seleccionar Los datos personales que obren en su Curr\u00edculum Vitae ser\u00e1n utilizados para incluirle en distintos procesos de selecci\u00f3n que encajen con su perfil o que puedan ser de su inter\u00e9s, no trat\u00e1ndolos para ninguna otra finalidad sin haber obtenido [&hellip;]","og_url":"https:\/\/e-leclerc.es\/soria\/bolsa-de-empleo\/solicitud-de-empleo\/","og_site_name":"E.Leclerc Soria","article_publisher":"https:\/\/www.facebook.com\/eleclercsoria?ref=hl","article_modified_time":"2025-03-27T15:17:36+00:00","twitter_card":"summary_large_image","twitter_site":"@LeclercSoria","twitter_misc":{"Tiempo de lectura":"2 minutos"},"schema":{"@context":"https:\/\/schema.org","@graph":[{"@type":"WebPage","@id":"https:\/\/e-leclerc.es\/soria\/bolsa-de-empleo\/solicitud-de-empleo\/","url":"https:\/\/e-leclerc.es\/soria\/bolsa-de-empleo\/solicitud-de-empleo\/","name":"Solicitud de empleo - E.Leclerc Soria","isPartOf":{"@id":"https:\/\/e-leclerc.es\/soria\/#website"},"datePublished":"2025-03-27T12:04:43+00:00","dateModified":"2025-03-27T15:17:36+00:00","breadcrumb":{"@id":"https:\/\/e-leclerc.es\/soria\/bolsa-de-empleo\/solicitud-de-empleo\/#breadcrumb"},"inLanguage":"es","potentialAction":[{"@type":"ReadAction","target":["https:\/\/e-leclerc.es\/soria\/bolsa-de-empleo\/solicitud-de-empleo\/"]}]},{"@type":"BreadcrumbList","@id":"https:\/\/e-leclerc.es\/soria\/bolsa-de-empleo\/solicitud-de-empleo\/#breadcrumb","itemListElement":[{"@type":"ListItem","position":1,"name":"Portada","item":"https:\/\/e-leclerc.es\/soria\/"},{"@type":"ListItem","position":2,"name":"Bolsa de empleo","item":"https:\/\/e-leclerc.es\/soria\/bolsa-de-empleo\/"},{"@type":"ListItem","position":3,"name":"Solicitud de empleo"}]},{"@type":"WebSite","@id":"https:\/\/e-leclerc.es\/soria\/#website","url":"https:\/\/e-leclerc.es\/soria\/","name":"E.Leclerc Soria","description":"Descubre los folletos, ofertas y promociones de nuestro hipermercado E.Leclerc Soria en Castilla y Le\u00f3n. Direcci\u00f3n | Horario | Productos locales","publisher":{"@id":"https:\/\/e-leclerc.es\/soria\/#organization"},"alternateName":"E.Leclerc Soria","potentialAction":[{"@type":"SearchAction","target":{"@type":"EntryPoint","urlTemplate":"https:\/\/e-leclerc.es\/soria\/?s={search_term_string}"},"query-input":{"@type":"PropertyValueSpecification","valueRequired":true,"valueName":"search_term_string"}}],"inLanguage":"es"},{"@type":"Organization","@id":"https:\/\/e-leclerc.es\/soria\/#organization","name":"E.Leclerc Soria","alternateName":"Soriadis, S.L.","url":"https:\/\/e-leclerc.es\/soria\/","logo":{"@type":"ImageObject","inLanguage":"es","@id":"https:\/\/e-leclerc.es\/soria\/#\/schema\/logo\/image\/","url":"https:\/\/e-leclerc.es\/soria\/wp-content\/uploads\/sites\/3\/2024\/05\/Logo_Soria-1.svg","contentUrl":"https:\/\/e-leclerc.es\/soria\/wp-content\/uploads\/sites\/3\/2024\/05\/Logo_Soria-1.svg","width":100,"height":100,"caption":"E.Leclerc Soria"},"image":{"@id":"https:\/\/e-leclerc.es\/soria\/#\/schema\/logo\/image\/"},"sameAs":["https:\/\/www.facebook.com\/eleclercsoria?ref=hl","https:\/\/x.com\/LeclercSoria","https:\/\/www.instagram.com\/e.leclercsoria\/"]}]}},"_links":{"self":[{"href":"https:\/\/e-leclerc.es\/soria\/wp-json\/wp\/v2\/pages\/11446","targetHints":{"allow":["GET"]}}],"collection":[{"href":"https:\/\/e-leclerc.es\/soria\/wp-json\/wp\/v2\/pages"}],"about":[{"href":"https:\/\/e-leclerc.es\/soria\/wp-json\/wp\/v2\/types\/page"}],"author":[{"embeddable":true,"href":"https:\/\/e-leclerc.es\/soria\/wp-json\/wp\/v2\/users\/3"}],"replies":[{"embeddable":true,"href":"https:\/\/e-leclerc.es\/soria\/wp-json\/wp\/v2\/comments?post=11446"}],"version-history":[{"count":10,"href":"https:\/\/e-leclerc.es\/soria\/wp-json\/wp\/v2\/pages\/11446\/revisions"}],"predecessor-version":[{"id":11469,"href":"https:\/\/e-leclerc.es\/soria\/wp-json\/wp\/v2\/pages\/11446\/revisions\/11469"}],"up":[{"embeddable":true,"href":"https:\/\/e-leclerc.es\/soria\/wp-json\/wp\/v2\/pages\/6182"}],"wp:attachment":[{"href":"https:\/\/e-leclerc.es\/soria\/wp-json\/wp\/v2\/media?parent=11446"}],"curies":[{"name":"wp","href":"https:\/\/api.w.org\/{rel}","templated":true}]}}