{"id":11093,"date":"2025-02-04T12:26:36","date_gmt":"2025-02-04T11:26:36","guid":{"rendered":"https:\/\/www.e-leclerc.es\/soria\/?page_id=11093"},"modified":"2025-02-05T11:58:58","modified_gmt":"2025-02-05T10:58:58","slug":"protege-tu-ahorro","status":"publish","type":"page","link":"https:\/\/e-leclerc.es\/soria\/protege-tu-ahorro\/","title":{"rendered":"Protege tu ahorro"},"content":{"rendered":"\t\t<div data-elementor-type=\"wp-page\" data-elementor-id=\"11093\" class=\"elementor elementor-11093\" data-elementor-post-type=\"page\">\n\t\t\t\t<div class=\"elementor-element elementor-element-64b0fbb e-con-full e-flex e-con e-parent\" data-id=\"64b0fbb\" data-element_type=\"container\" data-e-type=\"container\">\n\t\t\t\t<div class=\"elementor-element elementor-element-4143586 elementor-widget elementor-widget-image\" data-id=\"4143586\" data-element_type=\"widget\" data-e-type=\"widget\" data-widget_type=\"image.default\">\n\t\t\t\t<div class=\"elementor-widget-container\">\n\t\t\t\t\t\t\t\t\t\t\t\t\t\t\t<img fetchpriority=\"high\" decoding=\"async\" width=\"300\" height=\"300\" src=\"https:\/\/e-leclerc.es\/soria\/wp-content\/uploads\/sites\/3\/2025\/02\/Foto-principal-300x300.png\" class=\"attachment-medium size-medium wp-image-11095\" alt=\"\" srcset=\"https:\/\/e-leclerc.es\/soria\/wp-content\/uploads\/sites\/3\/2025\/02\/Foto-principal-300x300.png 300w, https:\/\/e-leclerc.es\/soria\/wp-content\/uploads\/sites\/3\/2025\/02\/Foto-principal-150x150.png 150w, https:\/\/e-leclerc.es\/soria\/wp-content\/uploads\/sites\/3\/2025\/02\/Foto-principal-200x200.png 200w, https:\/\/e-leclerc.es\/soria\/wp-content\/uploads\/sites\/3\/2025\/02\/Foto-principal.png 768w\" sizes=\"(max-width: 300px) 100vw, 300px\" \/>\t\t\t\t\t\t\t\t\t\t\t\t\t\t\t<\/div>\n\t\t\t\t<\/div>\n\t\t\t\t<\/div>\n\t\t<div class=\"elementor-element elementor-element-4ddccfa e-flex e-con-boxed e-con e-parent\" data-id=\"4ddccfa\" data-element_type=\"container\" data-e-type=\"container\">\n\t\t\t\t\t<div class=\"e-con-inner\">\n\t\t\t\t<div class=\"elementor-element elementor-element-9b6db11 elementor-widget elementor-widget-text-editor\" data-id=\"9b6db11\" data-element_type=\"widget\" data-e-type=\"widget\" data-widget_type=\"text-editor.default\">\n\t\t\t\t<div class=\"elementor-widget-container\">\n\t\t\t\t\t\t\t\t\t<p>A partir del\u00a0<strong>17 de marzo<\/strong>, ser\u00e1 obligatorio utilizar un\u00a0<strong>PIN<\/strong>\u00a0para realizar cualquier operaci\u00f3n con tu tarjeta E.Leclerc. Este cambio busca proteger tu dinero y brindarte mayor tranquilidad.<\/p>\t\t\t\t\t\t\t\t<\/div>\n\t\t\t\t<\/div>\n\t\t\t\t\t<\/div>\n\t\t\t\t<\/div>\n\t\t<div class=\"elementor-element elementor-element-da79c41 e-flex e-con-boxed e-con e-parent\" data-id=\"da79c41\" data-element_type=\"container\" data-e-type=\"container\">\n\t\t\t\t\t<div class=\"e-con-inner\">\n\t\t\t\t\t<\/div>\n\t\t\t\t<\/div>\n\t\t<div class=\"elementor-element elementor-element-4d7b53c e-flex e-con-boxed e-con e-parent\" data-id=\"4d7b53c\" data-element_type=\"container\" data-e-type=\"container\">\n\t\t\t\t\t<div class=\"e-con-inner\">\n\t\t<div class=\"elementor-element elementor-element-30b7ada e-con-full e-flex e-con e-child\" data-id=\"30b7ada\" data-element_type=\"container\" data-e-type=\"container\">\n\t\t\t\t<div class=\"elementor-element elementor-element-c6f0257 elementor-widget__width-initial elementor-widget elementor-widget-image\" data-id=\"c6f0257\" data-element_type=\"widget\" data-e-type=\"widget\" data-widget_type=\"image.default\">\n\t\t\t\t<div class=\"elementor-widget-container\">\n\t\t\t\t\t\t\t\t\t\t\t\t\t\t\t<img decoding=\"async\" width=\"300\" height=\"222\" src=\"https:\/\/e-leclerc.es\/soria\/wp-content\/uploads\/sites\/3\/2025\/02\/Sin-titulo-300x222.png\" class=\"attachment-medium size-medium wp-image-11096\" alt=\"\" srcset=\"https:\/\/e-leclerc.es\/soria\/wp-content\/uploads\/sites\/3\/2025\/02\/Sin-titulo-300x222.png 300w, https:\/\/e-leclerc.es\/soria\/wp-content\/uploads\/sites\/3\/2025\/02\/Sin-titulo-1024x759.png 1024w, https:\/\/e-leclerc.es\/soria\/wp-content\/uploads\/sites\/3\/2025\/02\/Sin-titulo-768x569.png 768w, https:\/\/e-leclerc.es\/soria\/wp-content\/uploads\/sites\/3\/2025\/02\/Sin-titulo-1536x1138.png 1536w, https:\/\/e-leclerc.es\/soria\/wp-content\/uploads\/sites\/3\/2025\/02\/Sin-titulo.png 1657w\" sizes=\"(max-width: 300px) 100vw, 300px\" \/>\t\t\t\t\t\t\t\t\t\t\t\t\t\t\t<\/div>\n\t\t\t\t<\/div>\n\t\t\t\t<\/div>\n\t\t<div class=\"elementor-element elementor-element-0241a9e e-con-full e-flex e-con e-child\" data-id=\"0241a9e\" data-element_type=\"container\" data-e-type=\"container\">\n\t\t\t\t<div class=\"elementor-element elementor-element-151fd5a elementor-widget elementor-widget-text-editor\" data-id=\"151fd5a\" data-element_type=\"widget\" data-e-type=\"widget\" data-widget_type=\"text-editor.default\">\n\t\t\t\t<div class=\"elementor-widget-container\">\n\t\t\t\t\t\t\t\t\t<p>El\u00a0<strong>PIN<\/strong>\u00a0es una medida de seguridad adicional que te ayuda a proteger tu dinero en caso de p\u00e9rdida o robo de tu tarjeta. Solo t\u00fa podr\u00e1s realizar transacciones con tu tarjeta, reduciendo el riesgo de fraude.<\/p><ul class=\"wp-block-list\"><li><strong>Mayor seguridad:<\/strong>\u00a0Reduce el riesgo de uso no autorizado de tu tarjeta.<\/li><li><strong>Prevenci\u00f3n de fraudes:<\/strong>\u00a0Protege tu dinero en caso de p\u00e9rdida o robo de tu tarjeta.<\/li><li><strong>Tranquilidad:<\/strong>\u00a0Realiza tus compras con confianza.<\/li><\/ul>\t\t\t\t\t\t\t\t<\/div>\n\t\t\t\t<\/div>\n\t\t\t\t<\/div>\n\t\t<div class=\"elementor-element elementor-element-7365e2b e-con-full e-flex e-con e-child\" data-id=\"7365e2b\" data-element_type=\"container\" data-e-type=\"container\">\n\t\t\t\t<div class=\"elementor-element elementor-element-1603dab elementor-widget elementor-widget-spacer\" data-id=\"1603dab\" data-element_type=\"widget\" data-e-type=\"widget\" data-widget_type=\"spacer.default\">\n\t\t\t\t<div class=\"elementor-widget-container\">\n\t\t\t\t\t\t\t<div class=\"elementor-spacer\">\n\t\t\t<div class=\"elementor-spacer-inner\"><\/div>\n\t\t<\/div>\n\t\t\t\t\t\t<\/div>\n\t\t\t\t<\/div>\n\t\t\t\t<\/div>\n\t\t\t\t\t<\/div>\n\t\t\t\t<\/div>\n\t\t<div class=\"elementor-element elementor-element-64ee267 e-flex e-con-boxed e-con e-parent\" data-id=\"64ee267\" data-element_type=\"container\" data-e-type=\"container\">\n\t\t\t\t\t<div class=\"e-con-inner\">\n\t\t\t\t<div class=\"elementor-element elementor-element-a0b6ee8 elementor-widget elementor-widget-spacer\" data-id=\"a0b6ee8\" data-element_type=\"widget\" data-e-type=\"widget\" data-widget_type=\"spacer.default\">\n\t\t\t\t<div class=\"elementor-widget-container\">\n\t\t\t\t\t\t\t<div class=\"elementor-spacer\">\n\t\t\t<div class=\"elementor-spacer-inner\"><\/div>\n\t\t<\/div>\n\t\t\t\t\t\t<\/div>\n\t\t\t\t<\/div>\n\t\t\t\t\t<\/div>\n\t\t\t\t<\/div>\n\t\t<div class=\"elementor-element elementor-element-5717dae e-flex e-con-boxed e-con e-parent\" data-id=\"5717dae\" data-element_type=\"container\" data-e-type=\"container\">\n\t\t\t\t\t<div class=\"e-con-inner\">\n\t\t<div class=\"elementor-element elementor-element-a172a56 e-con-full e-flex e-con e-child\" data-id=\"a172a56\" data-element_type=\"container\" data-e-type=\"container\">\n\t\t\t\t<div class=\"elementor-element elementor-element-4a0ed97 elementor-widget elementor-widget-image\" data-id=\"4a0ed97\" data-element_type=\"widget\" data-e-type=\"widget\" data-widget_type=\"image.default\">\n\t\t\t\t<div class=\"elementor-widget-container\">\n\t\t\t\t\t\t\t\t\t\t\t\t\t\t\t<img decoding=\"async\" width=\"300\" height=\"237\" src=\"https:\/\/e-leclerc.es\/soria\/wp-content\/uploads\/sites\/3\/2025\/02\/sasa-300x237.png\" class=\"attachment-medium size-medium wp-image-11097\" alt=\"\" srcset=\"https:\/\/e-leclerc.es\/soria\/wp-content\/uploads\/sites\/3\/2025\/02\/sasa-300x237.png 300w, https:\/\/e-leclerc.es\/soria\/wp-content\/uploads\/sites\/3\/2025\/02\/sasa-1024x808.png 1024w, https:\/\/e-leclerc.es\/soria\/wp-content\/uploads\/sites\/3\/2025\/02\/sasa-768x606.png 768w, https:\/\/e-leclerc.es\/soria\/wp-content\/uploads\/sites\/3\/2025\/02\/sasa.png 1112w\" sizes=\"(max-width: 300px) 100vw, 300px\" \/>\t\t\t\t\t\t\t\t\t\t\t\t\t\t\t<\/div>\n\t\t\t\t<\/div>\n\t\t\t\t<\/div>\n\t\t<div class=\"elementor-element elementor-element-cfd1624 e-con-full e-flex e-con e-child\" data-id=\"cfd1624\" data-element_type=\"container\" data-e-type=\"container\">\n\t\t\t\t<div class=\"elementor-element elementor-element-e9ba58d elementor-widget elementor-widget-text-editor\" data-id=\"e9ba58d\" data-element_type=\"widget\" data-e-type=\"widget\" data-widget_type=\"text-editor.default\">\n\t\t\t\t<div class=\"elementor-widget-container\">\n\t\t\t\t\t\t\t\t\t<p>Si a\u00fan no tienes un\u00a0<strong>PIN<\/strong>, ac\u00e9rcate a cualquier\u00a0<strong>punto de informaci\u00f3n de E.Leclerc<\/strong>. Nuestro equipo te ayudar\u00e1 a configurarlo de manera r\u00e1pida y segura.<\/p><p>Para garantizar tu seguridad, evita usar combinaciones obvias como fechas de nacimiento, n\u00fameros de tel\u00e9fono o secuencias f\u00e1ciles de adivinar. Elige un PIN f\u00e1cil de recordar para ti, pero dif\u00edcil de adivinar para otros.<\/p>\t\t\t\t\t\t\t\t<\/div>\n\t\t\t\t<\/div>\n\t\t\t\t<\/div>\n\t\t\t\t\t<\/div>\n\t\t\t\t<\/div>\n\t\t<div class=\"elementor-element elementor-element-2dd66cb e-flex e-con-boxed e-con e-parent\" data-id=\"2dd66cb\" data-element_type=\"container\" data-e-type=\"container\">\n\t\t\t\t\t<div class=\"e-con-inner\">\n\t\t\t\t<div class=\"elementor-element elementor-element-153beab elementor-widget elementor-widget-spacer\" data-id=\"153beab\" data-element_type=\"widget\" data-e-type=\"widget\" data-widget_type=\"spacer.default\">\n\t\t\t\t<div class=\"elementor-widget-container\">\n\t\t\t\t\t\t\t<div class=\"elementor-spacer\">\n\t\t\t<div class=\"elementor-spacer-inner\"><\/div>\n\t\t<\/div>\n\t\t\t\t\t\t<\/div>\n\t\t\t\t<\/div>\n\t\t\t\t\t<\/div>\n\t\t\t\t<\/div>\n\t\t<div class=\"elementor-element elementor-element-cfaf0fd e-flex e-con-boxed e-con e-parent\" data-id=\"cfaf0fd\" data-element_type=\"container\" data-e-type=\"container\">\n\t\t\t\t\t<div class=\"e-con-inner\">\n\t\t<div class=\"elementor-element elementor-element-43fca3b e-con-full e-flex e-con e-child\" data-id=\"43fca3b\" data-element_type=\"container\" data-e-type=\"container\">\n\t\t<div class=\"elementor-element elementor-element-0ad9c01 e-con-full e-flex e-con e-child\" data-id=\"0ad9c01\" data-element_type=\"container\" data-e-type=\"container\">\n\t\t\t\t<div class=\"elementor-element elementor-element-6eb5f84 elementor-widget elementor-widget-image\" data-id=\"6eb5f84\" data-element_type=\"widget\" data-e-type=\"widget\" data-widget_type=\"image.default\">\n\t\t\t\t<div class=\"elementor-widget-container\">\n\t\t\t\t\t\t\t\t\t\t\t\t\t\t\t<img decoding=\"async\" width=\"300\" height=\"237\" src=\"https:\/\/e-leclerc.es\/soria\/wp-content\/uploads\/sites\/3\/2025\/02\/sasa-300x237.png\" class=\"attachment-medium size-medium wp-image-11097\" alt=\"\" srcset=\"https:\/\/e-leclerc.es\/soria\/wp-content\/uploads\/sites\/3\/2025\/02\/sasa-300x237.png 300w, https:\/\/e-leclerc.es\/soria\/wp-content\/uploads\/sites\/3\/2025\/02\/sasa-1024x808.png 1024w, https:\/\/e-leclerc.es\/soria\/wp-content\/uploads\/sites\/3\/2025\/02\/sasa-768x606.png 768w, https:\/\/e-leclerc.es\/soria\/wp-content\/uploads\/sites\/3\/2025\/02\/sasa.png 1112w\" sizes=\"(max-width: 300px) 100vw, 300px\" \/>\t\t\t\t\t\t\t\t\t\t\t\t\t\t\t<\/div>\n\t\t\t\t<\/div>\n\t\t\t\t<\/div>\n\t\t<div class=\"elementor-element elementor-element-2953be9 e-con-full e-flex e-con e-child\" data-id=\"2953be9\" data-element_type=\"container\" data-e-type=\"container\">\n\t\t\t\t<div class=\"elementor-element elementor-element-753c926 elementor-widget elementor-widget-text-editor\" data-id=\"753c926\" data-element_type=\"widget\" data-e-type=\"widget\" data-widget_type=\"text-editor.default\">\n\t\t\t\t<div class=\"elementor-widget-container\">\n\t\t\t\t\t\t\t\t\t<p>Si a\u00fan no tienes un\u00a0<strong>PIN<\/strong>, ac\u00e9rcate a cualquier\u00a0<strong>punto de informaci\u00f3n de E.Leclerc<\/strong>. Nuestro equipo te ayudar\u00e1 a configurarlo de manera r\u00e1pida y segura.<\/p><p>Para garantizar tu seguridad, evita usar combinaciones obvias como fechas de nacimiento, n\u00fameros de tel\u00e9fono o secuencias f\u00e1ciles de adivinar. Elige un PIN f\u00e1cil de recordar para ti, pero dif\u00edcil de adivinar para otros.<\/p>\t\t\t\t\t\t\t\t<\/div>\n\t\t\t\t<\/div>\n\t\t\t\t<\/div>\n\t\t\t\t<\/div>\n\t\t\t\t\t<\/div>\n\t\t\t\t<\/div>\n\t\t<div class=\"elementor-element elementor-element-4b523de e-flex e-con-boxed e-con e-parent\" data-id=\"4b523de\" data-element_type=\"container\" data-e-type=\"container\">\n\t\t\t\t\t<div class=\"e-con-inner\">\n\t\t<div class=\"elementor-element elementor-element-7d3a4a2 e-con-full e-flex e-con e-child\" data-id=\"7d3a4a2\" data-element_type=\"container\" data-e-type=\"container\">\n\t\t<div class=\"elementor-element elementor-element-c05b173 e-con-full e-flex e-con e-child\" data-id=\"c05b173\" data-element_type=\"container\" data-e-type=\"container\">\n\t\t\t\t<div class=\"elementor-element elementor-element-2a67752 elementor-widget__width-initial elementor-widget elementor-widget-text-editor\" data-id=\"2a67752\" data-element_type=\"widget\" data-e-type=\"widget\" data-widget_type=\"text-editor.default\">\n\t\t\t\t<div class=\"elementor-widget-container\">\n\t\t\t\t\t\t\t\t\t<p>\u00a1Protege tu ahorro con un PIN! Comparte esta informaci\u00f3n con tus amigos y familiares para que tambi\u00e9n est\u00e9n preparados para este cambio.<\/p><p>Gracias por tu confianza en\u00a0<strong>E.Leclerc<\/strong>.<\/p>\t\t\t\t\t\t\t\t<\/div>\n\t\t\t\t<\/div>\n\t\t\t\t<\/div>\n\t\t\t\t<\/div>\n\t\t\t\t\t<\/div>\n\t\t\t\t<\/div>\n\t\t<div class=\"elementor-element elementor-element-5745203 e-con-full e-flex e-con e-parent\" data-id=\"5745203\" data-element_type=\"container\" data-e-type=\"container\" data-settings=\"{&quot;background_background&quot;:&quot;classic&quot;}\">\n\t\t\t\t<div class=\"elementor-element elementor-element-d2e3ceb elementor-align-center elementor-widget-tablet_extra__width-initial elementor-widget elementor-widget-button\" data-id=\"d2e3ceb\" data-element_type=\"widget\" data-e-type=\"widget\" data-widget_type=\"button.default\">\n\t\t\t\t<div class=\"elementor-widget-container\">\n\t\t\t\t\t\t\t\t\t<div class=\"elementor-button-wrapper\">\n\t\t\t\t\t<a class=\"elementor-button elementor-button-link elementor-size-sm\" href=\"https:\/\/e-leclerc.es\/soria\/folletos\/\" id=\"https:\/\/e-leclerc.es\/soria\/folletos\/\">\n\t\t\t\t\t\t<span class=\"elementor-button-content-wrapper\">\n\t\t\t\t\t\t<span class=\"elementor-button-icon\">\n\t\t\t\t<i aria-hidden=\"true\" class=\"fas fa-book-open\"><\/i>\t\t\t<\/span>\n\t\t\t\t\t\t\t\t\t<span class=\"elementor-button-text\">Visita nuestros folletos<\/span>\n\t\t\t\t\t<\/span>\n\t\t\t\t\t<\/a>\n\t\t\t\t<\/div>\n\t\t\t\t\t\t\t\t<\/div>\n\t\t\t\t<\/div>\n\t\t\t\t<\/div>\n\t\t\t\t<\/div>\n\t\t","protected":false},"excerpt":{"rendered":"<p>A partir del\u00a017 de marzo, ser\u00e1 obligatorio utilizar un\u00a0PIN\u00a0para realizar cualquier operaci\u00f3n con tu tarjeta E.Leclerc. Este cambio busca proteger tu dinero y brindarte mayor tranquilidad. El\u00a0PIN\u00a0es una medida de seguridad adicional que te ayuda a proteger tu dinero en caso de p\u00e9rdida o robo de tu tarjeta. Solo t\u00fa podr\u00e1s realizar transacciones con tu [&hellip;]<\/p>\n","protected":false},"author":56,"featured_media":0,"parent":0,"menu_order":0,"comment_status":"closed","ping_status":"closed","template":"","meta":{"_acf_changed":false,"footnotes":""},"class_list":["post-11093","page","type-page","status-publish","hentry"],"acf":[],"yoast_head":"<!-- This site is optimized with the Yoast SEO plugin v27.4 - https:\/\/yoast.com\/product\/yoast-seo-wordpress\/ -->\n<title>Protege tu ahorro - E.Leclerc Soria<\/title>\n<meta name=\"description\" content=\"Protege tu ahorro\" \/>\n<meta name=\"robots\" content=\"index, follow, max-snippet:-1, max-image-preview:large, max-video-preview:-1\" \/>\n<link rel=\"canonical\" href=\"https:\/\/e-leclerc.es\/soria\/protege-tu-ahorro\/\" \/>\n<meta property=\"og:locale\" content=\"es_ES\" \/>\n<meta property=\"og:type\" content=\"article\" \/>\n<meta property=\"og:title\" content=\"Protege tu ahorro - E.Leclerc Soria\" \/>\n<meta property=\"og:description\" content=\"Protege tu ahorro\" \/>\n<meta property=\"og:url\" content=\"https:\/\/e-leclerc.es\/soria\/protege-tu-ahorro\/\" \/>\n<meta property=\"og:site_name\" content=\"E.Leclerc Soria\" \/>\n<meta property=\"article:publisher\" content=\"https:\/\/www.facebook.com\/eleclercsoria?ref=hl\" \/>\n<meta property=\"article:modified_time\" content=\"2025-02-05T10:58:58+00:00\" \/>\n<meta property=\"og:image\" content=\"https:\/\/e-leclerc.es\/soria\/wp-content\/uploads\/sites\/3\/2025\/02\/Foto-principal.png\" \/>\n\t<meta property=\"og:image:width\" content=\"768\" \/>\n\t<meta property=\"og:image:height\" content=\"768\" \/>\n\t<meta property=\"og:image:type\" content=\"image\/png\" \/>\n<meta name=\"twitter:card\" content=\"summary_large_image\" \/>\n<meta name=\"twitter:site\" content=\"@LeclercSoria\" \/>\n<meta name=\"twitter:label1\" content=\"Tiempo de lectura\" \/>\n\t<meta name=\"twitter:data1\" content=\"2 minutos\" \/>\n<script type=\"application\/ld+json\" class=\"yoast-schema-graph\">{\"@context\":\"https:\\\/\\\/schema.org\",\"@graph\":[{\"@type\":\"WebPage\",\"@id\":\"https:\\\/\\\/e-leclerc.es\\\/soria\\\/protege-tu-ahorro\\\/\",\"url\":\"https:\\\/\\\/e-leclerc.es\\\/soria\\\/protege-tu-ahorro\\\/\",\"name\":\"Protege tu ahorro - E.Leclerc Soria\",\"isPartOf\":{\"@id\":\"https:\\\/\\\/e-leclerc.es\\\/soria\\\/#website\"},\"primaryImageOfPage\":{\"@id\":\"https:\\\/\\\/e-leclerc.es\\\/soria\\\/protege-tu-ahorro\\\/#primaryimage\"},\"image\":{\"@id\":\"https:\\\/\\\/e-leclerc.es\\\/soria\\\/protege-tu-ahorro\\\/#primaryimage\"},\"thumbnailUrl\":\"https:\\\/\\\/e-leclerc.es\\\/soria\\\/wp-content\\\/uploads\\\/sites\\\/3\\\/2025\\\/02\\\/Foto-principal-300x300.png\",\"datePublished\":\"2025-02-04T11:26:36+00:00\",\"dateModified\":\"2025-02-05T10:58:58+00:00\",\"description\":\"Protege tu ahorro\",\"breadcrumb\":{\"@id\":\"https:\\\/\\\/e-leclerc.es\\\/soria\\\/protege-tu-ahorro\\\/#breadcrumb\"},\"inLanguage\":\"es\",\"potentialAction\":[{\"@type\":\"ReadAction\",\"target\":[\"https:\\\/\\\/e-leclerc.es\\\/soria\\\/protege-tu-ahorro\\\/\"]}]},{\"@type\":\"ImageObject\",\"inLanguage\":\"es\",\"@id\":\"https:\\\/\\\/e-leclerc.es\\\/soria\\\/protege-tu-ahorro\\\/#primaryimage\",\"url\":\"https:\\\/\\\/e-leclerc.es\\\/soria\\\/wp-content\\\/uploads\\\/sites\\\/3\\\/2025\\\/02\\\/Foto-principal.png\",\"contentUrl\":\"https:\\\/\\\/e-leclerc.es\\\/soria\\\/wp-content\\\/uploads\\\/sites\\\/3\\\/2025\\\/02\\\/Foto-principal.png\",\"width\":768,\"height\":768},{\"@type\":\"BreadcrumbList\",\"@id\":\"https:\\\/\\\/e-leclerc.es\\\/soria\\\/protege-tu-ahorro\\\/#breadcrumb\",\"itemListElement\":[{\"@type\":\"ListItem\",\"position\":1,\"name\":\"Portada\",\"item\":\"https:\\\/\\\/e-leclerc.es\\\/soria\\\/\"},{\"@type\":\"ListItem\",\"position\":2,\"name\":\"Protege tu ahorro\"}]},{\"@type\":\"WebSite\",\"@id\":\"https:\\\/\\\/e-leclerc.es\\\/soria\\\/#website\",\"url\":\"https:\\\/\\\/e-leclerc.es\\\/soria\\\/\",\"name\":\"E.Leclerc Soria\",\"description\":\"Descubre los folletos, ofertas y promociones de nuestro hipermercado E.Leclerc Soria en Castilla y Le\u00f3n. Direcci\u00f3n | Horario | Productos locales\",\"publisher\":{\"@id\":\"https:\\\/\\\/e-leclerc.es\\\/soria\\\/#organization\"},\"alternateName\":\"E.Leclerc Soria\",\"potentialAction\":[{\"@type\":\"SearchAction\",\"target\":{\"@type\":\"EntryPoint\",\"urlTemplate\":\"https:\\\/\\\/e-leclerc.es\\\/soria\\\/?s={search_term_string}\"},\"query-input\":{\"@type\":\"PropertyValueSpecification\",\"valueRequired\":true,\"valueName\":\"search_term_string\"}}],\"inLanguage\":\"es\"},{\"@type\":\"Organization\",\"@id\":\"https:\\\/\\\/e-leclerc.es\\\/soria\\\/#organization\",\"name\":\"E.Leclerc Soria\",\"alternateName\":\"Soriadis, S.L.\",\"url\":\"https:\\\/\\\/e-leclerc.es\\\/soria\\\/\",\"logo\":{\"@type\":\"ImageObject\",\"inLanguage\":\"es\",\"@id\":\"https:\\\/\\\/e-leclerc.es\\\/soria\\\/#\\\/schema\\\/logo\\\/image\\\/\",\"url\":\"https:\\\/\\\/e-leclerc.es\\\/soria\\\/wp-content\\\/uploads\\\/sites\\\/3\\\/2024\\\/05\\\/Logo_Soria-1.svg\",\"contentUrl\":\"https:\\\/\\\/e-leclerc.es\\\/soria\\\/wp-content\\\/uploads\\\/sites\\\/3\\\/2024\\\/05\\\/Logo_Soria-1.svg\",\"width\":100,\"height\":100,\"caption\":\"E.Leclerc Soria\"},\"image\":{\"@id\":\"https:\\\/\\\/e-leclerc.es\\\/soria\\\/#\\\/schema\\\/logo\\\/image\\\/\"},\"sameAs\":[\"https:\\\/\\\/www.facebook.com\\\/eleclercsoria?ref=hl\",\"https:\\\/\\\/x.com\\\/LeclercSoria\",\"https:\\\/\\\/www.instagram.com\\\/e.leclercsoria\\\/\"]}]}<\/script>\n<!-- \/ Yoast SEO plugin. -->","yoast_head_json":{"title":"Protege tu ahorro - E.Leclerc Soria","description":"Protege tu ahorro","robots":{"index":"index","follow":"follow","max-snippet":"max-snippet:-1","max-image-preview":"max-image-preview:large","max-video-preview":"max-video-preview:-1"},"canonical":"https:\/\/e-leclerc.es\/soria\/protege-tu-ahorro\/","og_locale":"es_ES","og_type":"article","og_title":"Protege tu ahorro - E.Leclerc Soria","og_description":"Protege tu ahorro","og_url":"https:\/\/e-leclerc.es\/soria\/protege-tu-ahorro\/","og_site_name":"E.Leclerc Soria","article_publisher":"https:\/\/www.facebook.com\/eleclercsoria?ref=hl","article_modified_time":"2025-02-05T10:58:58+00:00","og_image":[{"width":768,"height":768,"url":"https:\/\/e-leclerc.es\/soria\/wp-content\/uploads\/sites\/3\/2025\/02\/Foto-principal.png","type":"image\/png"}],"twitter_card":"summary_large_image","twitter_site":"@LeclercSoria","twitter_misc":{"Tiempo de lectura":"2 minutos"},"schema":{"@context":"https:\/\/schema.org","@graph":[{"@type":"WebPage","@id":"https:\/\/e-leclerc.es\/soria\/protege-tu-ahorro\/","url":"https:\/\/e-leclerc.es\/soria\/protege-tu-ahorro\/","name":"Protege tu ahorro - E.Leclerc Soria","isPartOf":{"@id":"https:\/\/e-leclerc.es\/soria\/#website"},"primaryImageOfPage":{"@id":"https:\/\/e-leclerc.es\/soria\/protege-tu-ahorro\/#primaryimage"},"image":{"@id":"https:\/\/e-leclerc.es\/soria\/protege-tu-ahorro\/#primaryimage"},"thumbnailUrl":"https:\/\/e-leclerc.es\/soria\/wp-content\/uploads\/sites\/3\/2025\/02\/Foto-principal-300x300.png","datePublished":"2025-02-04T11:26:36+00:00","dateModified":"2025-02-05T10:58:58+00:00","description":"Protege tu ahorro","breadcrumb":{"@id":"https:\/\/e-leclerc.es\/soria\/protege-tu-ahorro\/#breadcrumb"},"inLanguage":"es","potentialAction":[{"@type":"ReadAction","target":["https:\/\/e-leclerc.es\/soria\/protege-tu-ahorro\/"]}]},{"@type":"ImageObject","inLanguage":"es","@id":"https:\/\/e-leclerc.es\/soria\/protege-tu-ahorro\/#primaryimage","url":"https:\/\/e-leclerc.es\/soria\/wp-content\/uploads\/sites\/3\/2025\/02\/Foto-principal.png","contentUrl":"https:\/\/e-leclerc.es\/soria\/wp-content\/uploads\/sites\/3\/2025\/02\/Foto-principal.png","width":768,"height":768},{"@type":"BreadcrumbList","@id":"https:\/\/e-leclerc.es\/soria\/protege-tu-ahorro\/#breadcrumb","itemListElement":[{"@type":"ListItem","position":1,"name":"Portada","item":"https:\/\/e-leclerc.es\/soria\/"},{"@type":"ListItem","position":2,"name":"Protege tu ahorro"}]},{"@type":"WebSite","@id":"https:\/\/e-leclerc.es\/soria\/#website","url":"https:\/\/e-leclerc.es\/soria\/","name":"E.Leclerc Soria","description":"Descubre los folletos, ofertas y promociones de nuestro hipermercado E.Leclerc Soria en Castilla y Le\u00f3n. Direcci\u00f3n | Horario | Productos locales","publisher":{"@id":"https:\/\/e-leclerc.es\/soria\/#organization"},"alternateName":"E.Leclerc Soria","potentialAction":[{"@type":"SearchAction","target":{"@type":"EntryPoint","urlTemplate":"https:\/\/e-leclerc.es\/soria\/?s={search_term_string}"},"query-input":{"@type":"PropertyValueSpecification","valueRequired":true,"valueName":"search_term_string"}}],"inLanguage":"es"},{"@type":"Organization","@id":"https:\/\/e-leclerc.es\/soria\/#organization","name":"E.Leclerc Soria","alternateName":"Soriadis, S.L.","url":"https:\/\/e-leclerc.es\/soria\/","logo":{"@type":"ImageObject","inLanguage":"es","@id":"https:\/\/e-leclerc.es\/soria\/#\/schema\/logo\/image\/","url":"https:\/\/e-leclerc.es\/soria\/wp-content\/uploads\/sites\/3\/2024\/05\/Logo_Soria-1.svg","contentUrl":"https:\/\/e-leclerc.es\/soria\/wp-content\/uploads\/sites\/3\/2024\/05\/Logo_Soria-1.svg","width":100,"height":100,"caption":"E.Leclerc Soria"},"image":{"@id":"https:\/\/e-leclerc.es\/soria\/#\/schema\/logo\/image\/"},"sameAs":["https:\/\/www.facebook.com\/eleclercsoria?ref=hl","https:\/\/x.com\/LeclercSoria","https:\/\/www.instagram.com\/e.leclercsoria\/"]}]}},"_links":{"self":[{"href":"https:\/\/e-leclerc.es\/soria\/wp-json\/wp\/v2\/pages\/11093","targetHints":{"allow":["GET"]}}],"collection":[{"href":"https:\/\/e-leclerc.es\/soria\/wp-json\/wp\/v2\/pages"}],"about":[{"href":"https:\/\/e-leclerc.es\/soria\/wp-json\/wp\/v2\/types\/page"}],"author":[{"embeddable":true,"href":"https:\/\/e-leclerc.es\/soria\/wp-json\/wp\/v2\/users\/56"}],"replies":[{"embeddable":true,"href":"https:\/\/e-leclerc.es\/soria\/wp-json\/wp\/v2\/comments?post=11093"}],"version-history":[{"count":7,"href":"https:\/\/e-leclerc.es\/soria\/wp-json\/wp\/v2\/pages\/11093\/revisions"}],"predecessor-version":[{"id":11123,"href":"https:\/\/e-leclerc.es\/soria\/wp-json\/wp\/v2\/pages\/11093\/revisions\/11123"}],"wp:attachment":[{"href":"https:\/\/e-leclerc.es\/soria\/wp-json\/wp\/v2\/media?parent=11093"}],"curies":[{"name":"wp","href":"https:\/\/api.w.org\/{rel}","templated":true}]}}