{"id":11066,"date":"2025-02-03T11:27:46","date_gmt":"2025-02-03T10:27:46","guid":{"rendered":"https:\/\/www.e-leclerc.es\/soria\/?page_id=11066"},"modified":"2025-02-06T18:52:12","modified_gmt":"2025-02-06T17:52:12","slug":"pin","status":"publish","type":"page","link":"https:\/\/e-leclerc.es\/soria\/pin\/","title":{"rendered":"Protege tu ahorro con E.Leclerc"},"content":{"rendered":"\t\t<div data-elementor-type=\"wp-page\" data-elementor-id=\"11066\" class=\"elementor elementor-11066\" data-elementor-post-type=\"page\">\n\t\t\t\t<div class=\"elementor-element elementor-element-6a0a069 e-flex e-con-boxed e-con e-parent\" data-id=\"6a0a069\" data-element_type=\"container\" data-e-type=\"container\">\n\t\t\t\t\t<div class=\"e-con-inner\">\n\t\t<div class=\"elementor-element elementor-element-5e6f66a e-con-full e-flex e-con e-child\" data-id=\"5e6f66a\" data-element_type=\"container\" data-e-type=\"container\">\n\t\t\t\t<div class=\"elementor-element elementor-element-9be6c90 elementor-widget elementor-widget-button\" data-id=\"9be6c90\" data-element_type=\"widget\" data-e-type=\"widget\" data-widget_type=\"button.default\">\n\t\t\t\t<div class=\"elementor-widget-container\">\n\t\t\t\t\t\t\t\t\t<div class=\"elementor-button-wrapper\">\n\t\t\t\t\t<a class=\"elementor-button elementor-button-link elementor-size-sm\" href=\"https:\/\/e-leclerc.es\/soria\/tarjeta-e-leclerc\/\">\n\t\t\t\t\t\t<span class=\"elementor-button-content-wrapper\">\n\t\t\t\t\t\t<span class=\"elementor-button-icon\">\n\t\t\t\t<i aria-hidden=\"true\" class=\"fas fa-chevron-right\"><\/i>\t\t\t<\/span>\n\t\t\t\t\t\t\t\t\t<span class=\"elementor-button-text\">Inicio<\/span>\n\t\t\t\t\t<\/span>\n\t\t\t\t\t<\/a>\n\t\t\t\t<\/div>\n\t\t\t\t\t\t\t\t<\/div>\n\t\t\t\t<\/div>\n\t\t\t\t<div class=\"elementor-element elementor-element-e9efc70 elementor-widget elementor-widget-button\" data-id=\"e9efc70\" data-element_type=\"widget\" data-e-type=\"widget\" data-widget_type=\"button.default\">\n\t\t\t\t<div class=\"elementor-widget-container\">\n\t\t\t\t\t\t\t\t\t<div class=\"elementor-button-wrapper\">\n\t\t\t\t\t<a class=\"elementor-button elementor-button-link elementor-size-sm\" href=\"https:\/\/e-leclerc.es\/soria\/tarjeta-e-leclerc\/ventajas\/\">\n\t\t\t\t\t\t<span class=\"elementor-button-content-wrapper\">\n\t\t\t\t\t\t<span class=\"elementor-button-icon\">\n\t\t\t\t<i aria-hidden=\"true\" class=\"fas fa-chevron-right\"><\/i>\t\t\t<\/span>\n\t\t\t\t\t\t\t\t\t<span class=\"elementor-button-text\">Ventajas<\/span>\n\t\t\t\t\t<\/span>\n\t\t\t\t\t<\/a>\n\t\t\t\t<\/div>\n\t\t\t\t\t\t\t\t<\/div>\n\t\t\t\t<\/div>\n\t\t\t\t<div class=\"elementor-element elementor-element-cd33a47 elementor-widget elementor-widget-button\" data-id=\"cd33a47\" data-element_type=\"widget\" data-e-type=\"widget\" data-widget_type=\"button.default\">\n\t\t\t\t<div class=\"elementor-widget-container\">\n\t\t\t\t\t\t\t\t\t<div class=\"elementor-button-wrapper\">\n\t\t\t\t\t<a class=\"elementor-button elementor-button-link elementor-size-sm\" href=\"#inicio\">\n\t\t\t\t\t\t<span class=\"elementor-button-content-wrapper\">\n\t\t\t\t\t\t<span class=\"elementor-button-icon\">\n\t\t\t\t<i aria-hidden=\"true\" class=\"fas fa-chevron-right\"><\/i>\t\t\t<\/span>\n\t\t\t\t\t\t\t\t\t<span class=\"elementor-button-text\">Solicitar tarjeta<\/span>\n\t\t\t\t\t<\/span>\n\t\t\t\t\t<\/a>\n\t\t\t\t<\/div>\n\t\t\t\t\t\t\t\t<\/div>\n\t\t\t\t<\/div>\n\t\t\t\t<div class=\"elementor-element elementor-element-5b6c34e elementor-widget elementor-widget-button\" data-id=\"5b6c34e\" data-element_type=\"widget\" data-e-type=\"widget\" data-widget_type=\"button.default\">\n\t\t\t\t<div class=\"elementor-widget-container\">\n\t\t\t\t\t\t\t\t\t<div class=\"elementor-button-wrapper\">\n\t\t\t\t\t<a class=\"elementor-button elementor-button-link elementor-size-sm\" href=\"https:\/\/e-leclerc.es\/soria\/pin\/\">\n\t\t\t\t\t\t<span class=\"elementor-button-content-wrapper\">\n\t\t\t\t\t\t<span class=\"elementor-button-icon\">\n\t\t\t\t<i aria-hidden=\"true\" class=\"fas fa-chevron-down\"><\/i>\t\t\t<\/span>\n\t\t\t\t\t\t\t\t\t<span class=\"elementor-button-text\">Protege tu ahorro<\/span>\n\t\t\t\t\t<\/span>\n\t\t\t\t\t<\/a>\n\t\t\t\t<\/div>\n\t\t\t\t\t\t\t\t<\/div>\n\t\t\t\t<\/div>\n\t\t\t\t<div class=\"elementor-element elementor-element-c3b7899 elementor-widget elementor-widget-button\" data-id=\"c3b7899\" data-element_type=\"widget\" data-e-type=\"widget\" data-widget_type=\"button.default\">\n\t\t\t\t<div class=\"elementor-widget-container\">\n\t\t\t\t\t\t\t\t\t<div class=\"elementor-button-wrapper\">\n\t\t\t\t\t<a class=\"elementor-button elementor-button-link elementor-size-sm\" href=\"https:\/\/e-leclerc.es\/soria\/preguntas-frecuentes\/\">\n\t\t\t\t\t\t<span class=\"elementor-button-content-wrapper\">\n\t\t\t\t\t\t<span class=\"elementor-button-icon\">\n\t\t\t\t<i aria-hidden=\"true\" class=\"fas fa-chevron-right\"><\/i>\t\t\t<\/span>\n\t\t\t\t\t\t\t\t\t<span class=\"elementor-button-text\">Preguntas frecuentes<\/span>\n\t\t\t\t\t<\/span>\n\t\t\t\t\t<\/a>\n\t\t\t\t<\/div>\n\t\t\t\t\t\t\t\t<\/div>\n\t\t\t\t<\/div>\n\t\t\t\t<div class=\"elementor-element elementor-element-19340ea elementor-hidden-widescreen elementor-hidden-desktop elementor-widget elementor-widget-button\" data-id=\"19340ea\" data-element_type=\"widget\" data-e-type=\"widget\" data-widget_type=\"button.default\">\n\t\t\t\t<div class=\"elementor-widget-container\">\n\t\t\t\t\t\t\t\t\t<div class=\"elementor-button-wrapper\">\n\t\t\t\t\t<a class=\"elementor-button elementor-button-link elementor-size-sm\" href=\"https:\/\/e-leclerc.es\/soria\/tarjeta-e-leclerc\/mi-tarjeta\/\">\n\t\t\t\t\t\t<span class=\"elementor-button-content-wrapper\">\n\t\t\t\t\t\t<span class=\"elementor-button-icon\">\n\t\t\t\t<i aria-hidden=\"true\" class=\"fas fa-chevron-right\"><\/i>\t\t\t<\/span>\n\t\t\t\t\t\t\t\t\t<span class=\"elementor-button-text\">Mi tarjeta<\/span>\n\t\t\t\t\t<\/span>\n\t\t\t\t\t<\/a>\n\t\t\t\t<\/div>\n\t\t\t\t\t\t\t\t<\/div>\n\t\t\t\t<\/div>\n\t\t\t\t<\/div>\n\t\t\t\t\t<\/div>\n\t\t\t\t<\/div>\n\t\t<div class=\"elementor-element elementor-element-71aaaddd e-flex e-con-boxed e-con e-parent\" data-id=\"71aaaddd\" data-element_type=\"container\" data-e-type=\"container\">\n\t\t\t\t\t<div class=\"e-con-inner\">\n\t\t\t\t<div class=\"elementor-element elementor-element-1533ab5a elementor-widget elementor-widget-text-editor\" data-id=\"1533ab5a\" data-element_type=\"widget\" data-e-type=\"widget\" data-widget_type=\"text-editor.default\">\n\t\t\t\t<div class=\"elementor-widget-container\">\n\t\t\t\t\t\t\t\t\t<div class=\"wp-block-image\">\n<figure class=\"aligncenter size-medium\"><img fetchpriority=\"high\" decoding=\"async\" width=\"300\" height=\"194\" class=\"wp-image-11061\" src=\"https:\/\/e-leclerc.es\/soria\/wp-content\/uploads\/sites\/3\/2025\/02\/pin-1-300x194.png\" alt=\"\" srcset=\"https:\/\/e-leclerc.es\/soria\/wp-content\/uploads\/sites\/3\/2025\/02\/pin-1-300x194.png 300w, https:\/\/e-leclerc.es\/soria\/wp-content\/uploads\/sites\/3\/2025\/02\/pin-1-1024x661.png 1024w, https:\/\/e-leclerc.es\/soria\/wp-content\/uploads\/sites\/3\/2025\/02\/pin-1-768x496.png 768w, https:\/\/e-leclerc.es\/soria\/wp-content\/uploads\/sites\/3\/2025\/02\/pin-1.png 1200w\" sizes=\"(max-width: 300px) 100vw, 300px\" \/><\/figure>\n<\/div>\n<p>A partir del <strong>17 de marzo<\/strong>, ser\u00e1 obligatorio utilizar un <strong>PIN<\/strong> para realizar cualquier operaci\u00f3n con tu tarjeta E.Leclerc. Este cambio busca proteger tu dinero y brindarte mayor tranquilidad.<\/p>\n\n<div class=\"wp-block-columns is-layout-flex wp-container-core-columns-is-layout-9d6595d7 wp-block-columns-is-layout-flex\">\n<div class=\"wp-block-column is-layout-flow wp-block-column-is-layout-flow\" style=\"flex-basis: 33.33%\"><div class=\"wp-block-image\">\n<figure class=\"aligncenter size-medium\"><img decoding=\"async\" width=\"300\" height=\"195\" class=\"wp-image-11064\" src=\"https:\/\/e-leclerc.es\/soria\/wp-content\/uploads\/sites\/3\/2025\/02\/pin-xq-300x195.png\" alt=\"\" srcset=\"https:\/\/e-leclerc.es\/soria\/wp-content\/uploads\/sites\/3\/2025\/02\/pin-xq-300x195.png 300w, https:\/\/e-leclerc.es\/soria\/wp-content\/uploads\/sites\/3\/2025\/02\/pin-xq-768x500.png 768w, https:\/\/e-leclerc.es\/soria\/wp-content\/uploads\/sites\/3\/2025\/02\/pin-xq.png 800w\" sizes=\"(max-width: 300px) 100vw, 300px\" \/><\/figure>\n<\/div><\/div>\n\n<div class=\"wp-block-column is-layout-flow wp-block-column-is-layout-flow\" style=\"flex-basis: 66.66%\">\n<p>El <strong>PIN<\/strong> es una medida de seguridad adicional que te ayuda a proteger tu dinero en caso de p\u00e9rdida o robo de tu tarjeta. Solo t\u00fa podr\u00e1s realizar transacciones con tu tarjeta, reduciendo el riesgo de fraude.<\/p>\n\n<ul class=\"wp-block-list\">\n<li><strong>Mayor seguridad:<\/strong> Reduce el riesgo de uso no autorizado de tu tarjeta.<\/li>\n\n<li><strong>Prevenci\u00f3n de fraudes:<\/strong> Protege tu dinero en caso de p\u00e9rdida o robo de tu tarjeta.<\/li>\n\n<li><strong>Tranquilidad:<\/strong> Realiza tus compras con confianza.<\/li>\n<\/ul>\n<\/div>\n<\/div>\n\n<div class=\"wp-block-columns is-layout-flex wp-container-core-columns-is-layout-9d6595d7 wp-block-columns-is-layout-flex\">\n<div class=\"wp-block-column is-layout-flow wp-block-column-is-layout-flow\" style=\"flex-basis: 33.33%\"><div class=\"wp-block-image\">\n<figure class=\"aligncenter size-medium\"><img decoding=\"async\" width=\"300\" height=\"212\" class=\"wp-image-11072\" src=\"https:\/\/e-leclerc.es\/soria\/wp-content\/uploads\/sites\/3\/2025\/02\/PIN-como2-300x212.png\" alt=\"\" srcset=\"https:\/\/e-leclerc.es\/soria\/wp-content\/uploads\/sites\/3\/2025\/02\/PIN-como2-300x212.png 300w, https:\/\/e-leclerc.es\/soria\/wp-content\/uploads\/sites\/3\/2025\/02\/PIN-como2-768x542.png 768w, https:\/\/e-leclerc.es\/soria\/wp-content\/uploads\/sites\/3\/2025\/02\/PIN-como2.png 800w\" sizes=\"(max-width: 300px) 100vw, 300px\" \/><\/figure>\n<\/div><\/div>\n\n<div class=\"wp-block-column is-layout-flow wp-block-column-is-layout-flow\" style=\"flex-basis: 66.66%\">\n<p>Si a\u00fan no tienes un <strong>PIN<\/strong>, ac\u00e9rcate a cualquier <strong>punto de informaci\u00f3n de E.Leclerc<\/strong>. Nuestro equipo te ayudar\u00e1 a configurarlo de manera r\u00e1pida y segura.<\/p>\n\n<p>Para garantizar tu seguridad, evita usar combinaciones obvias como fechas de nacimiento, n\u00fameros de tel\u00e9fono o secuencias f\u00e1ciles de adivinar. Elige un PIN f\u00e1cil de recordar para ti, pero dif\u00edcil de adivinar para otros.<\/p>\n<\/div>\n<\/div>\n\n<div class=\"wp-block-columns is-layout-flex wp-container-core-columns-is-layout-9d6595d7 wp-block-columns-is-layout-flex\">\n<div class=\"wp-block-column is-layout-flow wp-block-column-is-layout-flow\" style=\"flex-basis: 33.33%\"><div class=\"wp-block-image\">\n<figure class=\"aligncenter size-medium\"><img loading=\"lazy\" decoding=\"async\" width=\"300\" height=\"224\" class=\"wp-image-11062\" src=\"https:\/\/e-leclerc.es\/soria\/wp-content\/uploads\/sites\/3\/2025\/02\/PIN-cuando-300x224.png\" alt=\"\" srcset=\"https:\/\/e-leclerc.es\/soria\/wp-content\/uploads\/sites\/3\/2025\/02\/PIN-cuando-300x224.png 300w, https:\/\/e-leclerc.es\/soria\/wp-content\/uploads\/sites\/3\/2025\/02\/PIN-cuando-768x574.png 768w, https:\/\/e-leclerc.es\/soria\/wp-content\/uploads\/sites\/3\/2025\/02\/PIN-cuando.png 800w\" sizes=\"(max-width: 300px) 100vw, 300px\" \/><\/figure>\n<\/div><\/div>\n\n<div class=\"wp-block-column is-layout-flow wp-block-column-is-layout-flow\" style=\"flex-basis: 66.66%\">\n<p>A partir del 4 de febrero, te esperamos en el <strong>punto de informaci\u00f3n de tu tienda E.Leclerc<\/strong>. Nuestro equipo estar\u00e1 encantado de ayudarte a poner un PIN a tu tarjeta.<\/p>\n\n<p>A partir del 17 de marzo, el uso del PIN ser\u00e1 obligatorio para descontar tu ahorro acumulado de tu tarjeta.<\/p>\n<\/div>\n<\/div>\n\n<p>\u00a1Protege tu ahorro con un PIN! Comparte esta informaci\u00f3n con tus amigos y familiares para que tambi\u00e9n est\u00e9n preparados para este cambio.<\/p>\n\n<p>Gracias por tu confianza en <strong>E.Leclerc<\/strong>.<\/p>\n\n<p>\u00a0<\/p>\n\t\t\t\t\t\t\t\t<\/div>\n\t\t\t\t<\/div>\n\t\t\t\t\t<\/div>\n\t\t\t\t<\/div>\n\t\t\t\t<\/div>\n\t\t","protected":false},"excerpt":{"rendered":"<p>Inicio Ventajas Solicitar tarjeta Protege tu ahorro Preguntas frecuentes Mi tarjeta A partir del 17 de marzo, ser\u00e1 obligatorio utilizar un PIN para realizar cualquier operaci\u00f3n con tu tarjeta E.Leclerc. Este cambio busca proteger tu dinero y brindarte mayor tranquilidad. El PIN es una medida de seguridad adicional que te ayuda a proteger tu dinero [&hellip;]<\/p>\n","protected":false},"author":36,"featured_media":0,"parent":0,"menu_order":0,"comment_status":"closed","ping_status":"closed","template":"","meta":{"_acf_changed":false,"footnotes":""},"class_list":["post-11066","page","type-page","status-publish","hentry"],"acf":[],"yoast_head":"<!-- This site is optimized with the Yoast SEO plugin v27.4 - https:\/\/yoast.com\/product\/yoast-seo-wordpress\/ -->\n<title>Protege tu ahorro con E.Leclerc - E.Leclerc Soria<\/title>\n<meta name=\"robots\" content=\"index, follow, max-snippet:-1, max-image-preview:large, max-video-preview:-1\" \/>\n<link rel=\"canonical\" href=\"https:\/\/e-leclerc.es\/soria\/pin\/\" \/>\n<meta property=\"og:locale\" content=\"es_ES\" \/>\n<meta property=\"og:type\" content=\"article\" \/>\n<meta property=\"og:title\" content=\"Protege tu ahorro con E.Leclerc - E.Leclerc Soria\" \/>\n<meta property=\"og:description\" content=\"Inicio Ventajas Solicitar tarjeta Protege tu ahorro Preguntas frecuentes Mi tarjeta A partir del 17 de marzo, ser\u00e1 obligatorio utilizar un PIN para realizar cualquier operaci\u00f3n con tu tarjeta E.Leclerc. Este cambio busca proteger tu dinero y brindarte mayor tranquilidad. El PIN es una medida de seguridad adicional que te ayuda a proteger tu dinero [&hellip;]\" \/>\n<meta property=\"og:url\" content=\"https:\/\/e-leclerc.es\/soria\/pin\/\" \/>\n<meta property=\"og:site_name\" content=\"E.Leclerc Soria\" \/>\n<meta property=\"article:publisher\" content=\"https:\/\/www.facebook.com\/eleclercsoria?ref=hl\" \/>\n<meta property=\"article:modified_time\" content=\"2025-02-06T17:52:12+00:00\" \/>\n<meta property=\"og:image\" content=\"https:\/\/e-leclerc.es\/soria\/wp-content\/uploads\/sites\/3\/2025\/02\/pin-1.png\" \/>\n\t<meta property=\"og:image:width\" content=\"1200\" \/>\n\t<meta property=\"og:image:height\" content=\"775\" \/>\n\t<meta property=\"og:image:type\" content=\"image\/png\" \/>\n<meta name=\"twitter:card\" content=\"summary_large_image\" \/>\n<meta name=\"twitter:site\" content=\"@LeclercSoria\" \/>\n<meta name=\"twitter:label1\" content=\"Tiempo de lectura\" \/>\n\t<meta name=\"twitter:data1\" content=\"2 minutos\" \/>\n<script type=\"application\/ld+json\" class=\"yoast-schema-graph\">{\"@context\":\"https:\\\/\\\/schema.org\",\"@graph\":[{\"@type\":\"WebPage\",\"@id\":\"https:\\\/\\\/e-leclerc.es\\\/soria\\\/pin\\\/\",\"url\":\"https:\\\/\\\/e-leclerc.es\\\/soria\\\/pin\\\/\",\"name\":\"Protege tu ahorro con E.Leclerc - E.Leclerc Soria\",\"isPartOf\":{\"@id\":\"https:\\\/\\\/e-leclerc.es\\\/soria\\\/#website\"},\"primaryImageOfPage\":{\"@id\":\"https:\\\/\\\/e-leclerc.es\\\/soria\\\/pin\\\/#primaryimage\"},\"image\":{\"@id\":\"https:\\\/\\\/e-leclerc.es\\\/soria\\\/pin\\\/#primaryimage\"},\"thumbnailUrl\":\"https:\\\/\\\/e-leclerc.es\\\/soria\\\/wp-content\\\/uploads\\\/sites\\\/3\\\/2025\\\/02\\\/pin-1-300x194.png\",\"datePublished\":\"2025-02-03T10:27:46+00:00\",\"dateModified\":\"2025-02-06T17:52:12+00:00\",\"breadcrumb\":{\"@id\":\"https:\\\/\\\/e-leclerc.es\\\/soria\\\/pin\\\/#breadcrumb\"},\"inLanguage\":\"es\",\"potentialAction\":[{\"@type\":\"ReadAction\",\"target\":[\"https:\\\/\\\/e-leclerc.es\\\/soria\\\/pin\\\/\"]}]},{\"@type\":\"ImageObject\",\"inLanguage\":\"es\",\"@id\":\"https:\\\/\\\/e-leclerc.es\\\/soria\\\/pin\\\/#primaryimage\",\"url\":\"https:\\\/\\\/e-leclerc.es\\\/soria\\\/wp-content\\\/uploads\\\/sites\\\/3\\\/2025\\\/02\\\/pin-1.png\",\"contentUrl\":\"https:\\\/\\\/e-leclerc.es\\\/soria\\\/wp-content\\\/uploads\\\/sites\\\/3\\\/2025\\\/02\\\/pin-1.png\",\"width\":1200,\"height\":775},{\"@type\":\"BreadcrumbList\",\"@id\":\"https:\\\/\\\/e-leclerc.es\\\/soria\\\/pin\\\/#breadcrumb\",\"itemListElement\":[{\"@type\":\"ListItem\",\"position\":1,\"name\":\"Portada\",\"item\":\"https:\\\/\\\/e-leclerc.es\\\/soria\\\/\"},{\"@type\":\"ListItem\",\"position\":2,\"name\":\"Protege tu ahorro con E.Leclerc\"}]},{\"@type\":\"WebSite\",\"@id\":\"https:\\\/\\\/e-leclerc.es\\\/soria\\\/#website\",\"url\":\"https:\\\/\\\/e-leclerc.es\\\/soria\\\/\",\"name\":\"E.Leclerc Soria\",\"description\":\"Descubre los folletos, ofertas y promociones de nuestro hipermercado E.Leclerc Soria en Castilla y Le\u00f3n. Direcci\u00f3n | Horario | Productos locales\",\"publisher\":{\"@id\":\"https:\\\/\\\/e-leclerc.es\\\/soria\\\/#organization\"},\"alternateName\":\"E.Leclerc Soria\",\"potentialAction\":[{\"@type\":\"SearchAction\",\"target\":{\"@type\":\"EntryPoint\",\"urlTemplate\":\"https:\\\/\\\/e-leclerc.es\\\/soria\\\/?s={search_term_string}\"},\"query-input\":{\"@type\":\"PropertyValueSpecification\",\"valueRequired\":true,\"valueName\":\"search_term_string\"}}],\"inLanguage\":\"es\"},{\"@type\":\"Organization\",\"@id\":\"https:\\\/\\\/e-leclerc.es\\\/soria\\\/#organization\",\"name\":\"E.Leclerc Soria\",\"alternateName\":\"Soriadis, S.L.\",\"url\":\"https:\\\/\\\/e-leclerc.es\\\/soria\\\/\",\"logo\":{\"@type\":\"ImageObject\",\"inLanguage\":\"es\",\"@id\":\"https:\\\/\\\/e-leclerc.es\\\/soria\\\/#\\\/schema\\\/logo\\\/image\\\/\",\"url\":\"https:\\\/\\\/e-leclerc.es\\\/soria\\\/wp-content\\\/uploads\\\/sites\\\/3\\\/2024\\\/05\\\/Logo_Soria-1.svg\",\"contentUrl\":\"https:\\\/\\\/e-leclerc.es\\\/soria\\\/wp-content\\\/uploads\\\/sites\\\/3\\\/2024\\\/05\\\/Logo_Soria-1.svg\",\"width\":100,\"height\":100,\"caption\":\"E.Leclerc Soria\"},\"image\":{\"@id\":\"https:\\\/\\\/e-leclerc.es\\\/soria\\\/#\\\/schema\\\/logo\\\/image\\\/\"},\"sameAs\":[\"https:\\\/\\\/www.facebook.com\\\/eleclercsoria?ref=hl\",\"https:\\\/\\\/x.com\\\/LeclercSoria\",\"https:\\\/\\\/www.instagram.com\\\/e.leclercsoria\\\/\"]}]}<\/script>\n<!-- \/ Yoast SEO plugin. -->","yoast_head_json":{"title":"Protege tu ahorro con E.Leclerc - E.Leclerc Soria","robots":{"index":"index","follow":"follow","max-snippet":"max-snippet:-1","max-image-preview":"max-image-preview:large","max-video-preview":"max-video-preview:-1"},"canonical":"https:\/\/e-leclerc.es\/soria\/pin\/","og_locale":"es_ES","og_type":"article","og_title":"Protege tu ahorro con E.Leclerc - E.Leclerc Soria","og_description":"Inicio Ventajas Solicitar tarjeta Protege tu ahorro Preguntas frecuentes Mi tarjeta A partir del 17 de marzo, ser\u00e1 obligatorio utilizar un PIN para realizar cualquier operaci\u00f3n con tu tarjeta E.Leclerc. Este cambio busca proteger tu dinero y brindarte mayor tranquilidad. El PIN es una medida de seguridad adicional que te ayuda a proteger tu dinero [&hellip;]","og_url":"https:\/\/e-leclerc.es\/soria\/pin\/","og_site_name":"E.Leclerc Soria","article_publisher":"https:\/\/www.facebook.com\/eleclercsoria?ref=hl","article_modified_time":"2025-02-06T17:52:12+00:00","og_image":[{"width":1200,"height":775,"url":"https:\/\/e-leclerc.es\/soria\/wp-content\/uploads\/sites\/3\/2025\/02\/pin-1.png","type":"image\/png"}],"twitter_card":"summary_large_image","twitter_site":"@LeclercSoria","twitter_misc":{"Tiempo de lectura":"2 minutos"},"schema":{"@context":"https:\/\/schema.org","@graph":[{"@type":"WebPage","@id":"https:\/\/e-leclerc.es\/soria\/pin\/","url":"https:\/\/e-leclerc.es\/soria\/pin\/","name":"Protege tu ahorro con E.Leclerc - E.Leclerc Soria","isPartOf":{"@id":"https:\/\/e-leclerc.es\/soria\/#website"},"primaryImageOfPage":{"@id":"https:\/\/e-leclerc.es\/soria\/pin\/#primaryimage"},"image":{"@id":"https:\/\/e-leclerc.es\/soria\/pin\/#primaryimage"},"thumbnailUrl":"https:\/\/e-leclerc.es\/soria\/wp-content\/uploads\/sites\/3\/2025\/02\/pin-1-300x194.png","datePublished":"2025-02-03T10:27:46+00:00","dateModified":"2025-02-06T17:52:12+00:00","breadcrumb":{"@id":"https:\/\/e-leclerc.es\/soria\/pin\/#breadcrumb"},"inLanguage":"es","potentialAction":[{"@type":"ReadAction","target":["https:\/\/e-leclerc.es\/soria\/pin\/"]}]},{"@type":"ImageObject","inLanguage":"es","@id":"https:\/\/e-leclerc.es\/soria\/pin\/#primaryimage","url":"https:\/\/e-leclerc.es\/soria\/wp-content\/uploads\/sites\/3\/2025\/02\/pin-1.png","contentUrl":"https:\/\/e-leclerc.es\/soria\/wp-content\/uploads\/sites\/3\/2025\/02\/pin-1.png","width":1200,"height":775},{"@type":"BreadcrumbList","@id":"https:\/\/e-leclerc.es\/soria\/pin\/#breadcrumb","itemListElement":[{"@type":"ListItem","position":1,"name":"Portada","item":"https:\/\/e-leclerc.es\/soria\/"},{"@type":"ListItem","position":2,"name":"Protege tu ahorro con E.Leclerc"}]},{"@type":"WebSite","@id":"https:\/\/e-leclerc.es\/soria\/#website","url":"https:\/\/e-leclerc.es\/soria\/","name":"E.Leclerc Soria","description":"Descubre los folletos, ofertas y promociones de nuestro hipermercado E.Leclerc Soria en Castilla y Le\u00f3n. Direcci\u00f3n | Horario | Productos locales","publisher":{"@id":"https:\/\/e-leclerc.es\/soria\/#organization"},"alternateName":"E.Leclerc Soria","potentialAction":[{"@type":"SearchAction","target":{"@type":"EntryPoint","urlTemplate":"https:\/\/e-leclerc.es\/soria\/?s={search_term_string}"},"query-input":{"@type":"PropertyValueSpecification","valueRequired":true,"valueName":"search_term_string"}}],"inLanguage":"es"},{"@type":"Organization","@id":"https:\/\/e-leclerc.es\/soria\/#organization","name":"E.Leclerc Soria","alternateName":"Soriadis, S.L.","url":"https:\/\/e-leclerc.es\/soria\/","logo":{"@type":"ImageObject","inLanguage":"es","@id":"https:\/\/e-leclerc.es\/soria\/#\/schema\/logo\/image\/","url":"https:\/\/e-leclerc.es\/soria\/wp-content\/uploads\/sites\/3\/2024\/05\/Logo_Soria-1.svg","contentUrl":"https:\/\/e-leclerc.es\/soria\/wp-content\/uploads\/sites\/3\/2024\/05\/Logo_Soria-1.svg","width":100,"height":100,"caption":"E.Leclerc Soria"},"image":{"@id":"https:\/\/e-leclerc.es\/soria\/#\/schema\/logo\/image\/"},"sameAs":["https:\/\/www.facebook.com\/eleclercsoria?ref=hl","https:\/\/x.com\/LeclercSoria","https:\/\/www.instagram.com\/e.leclercsoria\/"]}]}},"_links":{"self":[{"href":"https:\/\/e-leclerc.es\/soria\/wp-json\/wp\/v2\/pages\/11066","targetHints":{"allow":["GET"]}}],"collection":[{"href":"https:\/\/e-leclerc.es\/soria\/wp-json\/wp\/v2\/pages"}],"about":[{"href":"https:\/\/e-leclerc.es\/soria\/wp-json\/wp\/v2\/types\/page"}],"author":[{"embeddable":true,"href":"https:\/\/e-leclerc.es\/soria\/wp-json\/wp\/v2\/users\/36"}],"replies":[{"embeddable":true,"href":"https:\/\/e-leclerc.es\/soria\/wp-json\/wp\/v2\/comments?post=11066"}],"version-history":[{"count":13,"href":"https:\/\/e-leclerc.es\/soria\/wp-json\/wp\/v2\/pages\/11066\/revisions"}],"predecessor-version":[{"id":11162,"href":"https:\/\/e-leclerc.es\/soria\/wp-json\/wp\/v2\/pages\/11066\/revisions\/11162"}],"wp:attachment":[{"href":"https:\/\/e-leclerc.es\/soria\/wp-json\/wp\/v2\/media?parent=11066"}],"curies":[{"name":"wp","href":"https:\/\/api.w.org\/{rel}","templated":true}]}}