{"id":10923,"date":"2024-12-31T08:42:00","date_gmt":"2024-12-31T07:42:00","guid":{"rendered":"https:\/\/www.e-leclerc.es\/soria\/?page_id=10923"},"modified":"2024-12-31T08:42:01","modified_gmt":"2024-12-31T07:42:01","slug":"ganadores-del-sorteo-100-cestas-de-navidad","status":"publish","type":"page","link":"https:\/\/e-leclerc.es\/soria\/ganadores-del-sorteo-100-cestas-de-navidad\/","title":{"rendered":"Ganadores del Sorteo \u00ab100 Cestas De Navidad\u00bb"},"content":{"rendered":"\n<h2 class=\"wp-block-heading\">En Hipermercado, Drive y Supermercados E.LECLERC SORIA<\/h2>\n\n\n\n<div class=\"wp-block-columns is-layout-flex wp-container-core-columns-is-layout-9d6595d7 wp-block-columns-is-layout-flex\">\n<div class=\"wp-block-column is-layout-flow wp-block-column-is-layout-flow\" style=\"flex-basis:100%\">\n<figure class=\"wp-block-table\"><table class=\"has-fixed-layout\"><thead><tr><th>Ganadores<\/th><th class=\"has-text-align-left\" data-align=\"left\">Ganadores<\/th><\/tr><\/thead><tbody><tr><td><strong>Hipermercado<\/strong><\/td><td class=\"has-text-align-left\" data-align=\"left\"><strong>Hipermercado<\/strong><\/td><\/tr><tr><td>1<\/td><td class=\"has-text-align-left\" data-align=\"left\">Pascual Soriano S\u00e1nchez<\/td><\/tr><tr><td>2<\/td><td class=\"has-text-align-left\" data-align=\"left\">Ana Bel\u00e9n Rodr\u00edguez<\/td><\/tr><tr><td>3<\/td><td class=\"has-text-align-left\" data-align=\"left\">Chelo S\u00e1enz Mart\u00ednez<\/td><\/tr><tr><td>4<\/td><td class=\"has-text-align-left\" data-align=\"left\">Bel\u00e9n Andr\u00e9s Ayuso<\/td><\/tr><tr><td>5<\/td><td class=\"has-text-align-left\" data-align=\"left\">Pilar Mart\u00ednez Rangil<\/td><\/tr><tr><td>6<\/td><td class=\"has-text-align-left\" data-align=\"left\">Pedro Jos\u00e9 Soriano S\u00e1nchez<\/td><\/tr><tr><td>7<\/td><td class=\"has-text-align-left\" data-align=\"left\">C\u00e1ndido Tabernero Artano<\/td><\/tr><tr><td>8<\/td><td class=\"has-text-align-left\" data-align=\"left\">Antonio Mill\u00f3n L\u00f3pez<\/td><\/tr><tr><td>9<\/td><td class=\"has-text-align-left\" data-align=\"left\">Montserrat Duro Escribano<\/td><\/tr><tr><td>10<\/td><td class=\"has-text-align-left\" data-align=\"left\">Ana M\u00aa Gonzalo Uriel<\/td><\/tr><tr><td>11<\/td><td class=\"has-text-align-left\" data-align=\"left\">Sheila Fern\u00e1ndez Herrero<\/td><\/tr><tr><td>12<\/td><td class=\"has-text-align-left\" data-align=\"left\">Amparo Andr\u00e9s Izquierdo<\/td><\/tr><tr><td>13<\/td><td class=\"has-text-align-left\" data-align=\"left\">Vanesa Vel\u00e1zquez<\/td><\/tr><tr><td>14<\/td><td class=\"has-text-align-left\" data-align=\"left\">Ana Isabel Ortega Gonzalo<\/td><\/tr><tr><td>15<\/td><td class=\"has-text-align-left\" data-align=\"left\">Lourdes Ramon Jim\u00e9nez<\/td><\/tr><tr><td>16<\/td><td class=\"has-text-align-left\" data-align=\"left\">M\u00aa Teresa Gomez Ventosa<\/td><\/tr><tr><td>17<\/td><td class=\"has-text-align-left\" data-align=\"left\">Inmaculada Arche Romero<\/td><\/tr><tr><td>18<\/td><td class=\"has-text-align-left\" data-align=\"left\">M\u00aa Jos\u00e9 Neila G\u00f3mez<\/td><\/tr><tr><td>19<\/td><td class=\"has-text-align-left\" data-align=\"left\">\u00c1lvaro Borobio Muela<\/td><\/tr><tr><td>20<\/td><td class=\"has-text-align-left\" data-align=\"left\">Mar\u00eda L\u00f3pez Verde<\/td><\/tr><tr><td>21<\/td><td class=\"has-text-align-left\" data-align=\"left\">M\u00aa del Mar G\u00f3mez Ruiz<\/td><\/tr><tr><td>22<\/td><td class=\"has-text-align-left\" data-align=\"left\">Martin Gallardo Gregorio<\/td><\/tr><tr><td>23<\/td><td class=\"has-text-align-left\" data-align=\"left\">M\u00aa In\u00e9s Rodr\u00edguez G\u00f3mez<\/td><\/tr><tr><td>24<\/td><td class=\"has-text-align-left\" data-align=\"left\">Minerva Garc\u00eda Fern\u00e1ndez<\/td><\/tr><tr><td>25<\/td><td class=\"has-text-align-left\" data-align=\"left\">Jessica Rodrigo Castellano<\/td><\/tr><tr><td>26<\/td><td class=\"has-text-align-left\" data-align=\"left\">Esperanza Delgado del Barrio<\/td><\/tr><tr><td>27<\/td><td class=\"has-text-align-left\" data-align=\"left\">In\u00e9s G\u00f3mez D\u00edez<\/td><\/tr><tr><td>28<\/td><td class=\"has-text-align-left\" data-align=\"left\">Rub\u00e9n P\u00e9rez Modrego<\/td><\/tr><tr><td>29<\/td><td class=\"has-text-align-left\" data-align=\"left\">Raquel Revilla Ruiz<\/td><\/tr><tr><td>30<\/td><td class=\"has-text-align-left\" data-align=\"left\">Jos\u00e9 Luis Rodr\u00edguez Marcos<\/td><\/tr><tr><td>31<\/td><td class=\"has-text-align-left\" data-align=\"left\">Erica Garc\u00eda Fond\u00f3n<\/td><\/tr><tr><td>32<\/td><td class=\"has-text-align-left\" data-align=\"left\">Felipe Ar\u00e9valo Garc\u00eda<\/td><\/tr><tr><td>33<\/td><td class=\"has-text-align-left\" data-align=\"left\">M\u00aa Elena Casado Mart\u00ednez<\/td><\/tr><tr><td>34<\/td><td class=\"has-text-align-left\" data-align=\"left\">Laura Cabrerizo Perlado<\/td><\/tr><tr><td>35<\/td><td class=\"has-text-align-left\" data-align=\"left\">\u00c1lvaro Mar\u00edn \u00c1lvaro<\/td><\/tr><tr><td>36<\/td><td class=\"has-text-align-left\" data-align=\"left\">Roberto Rega\u00f1o Jim\u00e9nez<\/td><\/tr><tr><td>37<\/td><td class=\"has-text-align-left\" data-align=\"left\">M\u00aa Jes\u00fas Del R\u00edo Mayor<\/td><\/tr><tr><td>38<\/td><td class=\"has-text-align-left\" data-align=\"left\">Aurelio Barrera Aza<\/td><\/tr><tr><td>39<\/td><td class=\"has-text-align-left\" data-align=\"left\">Javier Benito Agudiez<\/td><\/tr><tr><td>40<\/td><td class=\"has-text-align-left\" data-align=\"left\">H\u00e9ctor Modrego Gallego<\/td><\/tr><tr><td>41<\/td><td class=\"has-text-align-left\" data-align=\"left\">M\u00aa Luisa Tejedor Torrecilla<\/td><\/tr><tr><td>42<\/td><td class=\"has-text-align-left\" data-align=\"left\">Javier Jim\u00e9nez Serantes<\/td><\/tr><tr><td>43<\/td><td class=\"has-text-align-left\" data-align=\"left\">Sara Vera Asensio<\/td><\/tr><tr><td>44<\/td><td class=\"has-text-align-left\" data-align=\"left\">Mar\u00eda Gonz\u00e1lez L\u00f3pez<\/td><\/tr><tr><td>45<\/td><td class=\"has-text-align-left\" data-align=\"left\">Carmelo Mart\u00ednez P\u00e9rez<\/td><\/tr><tr><td>46<\/td><td class=\"has-text-align-left\" data-align=\"left\">Marta Hernansanz Barranco<\/td><\/tr><tr><td>47<\/td><td class=\"has-text-align-left\" data-align=\"left\">Javier Jim\u00e9nez S\u00e1nchez<\/td><\/tr><tr><td>48<\/td><td class=\"has-text-align-left\" data-align=\"left\">Ra\u00fal Tejedor D\u00edez<\/td><\/tr><tr><td>49<\/td><td class=\"has-text-align-left\" data-align=\"left\">Ana M\u00aa Moreno Ortega<\/td><\/tr><tr><td>50<\/td><td class=\"has-text-align-left\" data-align=\"left\">Jos\u00e9 M\u00aa L\u00f3pez Escalada<\/td><\/tr><tr><td>51<\/td><td class=\"has-text-align-left\" data-align=\"left\">David Velosillo Bosque<\/td><\/tr><tr><td>52<\/td><td class=\"has-text-align-left\" data-align=\"left\">Jes\u00fas Mart\u00ednez Cabrerizo<\/td><\/tr><tr><td>53<\/td><td class=\"has-text-align-left\" data-align=\"left\">Margarita De Pedro Mediavila<\/td><\/tr><tr><td>54<\/td><td class=\"has-text-align-left\" data-align=\"left\">Isabel Aranda G\u00f3mez<\/td><\/tr><tr><td>55<\/td><td class=\"has-text-align-left\" data-align=\"left\">David Poza de Pedro<\/td><\/tr><tr><td>56<\/td><td class=\"has-text-align-left\" data-align=\"left\">Mar\u00eda Albitre Romero<\/td><\/tr><tr><td>57<\/td><td class=\"has-text-align-left\" data-align=\"left\">Juana M\u00aa Carrasco Yag\u00fce<\/td><\/tr><tr><td>58<\/td><td class=\"has-text-align-left\" data-align=\"left\">Blanca \u00c1lvarez Moratinos<\/td><\/tr><tr><td>59<\/td><td class=\"has-text-align-left\" data-align=\"left\">Jos\u00e9 M\u00aa Ortega P\u00e9rez<\/td><\/tr><tr><td>60<\/td><td class=\"has-text-align-left\" data-align=\"left\">Francisco Sanz Dom\u00ednguez<\/td><\/tr><tr><td>61<\/td><td class=\"has-text-align-left\" data-align=\"left\">Gregorio Alonso Ramos<\/td><\/tr><tr><td>62<\/td><td class=\"has-text-align-left\" data-align=\"left\">Sergio De Gracia Salces<\/td><\/tr><tr><td>63<\/td><td class=\"has-text-align-left\" data-align=\"left\">Carmelo Vi\u00f1aras Nicolas<\/td><\/tr><tr><td>64<\/td><td class=\"has-text-align-left\" data-align=\"left\">Jimena Mozo Abad<\/td><\/tr><tr><td>65<\/td><td class=\"has-text-align-left\" data-align=\"left\">In\u00e9s Bedmar Soria<\/td><\/tr><tr><td>66<\/td><td class=\"has-text-align-left\" data-align=\"left\">Carmelo Iglesias Barranco<\/td><\/tr><tr><td>67<\/td><td class=\"has-text-align-left\" data-align=\"left\">Cristina Garc\u00eda Esteban<\/td><\/tr><tr><td>68<\/td><td class=\"has-text-align-left\" data-align=\"left\">M\u00aa Sacramento Naval\u00f3n S\u00e1nchez<\/td><\/tr><tr><td>69<\/td><td class=\"has-text-align-left\" data-align=\"left\">M\u00aa Pilar L\u00f3pez Gonzalo<\/td><\/tr><tr><td>70<\/td><td class=\"has-text-align-left\" data-align=\"left\">Laura Palomar Herrero<\/td><\/tr><tr><td>71<\/td><td class=\"has-text-align-left\" data-align=\"left\">Liliana Maribel Lima de Huezo<\/td><\/tr><tr><td>72<\/td><td class=\"has-text-align-left\" data-align=\"left\">Hortensia Pascual de Miguel<\/td><\/tr><tr><td>73<\/td><td class=\"has-text-align-left\" data-align=\"left\">Juana Mill\u00e1n Uriel<\/td><\/tr><tr><td>74<\/td><td class=\"has-text-align-left\" data-align=\"left\">Teresa Fuentelsaz Mart\u00ednez<\/td><\/tr><tr><td>75<\/td><td class=\"has-text-align-left\" data-align=\"left\">M\u00aa Jes\u00fas Beltr\u00e1n Garc\u00eda<\/td><\/tr><tr><td>76<\/td><td class=\"has-text-align-left\" data-align=\"left\">Juan Jos\u00e9 Rodrigo Soria<\/td><\/tr><tr><td>77<\/td><td class=\"has-text-align-left\" data-align=\"left\">Eduardo Garc\u00eda Miguel<\/td><\/tr><tr><td>78<\/td><td class=\"has-text-align-left\" data-align=\"left\">Melanie Chavez Alc\u00edvar<\/td><\/tr><tr><td>79<\/td><td class=\"has-text-align-left\" data-align=\"left\">M\u00aa Pino Isabel Escribano Valero<\/td><\/tr><tr><td>80<\/td><td class=\"has-text-align-left\" data-align=\"left\">M\u00aa Luisa Mill\u00e1n Borque<\/td><\/tr><tr><td>81<\/td><td class=\"has-text-align-left\" data-align=\"left\">M\u00aa Carmen Dom\u00ednguez Molina<\/td><\/tr><tr><td>82<\/td><td class=\"has-text-align-left\" data-align=\"left\">Marta Larrad Ram\u00edrez<\/td><\/tr><tr><td>83<\/td><td class=\"has-text-align-left\" data-align=\"left\">Sara Chamarro Calvo<\/td><\/tr><tr><td>84<\/td><td class=\"has-text-align-left\" data-align=\"left\">Pilar Sague L\u00e1zaro<\/td><\/tr><tr><td><strong>Drive<\/strong><\/td><td class=\"has-text-align-left\" data-align=\"left\"><strong>Drive<\/strong><\/td><\/tr><tr><td>85<\/td><td class=\"has-text-align-left\" data-align=\"left\">Nieves Gonz\u00e1lez Delgado<\/td><\/tr><tr><td>86<\/td><td class=\"has-text-align-left\" data-align=\"left\">Jos\u00e9 Javier Calvo Torres<\/td><\/tr><tr><td><strong>Express1 (Mariano Vicen)<\/strong><\/td><td class=\"has-text-align-left\" data-align=\"left\"><strong>Express1 (Mariano Vicen)<\/strong><\/td><\/tr><tr><td>87<\/td><td class=\"has-text-align-left\" data-align=\"left\">Sonia Pe\u00f1alba Jim\u00e9nez<\/td><\/tr><tr><td>88<\/td><td class=\"has-text-align-left\" data-align=\"left\">Isabel \u00c1lava Torreguitart<\/td><\/tr><tr><td>89<\/td><td class=\"has-text-align-left\" data-align=\"left\">Aurora Delso Ruiz<\/td><\/tr><tr><td>90<\/td><td class=\"has-text-align-left\" data-align=\"left\">Carmen Gil Melbar<\/td><\/tr><tr><td>91<\/td><td class=\"has-text-align-left\" data-align=\"left\">Mercedes Angulo Vela<\/td><\/tr><tr><td>92<\/td><td class=\"has-text-align-left\" data-align=\"left\">\u00c1lvaro Moreno Velasco<\/td><\/tr><tr><td>93<\/td><td class=\"has-text-align-left\" data-align=\"left\">M\u00aa Pilar Rubio Sebasti\u00e1n<\/td><\/tr><tr><td>94<\/td><td class=\"has-text-align-left\" data-align=\"left\">Mari Carmen Tejera Calvo<\/td><\/tr><tr><td><strong>Express2 (Garc\u00eda Carrilero)<\/strong><\/td><td class=\"has-text-align-left\" data-align=\"left\"><strong>Express2 (Garc\u00eda Carrilero)<\/strong><\/td><\/tr><tr><td>95<\/td><td class=\"has-text-align-left\" data-align=\"left\">Mireya Olalla Escribano<\/td><\/tr><tr><td>96<\/td><td class=\"has-text-align-left\" data-align=\"left\">Juan Francisco Paredes Dolado<\/td><\/tr><tr><td>97<\/td><td class=\"has-text-align-left\" data-align=\"left\">Alberto Lorenzo Celorrio<\/td><\/tr><tr><td>98<\/td><td class=\"has-text-align-left\" data-align=\"left\">Ruth Garc\u00eda Terol<\/td><\/tr><tr><td>99<\/td><td class=\"has-text-align-left\" data-align=\"left\">Miguel Carrera Barcelona<\/td><\/tr><tr><td>100<\/td><td class=\"has-text-align-left\" data-align=\"left\">Jos\u00e9 Miguel Celorrio Laseca<\/td><\/tr><\/tbody><\/table><\/figure>\n<\/div>\n<\/div>\n","protected":false},"excerpt":{"rendered":"<p>En Hipermercado, Drive y Supermercados E.LECLERC SORIA Ganadores Ganadores Hipermercado Hipermercado 1 Pascual Soriano S\u00e1nchez 2 Ana Bel\u00e9n Rodr\u00edguez 3 Chelo S\u00e1enz Mart\u00ednez 4 Bel\u00e9n Andr\u00e9s Ayuso 5 Pilar Mart\u00ednez Rangil 6 Pedro Jos\u00e9 Soriano S\u00e1nchez 7 C\u00e1ndido Tabernero Artano 8 Antonio Mill\u00f3n L\u00f3pez 9 Montserrat Duro Escribano 10 Ana M\u00aa Gonzalo Uriel 11 Sheila [&hellip;]<\/p>\n","protected":false},"author":35,"featured_media":0,"parent":0,"menu_order":0,"comment_status":"closed","ping_status":"closed","template":"","meta":{"_acf_changed":false,"footnotes":""},"class_list":["post-10923","page","type-page","status-publish","hentry"],"acf":[],"yoast_head":"<!-- This site is optimized with the Yoast SEO plugin v27.3 - https:\/\/yoast.com\/product\/yoast-seo-wordpress\/ -->\n<title>Ganadores del Sorteo &quot;100 Cestas De Navidad&quot; - E.Leclerc Soria<\/title>\n<meta name=\"robots\" content=\"index, follow, max-snippet:-1, max-image-preview:large, max-video-preview:-1\" \/>\n<link rel=\"canonical\" href=\"https:\/\/e-leclerc.es\/soria\/ganadores-del-sorteo-100-cestas-de-navidad\/\" \/>\n<meta property=\"og:locale\" content=\"es_ES\" \/>\n<meta property=\"og:type\" content=\"article\" \/>\n<meta property=\"og:title\" content=\"Ganadores del Sorteo &quot;100 Cestas De Navidad&quot; - E.Leclerc Soria\" \/>\n<meta property=\"og:description\" content=\"En Hipermercado, Drive y Supermercados E.LECLERC SORIA Ganadores Ganadores Hipermercado Hipermercado 1 Pascual Soriano S\u00e1nchez 2 Ana Bel\u00e9n Rodr\u00edguez 3 Chelo S\u00e1enz Mart\u00ednez 4 Bel\u00e9n Andr\u00e9s Ayuso 5 Pilar Mart\u00ednez Rangil 6 Pedro Jos\u00e9 Soriano S\u00e1nchez 7 C\u00e1ndido Tabernero Artano 8 Antonio Mill\u00f3n L\u00f3pez 9 Montserrat Duro Escribano 10 Ana M\u00aa Gonzalo Uriel 11 Sheila [&hellip;]\" \/>\n<meta property=\"og:url\" content=\"https:\/\/e-leclerc.es\/soria\/ganadores-del-sorteo-100-cestas-de-navidad\/\" \/>\n<meta property=\"og:site_name\" content=\"E.Leclerc Soria\" \/>\n<meta property=\"article:publisher\" content=\"https:\/\/www.facebook.com\/eleclercsoria?ref=hl\" \/>\n<meta property=\"article:modified_time\" content=\"2024-12-31T07:42:01+00:00\" \/>\n<meta name=\"twitter:card\" content=\"summary_large_image\" \/>\n<meta name=\"twitter:site\" content=\"@LeclercSoria\" \/>\n<meta name=\"twitter:label1\" content=\"Tiempo de lectura\" \/>\n\t<meta name=\"twitter:data1\" content=\"3 minutos\" \/>\n<script type=\"application\/ld+json\" class=\"yoast-schema-graph\">{\"@context\":\"https:\\\/\\\/schema.org\",\"@graph\":[{\"@type\":\"WebPage\",\"@id\":\"https:\\\/\\\/e-leclerc.es\\\/soria\\\/ganadores-del-sorteo-100-cestas-de-navidad\\\/\",\"url\":\"https:\\\/\\\/e-leclerc.es\\\/soria\\\/ganadores-del-sorteo-100-cestas-de-navidad\\\/\",\"name\":\"Ganadores del Sorteo \\\"100 Cestas De Navidad\\\" - E.Leclerc Soria\",\"isPartOf\":{\"@id\":\"https:\\\/\\\/e-leclerc.es\\\/soria\\\/#website\"},\"datePublished\":\"2024-12-31T07:42:00+00:00\",\"dateModified\":\"2024-12-31T07:42:01+00:00\",\"breadcrumb\":{\"@id\":\"https:\\\/\\\/e-leclerc.es\\\/soria\\\/ganadores-del-sorteo-100-cestas-de-navidad\\\/#breadcrumb\"},\"inLanguage\":\"es\",\"potentialAction\":[{\"@type\":\"ReadAction\",\"target\":[\"https:\\\/\\\/e-leclerc.es\\\/soria\\\/ganadores-del-sorteo-100-cestas-de-navidad\\\/\"]}]},{\"@type\":\"BreadcrumbList\",\"@id\":\"https:\\\/\\\/e-leclerc.es\\\/soria\\\/ganadores-del-sorteo-100-cestas-de-navidad\\\/#breadcrumb\",\"itemListElement\":[{\"@type\":\"ListItem\",\"position\":1,\"name\":\"Portada\",\"item\":\"https:\\\/\\\/e-leclerc.es\\\/soria\\\/\"},{\"@type\":\"ListItem\",\"position\":2,\"name\":\"Ganadores del Sorteo \u00ab100 Cestas De Navidad\u00bb\"}]},{\"@type\":\"WebSite\",\"@id\":\"https:\\\/\\\/e-leclerc.es\\\/soria\\\/#website\",\"url\":\"https:\\\/\\\/e-leclerc.es\\\/soria\\\/\",\"name\":\"E.Leclerc Soria\",\"description\":\"Descubre los folletos, ofertas y promociones de nuestro hipermercado E.Leclerc Soria en Castilla y Le\u00f3n. Direcci\u00f3n | Horario | Productos locales\",\"publisher\":{\"@id\":\"https:\\\/\\\/e-leclerc.es\\\/soria\\\/#organization\"},\"alternateName\":\"E.Leclerc Soria\",\"potentialAction\":[{\"@type\":\"SearchAction\",\"target\":{\"@type\":\"EntryPoint\",\"urlTemplate\":\"https:\\\/\\\/e-leclerc.es\\\/soria\\\/?s={search_term_string}\"},\"query-input\":{\"@type\":\"PropertyValueSpecification\",\"valueRequired\":true,\"valueName\":\"search_term_string\"}}],\"inLanguage\":\"es\"},{\"@type\":\"Organization\",\"@id\":\"https:\\\/\\\/e-leclerc.es\\\/soria\\\/#organization\",\"name\":\"E.Leclerc Soria\",\"alternateName\":\"Soriadis, S.L.\",\"url\":\"https:\\\/\\\/e-leclerc.es\\\/soria\\\/\",\"logo\":{\"@type\":\"ImageObject\",\"inLanguage\":\"es\",\"@id\":\"https:\\\/\\\/e-leclerc.es\\\/soria\\\/#\\\/schema\\\/logo\\\/image\\\/\",\"url\":\"https:\\\/\\\/e-leclerc.es\\\/soria\\\/wp-content\\\/uploads\\\/sites\\\/3\\\/2024\\\/05\\\/Logo_Soria-1.svg\",\"contentUrl\":\"https:\\\/\\\/e-leclerc.es\\\/soria\\\/wp-content\\\/uploads\\\/sites\\\/3\\\/2024\\\/05\\\/Logo_Soria-1.svg\",\"width\":100,\"height\":100,\"caption\":\"E.Leclerc Soria\"},\"image\":{\"@id\":\"https:\\\/\\\/e-leclerc.es\\\/soria\\\/#\\\/schema\\\/logo\\\/image\\\/\"},\"sameAs\":[\"https:\\\/\\\/www.facebook.com\\\/eleclercsoria?ref=hl\",\"https:\\\/\\\/x.com\\\/LeclercSoria\",\"https:\\\/\\\/www.instagram.com\\\/e.leclercsoria\\\/\"]}]}<\/script>\n<!-- \/ Yoast SEO plugin. -->","yoast_head_json":{"title":"Ganadores del Sorteo \"100 Cestas De Navidad\" - E.Leclerc Soria","robots":{"index":"index","follow":"follow","max-snippet":"max-snippet:-1","max-image-preview":"max-image-preview:large","max-video-preview":"max-video-preview:-1"},"canonical":"https:\/\/e-leclerc.es\/soria\/ganadores-del-sorteo-100-cestas-de-navidad\/","og_locale":"es_ES","og_type":"article","og_title":"Ganadores del Sorteo \"100 Cestas De Navidad\" - E.Leclerc Soria","og_description":"En Hipermercado, Drive y Supermercados E.LECLERC SORIA Ganadores Ganadores Hipermercado Hipermercado 1 Pascual Soriano S\u00e1nchez 2 Ana Bel\u00e9n Rodr\u00edguez 3 Chelo S\u00e1enz Mart\u00ednez 4 Bel\u00e9n Andr\u00e9s Ayuso 5 Pilar Mart\u00ednez Rangil 6 Pedro Jos\u00e9 Soriano S\u00e1nchez 7 C\u00e1ndido Tabernero Artano 8 Antonio Mill\u00f3n L\u00f3pez 9 Montserrat Duro Escribano 10 Ana M\u00aa Gonzalo Uriel 11 Sheila [&hellip;]","og_url":"https:\/\/e-leclerc.es\/soria\/ganadores-del-sorteo-100-cestas-de-navidad\/","og_site_name":"E.Leclerc Soria","article_publisher":"https:\/\/www.facebook.com\/eleclercsoria?ref=hl","article_modified_time":"2024-12-31T07:42:01+00:00","twitter_card":"summary_large_image","twitter_site":"@LeclercSoria","twitter_misc":{"Tiempo de lectura":"3 minutos"},"schema":{"@context":"https:\/\/schema.org","@graph":[{"@type":"WebPage","@id":"https:\/\/e-leclerc.es\/soria\/ganadores-del-sorteo-100-cestas-de-navidad\/","url":"https:\/\/e-leclerc.es\/soria\/ganadores-del-sorteo-100-cestas-de-navidad\/","name":"Ganadores del Sorteo \"100 Cestas De Navidad\" - E.Leclerc Soria","isPartOf":{"@id":"https:\/\/e-leclerc.es\/soria\/#website"},"datePublished":"2024-12-31T07:42:00+00:00","dateModified":"2024-12-31T07:42:01+00:00","breadcrumb":{"@id":"https:\/\/e-leclerc.es\/soria\/ganadores-del-sorteo-100-cestas-de-navidad\/#breadcrumb"},"inLanguage":"es","potentialAction":[{"@type":"ReadAction","target":["https:\/\/e-leclerc.es\/soria\/ganadores-del-sorteo-100-cestas-de-navidad\/"]}]},{"@type":"BreadcrumbList","@id":"https:\/\/e-leclerc.es\/soria\/ganadores-del-sorteo-100-cestas-de-navidad\/#breadcrumb","itemListElement":[{"@type":"ListItem","position":1,"name":"Portada","item":"https:\/\/e-leclerc.es\/soria\/"},{"@type":"ListItem","position":2,"name":"Ganadores del Sorteo \u00ab100 Cestas De Navidad\u00bb"}]},{"@type":"WebSite","@id":"https:\/\/e-leclerc.es\/soria\/#website","url":"https:\/\/e-leclerc.es\/soria\/","name":"E.Leclerc Soria","description":"Descubre los folletos, ofertas y promociones de nuestro hipermercado E.Leclerc Soria en Castilla y Le\u00f3n. Direcci\u00f3n | Horario | Productos locales","publisher":{"@id":"https:\/\/e-leclerc.es\/soria\/#organization"},"alternateName":"E.Leclerc Soria","potentialAction":[{"@type":"SearchAction","target":{"@type":"EntryPoint","urlTemplate":"https:\/\/e-leclerc.es\/soria\/?s={search_term_string}"},"query-input":{"@type":"PropertyValueSpecification","valueRequired":true,"valueName":"search_term_string"}}],"inLanguage":"es"},{"@type":"Organization","@id":"https:\/\/e-leclerc.es\/soria\/#organization","name":"E.Leclerc Soria","alternateName":"Soriadis, S.L.","url":"https:\/\/e-leclerc.es\/soria\/","logo":{"@type":"ImageObject","inLanguage":"es","@id":"https:\/\/e-leclerc.es\/soria\/#\/schema\/logo\/image\/","url":"https:\/\/e-leclerc.es\/soria\/wp-content\/uploads\/sites\/3\/2024\/05\/Logo_Soria-1.svg","contentUrl":"https:\/\/e-leclerc.es\/soria\/wp-content\/uploads\/sites\/3\/2024\/05\/Logo_Soria-1.svg","width":100,"height":100,"caption":"E.Leclerc Soria"},"image":{"@id":"https:\/\/e-leclerc.es\/soria\/#\/schema\/logo\/image\/"},"sameAs":["https:\/\/www.facebook.com\/eleclercsoria?ref=hl","https:\/\/x.com\/LeclercSoria","https:\/\/www.instagram.com\/e.leclercsoria\/"]}]}},"_links":{"self":[{"href":"https:\/\/e-leclerc.es\/soria\/wp-json\/wp\/v2\/pages\/10923","targetHints":{"allow":["GET"]}}],"collection":[{"href":"https:\/\/e-leclerc.es\/soria\/wp-json\/wp\/v2\/pages"}],"about":[{"href":"https:\/\/e-leclerc.es\/soria\/wp-json\/wp\/v2\/types\/page"}],"author":[{"embeddable":true,"href":"https:\/\/e-leclerc.es\/soria\/wp-json\/wp\/v2\/users\/35"}],"replies":[{"embeddable":true,"href":"https:\/\/e-leclerc.es\/soria\/wp-json\/wp\/v2\/comments?post=10923"}],"version-history":[{"count":1,"href":"https:\/\/e-leclerc.es\/soria\/wp-json\/wp\/v2\/pages\/10923\/revisions"}],"predecessor-version":[{"id":10924,"href":"https:\/\/e-leclerc.es\/soria\/wp-json\/wp\/v2\/pages\/10923\/revisions\/10924"}],"wp:attachment":[{"href":"https:\/\/e-leclerc.es\/soria\/wp-json\/wp\/v2\/media?parent=10923"}],"curies":[{"name":"wp","href":"https:\/\/api.w.org\/{rel}","templated":true}]}}