{"id":10612,"date":"2024-11-12T21:11:58","date_gmt":"2024-11-12T20:11:58","guid":{"rendered":"https:\/\/www.e-leclerc.es\/soria\/?page_id=10612"},"modified":"2024-11-12T21:11:59","modified_gmt":"2024-11-12T20:11:59","slug":"bases-de-la-promocion-carta-papa-noel-reyes-magos-2024","status":"publish","type":"page","link":"https:\/\/e-leclerc.es\/soria\/bases-de-la-promocion-carta-papa-noel-reyes-magos-2024\/","title":{"rendered":"BASES DE LA PROMOCI\u00d3N \u2018CARTA PAPA NO\u00cbL\/REYES MAGOS 2024&#8242;"},"content":{"rendered":"\n<h2 class=\"wp-block-heading\">1.-Organizador:\u00a0<\/h2>\n\n\n\n<p>Las sociedades explotadoras de los establecimientos que operan en Espa\u00f1a bajo la ense\u00f1a E.Leclerc participantes en esta campa\u00f1a y que se indican en el Anexo 1 (en adelante E.Leclerc), tienen previsto realizar una promoci\u00f3n dirigida a sus clientes para que puedan crear su \u201dCarta a los Reyes Magos o a Pap\u00e1 Noel\u201d a trav\u00e9s de la plataforma <a href=\"http:\/\/www.e-leclerc.es\">www.e-leclerc.es<\/a>, en la que tendr\u00e1 que seleccionar una de las cuatro tiendas participantes, y as\u00ed poder participar en un sorteo de una tarjeta de fidelidad E.Leclerc con un saldo de 100 euros para utilizar como pago de las compras que realice en el hipermercado o supermercado E.Leclerc que lo obtuviera.<\/p>\n\n\n\n<h2 class=\"wp-block-heading\">2.- Objetivo y plazo de participaci\u00f3n:\u00a0<\/h2>\n\n\n\n<p>El objetivo es la creaci\u00f3n de una lista con una selecci\u00f3n de juguetes y productos. La creaci\u00f3n de esta lista no supone ning\u00fan tipo de reserva ni pedido de los art\u00edculos seleccionados a E.Leclerc.<\/p>\n\n\n\n<p>La vigencia de la promoci\u00f3n ser\u00e1 desde las 09:00 horas del 13 de noviembre hasta las 21:00 horas del 24 de diciembre de 2024.<\/p>\n\n\n\n<h2 class=\"wp-block-heading\">3.- Legitimaci\u00f3n para participar:\u00a0<\/h2>\n\n\n\n<p>Podr\u00e1n participar en esta promoci\u00f3n y resultar ganadoras de la misma todas aquellas personas f\u00edsicas, mayores de edad, que durante el per\u00edodo de tiempo antes indicado, accedan a la plataforma para la selecci\u00f3n de los productos y registren sus datos en el formulario destinado a tal efecto, para poder acceder al posterior sorteo de una tarjeta E.Leclerc de 100 \u20ac.<\/p>\n\n\n\n<p>Cualquier participaci\u00f3n obtenida de manera anormal, en violaci\u00f3n de estas bases o por medio de manipulaciones t\u00e9cnicas destinadas a falsear su honradez, intrusi\u00f3n, o tentativa de intrusi\u00f3n, ser\u00e1 cancelada reserv\u00e1ndose E.Leclerc el derecho de perseguir al autor del fraude.<\/p>\n\n\n\n<h2 class=\"wp-block-heading\">4.- Mec\u00e1nica de la promoci\u00f3n:\u00a0<\/h2>\n\n\n\n<p>Para participar en esta promoci\u00f3n, los usuarios deben acceder a la p\u00e1gina web indicada en el punto 1.<\/p>\n\n\n\n<p>El acceso a dicha plataforma podr\u00e1 hacerse desde las redes sociales de E.Leclerc Espa\u00f1a o a trav\u00e9s de la p\u00e1gina web del hipermercado o indicada en el folleto de Juguetes.<\/p>\n\n\n\n<p>En la plataforma, el participante deber\u00e1<\/p>\n\n\n\n<ul class=\"wp-block-list\">\n<li>Crear una carta a los Reyes Magos o a Pap\u00e1 Noel con su selecci\u00f3n de juguetes.<\/li>\n\n\n\n<li>Completar sus datos, en el formulario dise\u00f1ado para tal fin y validar la participaci\u00f3n (nombre, apellidos, e-mail).<\/li>\n<\/ul>\n\n\n\n<p>Una vez finalizado el plazo de participaci\u00f3n, y antes del 6 de enero de 2025, cada sociedad explotadora de un establecimiento E.Leclerc realizar\u00e1 el sorteo por medio de una plataforma oficial de gesti\u00f3n de promociones de forma aleatoria entre los participantes. El resultado del sorteo se publicar\u00e1 a la finalizaci\u00f3n del mismo en la web y redes sociales de E.Leclerc. El ganador deber\u00e1 retirar su premio en el punto de informaci\u00f3n del hipermercado en un plazo de 10 d\u00edas naturales desde su publicaci\u00f3n en la web y redes sociales de E.Leclerc.<\/p>\n\n\n\n<p>En caso de no proceder a la retirada del premio se entender\u00e1 que se renuncia al premio y se publicar\u00e1 el ganador suplente. En caso de resultar fallido este segundo intento en las formas y plazos anteriormente citados, el premio se declarar\u00e1 desierto, quedando este a disposici\u00f3n de E.Leclerc sin derecho posterior a reclamaci\u00f3n.<\/p>\n\n\n\n<h2 class=\"wp-block-heading\">5.- Premio:\u00a0<\/h2>\n\n\n\n<p>Una tarjeta E.Leclerc valorada en 100 euros por cada sociedad participante. Su importe \u00edntegro deber\u00e1 ser utilizado \u00fanicamente en el hipermercado E.Leclerc.<\/p>\n\n\n\n<h2 class=\"wp-block-heading\">6.- Entrega del premio.\u00a0<\/h2>\n\n\n\n<p>El resultado del sorteo se publicar\u00e1 a la finalizaci\u00f3n del sorteo en el la web de cada sociedad participante. El ganador deber\u00e1 retirar el premio en el punto de informaci\u00f3n del hipermercado en un plazo de 10 d\u00edas naturales, desde la publicaci\u00f3n del ganador en la web de E.Leclerc de cada sociedad. El ganador deber\u00e1 identificarse con su DNI a fin de comprobar el nombre y apellidos facilitados en el registro de la plataforma de votaci\u00f3n, as\u00ed como para evitar duplicidades.<\/p>\n\n\n\n<h2 class=\"wp-block-heading\">7.- Renuncia o imposibilidad de aceptaci\u00f3n:\u00a0<\/h2>\n\n\n\n<p>En el caso de que por cualquier circunstancia el premiado renunciara o no pudiera aceptar el premio, el hipermercado E.Leclerc no proceder\u00e1 a realizar ning\u00fan canje por dinero ni por cualquier otro premio distinto al descrito.<\/p>\n\n\n\n<h2 class=\"wp-block-heading\">8.- Per\u00edodo de reclamaci\u00f3n:\u00a0<\/h2>\n\n\n\n<p>El per\u00edodo para interponer cualquier reclamaci\u00f3n por quien tenga derecho a ella, relativa a la celebraci\u00f3n de la promoci\u00f3n finalizar\u00e1 transcurridos 21 d\u00edas naturales desde la fecha de celebraci\u00f3n del sorteo.<\/p>\n\n\n\n<h2 class=\"wp-block-heading\">9.- Fiscalidad de los premios:\u00a0<\/h2>\n\n\n\n<p>E.Leclerc realizar\u00e1 sobre el premio la retenci\u00f3n o ingreso a cuenta que de acuerdo con la normativa fiscal en vigor sea aplicable en el momento de su entrega.<\/p>\n\n\n\n<h2 class=\"wp-block-heading\">10.- Derechos de imagen:\u00a0<\/h2>\n\n\n\n<p>El ganador, al aceptar el premio, consiente y autoriza a la menci\u00f3n de su nombre y la utilizaci\u00f3n gratuita de su imagen en la p\u00e1gina web de E.Leclerc y redes sociales de E.Leclerc o en cualquier otro soporte comercial, publicitario o medio de comunicaci\u00f3n que pueda utilizar cualquiera de las empresas asociadas al grupo E.Leclerc o cualquier entidad por \u00e9sta autorizada, a fin de informar y hacer p\u00fablico el resultado de la promoci\u00f3n y de promover de forma positiva la imagen de E.Leclerc. El ganador, al aceptar lo anterior se compromete, en caso de que as\u00ed le fuera requerido por E.Leclerc, a facilitar gratuitamente una imagen personal y\/o a que se le realice una o varias fotograf\u00edas con el \u00fanico fin de dar publicidad a la promoci\u00f3n, al hipermercado E.Leclerc y\/o a los productos ofrecidos en estos establecimientos.<\/p>\n\n\n\n<p>Asimismo, y en cumplimiento de lo dispuesto Reglamento (UE) 2016\/679 de protecci\u00f3n de datos de car\u00e1cter personal, los agraciados autorizan expresamente a las empresas asociadas al Movimiento E.Leclerc la utilizaci\u00f3n de sus datos personales para rese\u00f1ar los mismos en carteles, folletos, reportajes audiovisuales o cualquier otro medio de difusi\u00f3n en relaci\u00f3n al premio obtenido.<\/p>\n\n\n\n<h2 class=\"wp-block-heading\">11.- Aceptaci\u00f3n de las bases:\u00a0<\/h2>\n\n\n\n<p>Se informa a los posibles participantes que el simple hecho de participar en la promoci\u00f3n implica la total aceptaci\u00f3n de las presentes bases que han sido publicadas en la web de E.Leclerc: www.e-leclerc.es.<\/p>\n\n\n\n<h2 class=\"wp-block-heading\">12.- Legislaci\u00f3n y jurisdicci\u00f3n aplicable:\u00a0<\/h2>\n\n\n\n<p>Estos t\u00e9rminos y condiciones se regir\u00e1n por las leyes y tribunales del Estado Espa\u00f1ol.<\/p>\n\n\n\n<h2 class=\"wp-block-heading\">13.- Protecci\u00f3n de datos personales:&nbsp;<\/h2>\n\n\n\n<p>La recogida y el tratamiento de los datos se realizar\u00e1 de conformidad con las exigencias del Reglamento (UE) 2016\/679 relativo a la protecci\u00f3n de las personas f\u00edsicas en lo que respecta al tratamiento de datos personales y a la libre circulaci\u00f3n de estos datos (en adelante, el \u201cReglamento General de Protecci\u00f3n de Datos\u201d o \u201cRGPD\u201d) y de conformidad con Ley Org\u00e1nica 3\/2018 de 5 de diciembre, de Protecci\u00f3n de Datos Personales y garant\u00eda de los derechos digitales (en adelante \u201cLOPDyGDD\u201d),<\/p>\n\n\n\n<p><strong><em>Responsable del tratamiento<\/em><\/strong><\/p>\n\n\n\n<p>E.Leclerc informa a los clientes que los datos personales que se les solicitan en la plataforma para redactar la carta, y que libre y voluntariamente facilitan, ser\u00e1n recogidos y tratados por la sociedad explotadora de cada hipermercado E.Leclerc e incluidos en un fichero de su responsabilidad.<\/p>\n\n\n\n<p>Cada una de las sociedades explotadoras de cada Hipermercado E.Leclerc ser\u00e1 Responsable del tratamiento de su respectivo fichero.<\/p>\n\n\n\n<p>Cada uno de los Responsables se compromete a tratar los datos personales con total confidencialidad y respetando las t\u00e9cnicas y organizativas apropiadas a fin de garantizar y poder demostrar que el tratamiento es conforme con el RGPD.<\/p>\n\n\n\n<p><strong><em>Finalidad del tratamiento<\/em><\/strong><\/p>\n\n\n\n<p>Los datos recabados por los Responsables se tratar\u00e1n con la finalidad principal de gestionar su participaci\u00f3n en la promoci\u00f3n.<\/p>\n\n\n\n<p><strong><em>Legitimaci\u00f3n<\/em><\/strong><\/p>\n\n\n\n<p>La base legal para el tratamiento de los datos del participante se fundamenta en el consentimiento que se le solicita mediante la aceptaci\u00f3n de estas bases y el env\u00edo de la carta desde la plataforma, consintiendo expresamente el tratamiento de sus datos personales por parte del Responsables del Tratamiento correspondiente a cada establecimiento E.Leclerc en el que participe.&nbsp;&nbsp;<\/p>\n\n\n\n<p>En el supuesto de que no se suministren todos los datos de respuesta obligatoria se podr\u00e1 proceder al bloqueo de la participaci\u00f3n hasta la inclusi\u00f3n de los mismos. Los datos considerados como obligatorios ser\u00e1n los estrictamente necesarios para la finalidad del tratamiento anteriormente indicada.<\/p>\n\n\n\n<p><strong><em>Destinatarios<\/em><\/strong><\/p>\n\n\n\n<p>Los Responsables del tratamiento no ceder\u00e1n datos a terceros, salvo obligaci\u00f3n legal.<\/p>\n\n\n\n<p><strong><em>Exactitud de los datos<\/em><\/strong><\/p>\n\n\n\n<p>En cumplimiento del principio de calidad de los datos personales, expresado en el art\u00edculo 5 d) del RGPD, el participante se compromete a facilitar datos verdaderos, exactos, completos y actualizados, de forma que respondan con veracidad a la situaci\u00f3n de \u00e9ste siendo el \u00fanico responsable en caso de ser falsos, incompletos, no actualizados o inexactos.<\/p>\n\n\n\n<p><strong><em>Derechos del cliente<\/em><\/strong><\/p>\n\n\n\n<p>Los clientes pueden ejercitar sus derechos de acceso a sus datos personales, rectificaci\u00f3n de los datos inexactos o, en su caso, solicitar su supresi\u00f3n cuando, entre otros motivos, los datos ya no sean necesarios para los fines que fueron recogidos.<\/p>\n\n\n\n<p>Los clientes podr\u00e1n solicitar la limitaci\u00f3n u oposici\u00f3n al tratamiento de sus datos, en cuyo caso dejar\u00e1n de utilizarse salvo que su conservaci\u00f3n sea necesaria para el ejercicio o la defensa de reclamaciones.<\/p>\n\n\n\n<p>Los clientes podr\u00e1n en todo caso solicitar el derecho a la portabilidad de sus datos, recibiendo del Responsable los datos personales que le incumban y le hubiese facilitado, en un formato estructurado, de uso com\u00fan y lectura mec\u00e1nica, y pudiendo transmitirlos a otro responsable del tratamiento sin que lo impida el Responsable al que se los hubiera facilitado. Este derecho podr\u00e1 ejercerse siempre que el cliente no hubiese ejercido anteriormente su derecho de supresi\u00f3n o los datos hubiesen sido cancelados por el Responsable al terminar la finalidad principal por la que fueron recabados.<\/p>\n\n\n\n<p>El cliente tendr\u00e1 derecho a retirar el consentimiento otorgado para cualquier finalidad en cualquier momento, sin que dicha retirada afecte a la licitud del tratamiento basada en el consentimiento previo a su retirada.<\/p>\n\n\n\n<p>Todos estos derechos podr\u00e1 ejercitarlos de forma gratuita dirigi\u00e9ndose al Responsable del tratamiento del hipermercado en el cual participe, mediante el env\u00edo de una comunicaci\u00f3n escrita, o mediante correo electr\u00f3nico. Las direcciones f\u00edsicas y electr\u00f3nicas de cada Responsable vienen recogidas en el Anexo 1, debiendo incluir el cliente en la comunicaci\u00f3n sus datos personales para poder tramitar el derecho exigido en cuesti\u00f3n.<\/p>\n\n\n\n<p>El Responsable del tratamiento facilitar\u00e1 al interesado informaci\u00f3n relativa a sus actuaciones sobre la base de una solicitud de ejercicio de derechos y, en cualquier caso, en el plazo de un mes a partir de la recepci\u00f3n de la solicitud.<\/p>\n\n\n\n<p>Dicho plazo podr\u00e1 prorrogarse otros dos meses en caso necesario, teniendo en cuenta la complejidad y el n\u00famero de solicitudes. El responsable informar\u00e1 al interesado de cualquiera de dichas pr\u00f3rrogas en el plazo de un mes a partir de la recepci\u00f3n de la solicitud, indicando los motivos de la dilaci\u00f3n.<\/p>\n\n\n\n<p>Cuando el interesado presente la solicitud por medios electr\u00f3nicos, la informaci\u00f3n se facilitar\u00e1 por medios electr\u00f3nicos cuando sea posible, a menos que el interesado solicite que se facilite de otro modo.<\/p>\n\n\n\n<p>Si el responsable del tratamiento no da curso a la solicitud del interesado, le informar\u00e1 sin dilaci\u00f3n, y a m\u00e1s tardar transcurrido un mes de la recepci\u00f3n de la solicitud, de las razones de su no actuaci\u00f3n y de la posibilidad de presentar en todo caso una reclamaci\u00f3n ante una autoridad de control (Agencia Espa\u00f1ola de Protecci\u00f3n de Datos) y de ejercitar las acciones judiciales oportunas.<\/p>\n\n\n\n<figure class=\"wp-block-image size-full\"><img fetchpriority=\"high\" decoding=\"async\" width=\"1004\" height=\"417\" src=\"https:\/\/e-leclerc.es\/soria\/wp-content\/uploads\/sites\/3\/2024\/11\/image.png\" alt=\"\" class=\"wp-image-10613\" srcset=\"https:\/\/e-leclerc.es\/soria\/wp-content\/uploads\/sites\/3\/2024\/11\/image.png 1004w, https:\/\/e-leclerc.es\/soria\/wp-content\/uploads\/sites\/3\/2024\/11\/image-300x125.png 300w, https:\/\/e-leclerc.es\/soria\/wp-content\/uploads\/sites\/3\/2024\/11\/image-768x319.png 768w\" sizes=\"(max-width: 1004px) 100vw, 1004px\" \/><\/figure>\n\n\n\n<p><\/p>\n","protected":false},"excerpt":{"rendered":"<p>1.-Organizador:\u00a0 Las sociedades explotadoras de los establecimientos que operan en Espa\u00f1a bajo la ense\u00f1a E.Leclerc participantes en esta campa\u00f1a y que se indican en el Anexo 1 (en adelante E.Leclerc), tienen previsto realizar una promoci\u00f3n dirigida a sus clientes para que puedan crear su \u201dCarta a los Reyes Magos o a Pap\u00e1 Noel\u201d a trav\u00e9s [&hellip;]<\/p>\n","protected":false},"author":35,"featured_media":0,"parent":0,"menu_order":0,"comment_status":"closed","ping_status":"closed","template":"","meta":{"_acf_changed":false,"footnotes":""},"class_list":["post-10612","page","type-page","status-publish","hentry"],"acf":[],"yoast_head":"<!-- This site is optimized with the Yoast SEO plugin v27.3 - https:\/\/yoast.com\/product\/yoast-seo-wordpress\/ -->\n<title>BASES DE LA PROMOCI\u00d3N \u2018CARTA PAPA NO\u00cbL\/REYES MAGOS 2024&#039; - E.Leclerc Soria<\/title>\n<meta name=\"robots\" content=\"index, follow, max-snippet:-1, max-image-preview:large, max-video-preview:-1\" \/>\n<link rel=\"canonical\" href=\"https:\/\/e-leclerc.es\/soria\/bases-de-la-promocion-carta-papa-noel-reyes-magos-2024\/\" \/>\n<meta property=\"og:locale\" content=\"es_ES\" \/>\n<meta property=\"og:type\" content=\"article\" \/>\n<meta property=\"og:title\" content=\"BASES DE LA PROMOCI\u00d3N \u2018CARTA PAPA NO\u00cbL\/REYES MAGOS 2024&#039; - E.Leclerc Soria\" \/>\n<meta property=\"og:description\" content=\"1.-Organizador:\u00a0 Las sociedades explotadoras de los establecimientos que operan en Espa\u00f1a bajo la ense\u00f1a E.Leclerc participantes en esta campa\u00f1a y que se indican en el Anexo 1 (en adelante E.Leclerc), tienen previsto realizar una promoci\u00f3n dirigida a sus clientes para que puedan crear su \u201dCarta a los Reyes Magos o a Pap\u00e1 Noel\u201d a trav\u00e9s [&hellip;]\" \/>\n<meta property=\"og:url\" content=\"https:\/\/e-leclerc.es\/soria\/bases-de-la-promocion-carta-papa-noel-reyes-magos-2024\/\" \/>\n<meta property=\"og:site_name\" content=\"E.Leclerc Soria\" \/>\n<meta property=\"article:publisher\" content=\"https:\/\/www.facebook.com\/eleclercsoria?ref=hl\" \/>\n<meta property=\"article:modified_time\" content=\"2024-11-12T20:11:59+00:00\" \/>\n<meta property=\"og:image\" content=\"https:\/\/e-leclerc.es\/soria\/wp-content\/uploads\/sites\/3\/2024\/11\/image.png\" \/>\n<meta name=\"twitter:card\" content=\"summary_large_image\" \/>\n<meta name=\"twitter:site\" content=\"@LeclercSoria\" \/>\n<meta name=\"twitter:label1\" content=\"Tiempo de lectura\" \/>\n\t<meta name=\"twitter:data1\" content=\"9 minutos\" \/>\n<script type=\"application\/ld+json\" class=\"yoast-schema-graph\">{\"@context\":\"https:\\\/\\\/schema.org\",\"@graph\":[{\"@type\":\"WebPage\",\"@id\":\"https:\\\/\\\/e-leclerc.es\\\/soria\\\/bases-de-la-promocion-carta-papa-noel-reyes-magos-2024\\\/\",\"url\":\"https:\\\/\\\/e-leclerc.es\\\/soria\\\/bases-de-la-promocion-carta-papa-noel-reyes-magos-2024\\\/\",\"name\":\"BASES DE LA PROMOCI\u00d3N \u2018CARTA PAPA NO\u00cbL\\\/REYES MAGOS 2024' - E.Leclerc Soria\",\"isPartOf\":{\"@id\":\"https:\\\/\\\/e-leclerc.es\\\/soria\\\/#website\"},\"primaryImageOfPage\":{\"@id\":\"https:\\\/\\\/e-leclerc.es\\\/soria\\\/bases-de-la-promocion-carta-papa-noel-reyes-magos-2024\\\/#primaryimage\"},\"image\":{\"@id\":\"https:\\\/\\\/e-leclerc.es\\\/soria\\\/bases-de-la-promocion-carta-papa-noel-reyes-magos-2024\\\/#primaryimage\"},\"thumbnailUrl\":\"https:\\\/\\\/e-leclerc.es\\\/soria\\\/wp-content\\\/uploads\\\/sites\\\/3\\\/2024\\\/11\\\/image.png\",\"datePublished\":\"2024-11-12T20:11:58+00:00\",\"dateModified\":\"2024-11-12T20:11:59+00:00\",\"breadcrumb\":{\"@id\":\"https:\\\/\\\/e-leclerc.es\\\/soria\\\/bases-de-la-promocion-carta-papa-noel-reyes-magos-2024\\\/#breadcrumb\"},\"inLanguage\":\"es\",\"potentialAction\":[{\"@type\":\"ReadAction\",\"target\":[\"https:\\\/\\\/e-leclerc.es\\\/soria\\\/bases-de-la-promocion-carta-papa-noel-reyes-magos-2024\\\/\"]}]},{\"@type\":\"ImageObject\",\"inLanguage\":\"es\",\"@id\":\"https:\\\/\\\/e-leclerc.es\\\/soria\\\/bases-de-la-promocion-carta-papa-noel-reyes-magos-2024\\\/#primaryimage\",\"url\":\"https:\\\/\\\/e-leclerc.es\\\/soria\\\/wp-content\\\/uploads\\\/sites\\\/3\\\/2024\\\/11\\\/image.png\",\"contentUrl\":\"https:\\\/\\\/e-leclerc.es\\\/soria\\\/wp-content\\\/uploads\\\/sites\\\/3\\\/2024\\\/11\\\/image.png\",\"width\":1004,\"height\":417},{\"@type\":\"BreadcrumbList\",\"@id\":\"https:\\\/\\\/e-leclerc.es\\\/soria\\\/bases-de-la-promocion-carta-papa-noel-reyes-magos-2024\\\/#breadcrumb\",\"itemListElement\":[{\"@type\":\"ListItem\",\"position\":1,\"name\":\"Portada\",\"item\":\"https:\\\/\\\/e-leclerc.es\\\/soria\\\/\"},{\"@type\":\"ListItem\",\"position\":2,\"name\":\"BASES DE LA PROMOCI\u00d3N \u2018CARTA PAPA NO\u00cbL\\\/REYES MAGOS 2024&#8242;\"}]},{\"@type\":\"WebSite\",\"@id\":\"https:\\\/\\\/e-leclerc.es\\\/soria\\\/#website\",\"url\":\"https:\\\/\\\/e-leclerc.es\\\/soria\\\/\",\"name\":\"E.Leclerc Soria\",\"description\":\"Descubre los folletos, ofertas y promociones de nuestro hipermercado E.Leclerc Soria en Castilla y Le\u00f3n. Direcci\u00f3n | Horario | Productos locales\",\"publisher\":{\"@id\":\"https:\\\/\\\/e-leclerc.es\\\/soria\\\/#organization\"},\"alternateName\":\"E.Leclerc Soria\",\"potentialAction\":[{\"@type\":\"SearchAction\",\"target\":{\"@type\":\"EntryPoint\",\"urlTemplate\":\"https:\\\/\\\/e-leclerc.es\\\/soria\\\/?s={search_term_string}\"},\"query-input\":{\"@type\":\"PropertyValueSpecification\",\"valueRequired\":true,\"valueName\":\"search_term_string\"}}],\"inLanguage\":\"es\"},{\"@type\":\"Organization\",\"@id\":\"https:\\\/\\\/e-leclerc.es\\\/soria\\\/#organization\",\"name\":\"E.Leclerc Soria\",\"alternateName\":\"Soriadis, S.L.\",\"url\":\"https:\\\/\\\/e-leclerc.es\\\/soria\\\/\",\"logo\":{\"@type\":\"ImageObject\",\"inLanguage\":\"es\",\"@id\":\"https:\\\/\\\/e-leclerc.es\\\/soria\\\/#\\\/schema\\\/logo\\\/image\\\/\",\"url\":\"https:\\\/\\\/e-leclerc.es\\\/soria\\\/wp-content\\\/uploads\\\/sites\\\/3\\\/2024\\\/05\\\/Logo_Soria-1.svg\",\"contentUrl\":\"https:\\\/\\\/e-leclerc.es\\\/soria\\\/wp-content\\\/uploads\\\/sites\\\/3\\\/2024\\\/05\\\/Logo_Soria-1.svg\",\"width\":100,\"height\":100,\"caption\":\"E.Leclerc Soria\"},\"image\":{\"@id\":\"https:\\\/\\\/e-leclerc.es\\\/soria\\\/#\\\/schema\\\/logo\\\/image\\\/\"},\"sameAs\":[\"https:\\\/\\\/www.facebook.com\\\/eleclercsoria?ref=hl\",\"https:\\\/\\\/x.com\\\/LeclercSoria\",\"https:\\\/\\\/www.instagram.com\\\/e.leclercsoria\\\/\"]}]}<\/script>\n<!-- \/ Yoast SEO plugin. -->","yoast_head_json":{"title":"BASES DE LA PROMOCI\u00d3N \u2018CARTA PAPA NO\u00cbL\/REYES MAGOS 2024' - E.Leclerc Soria","robots":{"index":"index","follow":"follow","max-snippet":"max-snippet:-1","max-image-preview":"max-image-preview:large","max-video-preview":"max-video-preview:-1"},"canonical":"https:\/\/e-leclerc.es\/soria\/bases-de-la-promocion-carta-papa-noel-reyes-magos-2024\/","og_locale":"es_ES","og_type":"article","og_title":"BASES DE LA PROMOCI\u00d3N \u2018CARTA PAPA NO\u00cbL\/REYES MAGOS 2024' - E.Leclerc Soria","og_description":"1.-Organizador:\u00a0 Las sociedades explotadoras de los establecimientos que operan en Espa\u00f1a bajo la ense\u00f1a E.Leclerc participantes en esta campa\u00f1a y que se indican en el Anexo 1 (en adelante E.Leclerc), tienen previsto realizar una promoci\u00f3n dirigida a sus clientes para que puedan crear su \u201dCarta a los Reyes Magos o a Pap\u00e1 Noel\u201d a trav\u00e9s [&hellip;]","og_url":"https:\/\/e-leclerc.es\/soria\/bases-de-la-promocion-carta-papa-noel-reyes-magos-2024\/","og_site_name":"E.Leclerc Soria","article_publisher":"https:\/\/www.facebook.com\/eleclercsoria?ref=hl","article_modified_time":"2024-11-12T20:11:59+00:00","og_image":[{"url":"https:\/\/e-leclerc.es\/soria\/wp-content\/uploads\/sites\/3\/2024\/11\/image.png","type":"","width":"","height":""}],"twitter_card":"summary_large_image","twitter_site":"@LeclercSoria","twitter_misc":{"Tiempo de lectura":"9 minutos"},"schema":{"@context":"https:\/\/schema.org","@graph":[{"@type":"WebPage","@id":"https:\/\/e-leclerc.es\/soria\/bases-de-la-promocion-carta-papa-noel-reyes-magos-2024\/","url":"https:\/\/e-leclerc.es\/soria\/bases-de-la-promocion-carta-papa-noel-reyes-magos-2024\/","name":"BASES DE LA PROMOCI\u00d3N \u2018CARTA PAPA NO\u00cbL\/REYES MAGOS 2024' - E.Leclerc Soria","isPartOf":{"@id":"https:\/\/e-leclerc.es\/soria\/#website"},"primaryImageOfPage":{"@id":"https:\/\/e-leclerc.es\/soria\/bases-de-la-promocion-carta-papa-noel-reyes-magos-2024\/#primaryimage"},"image":{"@id":"https:\/\/e-leclerc.es\/soria\/bases-de-la-promocion-carta-papa-noel-reyes-magos-2024\/#primaryimage"},"thumbnailUrl":"https:\/\/e-leclerc.es\/soria\/wp-content\/uploads\/sites\/3\/2024\/11\/image.png","datePublished":"2024-11-12T20:11:58+00:00","dateModified":"2024-11-12T20:11:59+00:00","breadcrumb":{"@id":"https:\/\/e-leclerc.es\/soria\/bases-de-la-promocion-carta-papa-noel-reyes-magos-2024\/#breadcrumb"},"inLanguage":"es","potentialAction":[{"@type":"ReadAction","target":["https:\/\/e-leclerc.es\/soria\/bases-de-la-promocion-carta-papa-noel-reyes-magos-2024\/"]}]},{"@type":"ImageObject","inLanguage":"es","@id":"https:\/\/e-leclerc.es\/soria\/bases-de-la-promocion-carta-papa-noel-reyes-magos-2024\/#primaryimage","url":"https:\/\/e-leclerc.es\/soria\/wp-content\/uploads\/sites\/3\/2024\/11\/image.png","contentUrl":"https:\/\/e-leclerc.es\/soria\/wp-content\/uploads\/sites\/3\/2024\/11\/image.png","width":1004,"height":417},{"@type":"BreadcrumbList","@id":"https:\/\/e-leclerc.es\/soria\/bases-de-la-promocion-carta-papa-noel-reyes-magos-2024\/#breadcrumb","itemListElement":[{"@type":"ListItem","position":1,"name":"Portada","item":"https:\/\/e-leclerc.es\/soria\/"},{"@type":"ListItem","position":2,"name":"BASES DE LA PROMOCI\u00d3N \u2018CARTA PAPA NO\u00cbL\/REYES MAGOS 2024&#8242;"}]},{"@type":"WebSite","@id":"https:\/\/e-leclerc.es\/soria\/#website","url":"https:\/\/e-leclerc.es\/soria\/","name":"E.Leclerc Soria","description":"Descubre los folletos, ofertas y promociones de nuestro hipermercado E.Leclerc Soria en Castilla y Le\u00f3n. Direcci\u00f3n | Horario | Productos locales","publisher":{"@id":"https:\/\/e-leclerc.es\/soria\/#organization"},"alternateName":"E.Leclerc Soria","potentialAction":[{"@type":"SearchAction","target":{"@type":"EntryPoint","urlTemplate":"https:\/\/e-leclerc.es\/soria\/?s={search_term_string}"},"query-input":{"@type":"PropertyValueSpecification","valueRequired":true,"valueName":"search_term_string"}}],"inLanguage":"es"},{"@type":"Organization","@id":"https:\/\/e-leclerc.es\/soria\/#organization","name":"E.Leclerc Soria","alternateName":"Soriadis, S.L.","url":"https:\/\/e-leclerc.es\/soria\/","logo":{"@type":"ImageObject","inLanguage":"es","@id":"https:\/\/e-leclerc.es\/soria\/#\/schema\/logo\/image\/","url":"https:\/\/e-leclerc.es\/soria\/wp-content\/uploads\/sites\/3\/2024\/05\/Logo_Soria-1.svg","contentUrl":"https:\/\/e-leclerc.es\/soria\/wp-content\/uploads\/sites\/3\/2024\/05\/Logo_Soria-1.svg","width":100,"height":100,"caption":"E.Leclerc Soria"},"image":{"@id":"https:\/\/e-leclerc.es\/soria\/#\/schema\/logo\/image\/"},"sameAs":["https:\/\/www.facebook.com\/eleclercsoria?ref=hl","https:\/\/x.com\/LeclercSoria","https:\/\/www.instagram.com\/e.leclercsoria\/"]}]}},"_links":{"self":[{"href":"https:\/\/e-leclerc.es\/soria\/wp-json\/wp\/v2\/pages\/10612","targetHints":{"allow":["GET"]}}],"collection":[{"href":"https:\/\/e-leclerc.es\/soria\/wp-json\/wp\/v2\/pages"}],"about":[{"href":"https:\/\/e-leclerc.es\/soria\/wp-json\/wp\/v2\/types\/page"}],"author":[{"embeddable":true,"href":"https:\/\/e-leclerc.es\/soria\/wp-json\/wp\/v2\/users\/35"}],"replies":[{"embeddable":true,"href":"https:\/\/e-leclerc.es\/soria\/wp-json\/wp\/v2\/comments?post=10612"}],"version-history":[{"count":1,"href":"https:\/\/e-leclerc.es\/soria\/wp-json\/wp\/v2\/pages\/10612\/revisions"}],"predecessor-version":[{"id":10614,"href":"https:\/\/e-leclerc.es\/soria\/wp-json\/wp\/v2\/pages\/10612\/revisions\/10614"}],"wp:attachment":[{"href":"https:\/\/e-leclerc.es\/soria\/wp-json\/wp\/v2\/media?parent=10612"}],"curies":[{"name":"wp","href":"https:\/\/api.w.org\/{rel}","templated":true}]}}