{"id":8802,"date":"2024-12-30T17:24:01","date_gmt":"2024-12-30T16:24:01","guid":{"rendered":"https:\/\/www.e-leclerc.es\/salamanca\/?page_id=8802"},"modified":"2025-03-06T12:11:56","modified_gmt":"2025-03-06T11:11:56","slug":"condiciones-generales-de-la-tarjeta-e-leclerc","status":"publish","type":"page","link":"https:\/\/e-leclerc.es\/salamanca\/condiciones-generales-de-la-tarjeta-e-leclerc\/","title":{"rendered":"Condiciones generales de la tarjeta E.Leclerc"},"content":{"rendered":"\n<h2 class=\"wp-block-heading\">1. Condiciones de adhesi\u00f3n<\/h2>\n\n\n\n<h3 class=\"wp-block-heading\">\u00bfC\u00f3mo conseguirla?<\/h3>\n\n\n\n<p>La tarjeta E.Leclerc es gratuita y f\u00e1cil de conseguir. Se puede obtener en cualquiera de los centros E.Leclerc, rellenando debidamente los datos que aparecen en el formulario de adhesi\u00f3n correspondiente, el cual est\u00e1 disponible tanto en los centros E.Leclerc como en la p\u00e1gina web&nbsp;<a href=\"http:\/\/www.e-leclerc.es\/\">www.e-leclerc.es<\/a>.<\/p>\n\n\n\n<h3 class=\"wp-block-heading\">T\u00e9rminos de suscripci\u00f3n<\/h3>\n\n\n\n<p>Podr\u00e1n adherirse a las condiciones y disfrutar de las ventajas de la tarjeta E.Leclerc los consumidores o usuarios, es decir: las personas f\u00edsicas mayores de 18 a\u00f1os que act\u00faen con un prop\u00f3sito ajeno a su actividad comercial, empresarial, oficio o profesi\u00f3n y las personas jur\u00eddicas que act\u00faen sin \u00e1nimo de lucro en un \u00e1mbito ajeno a su actividad comercial o empresarial, conforme a lo previsto en el art\u00edculo 3 del Real Decreto Legislativo 1\/2007, de 16 de noviembre, por el que se aprueba el texto refundido de la Ley General para la Defensa de los Consumidores y Usuarios y otras leyes complementarias.<\/p>\n\n\n\n<p>Quienes soliciten la tarjeta E.Leclerc en favor de personas jur\u00eddicas deber\u00e1n adjuntar al formulario de adhesi\u00f3n la autorizaci\u00f3n escrita del representante legal de la persona jur\u00eddica para solicitar la tarjeta E.Leclerc en la que el solicitante constar\u00e1 como titular.<\/p>\n\n\n\n<p>En el momento de la concesi\u00f3n de la tarjeta E.Leclerc, el titular elegir\u00e1 un centro E.Leclerc principal, con la finalidad de que ese sea el punto de contacto con \u00e9l. El titular de la tarjeta E.Leclerc acepta que la entrega de su tarjeta se realice en el centro E.Leclerc principal elegido y da su consentimiento expreso para recibir informaci\u00f3n de la tienda principal seleccionada. El titular de la tarjeta E.Leclerc puede cambiar en cualquier momento de centro principal acudiendo a la recepci\u00f3n del Hiper que a partir de ese momento desee.<\/p>\n\n\n\n<h2 class=\"wp-block-heading\">2. Condiciones de uso<\/h2>\n\n\n\n<ol class=\"wp-block-list\">\n<li>Solamente se otorgar\u00e1 una tarjeta por hogar (mismo nombre, misma direcci\u00f3n).<\/li>\n\n\n\n<li>La tarjeta E.Leclerc posee un n\u00famero de identificaci\u00f3n personal (cuenta) intransferible. No obstante, en el momento de su entrega y junto con ella, se facilitan dos mini-tarjetas con el mismo n\u00famero de identificaci\u00f3n, las cuales pueden utilizarse por el titular o por terceros, con el fin de acumular tickets E.Leclerc en la tarjeta principal.<\/li>\n\n\n\n<li>La tarjeta E.Leclerc se puede utilizar en todos los establecimientos E.Leclerc que participen en este programa de fidelidad (listado de establecimientos disponible en los lugares de informaci\u00f3n de cada hipermercado y en la p\u00e1gina web&nbsp;<a href=\"http:\/\/www.e-leclerc.es\/\">www.e-leclerc.es<\/a>).<\/li>\n\n\n\n<li>Tras 14 meses sin uso de la tarjeta de fidelidad, el saldo pasar\u00e1 a 0 y tras 24 meses sin uso, la tarjeta de cliente desaparecer\u00e1<\/li>\n\n\n\n<li>Las cuentas de varios titulares pueden ser adicionadas. Ver condiciones en tienda.<\/li>\n<\/ol>\n\n\n\n<h2 class=\"wp-block-heading\">3. Beneficios obtenidos al presentar la tarjeta E.Leclerc en la l\u00ednea de cajas.<\/h2>\n\n\n\n<ol class=\"wp-block-list\">\n<li>La tarjeta E.Leclerc no es una tarjeta de pago.<\/li>\n\n\n\n<li>La tarjeta E.Leclerc permite a su titular acumular bonos de compra, llamados tickets E.Leclerc. Los tickets E.Leclerc son v\u00e1lidos en los centros E.Leclerc que participan en el programa de fidelidad (listado de establecimientos disponible en los lugares de informaci\u00f3n de cada hipermercado y en la p\u00e1gina web&nbsp;<a href=\"http:\/\/www.e-leclerc.es\/\">www.e-leclerc.es<\/a>). Los tickets E.Leclerc:\n<ul class=\"wp-block-list\">\n<li>Pueden ser descontados del importe de las compras, excepto carburantes.<\/li>\n\n\n\n<li>Son v\u00e1lidos a partir del d\u00eda siguiente de su obtenci\u00f3n.<\/li>\n<\/ul>\n<\/li>\n\n\n\n<li>La devoluci\u00f3n de productos que hayan dado derecho a un Ticket E.Leclerc implicar\u00e1 la devoluci\u00f3n del Ticket E.Leclerc. Esta devoluci\u00f3n se realizar\u00e1 mediante deducci\u00f3n en la tarjeta E.Leclerc del importe del Ticket E.Leclerc asociado al producto devuelto o, en caso de que el saldo de \u00e9sta sea insuficiente, en efectivo.<\/li>\n<\/ol>\n\n\n\n<h2 class=\"wp-block-heading\">4. P\u00e9rdida, robo o deterioro de la tarjeta E.Leclerc<\/h2>\n\n\n\n<p>En caso de p\u00e9rdida, robo o deterioro de la tarjeta E.Leclerc, el titular debe dirigirse lo antes posible al mostrador de atenci\u00f3n al cliente de cualquier centro E.Leclerc present\u00e1ndose con un documento de identidad en vigor. Se le entregar\u00e1 una nueva tarjeta con la totalidad de sus tickets E.Leclerc que tenga acumulados en la antigua, transfiri\u00e9ndose el mismo d\u00eda de solicitud de esta nueva tarjeta. Durante el tiempo que pase entre el momento en el que la tarjeta se extrav\u00ede o sea robada y el de su denuncia de p\u00e9rdida o robo ante el mostrador de atenci\u00f3n al cliente, el titular de la tarjeta E.Leclerc reconoce que los centros E.Leclerc, individual o colectivamente, est\u00e1n libres de toda responsabilidad.<\/p>\n\n\n\n<h2 class=\"wp-block-heading\">5. Revisiones<\/h2>\n\n\n\n<h3 class=\"wp-block-heading\">Modificaci\u00f3n del programa de fidelidad<\/h3>\n\n\n\n<p>La ense\u00f1a E.Leclerc se reserva el derecho de modificar o cancelar en cualquier momento el programa de fidelidad E.Leclerc (condiciones de afiliaci\u00f3n, ventajas ligadas a la tarjeta E.Leclerc\u2026) y\/o las modalidades de utilizaci\u00f3n de la tarjeta E.Leclerc, poni\u00e9ndolo en conocimiento de los titulares de la tarjeta E.Leclerc en un plazo m\u00e1ximo de un mes. Ninguna modificaci\u00f3n, incluyendo el cese del programa de fidelidad, dar\u00e1 derecho a indemnizaci\u00f3n por parte del titular de la tarjeta.<\/p>\n\n\n\n<h3 class=\"wp-block-heading\">Revisi\u00f3n o modificaci\u00f3n de las presentes Condiciones Generales<\/h3>\n\n\n\n<p>Las presentes Condiciones Generales son susceptibles de revisi\u00f3n o modificaci\u00f3n en todo momento y sin previo aviso por parte de la ense\u00f1a E.Leclerc. Para conocer los cambios eventuales que se realicen en las presentes condiciones, basta con que el titular de la tarjeta E.Leclerc solicite un ejemplar actualizado en cualquiera de nuestros centros.<\/p>\n\n\n\n<h3 class=\"wp-block-heading\">Incumplimiento de la normativa o utilizaci\u00f3n fraudulenta de la tarjeta E.Leclerc<\/h3>\n\n\n\n<p>Cualquier incumplimiento de las presentes condiciones generales as\u00ed como toda falsificaci\u00f3n de informaci\u00f3n transmitida a los centros E.Leclerc, conllevar\u00e1 la baja del titular de la tarjeta E.Leclerc, la anulaci\u00f3n de sus tickets E.Leclerc y cualquier otro beneficio obtenido. Se considerar\u00e1 incumplimiento grave la utilizaci\u00f3n de la tarjeta E.Leclerc con \u00e1nimo de lucro y\/o con un prop\u00f3sito propio de la actividad comercial, empresarial, oficio o profesi\u00f3n del titular y, en particular, se presumir\u00e1 que hay uso fraudulento de la tarjeta E.Leclerc cuando se utilice en la adquisici\u00f3n reiterada de cantidades de productos superiores a las habituales para un hogar. La ense\u00f1a y los centros E.Leclerc, colectiva o individualmente, quedan eximidos de toda responsabilidad en caso de utilizaci\u00f3n no conforme de la tarjeta E.Leclerc o de los tickets E.Leclerc obtenidos. E.Leclerc se reserva el derecho de emprender cualquier acci\u00f3n legal que estime necesaria en caso de utilizaci\u00f3n fraudulenta o abusiva de la tarjeta E.Leclerc y de las mini-tarjetas entregadas.<\/p>\n\n\n\n<h2 class=\"wp-block-heading\">6. Uso de ficheros de datos personales y comunicaci\u00f3n de datos personales<\/h2>\n\n\n\n<p><strong>Informaci\u00f3n en cumplimiento de la normativa de protecci\u00f3n de datos personales.-<\/strong><\/p>\n\n\n\n<p>Su centro E.Leclerc principal tratar\u00e1 los datos facilitados en el formulario de solicitud de la Tarjeta E. Leclerc, as\u00ed como los que se generen con motivo de su uso en los establecimientos que operan bajo la ense\u00f1a E. Leclerc adheridos a este programa de fidelidad, para tramitar la solicitud de emisi\u00f3n de la Tarjeta E. Leclerc y permitir su operativa. Asimismo, y siempre que contemos con su consentimiento, analizaremos los datos obtenidos del uso de la tarjeta para elaborar su perfil de consumo y predecir, a partir de perfiles estad\u00edsticos similares al suyo, posibles intereses potenciales, permitiendo que las comunicaciones comerciales y las ofertas que le remitimos sean personalizadas. El consentimiento que se le solicita es totalmente voluntario, por lo que puede otorgarlo, no otorgarlo o retirarlo en cualquier momento sin que su no concesi\u00f3n o retirada afecte en modo alguno al uso de su Tarjeta E.Leclerc. Finalmente, sobre la base del inter\u00e9s leg\u00edtimo que ostentamos, anonimizaremos sus datos para analizar los h\u00e1bitos de consumo de todos los clientes de forma an\u00f3nima y tomar decisiones comerciales.&nbsp;<\/p>\n\n\n\n<p>Le informamos de que, cuando acuda a un establecimiento adherido al programa de fidelidad, distinto de su centro E.Leclerc principal, comunicaremos sus datos al mismo para que pueda identificarle como miembro y disfrutar de las ventajas del programa. Puede consultar un listado detallado de los establecimientos adheridos en el sitio web de la Tarjeta E.Leclerc: <a href=\"http:\/\/www.e-leclerc.es\">www.e-leclerc.es<\/a>&nbsp;<\/p>\n\n\n\n<p>S\u00f3lo el personal de nuestra entidad que est\u00e9 debidamente autorizado podr\u00e1 tener conocimiento de la informaci\u00f3n que le pedimos. Asimismo, podr\u00e1n tener conocimiento de su informaci\u00f3n aquellas entidades que necesiten tener acceso a la misma para que podamos prestarle nuestros servicios. Igualmente, tendr\u00e1n conocimiento de su informaci\u00f3n aquellas entidades p\u00fablicas o privadas a las cuales estemos obligados a facilitar sus datos personales con motivo del cumplimiento de alguna ley.<\/p>\n\n\n\n<p>No est\u00e1 prevista la transferencia de su informaci\u00f3n personal fuera del Espacio Econ\u00f3mico Europeo.<\/p>\n\n\n\n<p>Conservaremos sus datos durante nuestra relaci\u00f3n y mientras nos obliguen las leyes. Una vez finalizados los plazos legales aplicables, procederemos a eliminarlos de forma segura.&nbsp;<\/p>\n\n\n\n<p>En relaci\u00f3n con el tratamiento de sus datos, tiene la posibilidad de ejercitar los derechos de acceso, rectificaci\u00f3n, supresi\u00f3n, portabilidad, limitaci\u00f3n u oposici\u00f3n dirigi\u00e9ndose a su centro E.Leclerc principal o a trav\u00e9s de la direcci\u00f3n: &nbsp;<a href=\"mailto:responsable.rgpd@salamanca.leclerc\">responsable.rgpd@salamanca.leclerc<\/a> o enviando un correo a nuestro delegado de protecci\u00f3n de datos en la direcci\u00f3n: <a href=\"https:\/\/e-leclerc.es\/salamanca\/condiciones-generales-de-la-tarjeta-e-leclerc\/dpd@dataprev.es\">dpd@dataprev.es<\/a><\/p>\n\n\n\n<p>Puede consultar una versi\u00f3n ampliada de esta pol\u00edtica solicitando la misma en el mostrador en el que entregue la solicitud de obtenci\u00f3n de la Tarjeta E.Leclerc o a trav\u00e9s de nuestro sitio web, <a href=\"http:\/\/www.e-leclerc.es\">www.e-leclerc.es<\/a><\/p>\n\n\n\n<p><\/p>\n","protected":false},"excerpt":{"rendered":"<p>1. Condiciones de adhesi\u00f3n \u00bfC\u00f3mo conseguirla? La tarjeta E.Leclerc es gratuita y f\u00e1cil de conseguir. Se puede obtener en cualquiera de los centros E.Leclerc, rellenando debidamente los datos que aparecen en el formulario de adhesi\u00f3n correspondiente, el cual est\u00e1 disponible tanto en los centros E.Leclerc como en la p\u00e1gina web&nbsp;www.e-leclerc.es. T\u00e9rminos de suscripci\u00f3n Podr\u00e1n adherirse [&hellip;]<\/p>\n","protected":false},"author":3,"featured_media":0,"parent":0,"menu_order":0,"comment_status":"closed","ping_status":"closed","template":"","meta":{"_acf_changed":false,"footnotes":""},"class_list":["post-8802","page","type-page","status-publish","hentry"],"acf":[],"yoast_head":"<!-- This site is optimized with the Yoast SEO plugin v25.6 - https:\/\/yoast.com\/wordpress\/plugins\/seo\/ -->\n<title>Condiciones generales de la tarjeta E.Leclerc - E.Leclerc Salamanca<\/title>\n<meta name=\"robots\" content=\"index, follow, max-snippet:-1, max-image-preview:large, max-video-preview:-1\" \/>\n<link rel=\"canonical\" href=\"https:\/\/e-leclerc.es\/salamanca\/condiciones-generales-de-la-tarjeta-e-leclerc\/\" \/>\n<meta property=\"og:locale\" content=\"es_ES\" \/>\n<meta property=\"og:type\" content=\"article\" \/>\n<meta property=\"og:title\" content=\"Condiciones generales de la tarjeta E.Leclerc - E.Leclerc Salamanca\" \/>\n<meta property=\"og:description\" content=\"1. Condiciones de adhesi\u00f3n \u00bfC\u00f3mo conseguirla? La tarjeta E.Leclerc es gratuita y f\u00e1cil de conseguir. Se puede obtener en cualquiera de los centros E.Leclerc, rellenando debidamente los datos que aparecen en el formulario de adhesi\u00f3n correspondiente, el cual est\u00e1 disponible tanto en los centros E.Leclerc como en la p\u00e1gina web&nbsp;www.e-leclerc.es. T\u00e9rminos de suscripci\u00f3n Podr\u00e1n adherirse [&hellip;]\" \/>\n<meta property=\"og:url\" content=\"https:\/\/e-leclerc.es\/salamanca\/condiciones-generales-de-la-tarjeta-e-leclerc\/\" \/>\n<meta property=\"og:site_name\" content=\"E.Leclerc Salamanca\" \/>\n<meta property=\"article:modified_time\" content=\"2025-03-06T11:11:56+00:00\" \/>\n<meta name=\"twitter:card\" content=\"summary_large_image\" \/>\n<meta name=\"twitter:label1\" content=\"Tiempo de lectura\" \/>\n\t<meta name=\"twitter:data1\" content=\"7 minutos\" \/>\n<script type=\"application\/ld+json\" class=\"yoast-schema-graph\">{\"@context\":\"https:\/\/schema.org\",\"@graph\":[{\"@type\":\"WebPage\",\"@id\":\"https:\/\/e-leclerc.es\/salamanca\/condiciones-generales-de-la-tarjeta-e-leclerc\/\",\"url\":\"https:\/\/e-leclerc.es\/salamanca\/condiciones-generales-de-la-tarjeta-e-leclerc\/\",\"name\":\"Condiciones generales de la tarjeta E.Leclerc - E.Leclerc Salamanca\",\"isPartOf\":{\"@id\":\"https:\/\/e-leclerc.es\/salamanca\/#website\"},\"datePublished\":\"2024-12-30T16:24:01+00:00\",\"dateModified\":\"2025-03-06T11:11:56+00:00\",\"breadcrumb\":{\"@id\":\"https:\/\/e-leclerc.es\/salamanca\/condiciones-generales-de-la-tarjeta-e-leclerc\/#breadcrumb\"},\"inLanguage\":\"es\",\"potentialAction\":[{\"@type\":\"ReadAction\",\"target\":[\"https:\/\/e-leclerc.es\/salamanca\/condiciones-generales-de-la-tarjeta-e-leclerc\/\"]}]},{\"@type\":\"BreadcrumbList\",\"@id\":\"https:\/\/e-leclerc.es\/salamanca\/condiciones-generales-de-la-tarjeta-e-leclerc\/#breadcrumb\",\"itemListElement\":[{\"@type\":\"ListItem\",\"position\":1,\"name\":\"Portada\",\"item\":\"https:\/\/e-leclerc.es\/salamanca\/\"},{\"@type\":\"ListItem\",\"position\":2,\"name\":\"Condiciones generales de la tarjeta E.Leclerc\"}]},{\"@type\":\"WebSite\",\"@id\":\"https:\/\/e-leclerc.es\/salamanca\/#website\",\"url\":\"https:\/\/e-leclerc.es\/salamanca\/\",\"name\":\"E.Leclerc Salamanca\",\"description\":\"Descubre los folletos, ofertas y promociones de nuestro hipermercado E.Leclerc Salamanca en Castillla y Le\u00f3n. Direcci\u00f3n | Horario | Productos locales\",\"publisher\":{\"@id\":\"https:\/\/e-leclerc.es\/salamanca\/#organization\"},\"potentialAction\":[{\"@type\":\"SearchAction\",\"target\":{\"@type\":\"EntryPoint\",\"urlTemplate\":\"https:\/\/e-leclerc.es\/salamanca\/?s={search_term_string}\"},\"query-input\":{\"@type\":\"PropertyValueSpecification\",\"valueRequired\":true,\"valueName\":\"search_term_string\"}}],\"inLanguage\":\"es\"},{\"@type\":\"Organization\",\"@id\":\"https:\/\/e-leclerc.es\/salamanca\/#organization\",\"name\":\"E.Leclerc Salamanca\",\"url\":\"https:\/\/e-leclerc.es\/salamanca\/\",\"logo\":{\"@type\":\"ImageObject\",\"inLanguage\":\"es\",\"@id\":\"https:\/\/e-leclerc.es\/salamanca\/#\/schema\/logo\/image\/\",\"url\":\"https:\/\/e-leclerc.es\/salamanca\/wp-content\/uploads\/sites\/17\/2024\/03\/Leclerc_Logo.svg\",\"contentUrl\":\"https:\/\/e-leclerc.es\/salamanca\/wp-content\/uploads\/sites\/17\/2024\/03\/Leclerc_Logo.svg\",\"caption\":\"E.Leclerc Salamanca\"},\"image\":{\"@id\":\"https:\/\/e-leclerc.es\/salamanca\/#\/schema\/logo\/image\/\"}}]}<\/script>\n<!-- \/ Yoast SEO plugin. -->","yoast_head_json":{"title":"Condiciones generales de la tarjeta E.Leclerc - E.Leclerc Salamanca","robots":{"index":"index","follow":"follow","max-snippet":"max-snippet:-1","max-image-preview":"max-image-preview:large","max-video-preview":"max-video-preview:-1"},"canonical":"https:\/\/e-leclerc.es\/salamanca\/condiciones-generales-de-la-tarjeta-e-leclerc\/","og_locale":"es_ES","og_type":"article","og_title":"Condiciones generales de la tarjeta E.Leclerc - E.Leclerc Salamanca","og_description":"1. Condiciones de adhesi\u00f3n \u00bfC\u00f3mo conseguirla? La tarjeta E.Leclerc es gratuita y f\u00e1cil de conseguir. Se puede obtener en cualquiera de los centros E.Leclerc, rellenando debidamente los datos que aparecen en el formulario de adhesi\u00f3n correspondiente, el cual est\u00e1 disponible tanto en los centros E.Leclerc como en la p\u00e1gina web&nbsp;www.e-leclerc.es. T\u00e9rminos de suscripci\u00f3n Podr\u00e1n adherirse [&hellip;]","og_url":"https:\/\/e-leclerc.es\/salamanca\/condiciones-generales-de-la-tarjeta-e-leclerc\/","og_site_name":"E.Leclerc Salamanca","article_modified_time":"2025-03-06T11:11:56+00:00","twitter_card":"summary_large_image","twitter_misc":{"Tiempo de lectura":"7 minutos"},"schema":{"@context":"https:\/\/schema.org","@graph":[{"@type":"WebPage","@id":"https:\/\/e-leclerc.es\/salamanca\/condiciones-generales-de-la-tarjeta-e-leclerc\/","url":"https:\/\/e-leclerc.es\/salamanca\/condiciones-generales-de-la-tarjeta-e-leclerc\/","name":"Condiciones generales de la tarjeta E.Leclerc - E.Leclerc Salamanca","isPartOf":{"@id":"https:\/\/e-leclerc.es\/salamanca\/#website"},"datePublished":"2024-12-30T16:24:01+00:00","dateModified":"2025-03-06T11:11:56+00:00","breadcrumb":{"@id":"https:\/\/e-leclerc.es\/salamanca\/condiciones-generales-de-la-tarjeta-e-leclerc\/#breadcrumb"},"inLanguage":"es","potentialAction":[{"@type":"ReadAction","target":["https:\/\/e-leclerc.es\/salamanca\/condiciones-generales-de-la-tarjeta-e-leclerc\/"]}]},{"@type":"BreadcrumbList","@id":"https:\/\/e-leclerc.es\/salamanca\/condiciones-generales-de-la-tarjeta-e-leclerc\/#breadcrumb","itemListElement":[{"@type":"ListItem","position":1,"name":"Portada","item":"https:\/\/e-leclerc.es\/salamanca\/"},{"@type":"ListItem","position":2,"name":"Condiciones generales de la tarjeta E.Leclerc"}]},{"@type":"WebSite","@id":"https:\/\/e-leclerc.es\/salamanca\/#website","url":"https:\/\/e-leclerc.es\/salamanca\/","name":"E.Leclerc Salamanca","description":"Descubre los folletos, ofertas y promociones de nuestro hipermercado E.Leclerc Salamanca en Castillla y Le\u00f3n. Direcci\u00f3n | Horario | Productos locales","publisher":{"@id":"https:\/\/e-leclerc.es\/salamanca\/#organization"},"potentialAction":[{"@type":"SearchAction","target":{"@type":"EntryPoint","urlTemplate":"https:\/\/e-leclerc.es\/salamanca\/?s={search_term_string}"},"query-input":{"@type":"PropertyValueSpecification","valueRequired":true,"valueName":"search_term_string"}}],"inLanguage":"es"},{"@type":"Organization","@id":"https:\/\/e-leclerc.es\/salamanca\/#organization","name":"E.Leclerc Salamanca","url":"https:\/\/e-leclerc.es\/salamanca\/","logo":{"@type":"ImageObject","inLanguage":"es","@id":"https:\/\/e-leclerc.es\/salamanca\/#\/schema\/logo\/image\/","url":"https:\/\/e-leclerc.es\/salamanca\/wp-content\/uploads\/sites\/17\/2024\/03\/Leclerc_Logo.svg","contentUrl":"https:\/\/e-leclerc.es\/salamanca\/wp-content\/uploads\/sites\/17\/2024\/03\/Leclerc_Logo.svg","caption":"E.Leclerc Salamanca"},"image":{"@id":"https:\/\/e-leclerc.es\/salamanca\/#\/schema\/logo\/image\/"}}]}},"_links":{"self":[{"href":"https:\/\/e-leclerc.es\/salamanca\/wp-json\/wp\/v2\/pages\/8802","targetHints":{"allow":["GET"]}}],"collection":[{"href":"https:\/\/e-leclerc.es\/salamanca\/wp-json\/wp\/v2\/pages"}],"about":[{"href":"https:\/\/e-leclerc.es\/salamanca\/wp-json\/wp\/v2\/types\/page"}],"author":[{"embeddable":true,"href":"https:\/\/e-leclerc.es\/salamanca\/wp-json\/wp\/v2\/users\/3"}],"replies":[{"embeddable":true,"href":"https:\/\/e-leclerc.es\/salamanca\/wp-json\/wp\/v2\/comments?post=8802"}],"version-history":[{"count":4,"href":"https:\/\/e-leclerc.es\/salamanca\/wp-json\/wp\/v2\/pages\/8802\/revisions"}],"predecessor-version":[{"id":9138,"href":"https:\/\/e-leclerc.es\/salamanca\/wp-json\/wp\/v2\/pages\/8802\/revisions\/9138"}],"wp:attachment":[{"href":"https:\/\/e-leclerc.es\/salamanca\/wp-json\/wp\/v2\/media?parent=8802"}],"curies":[{"name":"wp","href":"https:\/\/api.w.org\/{rel}","templated":true}]}}