{"id":7226,"date":"2024-05-22T12:31:23","date_gmt":"2024-05-22T10:31:23","guid":{"rendered":"https:\/\/www.e-leclerc.es\/salamanca\/?page_id=7226"},"modified":"2025-06-06T10:53:22","modified_gmt":"2025-06-06T08:53:22","slug":"politica-de-privacidad-envio-folleto-digital-whatsapp","status":"publish","type":"page","link":"https:\/\/e-leclerc.es\/salamanca\/politica-de-privacidad-envio-folleto-digital-whatsapp\/","title":{"rendered":"Pol\u00edtica de privacidad env\u00edo folleto digital por whatsapp"},"content":{"rendered":"\t\t<div data-elementor-type=\"wp-page\" data-elementor-id=\"7226\" class=\"elementor elementor-7226\" data-elementor-post-type=\"page\">\n\t\t\t\t<div class=\"elementor-element elementor-element-cc2d0ec e-flex e-con-boxed e-con e-parent\" data-id=\"cc2d0ec\" data-element_type=\"container\" data-e-type=\"container\">\n\t\t\t\t\t<div class=\"e-con-inner\">\n\t\t\t\t<div class=\"elementor-element elementor-element-84921ab elementor-invisible elementor-widget elementor-widget-rt-title\" data-id=\"84921ab\" data-element_type=\"widget\" data-e-type=\"widget\" data-widget_type=\"rt-title.default\">\n\t\t\t\t<div class=\"elementor-widget-container\">\n\t\t\t\t\t<div class=\"rt-section-title style1\">\n\t<div class=\"title-holder\">\t\t\n\t\t\t\t\t\t<div class=\"heading-wrap \"><h2 class=\"entry-title hide fadeInUp\" data-wow-delay=\"0.4s\" data-wow-duration=\"1.2s\">POL\u00cdTICA DE PRIVACIDAD ENV\u00cdO FOLLETO DIGITAL POR WHATSAPP<\/h2><\/div>\n\t\t\t\t\t\t\t<\/div>\n<\/div>\n\t\t\t\t<\/div>\n\t\t\t\t<\/div>\n\t\t\t\t<div class=\"elementor-element elementor-element-be593f3 elementor-widget elementor-widget-text-editor\" data-id=\"be593f3\" data-element_type=\"widget\" data-e-type=\"widget\" data-widget_type=\"text-editor.default\">\n\t\t\t\t<div class=\"elementor-widget-container\">\n\t\t\t\t\t\t\t\t\t<p>El Responsable del tratamiento de tus datos personales en el marco de la recepci\u00f3n \u00fanica del folleto digital actual de E.Leclerc Salamanca y la suscripci\u00f3n al folleto digital con env\u00edo de ofertas semanales y otros folletos digitales similares es, E.Leclerc Salamanca.<\/p><p>De acuerdo con lo establecido por la Ley Org\u00e1nica 3\/2018, de 5 de diciembre, de Protecci\u00f3n de Datos Personales y garant\u00eda de los derechos digitales (LOPD) y el Reglamento General de Protecci\u00f3n de Datos (RGPD) de 27 de Abril de 2016, le informamos que los datos personales aportados ser\u00e1n tratados por CARBADIS, S.L. con CIF B37333093 y domicilio en Avda E.Leclerc,1 &#8211; 37188, CARBAJOSA DE LA SAGRADA (Salamanca).<\/p><p>Para suscribirte y recibir nuestros folletos digitales actuales, junto con ofertas especiales de E.Leclerc Salamanca por WhatsApp, necesitaremos procesar tu n\u00famero de tel\u00e9fono m\u00f3vil y tu nombre en WhatsApp. El env\u00edo de nuestro folleto digital, as\u00ed como la suscripci\u00f3n para recibir ofertas semanales y folletos digitales especiales, se basa en tu consentimiento expl\u00edcito, de acuerdo con el art\u00edculo 6.1. a) del Reglamento General de Protecci\u00f3n de Datos (RGPD).<\/p><p>Para comenzar a recibir el folleto digital, las ofertas semanales y otros folletos especiales de E.Leclerc Salamanca en WhatsApp, simplemente env\u00eda el mensaje \u00abQuiero empezar a recibir los folletos de E.Leclerc Salamanca semanalmente en mi WhatsApp \u00a1Comencemos!\u201d. Al hacerlo, nos das tu consentimiento para enviarte el folleto digital y otras ofertas de E.Leclerc Salamanca a trav\u00e9s de WhatsApp.<\/p><p>Mientras desees recibir nuestros folletos y no revoques tu consentimiento, mantendremos tus datos personales en nuestros registros. Puedes cancelar tu suscripci\u00f3n en cualquier momento enviando \u00abCANCELAR\u00bb a trav\u00e9s de WhatsApp, tras lo cual tus datos ser\u00e1n eliminados en un plazo m\u00e1ximo de 30 d\u00edas.<\/p><p>Al otorgarnos tu consentimiento, est\u00e1s acordando la transferencia de tu n\u00famero de tel\u00e9fono a WhatsApp y a sus empresas afiliadas. Tu n\u00famero ser\u00e1 compartido con WhatsApp Ireland Limited, ubicada en 4 Grand Canal Quay, Dubl\u00edn 2, Irlanda, y posiblemente con otras empresas asociadas a WhatsApp. Puedes encontrar m\u00e1s detalles sobre WhatsApp Business en sus pol\u00edticas de protecci\u00f3n de datos. No realizamos ninguna toma de decisiones automatizada ni perfilamos a partir de estos datos.<\/p><p>Cualquier persona tiene derecho a solicitar el acceso, rectificaci\u00f3n, supresi\u00f3n, limitaci\u00f3n del tratamiento, oposici\u00f3n o derecho a la portabilidad de sus datos personales, escribi\u00e9ndonos a la direcci\u00f3n de nuestras oficinas, o enviando un correo electr\u00f3nico a <a href=\"mailto:responsable.rgpd@salamanca.leclerc\">responsable.rgpd@salamanca.leclerc<\/a>, indicando el derecho que desea ejercer.<\/p><p>Tendr\u00e1 derecho igualmente a retirar el consentimiento prestado en cualquier momento. La retirada del consentimiento no afectar\u00e1 a la licitud del tratamiento efectuado antes de la retirada de dicho consentimiento.<\/p><p>Tiene derecho a presentar una reclamaci\u00f3n ante la autoridad de control si considera que pueden haber sido vulnerados sus derechos en lo concerniente a la protecci\u00f3n de sus datos personales.<\/p><p>Cualquier interesado puede contactar con nuestro Delegado de Protecci\u00f3n de datos; DATAPREV DUAL SERVICES, S.L. con domicilio en Paseo de Portuetxe kalea 25, oficina 4, 20018 San Sebasti\u00e1n \u2013 Gipuzkoa, a trav\u00e9s del correo: <a href=\"mailto:dpd@dataprev.es\">dpd@dataprev.es<\/a>.<\/p>\t\t\t\t\t\t\t\t<\/div>\n\t\t\t\t<\/div>\n\t\t\t\t\t<\/div>\n\t\t\t\t<\/div>\n\t\t\t\t<\/div>\n\t\t","protected":false},"excerpt":{"rendered":"<p>POL\u00cdTICA DE PRIVACIDAD ENV\u00cdO FOLLETO DIGITAL POR WHATSAPP El Responsable del tratamiento de tus datos personales en el marco de la recepci\u00f3n \u00fanica del folleto digital actual de E.Leclerc Salamanca y la suscripci\u00f3n al folleto digital con env\u00edo de ofertas semanales y otros folletos digitales similares es, E.Leclerc Salamanca. De acuerdo con lo establecido por [&hellip;]<\/p>\n","protected":false},"author":3,"featured_media":0,"parent":0,"menu_order":0,"comment_status":"closed","ping_status":"closed","template":"","meta":{"_acf_changed":false,"footnotes":""},"class_list":["post-7226","page","type-page","status-publish","hentry"],"acf":[],"yoast_head":"<!-- This site is optimized with the Yoast SEO plugin v27.3 - https:\/\/yoast.com\/product\/yoast-seo-wordpress\/ -->\n<title>Pol\u00edtica de privacidad env\u00edo folleto digital por whatsapp - E.Leclerc Salamanca<\/title>\n<meta name=\"robots\" content=\"index, follow, max-snippet:-1, max-image-preview:large, max-video-preview:-1\" \/>\n<link rel=\"canonical\" href=\"https:\/\/e-leclerc.es\/salamanca\/politica-de-privacidad-envio-folleto-digital-whatsapp\/\" \/>\n<meta property=\"og:locale\" content=\"es_ES\" \/>\n<meta property=\"og:type\" content=\"article\" \/>\n<meta property=\"og:title\" content=\"Pol\u00edtica de privacidad env\u00edo folleto digital por whatsapp - E.Leclerc Salamanca\" \/>\n<meta property=\"og:description\" content=\"POL\u00cdTICA DE PRIVACIDAD ENV\u00cdO FOLLETO DIGITAL POR WHATSAPP El Responsable del tratamiento de tus datos personales en el marco de la recepci\u00f3n \u00fanica del folleto digital actual de E.Leclerc Salamanca y la suscripci\u00f3n al folleto digital con env\u00edo de ofertas semanales y otros folletos digitales similares es, E.Leclerc Salamanca. De acuerdo con lo establecido por [&hellip;]\" \/>\n<meta property=\"og:url\" content=\"https:\/\/e-leclerc.es\/salamanca\/politica-de-privacidad-envio-folleto-digital-whatsapp\/\" \/>\n<meta property=\"og:site_name\" content=\"E.Leclerc Salamanca\" \/>\n<meta property=\"article:modified_time\" content=\"2025-06-06T08:53:22+00:00\" \/>\n<meta name=\"twitter:card\" content=\"summary_large_image\" \/>\n<meta name=\"twitter:label1\" content=\"Tiempo de lectura\" \/>\n\t<meta name=\"twitter:data1\" content=\"3 minutos\" \/>\n<script type=\"application\/ld+json\" class=\"yoast-schema-graph\">{\"@context\":\"https:\\\/\\\/schema.org\",\"@graph\":[{\"@type\":\"WebPage\",\"@id\":\"https:\\\/\\\/e-leclerc.es\\\/salamanca\\\/politica-de-privacidad-envio-folleto-digital-whatsapp\\\/\",\"url\":\"https:\\\/\\\/e-leclerc.es\\\/salamanca\\\/politica-de-privacidad-envio-folleto-digital-whatsapp\\\/\",\"name\":\"Pol\u00edtica de privacidad env\u00edo folleto digital por whatsapp - E.Leclerc Salamanca\",\"isPartOf\":{\"@id\":\"https:\\\/\\\/e-leclerc.es\\\/salamanca\\\/#website\"},\"datePublished\":\"2024-05-22T10:31:23+00:00\",\"dateModified\":\"2025-06-06T08:53:22+00:00\",\"breadcrumb\":{\"@id\":\"https:\\\/\\\/e-leclerc.es\\\/salamanca\\\/politica-de-privacidad-envio-folleto-digital-whatsapp\\\/#breadcrumb\"},\"inLanguage\":\"es\",\"potentialAction\":[{\"@type\":\"ReadAction\",\"target\":[\"https:\\\/\\\/e-leclerc.es\\\/salamanca\\\/politica-de-privacidad-envio-folleto-digital-whatsapp\\\/\"]}]},{\"@type\":\"BreadcrumbList\",\"@id\":\"https:\\\/\\\/e-leclerc.es\\\/salamanca\\\/politica-de-privacidad-envio-folleto-digital-whatsapp\\\/#breadcrumb\",\"itemListElement\":[{\"@type\":\"ListItem\",\"position\":1,\"name\":\"Portada\",\"item\":\"https:\\\/\\\/e-leclerc.es\\\/salamanca\\\/\"},{\"@type\":\"ListItem\",\"position\":2,\"name\":\"Pol\u00edtica de privacidad env\u00edo folleto digital por whatsapp\"}]},{\"@type\":\"WebSite\",\"@id\":\"https:\\\/\\\/e-leclerc.es\\\/salamanca\\\/#website\",\"url\":\"https:\\\/\\\/e-leclerc.es\\\/salamanca\\\/\",\"name\":\"E.Leclerc Salamanca\",\"description\":\"Descubre los folletos, ofertas y promociones de nuestro hipermercado E.Leclerc Salamanca en Castillla y Le\u00f3n. Direcci\u00f3n | Horario | Productos locales\",\"publisher\":{\"@id\":\"https:\\\/\\\/e-leclerc.es\\\/salamanca\\\/#organization\"},\"potentialAction\":[{\"@type\":\"SearchAction\",\"target\":{\"@type\":\"EntryPoint\",\"urlTemplate\":\"https:\\\/\\\/e-leclerc.es\\\/salamanca\\\/?s={search_term_string}\"},\"query-input\":{\"@type\":\"PropertyValueSpecification\",\"valueRequired\":true,\"valueName\":\"search_term_string\"}}],\"inLanguage\":\"es\"},{\"@type\":\"Organization\",\"@id\":\"https:\\\/\\\/e-leclerc.es\\\/salamanca\\\/#organization\",\"name\":\"E.Leclerc Salamanca\",\"url\":\"https:\\\/\\\/e-leclerc.es\\\/salamanca\\\/\",\"logo\":{\"@type\":\"ImageObject\",\"inLanguage\":\"es\",\"@id\":\"https:\\\/\\\/e-leclerc.es\\\/salamanca\\\/#\\\/schema\\\/logo\\\/image\\\/\",\"url\":\"https:\\\/\\\/e-leclerc.es\\\/salamanca\\\/wp-content\\\/uploads\\\/sites\\\/17\\\/2024\\\/03\\\/Leclerc_Logo.svg\",\"contentUrl\":\"https:\\\/\\\/e-leclerc.es\\\/salamanca\\\/wp-content\\\/uploads\\\/sites\\\/17\\\/2024\\\/03\\\/Leclerc_Logo.svg\",\"caption\":\"E.Leclerc Salamanca\"},\"image\":{\"@id\":\"https:\\\/\\\/e-leclerc.es\\\/salamanca\\\/#\\\/schema\\\/logo\\\/image\\\/\"}}]}<\/script>\n<!-- \/ Yoast SEO plugin. -->","yoast_head_json":{"title":"Pol\u00edtica de privacidad env\u00edo folleto digital por whatsapp - E.Leclerc Salamanca","robots":{"index":"index","follow":"follow","max-snippet":"max-snippet:-1","max-image-preview":"max-image-preview:large","max-video-preview":"max-video-preview:-1"},"canonical":"https:\/\/e-leclerc.es\/salamanca\/politica-de-privacidad-envio-folleto-digital-whatsapp\/","og_locale":"es_ES","og_type":"article","og_title":"Pol\u00edtica de privacidad env\u00edo folleto digital por whatsapp - E.Leclerc Salamanca","og_description":"POL\u00cdTICA DE PRIVACIDAD ENV\u00cdO FOLLETO DIGITAL POR WHATSAPP El Responsable del tratamiento de tus datos personales en el marco de la recepci\u00f3n \u00fanica del folleto digital actual de E.Leclerc Salamanca y la suscripci\u00f3n al folleto digital con env\u00edo de ofertas semanales y otros folletos digitales similares es, E.Leclerc Salamanca. De acuerdo con lo establecido por [&hellip;]","og_url":"https:\/\/e-leclerc.es\/salamanca\/politica-de-privacidad-envio-folleto-digital-whatsapp\/","og_site_name":"E.Leclerc Salamanca","article_modified_time":"2025-06-06T08:53:22+00:00","twitter_card":"summary_large_image","twitter_misc":{"Tiempo de lectura":"3 minutos"},"schema":{"@context":"https:\/\/schema.org","@graph":[{"@type":"WebPage","@id":"https:\/\/e-leclerc.es\/salamanca\/politica-de-privacidad-envio-folleto-digital-whatsapp\/","url":"https:\/\/e-leclerc.es\/salamanca\/politica-de-privacidad-envio-folleto-digital-whatsapp\/","name":"Pol\u00edtica de privacidad env\u00edo folleto digital por whatsapp - E.Leclerc Salamanca","isPartOf":{"@id":"https:\/\/e-leclerc.es\/salamanca\/#website"},"datePublished":"2024-05-22T10:31:23+00:00","dateModified":"2025-06-06T08:53:22+00:00","breadcrumb":{"@id":"https:\/\/e-leclerc.es\/salamanca\/politica-de-privacidad-envio-folleto-digital-whatsapp\/#breadcrumb"},"inLanguage":"es","potentialAction":[{"@type":"ReadAction","target":["https:\/\/e-leclerc.es\/salamanca\/politica-de-privacidad-envio-folleto-digital-whatsapp\/"]}]},{"@type":"BreadcrumbList","@id":"https:\/\/e-leclerc.es\/salamanca\/politica-de-privacidad-envio-folleto-digital-whatsapp\/#breadcrumb","itemListElement":[{"@type":"ListItem","position":1,"name":"Portada","item":"https:\/\/e-leclerc.es\/salamanca\/"},{"@type":"ListItem","position":2,"name":"Pol\u00edtica de privacidad env\u00edo folleto digital por whatsapp"}]},{"@type":"WebSite","@id":"https:\/\/e-leclerc.es\/salamanca\/#website","url":"https:\/\/e-leclerc.es\/salamanca\/","name":"E.Leclerc Salamanca","description":"Descubre los folletos, ofertas y promociones de nuestro hipermercado E.Leclerc Salamanca en Castillla y Le\u00f3n. Direcci\u00f3n | Horario | Productos locales","publisher":{"@id":"https:\/\/e-leclerc.es\/salamanca\/#organization"},"potentialAction":[{"@type":"SearchAction","target":{"@type":"EntryPoint","urlTemplate":"https:\/\/e-leclerc.es\/salamanca\/?s={search_term_string}"},"query-input":{"@type":"PropertyValueSpecification","valueRequired":true,"valueName":"search_term_string"}}],"inLanguage":"es"},{"@type":"Organization","@id":"https:\/\/e-leclerc.es\/salamanca\/#organization","name":"E.Leclerc Salamanca","url":"https:\/\/e-leclerc.es\/salamanca\/","logo":{"@type":"ImageObject","inLanguage":"es","@id":"https:\/\/e-leclerc.es\/salamanca\/#\/schema\/logo\/image\/","url":"https:\/\/e-leclerc.es\/salamanca\/wp-content\/uploads\/sites\/17\/2024\/03\/Leclerc_Logo.svg","contentUrl":"https:\/\/e-leclerc.es\/salamanca\/wp-content\/uploads\/sites\/17\/2024\/03\/Leclerc_Logo.svg","caption":"E.Leclerc Salamanca"},"image":{"@id":"https:\/\/e-leclerc.es\/salamanca\/#\/schema\/logo\/image\/"}}]}},"_links":{"self":[{"href":"https:\/\/e-leclerc.es\/salamanca\/wp-json\/wp\/v2\/pages\/7226","targetHints":{"allow":["GET"]}}],"collection":[{"href":"https:\/\/e-leclerc.es\/salamanca\/wp-json\/wp\/v2\/pages"}],"about":[{"href":"https:\/\/e-leclerc.es\/salamanca\/wp-json\/wp\/v2\/types\/page"}],"author":[{"embeddable":true,"href":"https:\/\/e-leclerc.es\/salamanca\/wp-json\/wp\/v2\/users\/3"}],"replies":[{"embeddable":true,"href":"https:\/\/e-leclerc.es\/salamanca\/wp-json\/wp\/v2\/comments?post=7226"}],"version-history":[{"count":8,"href":"https:\/\/e-leclerc.es\/salamanca\/wp-json\/wp\/v2\/pages\/7226\/revisions"}],"predecessor-version":[{"id":9587,"href":"https:\/\/e-leclerc.es\/salamanca\/wp-json\/wp\/v2\/pages\/7226\/revisions\/9587"}],"wp:attachment":[{"href":"https:\/\/e-leclerc.es\/salamanca\/wp-json\/wp\/v2\/media?parent=7226"}],"curies":[{"name":"wp","href":"https:\/\/api.w.org\/{rel}","templated":true}]}}