{"id":8308,"date":"2024-05-20T13:08:37","date_gmt":"2024-05-20T11:08:37","guid":{"rendered":"https:\/\/www.e-leclerc.es\/pamplona\/?page_id=8308"},"modified":"2026-04-15T12:42:16","modified_gmt":"2026-04-15T10:42:16","slug":"elementor-8308","status":"publish","type":"page","link":"https:\/\/e-leclerc.es\/pamplona\/elementor-8308\/","title":{"rendered":"Newsletter"},"content":{"rendered":"\t\t<div data-elementor-type=\"wp-page\" data-elementor-id=\"8308\" class=\"elementor elementor-8308\" data-elementor-post-type=\"page\">\n\t\t\t\t<div class=\"elementor-element elementor-element-4e5b180 e-flex e-con-boxed e-con e-parent\" data-id=\"4e5b180\" data-element_type=\"container\" data-e-type=\"container\">\n\t\t\t\t\t<div class=\"e-con-inner\">\n\t\t\t\t<div class=\"elementor-element elementor-element-918f2d9 elementor-invisible elementor-widget elementor-widget-rt-title\" data-id=\"918f2d9\" data-element_type=\"widget\" data-e-type=\"widget\" data-widget_type=\"rt-title.default\">\n\t\t\t\t<div class=\"elementor-widget-container\">\n\t\t\t\t\t<div class=\"rt-section-title style1\">\n\t<div class=\"title-holder\">\t\t\n\t\t\t\t<span class=\"sub-title hide fadeInUp\" data-wow-delay=\"0.2s\" data-wow-duration=\"1.2s\">Newsletter<\/span>\n\t\t\t\t\t\t<div class=\"heading-wrap \"><h2 class=\"entry-title hide fadeInUp\" data-wow-delay=\"0.4s\" data-wow-duration=\"1.2s\">Suscr\u00edbete a nuestra Newsletter<\/h2><\/div>\n\t\t\t\t<div class=\"line-wrap hide fadeInUp\" data-wow-delay=\"0.6s\" data-wow-duration=\"1.2s\"><span class=\"title-line\"><\/span><span class=\"title-border\"><\/span><\/div>\t\t\t\t<span class=\"entry-text hide fadeInUp\" data-wow-delay=\"0.8s\" data-wow-duration=\"1.2s\">Para disfrutar de nuestras mejores ofertas semanales, aprovechar el m\u00e1ximo ahorro y estar al tanto de todas las sorpresas.<\/span>\n\t\t\t<\/div>\n<\/div>\n\t\t\t\t<\/div>\n\t\t\t\t<\/div>\n\t\t\t\t<div class=\"elementor-element elementor-element-9b40280 elementor-widget elementor-widget-rt-image\" data-id=\"9b40280\" data-element_type=\"widget\" data-e-type=\"widget\" data-widget_type=\"rt-image.default\">\n\t\t\t\t<div class=\"elementor-widget-container\">\n\t\t\t\t\t<div class=\"rt-image\">\n\t\t\t<img decoding=\"async\" src=\"https:\/\/e-leclerc.es\/pamplona\/wp-content\/uploads\/sites\/16\/2024\/05\/\u00a1NO-PUEDES-PERDERTE-NUESTRAS-NEWSLETTERS-CON-SORPRESAS-CADA-SEMANA.png\" title=\"\" alt=\"\" loading=\"lazy\" \/>\t<\/div>\t\t\t\t<\/div>\n\t\t\t\t<\/div>\n\t\t\t\t\t<\/div>\n\t\t\t\t<\/div>\n\t\t<div class=\"elementor-element elementor-element-a54fb92 e-flex e-con-boxed e-con e-parent\" data-id=\"a54fb92\" data-element_type=\"container\" data-e-type=\"container\">\n\t\t\t\t\t<div class=\"e-con-inner\">\n\t\t\t\t<div class=\"elementor-element elementor-element-1a0a281 elementor-widget elementor-widget-shortcode\" data-id=\"1a0a281\" data-element_type=\"widget\" data-e-type=\"widget\" data-widget_type=\"shortcode.default\">\n\t\t\t\t<div class=\"elementor-widget-container\">\n\t\t\t\t\t\t\t<div class=\"elementor-shortcode\">\n\t\t\t<form id=\"sib_signup_form_2\" method=\"post\" class=\"sib_signup_form\">\n\t\t\t\t<div class=\"sib_loader\" style=\"display:none;\"><img\n\t\t\t\t\t\t\tsrc=\"https:\/\/e-leclerc.es\/pamplona\/wp-includes\/images\/spinner.gif\" alt=\"loader\"><\/div>\n\t\t\t\t<input type=\"hidden\" name=\"sib_form_action\" value=\"subscribe_form_submit\">\n\t\t\t\t<input type=\"hidden\" name=\"sib_form_id\" value=\"2\">\n                <input type=\"hidden\" name=\"sib_form_alert_notice\" value=\"Por favor, es necesario rellenar todos los campos.\">\n                <input type=\"hidden\" name=\"sib_form_invalid_email_notice\" value=\"Su direcci\u00f3n de correo electr\u00f3nico es inv\u00e1lida. Por favor, int\u00e9ntelo con otra direcci\u00f3n de correo.\">\n                <input type=\"hidden\" name=\"sib_security\" value=\"c5a4346065\">\n\t\t\t\t<div class=\"sib_signup_box_inside_2\">\n\t\t\t\t\t<div style=\"\/*display:none*\/\" class=\"sib_msg_disp\">\n\t\t\t\t\t<\/div>\n                    \t\t\t\t\t<p class=\"sib-email-area\">\r\n    Correo electr\u00f3nico*\r\n    <input type=\"email\" class=\"sib-email-area\" name=\"email\" required=\"required\">\r\n<p>\r\n    <input type=\"submit\" class=\"sib-default-btn\" value=\"Sucr\u00edbete\">\r\n<\/p>\r\n<input type=\"checkbox\" name=\"terms\" required=\"required\">Acepto los <a href=\"https:\/\/e-leclerc.es\/pamplona\/politica-de-privacidad\/\">t\u00e9rminos y condiciones<\/a> \r\n\r\n<\/p>\r\n\r\nRecibir\u00e1 un email confirmando que se ha suscrito correctamente.\r\n\r\n\r\n\t\t\t\t<\/div>\n\t\t\t<\/form>\n\t\t\t<style>\n\t\t\t\tform#sib_signup_form_2 p.sib-alert-message {\n    padding: 6px 12px;\n    margin-bottom: 20px;\n    border: 1px solid transparent;\n    border-radius: 4px;\n    -webkit-box-sizing: border-box;\n    -moz-box-sizing: border-box;\n    box-sizing: border-box;\n}\nform#sib_signup_form_2 p.sib-alert-message-error {\n    background-color: #f2dede;\n    border-color: #ebccd1;\n    color: #a94442;\n}\nform#sib_signup_form_2 p.sib-alert-message-success {\n    background-color: #dff0d8;\n    border-color: #d6e9c6;\n    color: #3c763d;\n}\nform#sib_signup_form_2 p.sib-alert-message-warning {\n    background-color: #fcf8e3;\n    border-color: #faebcc;\n    color: #8a6d3b;\n}\n\t\t\t<\/style>\n\t\t\t<\/div>\n\t\t\t\t\t\t<\/div>\n\t\t\t\t<\/div>\n\t\t\t\t\t<\/div>\n\t\t\t\t<\/div>\n\t\t\t\t<\/div>\n\t\t","protected":false},"excerpt":{"rendered":"<p>Newsletter Suscr\u00edbete a nuestra Newsletter Para disfrutar de nuestras mejores ofertas semanales, aprovechar el m\u00e1ximo ahorro y estar al tanto de todas las sorpresas.<\/p>\n","protected":false},"author":20,"featured_media":0,"parent":0,"menu_order":0,"comment_status":"closed","ping_status":"closed","template":"","meta":{"_acf_changed":false,"footnotes":""},"class_list":["post-8308","page","type-page","status-publish","hentry"],"acf":[],"yoast_head":"<!-- This site is optimized with the Yoast SEO plugin v27.4 - https:\/\/yoast.com\/product\/yoast-seo-wordpress\/ -->\n<title>Newsletter - E.Leclerc Pamplona<\/title>\n<meta name=\"robots\" content=\"index, follow, max-snippet:-1, max-image-preview:large, max-video-preview:-1\" \/>\n<link rel=\"canonical\" href=\"https:\/\/e-leclerc.es\/pamplona\/elementor-8308\/\" \/>\n<meta property=\"og:locale\" content=\"es_ES\" \/>\n<meta property=\"og:type\" content=\"article\" \/>\n<meta property=\"og:title\" content=\"Newsletter - E.Leclerc Pamplona\" \/>\n<meta property=\"og:description\" content=\"Newsletter Suscr\u00edbete a nuestra Newsletter Para disfrutar de nuestras mejores ofertas semanales, aprovechar el m\u00e1ximo ahorro y estar al tanto de todas las sorpresas.\" \/>\n<meta property=\"og:url\" content=\"https:\/\/e-leclerc.es\/pamplona\/elementor-8308\/\" \/>\n<meta property=\"og:site_name\" content=\"E.Leclerc Pamplona\" \/>\n<meta property=\"article:modified_time\" content=\"2026-04-15T10:42:16+00:00\" \/>\n<meta name=\"twitter:card\" content=\"summary_large_image\" \/>\n<meta name=\"twitter:label1\" content=\"Tiempo de lectura\" \/>\n\t<meta name=\"twitter:data1\" content=\"1 minuto\" \/>\n<script type=\"application\/ld+json\" class=\"yoast-schema-graph\">{\"@context\":\"https:\\\/\\\/schema.org\",\"@graph\":[{\"@type\":\"WebPage\",\"@id\":\"https:\\\/\\\/e-leclerc.es\\\/pamplona\\\/elementor-8308\\\/\",\"url\":\"https:\\\/\\\/e-leclerc.es\\\/pamplona\\\/elementor-8308\\\/\",\"name\":\"Newsletter - E.Leclerc Pamplona\",\"isPartOf\":{\"@id\":\"https:\\\/\\\/e-leclerc.es\\\/pamplona\\\/#website\"},\"datePublished\":\"2024-05-20T11:08:37+00:00\",\"dateModified\":\"2026-04-15T10:42:16+00:00\",\"breadcrumb\":{\"@id\":\"https:\\\/\\\/e-leclerc.es\\\/pamplona\\\/elementor-8308\\\/#breadcrumb\"},\"inLanguage\":\"es\",\"potentialAction\":[{\"@type\":\"ReadAction\",\"target\":[\"https:\\\/\\\/e-leclerc.es\\\/pamplona\\\/elementor-8308\\\/\"]}]},{\"@type\":\"BreadcrumbList\",\"@id\":\"https:\\\/\\\/e-leclerc.es\\\/pamplona\\\/elementor-8308\\\/#breadcrumb\",\"itemListElement\":[{\"@type\":\"ListItem\",\"position\":1,\"name\":\"Portada\",\"item\":\"https:\\\/\\\/e-leclerc.es\\\/pamplona\\\/\"},{\"@type\":\"ListItem\",\"position\":2,\"name\":\"Newsletter\"}]},{\"@type\":\"WebSite\",\"@id\":\"https:\\\/\\\/e-leclerc.es\\\/pamplona\\\/#website\",\"url\":\"https:\\\/\\\/e-leclerc.es\\\/pamplona\\\/\",\"name\":\"E.Leclerc Pamplona\",\"description\":\"Descubre los folletos, ofertas y promociones de nuestro hipermercado E.Leclerc Pamplona en Arag\u00f3n. Direcci\u00f3n | Horario | Productos locales\",\"publisher\":{\"@id\":\"https:\\\/\\\/e-leclerc.es\\\/pamplona\\\/#organization\"},\"potentialAction\":[{\"@type\":\"SearchAction\",\"target\":{\"@type\":\"EntryPoint\",\"urlTemplate\":\"https:\\\/\\\/e-leclerc.es\\\/pamplona\\\/?s={search_term_string}\"},\"query-input\":{\"@type\":\"PropertyValueSpecification\",\"valueRequired\":true,\"valueName\":\"search_term_string\"}}],\"inLanguage\":\"es\"},{\"@type\":\"Organization\",\"@id\":\"https:\\\/\\\/e-leclerc.es\\\/pamplona\\\/#organization\",\"name\":\"E.Leclerc Pamplona\",\"url\":\"https:\\\/\\\/e-leclerc.es\\\/pamplona\\\/\",\"logo\":{\"@type\":\"ImageObject\",\"inLanguage\":\"es\",\"@id\":\"https:\\\/\\\/e-leclerc.es\\\/pamplona\\\/#\\\/schema\\\/logo\\\/image\\\/\",\"url\":\"https:\\\/\\\/e-leclerc.es\\\/pamplona\\\/wp-content\\\/uploads\\\/sites\\\/16\\\/2024\\\/03\\\/Leclerc_Logo.svg\",\"contentUrl\":\"https:\\\/\\\/e-leclerc.es\\\/pamplona\\\/wp-content\\\/uploads\\\/sites\\\/16\\\/2024\\\/03\\\/Leclerc_Logo.svg\",\"caption\":\"E.Leclerc Pamplona\"},\"image\":{\"@id\":\"https:\\\/\\\/e-leclerc.es\\\/pamplona\\\/#\\\/schema\\\/logo\\\/image\\\/\"}}]}<\/script>\n<!-- \/ Yoast SEO plugin. -->","yoast_head_json":{"title":"Newsletter - E.Leclerc Pamplona","robots":{"index":"index","follow":"follow","max-snippet":"max-snippet:-1","max-image-preview":"max-image-preview:large","max-video-preview":"max-video-preview:-1"},"canonical":"https:\/\/e-leclerc.es\/pamplona\/elementor-8308\/","og_locale":"es_ES","og_type":"article","og_title":"Newsletter - E.Leclerc Pamplona","og_description":"Newsletter Suscr\u00edbete a nuestra Newsletter Para disfrutar de nuestras mejores ofertas semanales, aprovechar el m\u00e1ximo ahorro y estar al tanto de todas las sorpresas.","og_url":"https:\/\/e-leclerc.es\/pamplona\/elementor-8308\/","og_site_name":"E.Leclerc Pamplona","article_modified_time":"2026-04-15T10:42:16+00:00","twitter_card":"summary_large_image","twitter_misc":{"Tiempo de lectura":"1 minuto"},"schema":{"@context":"https:\/\/schema.org","@graph":[{"@type":"WebPage","@id":"https:\/\/e-leclerc.es\/pamplona\/elementor-8308\/","url":"https:\/\/e-leclerc.es\/pamplona\/elementor-8308\/","name":"Newsletter - E.Leclerc Pamplona","isPartOf":{"@id":"https:\/\/e-leclerc.es\/pamplona\/#website"},"datePublished":"2024-05-20T11:08:37+00:00","dateModified":"2026-04-15T10:42:16+00:00","breadcrumb":{"@id":"https:\/\/e-leclerc.es\/pamplona\/elementor-8308\/#breadcrumb"},"inLanguage":"es","potentialAction":[{"@type":"ReadAction","target":["https:\/\/e-leclerc.es\/pamplona\/elementor-8308\/"]}]},{"@type":"BreadcrumbList","@id":"https:\/\/e-leclerc.es\/pamplona\/elementor-8308\/#breadcrumb","itemListElement":[{"@type":"ListItem","position":1,"name":"Portada","item":"https:\/\/e-leclerc.es\/pamplona\/"},{"@type":"ListItem","position":2,"name":"Newsletter"}]},{"@type":"WebSite","@id":"https:\/\/e-leclerc.es\/pamplona\/#website","url":"https:\/\/e-leclerc.es\/pamplona\/","name":"E.Leclerc Pamplona","description":"Descubre los folletos, ofertas y promociones de nuestro hipermercado E.Leclerc Pamplona en Arag\u00f3n. Direcci\u00f3n | Horario | Productos locales","publisher":{"@id":"https:\/\/e-leclerc.es\/pamplona\/#organization"},"potentialAction":[{"@type":"SearchAction","target":{"@type":"EntryPoint","urlTemplate":"https:\/\/e-leclerc.es\/pamplona\/?s={search_term_string}"},"query-input":{"@type":"PropertyValueSpecification","valueRequired":true,"valueName":"search_term_string"}}],"inLanguage":"es"},{"@type":"Organization","@id":"https:\/\/e-leclerc.es\/pamplona\/#organization","name":"E.Leclerc Pamplona","url":"https:\/\/e-leclerc.es\/pamplona\/","logo":{"@type":"ImageObject","inLanguage":"es","@id":"https:\/\/e-leclerc.es\/pamplona\/#\/schema\/logo\/image\/","url":"https:\/\/e-leclerc.es\/pamplona\/wp-content\/uploads\/sites\/16\/2024\/03\/Leclerc_Logo.svg","contentUrl":"https:\/\/e-leclerc.es\/pamplona\/wp-content\/uploads\/sites\/16\/2024\/03\/Leclerc_Logo.svg","caption":"E.Leclerc Pamplona"},"image":{"@id":"https:\/\/e-leclerc.es\/pamplona\/#\/schema\/logo\/image\/"}}]}},"_links":{"self":[{"href":"https:\/\/e-leclerc.es\/pamplona\/wp-json\/wp\/v2\/pages\/8308","targetHints":{"allow":["GET"]}}],"collection":[{"href":"https:\/\/e-leclerc.es\/pamplona\/wp-json\/wp\/v2\/pages"}],"about":[{"href":"https:\/\/e-leclerc.es\/pamplona\/wp-json\/wp\/v2\/types\/page"}],"author":[{"embeddable":true,"href":"https:\/\/e-leclerc.es\/pamplona\/wp-json\/wp\/v2\/users\/20"}],"replies":[{"embeddable":true,"href":"https:\/\/e-leclerc.es\/pamplona\/wp-json\/wp\/v2\/comments?post=8308"}],"version-history":[{"count":81,"href":"https:\/\/e-leclerc.es\/pamplona\/wp-json\/wp\/v2\/pages\/8308\/revisions"}],"predecessor-version":[{"id":11393,"href":"https:\/\/e-leclerc.es\/pamplona\/wp-json\/wp\/v2\/pages\/8308\/revisions\/11393"}],"wp:attachment":[{"href":"https:\/\/e-leclerc.es\/pamplona\/wp-json\/wp\/v2\/media?parent=8308"}],"curies":[{"name":"wp","href":"https:\/\/api.w.org\/{rel}","templated":true}]}}