{"id":7457,"date":"2024-04-29T23:25:33","date_gmt":"2024-04-29T21:25:33","guid":{"rendered":"https:\/\/www.e-leclerc.es\/pamplona\/?page_id=7457"},"modified":"2026-04-15T12:36:52","modified_gmt":"2026-04-15T10:36:52","slug":"solicitar-tarjeta","status":"publish","type":"page","link":"https:\/\/e-leclerc.es\/pamplona\/tarjeta-e-leclerc\/solicitar-tarjeta\/","title":{"rendered":"Solicitar tarjeta"},"content":{"rendered":"\t\t<div data-elementor-type=\"wp-page\" data-elementor-id=\"7457\" class=\"elementor elementor-7457\" data-elementor-post-type=\"page\">\n\t\t\t\t<div class=\"elementor-element elementor-element-fe625e8 e-flex e-con-boxed e-con e-parent\" data-id=\"fe625e8\" data-element_type=\"container\" data-e-type=\"container\">\n\t\t\t\t\t<div class=\"e-con-inner\">\n\t\t<div class=\"elementor-element elementor-element-8c37a22 e-con-full e-flex e-con e-child\" data-id=\"8c37a22\" data-element_type=\"container\" data-e-type=\"container\">\n\t\t\t\t<div class=\"elementor-element elementor-element-825afaa elementor-widget elementor-widget-button\" data-id=\"825afaa\" data-element_type=\"widget\" data-e-type=\"widget\" data-widget_type=\"button.default\">\n\t\t\t\t<div class=\"elementor-widget-container\">\n\t\t\t\t\t\t\t\t\t<div class=\"elementor-button-wrapper\">\n\t\t\t\t\t<a class=\"elementor-button elementor-button-link elementor-size-sm\" href=\"https:\/\/e-leclerc.es\/pamplona\/tarjeta-e-leclerc\/\">\n\t\t\t\t\t\t<span class=\"elementor-button-content-wrapper\">\n\t\t\t\t\t\t<span class=\"elementor-button-icon\">\n\t\t\t\t<i aria-hidden=\"true\" class=\"fas fa-chevron-down\"><\/i>\t\t\t<\/span>\n\t\t\t\t\t\t\t\t\t<span class=\"elementor-button-text\">Inicio<\/span>\n\t\t\t\t\t<\/span>\n\t\t\t\t\t<\/a>\n\t\t\t\t<\/div>\n\t\t\t\t\t\t\t\t<\/div>\n\t\t\t\t<\/div>\n\t\t\t\t<div class=\"elementor-element elementor-element-9b588b2 elementor-widget elementor-widget-button\" data-id=\"9b588b2\" data-element_type=\"widget\" data-e-type=\"widget\" data-widget_type=\"button.default\">\n\t\t\t\t<div class=\"elementor-widget-container\">\n\t\t\t\t\t\t\t\t\t<div class=\"elementor-button-wrapper\">\n\t\t\t\t\t<a class=\"elementor-button elementor-button-link elementor-size-sm\" href=\"https:\/\/e-leclerc.es\/pamplona\/tarjeta-e-leclerc\/ventajas\/\">\n\t\t\t\t\t\t<span class=\"elementor-button-content-wrapper\">\n\t\t\t\t\t\t<span class=\"elementor-button-icon\">\n\t\t\t\t<i aria-hidden=\"true\" class=\"fas fa-chevron-right\"><\/i>\t\t\t<\/span>\n\t\t\t\t\t\t\t\t\t<span class=\"elementor-button-text\">Ventajas<\/span>\n\t\t\t\t\t<\/span>\n\t\t\t\t\t<\/a>\n\t\t\t\t<\/div>\n\t\t\t\t\t\t\t\t<\/div>\n\t\t\t\t<\/div>\n\t\t\t\t<div class=\"elementor-element elementor-element-97e0ad1 elementor-widget elementor-widget-button\" data-id=\"97e0ad1\" data-element_type=\"widget\" data-e-type=\"widget\" data-widget_type=\"button.default\">\n\t\t\t\t<div class=\"elementor-widget-container\">\n\t\t\t\t\t\t\t\t\t<div class=\"elementor-button-wrapper\">\n\t\t\t\t\t<a class=\"elementor-button elementor-button-link elementor-size-sm\" href=\"#inicio\">\n\t\t\t\t\t\t<span class=\"elementor-button-content-wrapper\">\n\t\t\t\t\t\t<span class=\"elementor-button-icon\">\n\t\t\t\t<i aria-hidden=\"true\" class=\"fas fa-chevron-right\"><\/i>\t\t\t<\/span>\n\t\t\t\t\t\t\t\t\t<span class=\"elementor-button-text\">Solicitar tarjeta<\/span>\n\t\t\t\t\t<\/span>\n\t\t\t\t\t<\/a>\n\t\t\t\t<\/div>\n\t\t\t\t\t\t\t\t<\/div>\n\t\t\t\t<\/div>\n\t\t\t\t<div class=\"elementor-element elementor-element-713de2f elementor-widget elementor-widget-button\" data-id=\"713de2f\" data-element_type=\"widget\" data-e-type=\"widget\" data-widget_type=\"button.default\">\n\t\t\t\t<div class=\"elementor-widget-container\">\n\t\t\t\t\t\t\t\t\t<div class=\"elementor-button-wrapper\">\n\t\t\t\t\t<a class=\"elementor-button elementor-button-link elementor-size-sm\" href=\"https:\/\/e-leclerc.es\/pamplona\/protege-tu-ahorro\/\">\n\t\t\t\t\t\t<span class=\"elementor-button-content-wrapper\">\n\t\t\t\t\t\t<span class=\"elementor-button-icon\">\n\t\t\t\t<i aria-hidden=\"true\" class=\"fas fa-chevron-right\"><\/i>\t\t\t<\/span>\n\t\t\t\t\t\t\t\t\t<span class=\"elementor-button-text\">Protege tu ahorro<\/span>\n\t\t\t\t\t<\/span>\n\t\t\t\t\t<\/a>\n\t\t\t\t<\/div>\n\t\t\t\t\t\t\t\t<\/div>\n\t\t\t\t<\/div>\n\t\t\t\t<div class=\"elementor-element elementor-element-469cb74 elementor-widget elementor-widget-button\" data-id=\"469cb74\" data-element_type=\"widget\" data-e-type=\"widget\" data-widget_type=\"button.default\">\n\t\t\t\t<div class=\"elementor-widget-container\">\n\t\t\t\t\t\t\t\t\t<div class=\"elementor-button-wrapper\">\n\t\t\t\t\t<a class=\"elementor-button elementor-button-link elementor-size-sm\" href=\"https:\/\/e-leclerc.es\/pamplona\/preguntas-frecuentes\/\">\n\t\t\t\t\t\t<span class=\"elementor-button-content-wrapper\">\n\t\t\t\t\t\t<span class=\"elementor-button-icon\">\n\t\t\t\t<i aria-hidden=\"true\" class=\"fas fa-chevron-right\"><\/i>\t\t\t<\/span>\n\t\t\t\t\t\t\t\t\t<span class=\"elementor-button-text\">Preguntas frecuentes<\/span>\n\t\t\t\t\t<\/span>\n\t\t\t\t\t<\/a>\n\t\t\t\t<\/div>\n\t\t\t\t\t\t\t\t<\/div>\n\t\t\t\t<\/div>\n\t\t\t\t<\/div>\n\t\t\t\t\t<\/div>\n\t\t\t\t<\/div>\n\t\t<div class=\"elementor-element elementor-element-6da75c96 e-flex e-con-boxed e-con e-parent\" data-id=\"6da75c96\" data-element_type=\"container\" data-e-type=\"container\">\n\t\t\t\t\t<div class=\"e-con-inner\">\n\t\t\t\t<div class=\"elementor-element elementor-element-a1867b0 elementor-invisible elementor-widget elementor-widget-rt-title-with-text\" data-id=\"a1867b0\" data-element_type=\"widget\" data-e-type=\"widget\" data-widget_type=\"rt-title-with-text.default\">\n\t\t\t\t<div class=\"elementor-widget-container\">\n\t\t\t\t\t<div class=\"rt-title-text has-animation\">\n\t\t\t<div class=\"entry-subtitle hide fadeInUp\" data-wow-delay=\"0.2s\" data-wow-duration=\"1.2s\">Ticket E.Leclerc<\/div>\n\t\t\t\t<h2 class=\"entry-title hide fadeInUp\" data-wow-delay=\"0.4s\" data-wow-duration=\"1.2s\">Solicitar tarjeta<\/h2>\t\t\n\t\t\n\t<div class=\"entry-content hide fadeInUp\" data-wow-delay=\"0.6s\" data-wow-duration=\"1.2s\"><p>Con la tarjeta E.Leclerc tus compras te saldr\u00e1n cada vez m\u00e1s econ\u00f3micas gracias a las ofertas de las que podr\u00e1s beneficiarte por tenerla y por el saldo acumulado en ella.<\/p><\/div>\n\n\t<\/div>\t\t\t\t<\/div>\n\t\t\t\t<\/div>\n\t\t\t\t\t<\/div>\n\t\t\t\t<\/div>\n\t\t<div class=\"elementor-element elementor-element-412ed21 e-flex e-con-boxed e-con e-parent\" data-id=\"412ed21\" data-element_type=\"container\" data-e-type=\"container\">\n\t\t\t\t\t<div class=\"e-con-inner\">\n\t\t<div class=\"elementor-element elementor-element-bf7cc30 e-flex e-con-boxed e-con e-child\" data-id=\"bf7cc30\" data-element_type=\"container\" data-e-type=\"container\">\n\t\t\t\t\t<div class=\"e-con-inner\">\n\t\t\t\t<div class=\"elementor-element elementor-element-7468286 elementor-widget elementor-widget-image\" data-id=\"7468286\" data-element_type=\"widget\" data-e-type=\"widget\" data-widget_type=\"image.default\">\n\t\t\t\t<div class=\"elementor-widget-container\">\n\t\t\t\t\t\t\t\t\t\t\t\t\t\t\t\t<a href=\"https:\/\/uqr.to\/24737\" target=\"_blank\">\n\t\t\t\t\t\t\t<img fetchpriority=\"high\" decoding=\"async\" width=\"1920\" height=\"1019\" src=\"https:\/\/e-leclerc.es\/pamplona\/wp-content\/uploads\/sites\/16\/2026\/04\/imagen-tarjeta.webp\" class=\"attachment-full size-full wp-image-11379\" alt=\"\" srcset=\"https:\/\/e-leclerc.es\/pamplona\/wp-content\/uploads\/sites\/16\/2026\/04\/imagen-tarjeta.webp 1920w, https:\/\/e-leclerc.es\/pamplona\/wp-content\/uploads\/sites\/16\/2026\/04\/imagen-tarjeta-300x159.webp 300w, https:\/\/e-leclerc.es\/pamplona\/wp-content\/uploads\/sites\/16\/2026\/04\/imagen-tarjeta-1024x543.webp 1024w, https:\/\/e-leclerc.es\/pamplona\/wp-content\/uploads\/sites\/16\/2026\/04\/imagen-tarjeta-768x408.webp 768w, https:\/\/e-leclerc.es\/pamplona\/wp-content\/uploads\/sites\/16\/2026\/04\/imagen-tarjeta-1536x815.webp 1536w\" sizes=\"(max-width: 1920px) 100vw, 1920px\" \/>\t\t\t\t\t\t\t\t<\/a>\n\t\t\t\t\t\t\t\t\t\t\t\t\t\t\t<\/div>\n\t\t\t\t<\/div>\n\t\t\t\t\t<\/div>\n\t\t\t\t<\/div>\n\t\t\t\t\t<\/div>\n\t\t\t\t<\/div>\n\t\t\t\t<\/div>\n\t\t","protected":false},"excerpt":{"rendered":"<p>Inicio Ventajas Solicitar tarjeta Protege tu ahorro Preguntas frecuentes Ticket E.Leclerc Solicitar tarjeta Con la tarjeta E.Leclerc tus compras te saldr\u00e1n cada vez m\u00e1s econ\u00f3micas gracias a las ofertas de las que podr\u00e1s beneficiarte por tenerla y por el saldo acumulado en ella.<\/p>\n","protected":false},"author":1,"featured_media":0,"parent":7452,"menu_order":0,"comment_status":"closed","ping_status":"closed","template":"","meta":{"_acf_changed":false,"footnotes":""},"class_list":["post-7457","page","type-page","status-publish","hentry"],"acf":[],"yoast_head":"<!-- This site is optimized with the Yoast SEO plugin v27.4 - https:\/\/yoast.com\/product\/yoast-seo-wordpress\/ -->\n<title>Solicitar tarjeta - E.Leclerc Pamplona<\/title>\n<meta name=\"robots\" content=\"index, follow, max-snippet:-1, max-image-preview:large, max-video-preview:-1\" \/>\n<link rel=\"canonical\" href=\"https:\/\/e-leclerc.es\/pamplona\/tarjeta-e-leclerc\/solicitar-tarjeta\/\" \/>\n<meta property=\"og:locale\" content=\"es_ES\" \/>\n<meta property=\"og:type\" content=\"article\" \/>\n<meta property=\"og:title\" content=\"Solicitar tarjeta - E.Leclerc Pamplona\" \/>\n<meta property=\"og:description\" content=\"Inicio Ventajas Solicitar tarjeta Protege tu ahorro Preguntas frecuentes Ticket E.Leclerc Solicitar tarjeta Con la tarjeta E.Leclerc tus compras te saldr\u00e1n cada vez m\u00e1s econ\u00f3micas gracias a las ofertas de las que podr\u00e1s beneficiarte por tenerla y por el saldo acumulado en ella.\" \/>\n<meta property=\"og:url\" content=\"https:\/\/e-leclerc.es\/pamplona\/tarjeta-e-leclerc\/solicitar-tarjeta\/\" \/>\n<meta property=\"og:site_name\" content=\"E.Leclerc Pamplona\" \/>\n<meta property=\"article:modified_time\" content=\"2026-04-15T10:36:52+00:00\" \/>\n<meta property=\"og:image\" content=\"https:\/\/e-leclerc.es\/pamplona\/wp-content\/uploads\/sites\/16\/2026\/04\/imagen-tarjeta.webp\" \/>\n\t<meta property=\"og:image:width\" content=\"1920\" \/>\n\t<meta property=\"og:image:height\" content=\"1019\" \/>\n\t<meta property=\"og:image:type\" content=\"image\/webp\" \/>\n<meta name=\"twitter:card\" content=\"summary_large_image\" \/>\n<meta name=\"twitter:label1\" content=\"Tiempo de lectura\" \/>\n\t<meta name=\"twitter:data1\" content=\"1 minuto\" \/>\n<script type=\"application\/ld+json\" class=\"yoast-schema-graph\">{\"@context\":\"https:\\\/\\\/schema.org\",\"@graph\":[{\"@type\":\"WebPage\",\"@id\":\"https:\\\/\\\/e-leclerc.es\\\/pamplona\\\/tarjeta-e-leclerc\\\/solicitar-tarjeta\\\/\",\"url\":\"https:\\\/\\\/e-leclerc.es\\\/pamplona\\\/tarjeta-e-leclerc\\\/solicitar-tarjeta\\\/\",\"name\":\"Solicitar tarjeta - E.Leclerc Pamplona\",\"isPartOf\":{\"@id\":\"https:\\\/\\\/e-leclerc.es\\\/pamplona\\\/#website\"},\"primaryImageOfPage\":{\"@id\":\"https:\\\/\\\/e-leclerc.es\\\/pamplona\\\/tarjeta-e-leclerc\\\/solicitar-tarjeta\\\/#primaryimage\"},\"image\":{\"@id\":\"https:\\\/\\\/e-leclerc.es\\\/pamplona\\\/tarjeta-e-leclerc\\\/solicitar-tarjeta\\\/#primaryimage\"},\"thumbnailUrl\":\"https:\\\/\\\/e-leclerc.es\\\/pamplona\\\/wp-content\\\/uploads\\\/sites\\\/16\\\/2026\\\/04\\\/imagen-tarjeta.webp\",\"datePublished\":\"2024-04-29T21:25:33+00:00\",\"dateModified\":\"2026-04-15T10:36:52+00:00\",\"breadcrumb\":{\"@id\":\"https:\\\/\\\/e-leclerc.es\\\/pamplona\\\/tarjeta-e-leclerc\\\/solicitar-tarjeta\\\/#breadcrumb\"},\"inLanguage\":\"es\",\"potentialAction\":[{\"@type\":\"ReadAction\",\"target\":[\"https:\\\/\\\/e-leclerc.es\\\/pamplona\\\/tarjeta-e-leclerc\\\/solicitar-tarjeta\\\/\"]}]},{\"@type\":\"ImageObject\",\"inLanguage\":\"es\",\"@id\":\"https:\\\/\\\/e-leclerc.es\\\/pamplona\\\/tarjeta-e-leclerc\\\/solicitar-tarjeta\\\/#primaryimage\",\"url\":\"https:\\\/\\\/e-leclerc.es\\\/pamplona\\\/wp-content\\\/uploads\\\/sites\\\/16\\\/2026\\\/04\\\/imagen-tarjeta.webp\",\"contentUrl\":\"https:\\\/\\\/e-leclerc.es\\\/pamplona\\\/wp-content\\\/uploads\\\/sites\\\/16\\\/2026\\\/04\\\/imagen-tarjeta.webp\",\"width\":1920,\"height\":1019},{\"@type\":\"BreadcrumbList\",\"@id\":\"https:\\\/\\\/e-leclerc.es\\\/pamplona\\\/tarjeta-e-leclerc\\\/solicitar-tarjeta\\\/#breadcrumb\",\"itemListElement\":[{\"@type\":\"ListItem\",\"position\":1,\"name\":\"Portada\",\"item\":\"https:\\\/\\\/e-leclerc.es\\\/pamplona\\\/\"},{\"@type\":\"ListItem\",\"position\":2,\"name\":\"Tarjeta E.Leclerc\",\"item\":\"https:\\\/\\\/e-leclerc.es\\\/pamplona\\\/tarjeta-e-leclerc\\\/\"},{\"@type\":\"ListItem\",\"position\":3,\"name\":\"Solicitar tarjeta\"}]},{\"@type\":\"WebSite\",\"@id\":\"https:\\\/\\\/e-leclerc.es\\\/pamplona\\\/#website\",\"url\":\"https:\\\/\\\/e-leclerc.es\\\/pamplona\\\/\",\"name\":\"E.Leclerc Pamplona\",\"description\":\"Descubre los folletos, ofertas y promociones de nuestro hipermercado E.Leclerc Pamplona en Arag\u00f3n. Direcci\u00f3n | Horario | Productos locales\",\"publisher\":{\"@id\":\"https:\\\/\\\/e-leclerc.es\\\/pamplona\\\/#organization\"},\"potentialAction\":[{\"@type\":\"SearchAction\",\"target\":{\"@type\":\"EntryPoint\",\"urlTemplate\":\"https:\\\/\\\/e-leclerc.es\\\/pamplona\\\/?s={search_term_string}\"},\"query-input\":{\"@type\":\"PropertyValueSpecification\",\"valueRequired\":true,\"valueName\":\"search_term_string\"}}],\"inLanguage\":\"es\"},{\"@type\":\"Organization\",\"@id\":\"https:\\\/\\\/e-leclerc.es\\\/pamplona\\\/#organization\",\"name\":\"E.Leclerc Pamplona\",\"url\":\"https:\\\/\\\/e-leclerc.es\\\/pamplona\\\/\",\"logo\":{\"@type\":\"ImageObject\",\"inLanguage\":\"es\",\"@id\":\"https:\\\/\\\/e-leclerc.es\\\/pamplona\\\/#\\\/schema\\\/logo\\\/image\\\/\",\"url\":\"https:\\\/\\\/e-leclerc.es\\\/pamplona\\\/wp-content\\\/uploads\\\/sites\\\/16\\\/2024\\\/03\\\/Leclerc_Logo.svg\",\"contentUrl\":\"https:\\\/\\\/e-leclerc.es\\\/pamplona\\\/wp-content\\\/uploads\\\/sites\\\/16\\\/2024\\\/03\\\/Leclerc_Logo.svg\",\"caption\":\"E.Leclerc Pamplona\"},\"image\":{\"@id\":\"https:\\\/\\\/e-leclerc.es\\\/pamplona\\\/#\\\/schema\\\/logo\\\/image\\\/\"}}]}<\/script>\n<!-- \/ Yoast SEO plugin. -->","yoast_head_json":{"title":"Solicitar tarjeta - E.Leclerc Pamplona","robots":{"index":"index","follow":"follow","max-snippet":"max-snippet:-1","max-image-preview":"max-image-preview:large","max-video-preview":"max-video-preview:-1"},"canonical":"https:\/\/e-leclerc.es\/pamplona\/tarjeta-e-leclerc\/solicitar-tarjeta\/","og_locale":"es_ES","og_type":"article","og_title":"Solicitar tarjeta - E.Leclerc Pamplona","og_description":"Inicio Ventajas Solicitar tarjeta Protege tu ahorro Preguntas frecuentes Ticket E.Leclerc Solicitar tarjeta Con la tarjeta E.Leclerc tus compras te saldr\u00e1n cada vez m\u00e1s econ\u00f3micas gracias a las ofertas de las que podr\u00e1s beneficiarte por tenerla y por el saldo acumulado en ella.","og_url":"https:\/\/e-leclerc.es\/pamplona\/tarjeta-e-leclerc\/solicitar-tarjeta\/","og_site_name":"E.Leclerc Pamplona","article_modified_time":"2026-04-15T10:36:52+00:00","og_image":[{"width":1920,"height":1019,"url":"https:\/\/e-leclerc.es\/pamplona\/wp-content\/uploads\/sites\/16\/2026\/04\/imagen-tarjeta.webp","type":"image\/webp"}],"twitter_card":"summary_large_image","twitter_misc":{"Tiempo de lectura":"1 minuto"},"schema":{"@context":"https:\/\/schema.org","@graph":[{"@type":"WebPage","@id":"https:\/\/e-leclerc.es\/pamplona\/tarjeta-e-leclerc\/solicitar-tarjeta\/","url":"https:\/\/e-leclerc.es\/pamplona\/tarjeta-e-leclerc\/solicitar-tarjeta\/","name":"Solicitar tarjeta - E.Leclerc Pamplona","isPartOf":{"@id":"https:\/\/e-leclerc.es\/pamplona\/#website"},"primaryImageOfPage":{"@id":"https:\/\/e-leclerc.es\/pamplona\/tarjeta-e-leclerc\/solicitar-tarjeta\/#primaryimage"},"image":{"@id":"https:\/\/e-leclerc.es\/pamplona\/tarjeta-e-leclerc\/solicitar-tarjeta\/#primaryimage"},"thumbnailUrl":"https:\/\/e-leclerc.es\/pamplona\/wp-content\/uploads\/sites\/16\/2026\/04\/imagen-tarjeta.webp","datePublished":"2024-04-29T21:25:33+00:00","dateModified":"2026-04-15T10:36:52+00:00","breadcrumb":{"@id":"https:\/\/e-leclerc.es\/pamplona\/tarjeta-e-leclerc\/solicitar-tarjeta\/#breadcrumb"},"inLanguage":"es","potentialAction":[{"@type":"ReadAction","target":["https:\/\/e-leclerc.es\/pamplona\/tarjeta-e-leclerc\/solicitar-tarjeta\/"]}]},{"@type":"ImageObject","inLanguage":"es","@id":"https:\/\/e-leclerc.es\/pamplona\/tarjeta-e-leclerc\/solicitar-tarjeta\/#primaryimage","url":"https:\/\/e-leclerc.es\/pamplona\/wp-content\/uploads\/sites\/16\/2026\/04\/imagen-tarjeta.webp","contentUrl":"https:\/\/e-leclerc.es\/pamplona\/wp-content\/uploads\/sites\/16\/2026\/04\/imagen-tarjeta.webp","width":1920,"height":1019},{"@type":"BreadcrumbList","@id":"https:\/\/e-leclerc.es\/pamplona\/tarjeta-e-leclerc\/solicitar-tarjeta\/#breadcrumb","itemListElement":[{"@type":"ListItem","position":1,"name":"Portada","item":"https:\/\/e-leclerc.es\/pamplona\/"},{"@type":"ListItem","position":2,"name":"Tarjeta E.Leclerc","item":"https:\/\/e-leclerc.es\/pamplona\/tarjeta-e-leclerc\/"},{"@type":"ListItem","position":3,"name":"Solicitar tarjeta"}]},{"@type":"WebSite","@id":"https:\/\/e-leclerc.es\/pamplona\/#website","url":"https:\/\/e-leclerc.es\/pamplona\/","name":"E.Leclerc Pamplona","description":"Descubre los folletos, ofertas y promociones de nuestro hipermercado E.Leclerc Pamplona en Arag\u00f3n. Direcci\u00f3n | Horario | Productos locales","publisher":{"@id":"https:\/\/e-leclerc.es\/pamplona\/#organization"},"potentialAction":[{"@type":"SearchAction","target":{"@type":"EntryPoint","urlTemplate":"https:\/\/e-leclerc.es\/pamplona\/?s={search_term_string}"},"query-input":{"@type":"PropertyValueSpecification","valueRequired":true,"valueName":"search_term_string"}}],"inLanguage":"es"},{"@type":"Organization","@id":"https:\/\/e-leclerc.es\/pamplona\/#organization","name":"E.Leclerc Pamplona","url":"https:\/\/e-leclerc.es\/pamplona\/","logo":{"@type":"ImageObject","inLanguage":"es","@id":"https:\/\/e-leclerc.es\/pamplona\/#\/schema\/logo\/image\/","url":"https:\/\/e-leclerc.es\/pamplona\/wp-content\/uploads\/sites\/16\/2024\/03\/Leclerc_Logo.svg","contentUrl":"https:\/\/e-leclerc.es\/pamplona\/wp-content\/uploads\/sites\/16\/2024\/03\/Leclerc_Logo.svg","caption":"E.Leclerc Pamplona"},"image":{"@id":"https:\/\/e-leclerc.es\/pamplona\/#\/schema\/logo\/image\/"}}]}},"_links":{"self":[{"href":"https:\/\/e-leclerc.es\/pamplona\/wp-json\/wp\/v2\/pages\/7457","targetHints":{"allow":["GET"]}}],"collection":[{"href":"https:\/\/e-leclerc.es\/pamplona\/wp-json\/wp\/v2\/pages"}],"about":[{"href":"https:\/\/e-leclerc.es\/pamplona\/wp-json\/wp\/v2\/types\/page"}],"author":[{"embeddable":true,"href":"https:\/\/e-leclerc.es\/pamplona\/wp-json\/wp\/v2\/users\/1"}],"replies":[{"embeddable":true,"href":"https:\/\/e-leclerc.es\/pamplona\/wp-json\/wp\/v2\/comments?post=7457"}],"version-history":[{"count":16,"href":"https:\/\/e-leclerc.es\/pamplona\/wp-json\/wp\/v2\/pages\/7457\/revisions"}],"predecessor-version":[{"id":11383,"href":"https:\/\/e-leclerc.es\/pamplona\/wp-json\/wp\/v2\/pages\/7457\/revisions\/11383"}],"up":[{"embeddable":true,"href":"https:\/\/e-leclerc.es\/pamplona\/wp-json\/wp\/v2\/pages\/7452"}],"wp:attachment":[{"href":"https:\/\/e-leclerc.es\/pamplona\/wp-json\/wp\/v2\/media?parent=7457"}],"curies":[{"name":"wp","href":"https:\/\/api.w.org\/{rel}","templated":true}]}}