{"id":7062,"date":"2025-02-04T13:25:06","date_gmt":"2025-02-04T12:25:06","guid":{"rendered":"https:\/\/www.e-leclerc.es\/majadahonda\/?page_id=7062"},"modified":"2025-02-07T12:07:35","modified_gmt":"2025-02-07T11:07:35","slug":"protege-tu-ahorro","status":"publish","type":"page","link":"https:\/\/e-leclerc.es\/majadahonda\/protege-tu-ahorro\/","title":{"rendered":"Protege tu ahorro"},"content":{"rendered":"\t\t<div data-elementor-type=\"wp-page\" data-elementor-id=\"7062\" class=\"elementor elementor-7062\" data-elementor-post-type=\"page\">\n\t\t\t\t<div class=\"elementor-element elementor-element-c7d3b09 e-flex e-con-boxed e-con e-parent\" data-id=\"c7d3b09\" data-element_type=\"container\">\n\t\t\t\t\t<div class=\"e-con-inner\">\n\t\t<div class=\"elementor-element elementor-element-fa43734 e-con-full e-flex e-con e-child\" data-id=\"fa43734\" data-element_type=\"container\">\n\t\t\t\t<div class=\"elementor-element elementor-element-fbcc653 elementor-widget elementor-widget-button\" data-id=\"fbcc653\" data-element_type=\"widget\" data-widget_type=\"button.default\">\n\t\t\t\t<div class=\"elementor-widget-container\">\n\t\t\t\t\t\t\t\t\t<div class=\"elementor-button-wrapper\">\n\t\t\t\t\t<a class=\"elementor-button elementor-button-link elementor-size-sm\" href=\"https:\/\/e-leclerc.es\/majadahonda\/tarjeta-e-leclerc\/\">\n\t\t\t\t\t\t<span class=\"elementor-button-content-wrapper\">\n\t\t\t\t\t\t<span class=\"elementor-button-icon\">\n\t\t\t\t<i aria-hidden=\"true\" class=\"fas fa-chevron-down\"><\/i>\t\t\t<\/span>\n\t\t\t\t\t\t\t\t\t<span class=\"elementor-button-text\">Inicio<\/span>\n\t\t\t\t\t<\/span>\n\t\t\t\t\t<\/a>\n\t\t\t\t<\/div>\n\t\t\t\t\t\t\t\t<\/div>\n\t\t\t\t<\/div>\n\t\t\t\t<div class=\"elementor-element elementor-element-85e9310 elementor-widget elementor-widget-button\" data-id=\"85e9310\" data-element_type=\"widget\" data-widget_type=\"button.default\">\n\t\t\t\t<div class=\"elementor-widget-container\">\n\t\t\t\t\t\t\t\t\t<div class=\"elementor-button-wrapper\">\n\t\t\t\t\t<a class=\"elementor-button elementor-button-link elementor-size-sm\" href=\"https:\/\/e-leclerc.es\/majadahonda\/tarjeta-e-leclerc\/ventajas\/\">\n\t\t\t\t\t\t<span class=\"elementor-button-content-wrapper\">\n\t\t\t\t\t\t<span class=\"elementor-button-icon\">\n\t\t\t\t<i aria-hidden=\"true\" class=\"fas fa-chevron-right\"><\/i>\t\t\t<\/span>\n\t\t\t\t\t\t\t\t\t<span class=\"elementor-button-text\">Ventajas<\/span>\n\t\t\t\t\t<\/span>\n\t\t\t\t\t<\/a>\n\t\t\t\t<\/div>\n\t\t\t\t\t\t\t\t<\/div>\n\t\t\t\t<\/div>\n\t\t\t\t<div class=\"elementor-element elementor-element-b00f779 elementor-widget elementor-widget-button\" data-id=\"b00f779\" data-element_type=\"widget\" data-widget_type=\"button.default\">\n\t\t\t\t<div class=\"elementor-widget-container\">\n\t\t\t\t\t\t\t\t\t<div class=\"elementor-button-wrapper\">\n\t\t\t\t\t<a class=\"elementor-button elementor-button-link elementor-size-sm\" href=\"https:\/\/e-leclerc.es\/majadahonda\/tarjeta-e-leclerc\/solicitar-tarjeta\/\">\n\t\t\t\t\t\t<span class=\"elementor-button-content-wrapper\">\n\t\t\t\t\t\t<span class=\"elementor-button-icon\">\n\t\t\t\t<i aria-hidden=\"true\" class=\"fas fa-chevron-right\"><\/i>\t\t\t<\/span>\n\t\t\t\t\t\t\t\t\t<span class=\"elementor-button-text\">Solicitar tarjeta<\/span>\n\t\t\t\t\t<\/span>\n\t\t\t\t\t<\/a>\n\t\t\t\t<\/div>\n\t\t\t\t\t\t\t\t<\/div>\n\t\t\t\t<\/div>\n\t\t\t\t<div class=\"elementor-element elementor-element-95dd1b4 elementor-widget elementor-widget-button\" data-id=\"95dd1b4\" data-element_type=\"widget\" data-widget_type=\"button.default\">\n\t\t\t\t<div class=\"elementor-widget-container\">\n\t\t\t\t\t\t\t\t\t<div class=\"elementor-button-wrapper\">\n\t\t\t\t\t<a class=\"elementor-button elementor-button-link elementor-size-sm\" href=\"#Inicio\">\n\t\t\t\t\t\t<span class=\"elementor-button-content-wrapper\">\n\t\t\t\t\t\t<span class=\"elementor-button-icon\">\n\t\t\t\t<i aria-hidden=\"true\" class=\"fas fa-chevron-right\"><\/i>\t\t\t<\/span>\n\t\t\t\t\t\t\t\t\t<span class=\"elementor-button-text\">Protege tu ahorro<\/span>\n\t\t\t\t\t<\/span>\n\t\t\t\t\t<\/a>\n\t\t\t\t<\/div>\n\t\t\t\t\t\t\t\t<\/div>\n\t\t\t\t<\/div>\n\t\t\t\t<div class=\"elementor-element elementor-element-5f0e02f elementor-widget elementor-widget-button\" data-id=\"5f0e02f\" data-element_type=\"widget\" data-widget_type=\"button.default\">\n\t\t\t\t<div class=\"elementor-widget-container\">\n\t\t\t\t\t\t\t\t\t<div class=\"elementor-button-wrapper\">\n\t\t\t\t\t<a class=\"elementor-button elementor-button-link elementor-size-sm\" href=\"https:\/\/e-leclerc.es\/majadahonda\/preguntas-frecuentes\/\">\n\t\t\t\t\t\t<span class=\"elementor-button-content-wrapper\">\n\t\t\t\t\t\t<span class=\"elementor-button-icon\">\n\t\t\t\t<i aria-hidden=\"true\" class=\"fas fa-chevron-right\"><\/i>\t\t\t<\/span>\n\t\t\t\t\t\t\t\t\t<span class=\"elementor-button-text\">Preguntas frecuentes<\/span>\n\t\t\t\t\t<\/span>\n\t\t\t\t\t<\/a>\n\t\t\t\t<\/div>\n\t\t\t\t\t\t\t\t<\/div>\n\t\t\t\t<\/div>\n\t\t\t\t<\/div>\n\t\t\t\t\t<\/div>\n\t\t\t\t<\/div>\n\t\t<div class=\"elementor-element elementor-element-f3152d2 e-con-full e-flex e-con e-parent\" data-id=\"f3152d2\" data-element_type=\"container\">\n\t\t\t\t<div class=\"elementor-element elementor-element-25fc3f1 elementor-widget elementor-widget-image\" data-id=\"25fc3f1\" data-element_type=\"widget\" data-widget_type=\"image.default\">\n\t\t\t\t<div class=\"elementor-widget-container\">\n\t\t\t\t\t\t\t\t\t\t\t\t\t\t\t<img fetchpriority=\"high\" decoding=\"async\" width=\"300\" height=\"300\" src=\"https:\/\/e-leclerc.es\/majadahonda\/wp-content\/uploads\/sites\/12\/2025\/02\/Foto-principal-300x300.png\" class=\"attachment-medium size-medium wp-image-7064\" alt=\"\" srcset=\"https:\/\/e-leclerc.es\/majadahonda\/wp-content\/uploads\/sites\/12\/2025\/02\/Foto-principal-300x300.png 300w, https:\/\/e-leclerc.es\/majadahonda\/wp-content\/uploads\/sites\/12\/2025\/02\/Foto-principal-150x150.png 150w, https:\/\/e-leclerc.es\/majadahonda\/wp-content\/uploads\/sites\/12\/2025\/02\/Foto-principal-200x200.png 200w, https:\/\/e-leclerc.es\/majadahonda\/wp-content\/uploads\/sites\/12\/2025\/02\/Foto-principal.png 768w\" sizes=\"(max-width: 300px) 100vw, 300px\" \/>\t\t\t\t\t\t\t\t\t\t\t\t\t\t\t<\/div>\n\t\t\t\t<\/div>\n\t\t\t\t<\/div>\n\t\t<div class=\"elementor-element elementor-element-361a578 e-flex e-con-boxed e-con e-parent\" data-id=\"361a578\" data-element_type=\"container\">\n\t\t\t\t\t<div class=\"e-con-inner\">\n\t\t\t\t<div class=\"elementor-element elementor-element-4f7b08f elementor-widget elementor-widget-text-editor\" data-id=\"4f7b08f\" data-element_type=\"widget\" data-widget_type=\"text-editor.default\">\n\t\t\t\t<div class=\"elementor-widget-container\">\n\t\t\t\t\t\t\t\t\t<p>A partir del\u00a0<strong>17 de marzo<\/strong>, ser\u00e1 obligatorio utilizar un\u00a0<strong>PIN<\/strong>\u00a0para realizar cualquier operaci\u00f3n con tu tarjeta E.Leclerc. Este cambio busca proteger tu dinero y brindarte mayor tranquilidad.<\/p>\t\t\t\t\t\t\t\t<\/div>\n\t\t\t\t<\/div>\n\t\t<div class=\"elementor-element elementor-element-daf65c9 e-con-full e-flex e-con e-child\" data-id=\"daf65c9\" data-element_type=\"container\">\n\t\t<div class=\"elementor-element elementor-element-e93741d e-con-full e-flex e-con e-child\" data-id=\"e93741d\" data-element_type=\"container\">\n\t\t\t\t<div class=\"elementor-element elementor-element-5e32cad elementor-widget__width-initial elementor-widget elementor-widget-image\" data-id=\"5e32cad\" data-element_type=\"widget\" data-widget_type=\"image.default\">\n\t\t\t\t<div class=\"elementor-widget-container\">\n\t\t\t\t\t\t\t\t\t\t\t\t\t\t\t<img decoding=\"async\" width=\"300\" height=\"222\" src=\"https:\/\/e-leclerc.es\/majadahonda\/wp-content\/uploads\/sites\/12\/2025\/02\/Sin-titulo-300x222.png\" class=\"attachment-medium size-medium wp-image-7065\" alt=\"\" srcset=\"https:\/\/e-leclerc.es\/majadahonda\/wp-content\/uploads\/sites\/12\/2025\/02\/Sin-titulo-300x222.png 300w, https:\/\/e-leclerc.es\/majadahonda\/wp-content\/uploads\/sites\/12\/2025\/02\/Sin-titulo-1024x759.png 1024w, https:\/\/e-leclerc.es\/majadahonda\/wp-content\/uploads\/sites\/12\/2025\/02\/Sin-titulo-768x569.png 768w, https:\/\/e-leclerc.es\/majadahonda\/wp-content\/uploads\/sites\/12\/2025\/02\/Sin-titulo-1536x1138.png 1536w, https:\/\/e-leclerc.es\/majadahonda\/wp-content\/uploads\/sites\/12\/2025\/02\/Sin-titulo.png 1657w\" sizes=\"(max-width: 300px) 100vw, 300px\" \/>\t\t\t\t\t\t\t\t\t\t\t\t\t\t\t<\/div>\n\t\t\t\t<\/div>\n\t\t\t\t<\/div>\n\t\t<div class=\"elementor-element elementor-element-f12c448 e-con-full e-flex e-con e-child\" data-id=\"f12c448\" data-element_type=\"container\">\n\t\t\t\t<div class=\"elementor-element elementor-element-ac36720 elementor-widget elementor-widget-text-editor\" data-id=\"ac36720\" data-element_type=\"widget\" data-widget_type=\"text-editor.default\">\n\t\t\t\t<div class=\"elementor-widget-container\">\n\t\t\t\t\t\t\t\t\t<p>El\u00a0<strong>PIN<\/strong>\u00a0es una medida de seguridad adicional que te ayuda a proteger tu dinero en caso de p\u00e9rdida o robo de tu tarjeta. Solo t\u00fa podr\u00e1s realizar transacciones con tu tarjeta, reduciendo el riesgo de fraude.<\/p><ul class=\"wp-block-list\"><li><strong>Mayor seguridad:<\/strong>\u00a0Reduce el riesgo de uso no autorizado de tu tarjeta.<\/li><li><strong>Prevenci\u00f3n de fraudes:<\/strong>\u00a0Protege tu dinero en caso de p\u00e9rdida o robo de tu tarjeta.<\/li><li><strong>Tranquilidad:<\/strong>\u00a0Realiza tus compras con confianza.<\/li><\/ul>\t\t\t\t\t\t\t\t<\/div>\n\t\t\t\t<\/div>\n\t\t\t\t<\/div>\n\t\t\t\t<\/div>\n\t\t\t\t\t<\/div>\n\t\t\t\t<\/div>\n\t\t<div class=\"elementor-element elementor-element-795069d e-flex e-con-boxed e-con e-parent\" data-id=\"795069d\" data-element_type=\"container\">\n\t\t\t\t\t<div class=\"e-con-inner\">\n\t\t<div class=\"elementor-element elementor-element-5f75845 e-con-full e-flex e-con e-child\" data-id=\"5f75845\" data-element_type=\"container\">\n\t\t\t\t<div class=\"elementor-element elementor-element-fa1adfb elementor-widget elementor-widget-image\" data-id=\"fa1adfb\" data-element_type=\"widget\" data-widget_type=\"image.default\">\n\t\t\t\t<div class=\"elementor-widget-container\">\n\t\t\t\t\t\t\t\t\t\t\t\t\t\t\t<img decoding=\"async\" width=\"300\" height=\"237\" src=\"https:\/\/e-leclerc.es\/majadahonda\/wp-content\/uploads\/sites\/12\/2025\/02\/sasa-300x237.png\" class=\"attachment-medium size-medium wp-image-7066\" alt=\"\" srcset=\"https:\/\/e-leclerc.es\/majadahonda\/wp-content\/uploads\/sites\/12\/2025\/02\/sasa-300x237.png 300w, https:\/\/e-leclerc.es\/majadahonda\/wp-content\/uploads\/sites\/12\/2025\/02\/sasa-1024x808.png 1024w, https:\/\/e-leclerc.es\/majadahonda\/wp-content\/uploads\/sites\/12\/2025\/02\/sasa-768x606.png 768w, https:\/\/e-leclerc.es\/majadahonda\/wp-content\/uploads\/sites\/12\/2025\/02\/sasa.png 1112w\" sizes=\"(max-width: 300px) 100vw, 300px\" \/>\t\t\t\t\t\t\t\t\t\t\t\t\t\t\t<\/div>\n\t\t\t\t<\/div>\n\t\t\t\t<\/div>\n\t\t<div class=\"elementor-element elementor-element-2c63831 e-con-full e-flex e-con e-child\" data-id=\"2c63831\" data-element_type=\"container\">\n\t\t\t\t<div class=\"elementor-element elementor-element-31d1cbc elementor-widget elementor-widget-text-editor\" data-id=\"31d1cbc\" data-element_type=\"widget\" data-widget_type=\"text-editor.default\">\n\t\t\t\t<div class=\"elementor-widget-container\">\n\t\t\t\t\t\t\t\t\t<p>Si a\u00fan no tienes un\u00a0<strong>PIN<\/strong>, ac\u00e9rcate a cualquier\u00a0<strong>punto de informaci\u00f3n de E.Leclerc<\/strong>. Nuestro equipo te ayudar\u00e1 a configurarlo de manera r\u00e1pida y segura.<\/p><p>Para garantizar tu seguridad, evita usar combinaciones obvias como fechas de nacimiento, n\u00fameros de tel\u00e9fono o secuencias f\u00e1ciles de adivinar. Elige un PIN f\u00e1cil de recordar para ti, pero dif\u00edcil de adivinar para otros.<\/p>\t\t\t\t\t\t\t\t<\/div>\n\t\t\t\t<\/div>\n\t\t\t\t<\/div>\n\t\t\t\t\t<\/div>\n\t\t\t\t<\/div>\n\t\t<div class=\"elementor-element elementor-element-77a78e5 e-flex e-con-boxed e-con e-parent\" data-id=\"77a78e5\" data-element_type=\"container\">\n\t\t\t\t\t<div class=\"e-con-inner\">\n\t\t<div class=\"elementor-element elementor-element-ac58e17 e-con-full e-flex e-con e-child\" data-id=\"ac58e17\" data-element_type=\"container\">\n\t\t\t\t<div class=\"elementor-element elementor-element-30ede3d elementor-widget elementor-widget-image\" data-id=\"30ede3d\" data-element_type=\"widget\" data-widget_type=\"image.default\">\n\t\t\t\t<div class=\"elementor-widget-container\">\n\t\t\t\t\t\t\t\t\t\t\t\t\t\t\t<img loading=\"lazy\" decoding=\"async\" width=\"300\" height=\"239\" src=\"https:\/\/e-leclerc.es\/majadahonda\/wp-content\/uploads\/sites\/12\/2025\/02\/sadasda-300x239.png\" class=\"attachment-medium size-medium wp-image-7067\" alt=\"\" srcset=\"https:\/\/e-leclerc.es\/majadahonda\/wp-content\/uploads\/sites\/12\/2025\/02\/sadasda-300x239.png 300w, https:\/\/e-leclerc.es\/majadahonda\/wp-content\/uploads\/sites\/12\/2025\/02\/sadasda-1024x816.png 1024w, https:\/\/e-leclerc.es\/majadahonda\/wp-content\/uploads\/sites\/12\/2025\/02\/sadasda-768x612.png 768w, https:\/\/e-leclerc.es\/majadahonda\/wp-content\/uploads\/sites\/12\/2025\/02\/sadasda-1536x1224.png 1536w, https:\/\/e-leclerc.es\/majadahonda\/wp-content\/uploads\/sites\/12\/2025\/02\/sadasda.png 1581w\" sizes=\"(max-width: 300px) 100vw, 300px\" \/>\t\t\t\t\t\t\t\t\t\t\t\t\t\t\t<\/div>\n\t\t\t\t<\/div>\n\t\t\t\t<\/div>\n\t\t<div class=\"elementor-element elementor-element-ad5f706 e-con-full e-flex e-con e-child\" data-id=\"ad5f706\" data-element_type=\"container\">\n\t\t\t\t<div class=\"elementor-element elementor-element-1bf93f0 elementor-widget elementor-widget-text-editor\" data-id=\"1bf93f0\" data-element_type=\"widget\" data-widget_type=\"text-editor.default\">\n\t\t\t\t<div class=\"elementor-widget-container\">\n\t\t\t\t\t\t\t\t\t<p>A partir del 4 de febrero, te esperamos en el\u00a0<strong>punto de informaci\u00f3n de tu tienda E.Leclerc<\/strong>. Nuestro equipo estar\u00e1 encantado de ayudarte a poner un PIN a tu tarjeta.<\/p><p>A partir del 17 de marzo, el uso del PIN ser\u00e1 obligatorio para descontar tu ahorro acumulado de tu tarjeta.<\/p>\t\t\t\t\t\t\t\t<\/div>\n\t\t\t\t<\/div>\n\t\t\t\t<\/div>\n\t\t\t\t\t<\/div>\n\t\t\t\t<\/div>\n\t\t<div class=\"elementor-element elementor-element-5f2c8c6 e-flex e-con-boxed e-con e-parent\" data-id=\"5f2c8c6\" data-element_type=\"container\">\n\t\t\t\t\t<div class=\"e-con-inner\">\n\t\t\t\t<div class=\"elementor-element elementor-element-9e03d33 elementor-widget__width-initial elementor-widget elementor-widget-text-editor\" data-id=\"9e03d33\" data-element_type=\"widget\" data-widget_type=\"text-editor.default\">\n\t\t\t\t<div class=\"elementor-widget-container\">\n\t\t\t\t\t\t\t\t\t<p>\u00a1Protege tu ahorro con un PIN! Comparte esta informaci\u00f3n con tus amigos y familiares para que tambi\u00e9n est\u00e9n preparados para este cambio.<\/p><p>Gracias por tu confianza en\u00a0<strong>E.Leclerc<\/strong>.<\/p>\t\t\t\t\t\t\t\t<\/div>\n\t\t\t\t<\/div>\n\t\t\t\t\t<\/div>\n\t\t\t\t<\/div>\n\t\t<div class=\"elementor-element elementor-element-6b941ff e-con-full e-flex e-con e-parent\" data-id=\"6b941ff\" data-element_type=\"container\" data-settings=\"{&quot;background_background&quot;:&quot;classic&quot;}\">\n\t\t\t\t<div class=\"elementor-element elementor-element-7806484 elementor-align-center elementor-widget-tablet_extra__width-initial elementor-widget elementor-widget-button\" data-id=\"7806484\" data-element_type=\"widget\" data-widget_type=\"button.default\">\n\t\t\t\t<div class=\"elementor-widget-container\">\n\t\t\t\t\t\t\t\t\t<div class=\"elementor-button-wrapper\">\n\t\t\t\t\t<a class=\"elementor-button elementor-button-link elementor-size-sm\" href=\"https:\/\/e-leclerc.es\/majadahonda\/folletos\/\" id=\"https:\/\/e-leclerc.es\/majadahonda\/folletos\/\">\n\t\t\t\t\t\t<span class=\"elementor-button-content-wrapper\">\n\t\t\t\t\t\t<span class=\"elementor-button-icon\">\n\t\t\t\t<i aria-hidden=\"true\" class=\"fas fa-book-open\"><\/i>\t\t\t<\/span>\n\t\t\t\t\t\t\t\t\t<span class=\"elementor-button-text\">Visita nuestros folletos<\/span>\n\t\t\t\t\t<\/span>\n\t\t\t\t\t<\/a>\n\t\t\t\t<\/div>\n\t\t\t\t\t\t\t\t<\/div>\n\t\t\t\t<\/div>\n\t\t\t\t<\/div>\n\t\t\t\t<\/div>\n\t\t","protected":false},"excerpt":{"rendered":"<p>Inicio Ventajas Solicitar tarjeta Protege tu ahorro Preguntas frecuentes A partir del\u00a017 de marzo, ser\u00e1 obligatorio utilizar un\u00a0PIN\u00a0para realizar cualquier operaci\u00f3n con tu tarjeta E.Leclerc. Este cambio busca proteger tu dinero y brindarte mayor tranquilidad. El\u00a0PIN\u00a0es una medida de seguridad adicional que te ayuda a proteger tu dinero en caso de p\u00e9rdida o robo de [&hellip;]<\/p>\n","protected":false},"author":56,"featured_media":0,"parent":0,"menu_order":0,"comment_status":"closed","ping_status":"closed","template":"","meta":{"_acf_changed":false,"footnotes":""},"class_list":["post-7062","page","type-page","status-publish","hentry"],"acf":[],"yoast_head":"<!-- This site is optimized with the Yoast SEO plugin v25.6 - https:\/\/yoast.com\/wordpress\/plugins\/seo\/ -->\n<title>Protege tu ahorro - E.Leclerc Majadahonda<\/title>\n<meta name=\"robots\" content=\"index, follow, max-snippet:-1, max-image-preview:large, max-video-preview:-1\" \/>\n<link rel=\"canonical\" href=\"https:\/\/e-leclerc.es\/majadahonda\/protege-tu-ahorro\/\" \/>\n<meta property=\"og:locale\" content=\"es_ES\" \/>\n<meta property=\"og:type\" content=\"article\" \/>\n<meta property=\"og:title\" content=\"Protege tu ahorro - E.Leclerc Majadahonda\" \/>\n<meta property=\"og:description\" content=\"Inicio Ventajas Solicitar tarjeta Protege tu ahorro Preguntas frecuentes A partir del\u00a017 de marzo, ser\u00e1 obligatorio utilizar un\u00a0PIN\u00a0para realizar cualquier operaci\u00f3n con tu tarjeta E.Leclerc. Este cambio busca proteger tu dinero y brindarte mayor tranquilidad. El\u00a0PIN\u00a0es una medida de seguridad adicional que te ayuda a proteger tu dinero en caso de p\u00e9rdida o robo de [&hellip;]\" \/>\n<meta property=\"og:url\" content=\"https:\/\/e-leclerc.es\/majadahonda\/protege-tu-ahorro\/\" \/>\n<meta property=\"og:site_name\" content=\"E.Leclerc Majadahonda\" \/>\n<meta property=\"article:modified_time\" content=\"2025-02-07T11:07:35+00:00\" \/>\n<meta property=\"og:image\" content=\"https:\/\/e-leclerc.es\/majadahonda\/wp-content\/uploads\/sites\/12\/2025\/02\/Foto-principal.png\" \/>\n\t<meta property=\"og:image:width\" content=\"768\" \/>\n\t<meta property=\"og:image:height\" content=\"768\" \/>\n\t<meta property=\"og:image:type\" content=\"image\/png\" \/>\n<meta name=\"twitter:card\" content=\"summary_large_image\" \/>\n<meta name=\"twitter:label1\" content=\"Tiempo de lectura\" \/>\n\t<meta name=\"twitter:data1\" content=\"2 minutos\" \/>\n<script type=\"application\/ld+json\" class=\"yoast-schema-graph\">{\"@context\":\"https:\/\/schema.org\",\"@graph\":[{\"@type\":\"WebPage\",\"@id\":\"https:\/\/e-leclerc.es\/majadahonda\/protege-tu-ahorro\/\",\"url\":\"https:\/\/e-leclerc.es\/majadahonda\/protege-tu-ahorro\/\",\"name\":\"Protege tu ahorro - E.Leclerc Majadahonda\",\"isPartOf\":{\"@id\":\"https:\/\/e-leclerc.es\/majadahonda\/#website\"},\"primaryImageOfPage\":{\"@id\":\"https:\/\/e-leclerc.es\/majadahonda\/protege-tu-ahorro\/#primaryimage\"},\"image\":{\"@id\":\"https:\/\/e-leclerc.es\/majadahonda\/protege-tu-ahorro\/#primaryimage\"},\"thumbnailUrl\":\"https:\/\/e-leclerc.es\/majadahonda\/wp-content\/uploads\/sites\/12\/2025\/02\/Foto-principal-300x300.png\",\"datePublished\":\"2025-02-04T12:25:06+00:00\",\"dateModified\":\"2025-02-07T11:07:35+00:00\",\"breadcrumb\":{\"@id\":\"https:\/\/e-leclerc.es\/majadahonda\/protege-tu-ahorro\/#breadcrumb\"},\"inLanguage\":\"es\",\"potentialAction\":[{\"@type\":\"ReadAction\",\"target\":[\"https:\/\/e-leclerc.es\/majadahonda\/protege-tu-ahorro\/\"]}]},{\"@type\":\"ImageObject\",\"inLanguage\":\"es\",\"@id\":\"https:\/\/e-leclerc.es\/majadahonda\/protege-tu-ahorro\/#primaryimage\",\"url\":\"https:\/\/e-leclerc.es\/majadahonda\/wp-content\/uploads\/sites\/12\/2025\/02\/Foto-principal.png\",\"contentUrl\":\"https:\/\/e-leclerc.es\/majadahonda\/wp-content\/uploads\/sites\/12\/2025\/02\/Foto-principal.png\",\"width\":768,\"height\":768},{\"@type\":\"BreadcrumbList\",\"@id\":\"https:\/\/e-leclerc.es\/majadahonda\/protege-tu-ahorro\/#breadcrumb\",\"itemListElement\":[{\"@type\":\"ListItem\",\"position\":1,\"name\":\"Portada\",\"item\":\"https:\/\/e-leclerc.es\/majadahonda\/\"},{\"@type\":\"ListItem\",\"position\":2,\"name\":\"Protege tu ahorro\"}]},{\"@type\":\"WebSite\",\"@id\":\"https:\/\/e-leclerc.es\/majadahonda\/#website\",\"url\":\"https:\/\/e-leclerc.es\/majadahonda\/\",\"name\":\"E.Leclerc Majadahonda\",\"description\":\"Descubre los folletos, ofertas y promociones de nuestro hipermercado E.Leclerc Majadahonda en Comunidad de Madrid. Direcci\u00f3n | Horario | Productos locales\",\"publisher\":{\"@id\":\"https:\/\/e-leclerc.es\/majadahonda\/#organization\"},\"potentialAction\":[{\"@type\":\"SearchAction\",\"target\":{\"@type\":\"EntryPoint\",\"urlTemplate\":\"https:\/\/e-leclerc.es\/majadahonda\/?s={search_term_string}\"},\"query-input\":{\"@type\":\"PropertyValueSpecification\",\"valueRequired\":true,\"valueName\":\"search_term_string\"}}],\"inLanguage\":\"es\"},{\"@type\":\"Organization\",\"@id\":\"https:\/\/e-leclerc.es\/majadahonda\/#organization\",\"name\":\"E.Leclerc Majadahonda\",\"url\":\"https:\/\/e-leclerc.es\/majadahonda\/\",\"logo\":{\"@type\":\"ImageObject\",\"inLanguage\":\"es\",\"@id\":\"https:\/\/e-leclerc.es\/majadahonda\/#\/schema\/logo\/image\/\",\"url\":\"https:\/\/e-leclerc.es\/majadahonda\/wp-content\/uploads\/sites\/12\/2024\/03\/Leclerc_Logo.svg\",\"contentUrl\":\"https:\/\/e-leclerc.es\/majadahonda\/wp-content\/uploads\/sites\/12\/2024\/03\/Leclerc_Logo.svg\",\"caption\":\"E.Leclerc Majadahonda \"},\"image\":{\"@id\":\"https:\/\/e-leclerc.es\/majadahonda\/#\/schema\/logo\/image\/\"}}]}<\/script>\n<!-- \/ Yoast SEO plugin. -->","yoast_head_json":{"title":"Protege tu ahorro - E.Leclerc Majadahonda","robots":{"index":"index","follow":"follow","max-snippet":"max-snippet:-1","max-image-preview":"max-image-preview:large","max-video-preview":"max-video-preview:-1"},"canonical":"https:\/\/e-leclerc.es\/majadahonda\/protege-tu-ahorro\/","og_locale":"es_ES","og_type":"article","og_title":"Protege tu ahorro - E.Leclerc Majadahonda","og_description":"Inicio Ventajas Solicitar tarjeta Protege tu ahorro Preguntas frecuentes A partir del\u00a017 de marzo, ser\u00e1 obligatorio utilizar un\u00a0PIN\u00a0para realizar cualquier operaci\u00f3n con tu tarjeta E.Leclerc. Este cambio busca proteger tu dinero y brindarte mayor tranquilidad. El\u00a0PIN\u00a0es una medida de seguridad adicional que te ayuda a proteger tu dinero en caso de p\u00e9rdida o robo de [&hellip;]","og_url":"https:\/\/e-leclerc.es\/majadahonda\/protege-tu-ahorro\/","og_site_name":"E.Leclerc Majadahonda","article_modified_time":"2025-02-07T11:07:35+00:00","og_image":[{"width":768,"height":768,"url":"https:\/\/e-leclerc.es\/majadahonda\/wp-content\/uploads\/sites\/12\/2025\/02\/Foto-principal.png","type":"image\/png"}],"twitter_card":"summary_large_image","twitter_misc":{"Tiempo de lectura":"2 minutos"},"schema":{"@context":"https:\/\/schema.org","@graph":[{"@type":"WebPage","@id":"https:\/\/e-leclerc.es\/majadahonda\/protege-tu-ahorro\/","url":"https:\/\/e-leclerc.es\/majadahonda\/protege-tu-ahorro\/","name":"Protege tu ahorro - E.Leclerc Majadahonda","isPartOf":{"@id":"https:\/\/e-leclerc.es\/majadahonda\/#website"},"primaryImageOfPage":{"@id":"https:\/\/e-leclerc.es\/majadahonda\/protege-tu-ahorro\/#primaryimage"},"image":{"@id":"https:\/\/e-leclerc.es\/majadahonda\/protege-tu-ahorro\/#primaryimage"},"thumbnailUrl":"https:\/\/e-leclerc.es\/majadahonda\/wp-content\/uploads\/sites\/12\/2025\/02\/Foto-principal-300x300.png","datePublished":"2025-02-04T12:25:06+00:00","dateModified":"2025-02-07T11:07:35+00:00","breadcrumb":{"@id":"https:\/\/e-leclerc.es\/majadahonda\/protege-tu-ahorro\/#breadcrumb"},"inLanguage":"es","potentialAction":[{"@type":"ReadAction","target":["https:\/\/e-leclerc.es\/majadahonda\/protege-tu-ahorro\/"]}]},{"@type":"ImageObject","inLanguage":"es","@id":"https:\/\/e-leclerc.es\/majadahonda\/protege-tu-ahorro\/#primaryimage","url":"https:\/\/e-leclerc.es\/majadahonda\/wp-content\/uploads\/sites\/12\/2025\/02\/Foto-principal.png","contentUrl":"https:\/\/e-leclerc.es\/majadahonda\/wp-content\/uploads\/sites\/12\/2025\/02\/Foto-principal.png","width":768,"height":768},{"@type":"BreadcrumbList","@id":"https:\/\/e-leclerc.es\/majadahonda\/protege-tu-ahorro\/#breadcrumb","itemListElement":[{"@type":"ListItem","position":1,"name":"Portada","item":"https:\/\/e-leclerc.es\/majadahonda\/"},{"@type":"ListItem","position":2,"name":"Protege tu ahorro"}]},{"@type":"WebSite","@id":"https:\/\/e-leclerc.es\/majadahonda\/#website","url":"https:\/\/e-leclerc.es\/majadahonda\/","name":"E.Leclerc Majadahonda","description":"Descubre los folletos, ofertas y promociones de nuestro hipermercado E.Leclerc Majadahonda en Comunidad de Madrid. Direcci\u00f3n | Horario | Productos locales","publisher":{"@id":"https:\/\/e-leclerc.es\/majadahonda\/#organization"},"potentialAction":[{"@type":"SearchAction","target":{"@type":"EntryPoint","urlTemplate":"https:\/\/e-leclerc.es\/majadahonda\/?s={search_term_string}"},"query-input":{"@type":"PropertyValueSpecification","valueRequired":true,"valueName":"search_term_string"}}],"inLanguage":"es"},{"@type":"Organization","@id":"https:\/\/e-leclerc.es\/majadahonda\/#organization","name":"E.Leclerc Majadahonda","url":"https:\/\/e-leclerc.es\/majadahonda\/","logo":{"@type":"ImageObject","inLanguage":"es","@id":"https:\/\/e-leclerc.es\/majadahonda\/#\/schema\/logo\/image\/","url":"https:\/\/e-leclerc.es\/majadahonda\/wp-content\/uploads\/sites\/12\/2024\/03\/Leclerc_Logo.svg","contentUrl":"https:\/\/e-leclerc.es\/majadahonda\/wp-content\/uploads\/sites\/12\/2024\/03\/Leclerc_Logo.svg","caption":"E.Leclerc Majadahonda "},"image":{"@id":"https:\/\/e-leclerc.es\/majadahonda\/#\/schema\/logo\/image\/"}}]}},"_links":{"self":[{"href":"https:\/\/e-leclerc.es\/majadahonda\/wp-json\/wp\/v2\/pages\/7062","targetHints":{"allow":["GET"]}}],"collection":[{"href":"https:\/\/e-leclerc.es\/majadahonda\/wp-json\/wp\/v2\/pages"}],"about":[{"href":"https:\/\/e-leclerc.es\/majadahonda\/wp-json\/wp\/v2\/types\/page"}],"author":[{"embeddable":true,"href":"https:\/\/e-leclerc.es\/majadahonda\/wp-json\/wp\/v2\/users\/56"}],"replies":[{"embeddable":true,"href":"https:\/\/e-leclerc.es\/majadahonda\/wp-json\/wp\/v2\/comments?post=7062"}],"version-history":[{"count":13,"href":"https:\/\/e-leclerc.es\/majadahonda\/wp-json\/wp\/v2\/pages\/7062\/revisions"}],"predecessor-version":[{"id":7103,"href":"https:\/\/e-leclerc.es\/majadahonda\/wp-json\/wp\/v2\/pages\/7062\/revisions\/7103"}],"wp:attachment":[{"href":"https:\/\/e-leclerc.es\/majadahonda\/wp-json\/wp\/v2\/media?parent=7062"}],"curies":[{"name":"wp","href":"https:\/\/api.w.org\/{rel}","templated":true}]}}