{"id":6612,"date":"2024-05-21T12:14:50","date_gmt":"2024-05-21T10:14:50","guid":{"rendered":"https:\/\/www.e-leclerc.es\/majadahonda\/?page_id=6612"},"modified":"2024-05-21T12:16:23","modified_gmt":"2024-05-21T10:16:23","slug":"clausula-informativa-newsletter","status":"publish","type":"page","link":"https:\/\/e-leclerc.es\/majadahonda\/clausula-informativa-newsletter\/","title":{"rendered":"Cl\u00e1usula informativa newsletter"},"content":{"rendered":"\t\t<div data-elementor-type=\"wp-page\" data-elementor-id=\"6612\" class=\"elementor elementor-6612\" data-elementor-post-type=\"page\">\n\t\t\t\t<div class=\"elementor-element elementor-element-3738fb9 e-flex e-con-boxed e-con e-parent\" data-id=\"3738fb9\" data-element_type=\"container\" data-e-type=\"container\">\n\t\t\t\t\t<div class=\"e-con-inner\">\n\t\t\t\t<div class=\"elementor-element elementor-element-81628a2 elementor-invisible elementor-widget elementor-widget-rt-title\" data-id=\"81628a2\" data-element_type=\"widget\" data-e-type=\"widget\" data-widget_type=\"rt-title.default\">\n\t\t\t\t<div class=\"elementor-widget-container\">\n\t\t\t\t\t<div class=\"rt-section-title style1\">\n\t<div class=\"title-holder\">\t\t\n\t\t\t\t\t\t<div class=\"heading-wrap \"><h2 class=\"entry-title hide fadeInUp\" data-wow-delay=\"0.4s\" data-wow-duration=\"1.2s\">CL\u00c1USULA INFORMATIVA NEWSLETTER<\/h2><\/div>\n\t\t\t\t\t\t\t<\/div>\n<\/div>\n\t\t\t\t<\/div>\n\t\t\t\t<\/div>\n\t\t\t\t<div class=\"elementor-element elementor-element-7ad8481 elementor-widget elementor-widget-text-editor\" data-id=\"7ad8481\" data-element_type=\"widget\" data-e-type=\"widget\" data-widget_type=\"text-editor.default\">\n\t\t\t\t<div class=\"elementor-widget-container\">\n\t\t\t\t\t\t\t\t\t<p>Si usted introduce su direcci\u00f3n de correo electr\u00f3nico, dar\u00e1 su autorizaci\u00f3n para la recepci\u00f3n peri\u00f3dica de nuestra Newsletter en su correo electr\u00f3nico, consintiendo asimismo el tratamiento de los datos personales facilitados con la citada finalidad. Si usted desea dejar de recibir nuestra Newsletter en su direcci\u00f3n de correo electr\u00f3nico, puede oponerse en cualquier momento al tratamiento de sus datos con fines informativos remitiendo un mensaje de correo electr\u00f3nico, con el asunto \u201cBAJA SUSCRIPCI\u00d3N NEWSLETTER\u201d, a la siguiente direcci\u00f3n: <a href=\"mailto:rgpd@majadahonda.leclerc\">rgpd@majadahonda.leclerc<\/a><\/p><p>Puede dirigirse a nosotros para saber qu\u00e9 informaci\u00f3n tenemos sobre usted, rectificarla, eliminarla y solicitar el traspaso de su informaci\u00f3n a otra entidad (portabilidad). Para solicitar estos derechos, deber\u00e1 realizar una solicitud escrita a nuestra direcci\u00f3n, junto con una fotocopia de su DNI: MAJADADIS, S.L., CARRETERA DEL PLANTIO, S\/N, CP 28221, MAJADAHONDA (Madrid).<\/p><p>Si entiende que sus derechos han sido desatendidos, puede formular una reclamaci\u00f3n en la AEPD (www.aepd.es)<\/p><p>Dispone de una informaci\u00f3n ampliada sobre el tratamiento de sus datos personales en el apartado \u201cPol\u00edtica de Privacidad\u201d de nuestra p\u00e1gina web.<\/p>\t\t\t\t\t\t\t\t<\/div>\n\t\t\t\t<\/div>\n\t\t\t\t\t<\/div>\n\t\t\t\t<\/div>\n\t\t\t\t<\/div>\n\t\t","protected":false},"excerpt":{"rendered":"<p>CL\u00c1USULA INFORMATIVA NEWSLETTER Si usted introduce su direcci\u00f3n de correo electr\u00f3nico, dar\u00e1 su autorizaci\u00f3n para la recepci\u00f3n peri\u00f3dica de nuestra Newsletter en su correo electr\u00f3nico, consintiendo asimismo el tratamiento de los datos personales facilitados con la citada finalidad. Si usted desea dejar de recibir nuestra Newsletter en su direcci\u00f3n de correo electr\u00f3nico, puede oponerse en [&hellip;]<\/p>\n","protected":false},"author":3,"featured_media":0,"parent":0,"menu_order":0,"comment_status":"closed","ping_status":"closed","template":"","meta":{"_acf_changed":false,"footnotes":""},"class_list":["post-6612","page","type-page","status-publish","hentry"],"acf":[],"yoast_head":"<!-- This site is optimized with the Yoast SEO plugin v27.3 - https:\/\/yoast.com\/product\/yoast-seo-wordpress\/ -->\n<title>Cl\u00e1usula informativa newsletter - E.Leclerc Majadahonda<\/title>\n<meta name=\"robots\" content=\"index, follow, max-snippet:-1, max-image-preview:large, max-video-preview:-1\" \/>\n<link rel=\"canonical\" href=\"https:\/\/e-leclerc.es\/majadahonda\/clausula-informativa-newsletter\/\" \/>\n<meta property=\"og:locale\" content=\"es_ES\" \/>\n<meta property=\"og:type\" content=\"article\" \/>\n<meta property=\"og:title\" content=\"Cl\u00e1usula informativa newsletter - E.Leclerc Majadahonda\" \/>\n<meta property=\"og:description\" content=\"CL\u00c1USULA INFORMATIVA NEWSLETTER Si usted introduce su direcci\u00f3n de correo electr\u00f3nico, dar\u00e1 su autorizaci\u00f3n para la recepci\u00f3n peri\u00f3dica de nuestra Newsletter en su correo electr\u00f3nico, consintiendo asimismo el tratamiento de los datos personales facilitados con la citada finalidad. Si usted desea dejar de recibir nuestra Newsletter en su direcci\u00f3n de correo electr\u00f3nico, puede oponerse en [&hellip;]\" \/>\n<meta property=\"og:url\" content=\"https:\/\/e-leclerc.es\/majadahonda\/clausula-informativa-newsletter\/\" \/>\n<meta property=\"og:site_name\" content=\"E.Leclerc Majadahonda\" \/>\n<meta property=\"article:modified_time\" content=\"2024-05-21T10:16:23+00:00\" \/>\n<meta name=\"twitter:card\" content=\"summary_large_image\" \/>\n<meta name=\"twitter:label1\" content=\"Tiempo de lectura\" \/>\n\t<meta name=\"twitter:data1\" content=\"1 minuto\" \/>\n<script type=\"application\/ld+json\" class=\"yoast-schema-graph\">{\"@context\":\"https:\\\/\\\/schema.org\",\"@graph\":[{\"@type\":\"WebPage\",\"@id\":\"https:\\\/\\\/e-leclerc.es\\\/majadahonda\\\/clausula-informativa-newsletter\\\/\",\"url\":\"https:\\\/\\\/e-leclerc.es\\\/majadahonda\\\/clausula-informativa-newsletter\\\/\",\"name\":\"Cl\u00e1usula informativa newsletter - E.Leclerc Majadahonda\",\"isPartOf\":{\"@id\":\"https:\\\/\\\/e-leclerc.es\\\/majadahonda\\\/#website\"},\"datePublished\":\"2024-05-21T10:14:50+00:00\",\"dateModified\":\"2024-05-21T10:16:23+00:00\",\"breadcrumb\":{\"@id\":\"https:\\\/\\\/e-leclerc.es\\\/majadahonda\\\/clausula-informativa-newsletter\\\/#breadcrumb\"},\"inLanguage\":\"es\",\"potentialAction\":[{\"@type\":\"ReadAction\",\"target\":[\"https:\\\/\\\/e-leclerc.es\\\/majadahonda\\\/clausula-informativa-newsletter\\\/\"]}]},{\"@type\":\"BreadcrumbList\",\"@id\":\"https:\\\/\\\/e-leclerc.es\\\/majadahonda\\\/clausula-informativa-newsletter\\\/#breadcrumb\",\"itemListElement\":[{\"@type\":\"ListItem\",\"position\":1,\"name\":\"Portada\",\"item\":\"https:\\\/\\\/e-leclerc.es\\\/majadahonda\\\/\"},{\"@type\":\"ListItem\",\"position\":2,\"name\":\"Cl\u00e1usula informativa newsletter\"}]},{\"@type\":\"WebSite\",\"@id\":\"https:\\\/\\\/e-leclerc.es\\\/majadahonda\\\/#website\",\"url\":\"https:\\\/\\\/e-leclerc.es\\\/majadahonda\\\/\",\"name\":\"E.Leclerc Majadahonda\",\"description\":\"Descubre los folletos, ofertas y promociones de nuestro hipermercado E.Leclerc Majadahonda en Comunidad de Madrid. Direcci\u00f3n | Horario | Productos locales\",\"publisher\":{\"@id\":\"https:\\\/\\\/e-leclerc.es\\\/majadahonda\\\/#organization\"},\"potentialAction\":[{\"@type\":\"SearchAction\",\"target\":{\"@type\":\"EntryPoint\",\"urlTemplate\":\"https:\\\/\\\/e-leclerc.es\\\/majadahonda\\\/?s={search_term_string}\"},\"query-input\":{\"@type\":\"PropertyValueSpecification\",\"valueRequired\":true,\"valueName\":\"search_term_string\"}}],\"inLanguage\":\"es\"},{\"@type\":\"Organization\",\"@id\":\"https:\\\/\\\/e-leclerc.es\\\/majadahonda\\\/#organization\",\"name\":\"E.Leclerc Majadahonda\",\"url\":\"https:\\\/\\\/e-leclerc.es\\\/majadahonda\\\/\",\"logo\":{\"@type\":\"ImageObject\",\"inLanguage\":\"es\",\"@id\":\"https:\\\/\\\/e-leclerc.es\\\/majadahonda\\\/#\\\/schema\\\/logo\\\/image\\\/\",\"url\":\"https:\\\/\\\/e-leclerc.es\\\/majadahonda\\\/wp-content\\\/uploads\\\/sites\\\/12\\\/2024\\\/03\\\/Leclerc_Logo.svg\",\"contentUrl\":\"https:\\\/\\\/e-leclerc.es\\\/majadahonda\\\/wp-content\\\/uploads\\\/sites\\\/12\\\/2024\\\/03\\\/Leclerc_Logo.svg\",\"caption\":\"E.Leclerc Majadahonda \"},\"image\":{\"@id\":\"https:\\\/\\\/e-leclerc.es\\\/majadahonda\\\/#\\\/schema\\\/logo\\\/image\\\/\"}}]}<\/script>\n<!-- \/ Yoast SEO plugin. -->","yoast_head_json":{"title":"Cl\u00e1usula informativa newsletter - E.Leclerc Majadahonda","robots":{"index":"index","follow":"follow","max-snippet":"max-snippet:-1","max-image-preview":"max-image-preview:large","max-video-preview":"max-video-preview:-1"},"canonical":"https:\/\/e-leclerc.es\/majadahonda\/clausula-informativa-newsletter\/","og_locale":"es_ES","og_type":"article","og_title":"Cl\u00e1usula informativa newsletter - E.Leclerc Majadahonda","og_description":"CL\u00c1USULA INFORMATIVA NEWSLETTER Si usted introduce su direcci\u00f3n de correo electr\u00f3nico, dar\u00e1 su autorizaci\u00f3n para la recepci\u00f3n peri\u00f3dica de nuestra Newsletter en su correo electr\u00f3nico, consintiendo asimismo el tratamiento de los datos personales facilitados con la citada finalidad. Si usted desea dejar de recibir nuestra Newsletter en su direcci\u00f3n de correo electr\u00f3nico, puede oponerse en [&hellip;]","og_url":"https:\/\/e-leclerc.es\/majadahonda\/clausula-informativa-newsletter\/","og_site_name":"E.Leclerc Majadahonda","article_modified_time":"2024-05-21T10:16:23+00:00","twitter_card":"summary_large_image","twitter_misc":{"Tiempo de lectura":"1 minuto"},"schema":{"@context":"https:\/\/schema.org","@graph":[{"@type":"WebPage","@id":"https:\/\/e-leclerc.es\/majadahonda\/clausula-informativa-newsletter\/","url":"https:\/\/e-leclerc.es\/majadahonda\/clausula-informativa-newsletter\/","name":"Cl\u00e1usula informativa newsletter - E.Leclerc Majadahonda","isPartOf":{"@id":"https:\/\/e-leclerc.es\/majadahonda\/#website"},"datePublished":"2024-05-21T10:14:50+00:00","dateModified":"2024-05-21T10:16:23+00:00","breadcrumb":{"@id":"https:\/\/e-leclerc.es\/majadahonda\/clausula-informativa-newsletter\/#breadcrumb"},"inLanguage":"es","potentialAction":[{"@type":"ReadAction","target":["https:\/\/e-leclerc.es\/majadahonda\/clausula-informativa-newsletter\/"]}]},{"@type":"BreadcrumbList","@id":"https:\/\/e-leclerc.es\/majadahonda\/clausula-informativa-newsletter\/#breadcrumb","itemListElement":[{"@type":"ListItem","position":1,"name":"Portada","item":"https:\/\/e-leclerc.es\/majadahonda\/"},{"@type":"ListItem","position":2,"name":"Cl\u00e1usula informativa newsletter"}]},{"@type":"WebSite","@id":"https:\/\/e-leclerc.es\/majadahonda\/#website","url":"https:\/\/e-leclerc.es\/majadahonda\/","name":"E.Leclerc Majadahonda","description":"Descubre los folletos, ofertas y promociones de nuestro hipermercado E.Leclerc Majadahonda en Comunidad de Madrid. Direcci\u00f3n | Horario | Productos locales","publisher":{"@id":"https:\/\/e-leclerc.es\/majadahonda\/#organization"},"potentialAction":[{"@type":"SearchAction","target":{"@type":"EntryPoint","urlTemplate":"https:\/\/e-leclerc.es\/majadahonda\/?s={search_term_string}"},"query-input":{"@type":"PropertyValueSpecification","valueRequired":true,"valueName":"search_term_string"}}],"inLanguage":"es"},{"@type":"Organization","@id":"https:\/\/e-leclerc.es\/majadahonda\/#organization","name":"E.Leclerc Majadahonda","url":"https:\/\/e-leclerc.es\/majadahonda\/","logo":{"@type":"ImageObject","inLanguage":"es","@id":"https:\/\/e-leclerc.es\/majadahonda\/#\/schema\/logo\/image\/","url":"https:\/\/e-leclerc.es\/majadahonda\/wp-content\/uploads\/sites\/12\/2024\/03\/Leclerc_Logo.svg","contentUrl":"https:\/\/e-leclerc.es\/majadahonda\/wp-content\/uploads\/sites\/12\/2024\/03\/Leclerc_Logo.svg","caption":"E.Leclerc Majadahonda "},"image":{"@id":"https:\/\/e-leclerc.es\/majadahonda\/#\/schema\/logo\/image\/"}}]}},"_links":{"self":[{"href":"https:\/\/e-leclerc.es\/majadahonda\/wp-json\/wp\/v2\/pages\/6612","targetHints":{"allow":["GET"]}}],"collection":[{"href":"https:\/\/e-leclerc.es\/majadahonda\/wp-json\/wp\/v2\/pages"}],"about":[{"href":"https:\/\/e-leclerc.es\/majadahonda\/wp-json\/wp\/v2\/types\/page"}],"author":[{"embeddable":true,"href":"https:\/\/e-leclerc.es\/majadahonda\/wp-json\/wp\/v2\/users\/3"}],"replies":[{"embeddable":true,"href":"https:\/\/e-leclerc.es\/majadahonda\/wp-json\/wp\/v2\/comments?post=6612"}],"version-history":[{"count":3,"href":"https:\/\/e-leclerc.es\/majadahonda\/wp-json\/wp\/v2\/pages\/6612\/revisions"}],"predecessor-version":[{"id":6616,"href":"https:\/\/e-leclerc.es\/majadahonda\/wp-json\/wp\/v2\/pages\/6612\/revisions\/6616"}],"wp:attachment":[{"href":"https:\/\/e-leclerc.es\/majadahonda\/wp-json\/wp\/v2\/media?parent=6612"}],"curies":[{"name":"wp","href":"https:\/\/api.w.org\/{rel}","templated":true}]}}