{"id":4107,"date":"2024-04-19T13:21:54","date_gmt":"2024-04-19T11:21:54","guid":{"rendered":"https:\/\/www.e-leclerc.es\/majadahonda\/?page_id=4107"},"modified":"2024-05-20T20:56:27","modified_gmt":"2024-05-20T18:56:27","slug":"servicios","status":"publish","type":"page","link":"https:\/\/e-leclerc.es\/majadahonda\/servicios\/","title":{"rendered":"Servicios"},"content":{"rendered":"\t\t<div data-elementor-type=\"wp-page\" data-elementor-id=\"4107\" class=\"elementor elementor-4107\" data-elementor-post-type=\"page\">\n\t\t\t\t<div class=\"elementor-element elementor-element-64b09cf e-flex e-con-boxed e-con e-parent\" data-id=\"64b09cf\" data-element_type=\"container\" data-e-type=\"container\" data-settings=\"{&quot;background_background&quot;:&quot;classic&quot;}\">\n\t\t\t\t\t<div class=\"e-con-inner\">\n\t\t\t\t<div class=\"elementor-element elementor-element-df7a76d elementor-invisible elementor-widget elementor-widget-rt-title\" data-id=\"df7a76d\" data-element_type=\"widget\" data-e-type=\"widget\" data-widget_type=\"rt-title.default\">\n\t\t\t\t<div class=\"elementor-widget-container\">\n\t\t\t\t\t<div class=\"rt-section-title style1\">\n\t<div class=\"title-holder\">\t\t\n\t\t\t\t<span class=\"sub-title hide fadeInUp\" data-wow-delay=\"0.2s\" data-wow-duration=\"1.2s\">Servicios E.Leclerc<\/span>\n\t\t\t\t\t\t<div class=\"heading-wrap \"><h2 class=\"entry-title hide fadeInUp\" data-wow-delay=\"0.4s\" data-wow-duration=\"1.2s\">Prestarte servicios est\u00e1 en nuestra filosof\u00eda<\/h2><\/div>\n\t\t\t\t\t\t\t\t<span class=\"entry-text hide fadeInUp\" data-wow-delay=\"0.8s\" data-wow-duration=\"1.2s\">Te ofrecemos una gran variedad de opciones con los que\u2028completar una experiencia de compra inigualable m\u00e1s all\u00e1 del abastecimiento.<\/span>\n\t\t\t<\/div>\n<\/div>\n\t\t\t\t<\/div>\n\t\t\t\t<\/div>\n\t\t\t\t<div class=\"elementor-element elementor-element-8f89fa6 elementor-invisible elementor-widget elementor-widget-rt-title\" data-id=\"8f89fa6\" data-element_type=\"widget\" data-e-type=\"widget\" data-widget_type=\"rt-title.default\">\n\t\t\t\t<div class=\"elementor-widget-container\">\n\t\t\t\t\t<div class=\"rt-section-title style2\">\n\t<div class=\"title-holder\">\t\t\n\t<div class=\"heading-wrap \"><h1 class=\"entry-title hide fadeInUp\" data-wow-delay=\"0.2s\" data-wow-duration=\"1.2s\">Servicios<span class=\"line-wrap\"><span class=\"title-line\"><\/span><span class=\"title-border\"><\/span><\/span><\/h1><\/div>\t\n\t<\/div>\n<\/div>\t\t\t\t<\/div>\n\t\t\t\t<\/div>\n\t\t\t\t<div class=\"elementor-element elementor-element-6ecd924 elementor-arrows-position-outside elementor-widget elementor-widget-loop-carousel\" data-id=\"6ecd924\" data-element_type=\"widget\" data-e-type=\"widget\" data-settings=\"{&quot;template_id&quot;:&quot;4444&quot;,&quot;image_spacing_custom&quot;:{&quot;unit&quot;:&quot;px&quot;,&quot;size&quot;:50,&quot;sizes&quot;:[]},&quot;_skin&quot;:&quot;post&quot;,&quot;slides_to_show&quot;:&quot;3&quot;,&quot;slides_to_show_widescreen&quot;:&quot;3&quot;,&quot;slides_to_show_tablet_extra&quot;:&quot;3&quot;,&quot;slides_to_show_tablet&quot;:&quot;2&quot;,&quot;slides_to_show_mobile&quot;:&quot;1&quot;,&quot;slides_to_scroll&quot;:&quot;1&quot;,&quot;edit_handle_selector&quot;:&quot;.elementor-loop-container&quot;,&quot;autoplay&quot;:&quot;yes&quot;,&quot;autoplay_speed&quot;:5000,&quot;pause_on_hover&quot;:&quot;yes&quot;,&quot;pause_on_interaction&quot;:&quot;yes&quot;,&quot;infinite&quot;:&quot;yes&quot;,&quot;speed&quot;:500,&quot;offset_sides&quot;:&quot;none&quot;,&quot;arrows&quot;:&quot;yes&quot;,&quot;image_spacing_custom_widescreen&quot;:{&quot;unit&quot;:&quot;px&quot;,&quot;size&quot;:&quot;&quot;,&quot;sizes&quot;:[]},&quot;image_spacing_custom_tablet_extra&quot;:{&quot;unit&quot;:&quot;px&quot;,&quot;size&quot;:&quot;&quot;,&quot;sizes&quot;:[]},&quot;image_spacing_custom_tablet&quot;:{&quot;unit&quot;:&quot;px&quot;,&quot;size&quot;:&quot;&quot;,&quot;sizes&quot;:[]},&quot;image_spacing_custom_mobile&quot;:{&quot;unit&quot;:&quot;px&quot;,&quot;size&quot;:&quot;&quot;,&quot;sizes&quot;:[]}}\" data-widget_type=\"loop-carousel.post\">\n\t\t\t\t<div class=\"elementor-widget-container\">\n\t\t\t\t\t\t\t<div class=\"swiper elementor-loop-container elementor-grid\" role=\"list\" dir=\"ltr\">\n\t\t\t\t<div class=\"swiper-wrapper\" aria-live=\"off\">\n\t\t<style id=\"loop-4444\">.elementor-4444 .elementor-element.elementor-element-0c1e396{--display:flex;--flex-direction:column;--container-widget-width:100%;--container-widget-height:initial;--container-widget-flex-grow:0;--container-widget-align-self:initial;--flex-wrap-mobile:wrap;--justify-content:center;--gap:18px 18px;--row-gap:18px;--column-gap:18px;border-style:solid;--border-style:solid;border-width:1px 1px 1px 1px;--border-top-width:1px;--border-right-width:1px;--border-bottom-width:1px;--border-left-width:1px;border-color:#E7E7E7;--border-color:#E7E7E7;--border-radius:16px 16px 16px 16px;--padding-top:56px;--padding-bottom:56px;--padding-left:28px;--padding-right:28px;}.elementor-4444 .elementor-element.elementor-element-0c1e396:not(.elementor-motion-effects-element-type-background), .elementor-4444 .elementor-element.elementor-element-0c1e396 > .elementor-motion-effects-container > .elementor-motion-effects-layer{background-color:#FFFFFF;}.elementor-4444 .elementor-element.elementor-element-0c1e396:hover{box-shadow:0px 2px 25px 0px rgba(0, 0, 0, 0.2);}.elementor-4444 .elementor-element.elementor-element-13c9e1a img{width:90px;height:90px;}.elementor-4444 .elementor-element.elementor-element-830e7ab{text-align:center;}.elementor-4444 .elementor-element.elementor-element-830e7ab .elementor-heading-title{font-family:\"Open Sans\", Sans-serif;font-size:26px;font-weight:600;text-transform:none;font-style:normal;text-decoration:none;line-height:32px;letter-spacing:0em;word-spacing:0em;color:var( --e-global-color-text );}.elementor-4444 .elementor-element.elementor-element-830e7ab > .elementor-widget-container{margin:0px 0px 0px 0px;}.elementor-4444 .elementor-element.elementor-element-fa2c04a{text-align:center;color:#6D6D6D;font-size:16px;font-weight:400;line-height:28px;}@media(max-width:767px){.elementor-4444 .elementor-element.elementor-element-0c1e396{--padding-top:15px;--padding-bottom:15px;--padding-left:15px;--padding-right:15px;}.elementor-4444 .elementor-element.elementor-element-830e7ab{text-align:center;}.elementor-4444 .elementor-element.elementor-element-830e7ab .elementor-heading-title{font-size:22px;}.elementor-4444 .elementor-element.elementor-element-fa2c04a{font-size:14px;line-height:24px;}}<\/style>\t\t<div data-elementor-type=\"loop-item\" data-elementor-id=\"4444\" class=\"elementor elementor-4444 swiper-slide e-loop-item e-loop-item-4414 post-4414 servicio type-servicio status-publish has-post-thumbnail hentry\" data-elementor-post-type=\"elementor_library\" role=\"group\" aria-roledescription=\"slide\" data-custom-edit-handle=\"1\">\n\t\t\t<div class=\"elementor-element elementor-element-0c1e396 e-con-full e-flex e-con e-parent\" data-id=\"0c1e396\" data-element_type=\"container\" data-e-type=\"container\" data-settings=\"{&quot;background_background&quot;:&quot;classic&quot;}\">\n\t\t\t\t<div class=\"elementor-element elementor-element-13c9e1a elementor-widget elementor-widget-theme-post-featured-image elementor-widget-image\" data-id=\"13c9e1a\" data-element_type=\"widget\" data-e-type=\"widget\" data-widget_type=\"theme-post-featured-image.default\">\n\t\t\t\t<div class=\"elementor-widget-container\">\n\t\t\t\t\t\t\t\t\t\t\t\t\t\t\t<img decoding=\"async\" width=\"90\" height=\"90\" src=\"https:\/\/e-leclerc.es\/majadahonda\/wp-content\/uploads\/sites\/12\/2024\/04\/amazon.png\" class=\"attachment-full size-full wp-image-4415\" alt=\"\" \/>\t\t\t\t\t\t\t\t\t\t\t\t\t\t\t<\/div>\n\t\t\t\t<\/div>\n\t\t\t\t<div class=\"elementor-element elementor-element-830e7ab elementor-widget elementor-widget-theme-post-title elementor-page-title elementor-widget-heading\" data-id=\"830e7ab\" data-element_type=\"widget\" data-e-type=\"widget\" data-widget_type=\"theme-post-title.default\">\n\t\t\t\t<div class=\"elementor-widget-container\">\n\t\t\t\t\t<h4 class=\"elementor-heading-title elementor-size-default\">Punto de recogida Amazon Locker<\/h4>\t\t\t\t<\/div>\n\t\t\t\t<\/div>\n\t\t\t\t<div class=\"elementor-element elementor-element-fa2c04a elementor-widget elementor-widget-theme-post-content\" data-id=\"fa2c04a\" data-element_type=\"widget\" data-e-type=\"widget\" data-widget_type=\"theme-post-content.default\">\n\t\t\t\t<div class=\"elementor-widget-container\">\n\t\t\t\t\t\n<p><\/p>\n\n\n\n<p class=\"has-text-align-center\">Elige \u00abAmazon Locker Hern\u00e1n\u00bb para poder recoger tu pedido en las taquillas autom\u00e1ticas que tenemos en nuestro hipermercado durante el horario de apertura del mismo.<\/p>\n\n\n\n<div style=\"height:100px\" aria-hidden=\"true\" class=\"wp-block-spacer\"><\/div>\n\t\t\t\t<\/div>\n\t\t\t\t<\/div>\n\t\t\t\t<\/div>\n\t\t\t\t<\/div>\n\t\t\t\t<div data-elementor-type=\"loop-item\" data-elementor-id=\"4444\" class=\"elementor elementor-4444 swiper-slide e-loop-item e-loop-item-4477 post-4477 servicio type-servicio status-publish has-post-thumbnail hentry\" data-elementor-post-type=\"elementor_library\" role=\"group\" aria-roledescription=\"slide\" data-custom-edit-handle=\"1\">\n\t\t\t<div class=\"elementor-element elementor-element-0c1e396 e-con-full e-flex e-con e-parent\" data-id=\"0c1e396\" data-element_type=\"container\" data-e-type=\"container\" data-settings=\"{&quot;background_background&quot;:&quot;classic&quot;}\">\n\t\t\t\t<div class=\"elementor-element elementor-element-13c9e1a elementor-widget elementor-widget-theme-post-featured-image elementor-widget-image\" data-id=\"13c9e1a\" data-element_type=\"widget\" data-e-type=\"widget\" data-widget_type=\"theme-post-featured-image.default\">\n\t\t\t\t<div class=\"elementor-widget-container\">\n\t\t\t\t\t\t\t\t\t\t\t\t\t\t\t<img decoding=\"async\" width=\"90\" height=\"90\" src=\"https:\/\/e-leclerc.es\/majadahonda\/wp-content\/uploads\/sites\/12\/2024\/04\/delivery.png\" class=\"attachment-full size-full wp-image-4481\" alt=\"\" \/>\t\t\t\t\t\t\t\t\t\t\t\t\t\t\t<\/div>\n\t\t\t\t<\/div>\n\t\t\t\t<div class=\"elementor-element elementor-element-830e7ab elementor-widget elementor-widget-theme-post-title elementor-page-title elementor-widget-heading\" data-id=\"830e7ab\" data-element_type=\"widget\" data-e-type=\"widget\" data-widget_type=\"theme-post-title.default\">\n\t\t\t\t<div class=\"elementor-widget-container\">\n\t\t\t\t\t<h4 class=\"elementor-heading-title elementor-size-default\">Servicio de Reparto a domicilio<\/h4>\t\t\t\t<\/div>\n\t\t\t\t<\/div>\n\t\t\t\t<div class=\"elementor-element elementor-element-fa2c04a elementor-widget elementor-widget-theme-post-content\" data-id=\"fa2c04a\" data-element_type=\"widget\" data-e-type=\"widget\" data-widget_type=\"theme-post-content.default\">\n\t\t\t\t<div class=\"elementor-widget-container\">\n\t\t\t\t\t\n<p>Te llevamos tu compra a casa por tan solo 4 euros.<\/p>\n\n\n\n<p>Franjas horarias de reparto:<\/p>\n\n\n\n<ul class=\"wp-block-list\">\n<li>De 10:00 a 12:00<\/li>\n\n\n\n<li> De 12:00 a 14:00 <\/li>\n\n\n\n<li>De 16:00 a 18:00 <\/li>\n\n\n\n<li>De 18:00 a 20:00<\/li>\n<\/ul>\n\n\n\n<p>*Consultar zonas de reparto en tienda.<\/p>\n\t\t\t\t<\/div>\n\t\t\t\t<\/div>\n\t\t\t\t<\/div>\n\t\t\t\t<\/div>\n\t\t\t\t<div data-elementor-type=\"loop-item\" data-elementor-id=\"4444\" class=\"elementor elementor-4444 swiper-slide e-loop-item e-loop-item-4511 post-4511 servicio type-servicio status-publish has-post-thumbnail hentry\" data-elementor-post-type=\"elementor_library\" role=\"group\" aria-roledescription=\"slide\" data-custom-edit-handle=\"1\">\n\t\t\t<div class=\"elementor-element elementor-element-0c1e396 e-con-full e-flex e-con e-parent\" data-id=\"0c1e396\" data-element_type=\"container\" data-e-type=\"container\" data-settings=\"{&quot;background_background&quot;:&quot;classic&quot;}\">\n\t\t\t\t<div class=\"elementor-element elementor-element-13c9e1a elementor-widget elementor-widget-theme-post-featured-image elementor-widget-image\" data-id=\"13c9e1a\" data-element_type=\"widget\" data-e-type=\"widget\" data-widget_type=\"theme-post-featured-image.default\">\n\t\t\t\t<div class=\"elementor-widget-container\">\n\t\t\t\t\t\t\t\t\t\t\t\t\t\t\t<img decoding=\"async\" width=\"90\" height=\"90\" src=\"https:\/\/e-leclerc.es\/majadahonda\/wp-content\/uploads\/sites\/12\/2024\/04\/detail-promo-2.png\" class=\"attachment-full size-full wp-image-4484\" alt=\"\" \/>\t\t\t\t\t\t\t\t\t\t\t\t\t\t\t<\/div>\n\t\t\t\t<\/div>\n\t\t\t\t<div class=\"elementor-element elementor-element-830e7ab elementor-widget elementor-widget-theme-post-title elementor-page-title elementor-widget-heading\" data-id=\"830e7ab\" data-element_type=\"widget\" data-e-type=\"widget\" data-widget_type=\"theme-post-title.default\">\n\t\t\t\t<div class=\"elementor-widget-container\">\n\t\t\t\t\t<h4 class=\"elementor-heading-title elementor-size-default\">\u00c1lbumes y revelado de fotos<\/h4>\t\t\t\t<\/div>\n\t\t\t\t<\/div>\n\t\t\t\t<div class=\"elementor-element elementor-element-fa2c04a elementor-widget elementor-widget-theme-post-content\" data-id=\"fa2c04a\" data-element_type=\"widget\" data-e-type=\"widget\" data-widget_type=\"theme-post-content.default\">\n\t\t\t\t<div class=\"elementor-widget-container\">\n\t\t\t\t\t\n<p><\/p>\n\n\n\n<p><\/p>\n\n\n\n<p>Puedes imprimir tus fotos en todas las tiendas Leclerc, pregunta por el quiosco de impresi\u00f3n CEWE y revela tus fotos al instante, solo necesitas tu m\u00f3vil o un dispositivo de almacenamiento.<\/p>\n\n\n\n<p>Adem\u00e1s, tenemos un servicio con m\u00e1s de 500 productos fotogr\u00e1ficos online (\u00e1lbumes, revelado, regalos, calendarios, cuadros, tarjetas, fundas de m\u00f3vil, etc.). \u00a1\u00c9chale un vistazo en,&nbsp;<a href=\"http:\/\/www.foto.leclerc\/\">www.foto.leclerc<\/a><\/p>\n\t\t\t\t<\/div>\n\t\t\t\t<\/div>\n\t\t\t\t<\/div>\n\t\t\t\t<\/div>\n\t\t\t\t<div data-elementor-type=\"loop-item\" data-elementor-id=\"4444\" class=\"elementor elementor-4444 swiper-slide e-loop-item e-loop-item-4515 post-4515 servicio type-servicio status-publish has-post-thumbnail hentry\" data-elementor-post-type=\"elementor_library\" role=\"group\" aria-roledescription=\"slide\" data-custom-edit-handle=\"1\">\n\t\t\t<div class=\"elementor-element elementor-element-0c1e396 e-con-full e-flex e-con e-parent\" data-id=\"0c1e396\" data-element_type=\"container\" data-e-type=\"container\" data-settings=\"{&quot;background_background&quot;:&quot;classic&quot;}\">\n\t\t\t\t<div class=\"elementor-element elementor-element-13c9e1a elementor-widget elementor-widget-theme-post-featured-image elementor-widget-image\" data-id=\"13c9e1a\" data-element_type=\"widget\" data-e-type=\"widget\" data-widget_type=\"theme-post-featured-image.default\">\n\t\t\t\t<div class=\"elementor-widget-container\">\n\t\t\t\t\t\t\t\t\t\t\t\t\t\t\t<img loading=\"lazy\" decoding=\"async\" width=\"90\" height=\"90\" src=\"https:\/\/e-leclerc.es\/majadahonda\/wp-content\/uploads\/sites\/12\/2024\/04\/detail-promo-4.png\" class=\"attachment-full size-full wp-image-4486\" alt=\"\" \/>\t\t\t\t\t\t\t\t\t\t\t\t\t\t\t<\/div>\n\t\t\t\t<\/div>\n\t\t\t\t<div class=\"elementor-element elementor-element-830e7ab elementor-widget elementor-widget-theme-post-title elementor-page-title elementor-widget-heading\" data-id=\"830e7ab\" data-element_type=\"widget\" data-e-type=\"widget\" data-widget_type=\"theme-post-title.default\">\n\t\t\t\t<div class=\"elementor-widget-container\">\n\t\t\t\t\t<h4 class=\"elementor-heading-title elementor-size-default\">Punto recarga coches el\u00e9ctricos<\/h4>\t\t\t\t<\/div>\n\t\t\t\t<\/div>\n\t\t\t\t<div class=\"elementor-element elementor-element-fa2c04a elementor-widget elementor-widget-theme-post-content\" data-id=\"fa2c04a\" data-element_type=\"widget\" data-e-type=\"widget\" data-widget_type=\"theme-post-content.default\">\n\t\t\t\t<div class=\"elementor-widget-container\">\n\t\t\t\t\t\n<p>Punto de recarga de coches el\u00e9ctricos e h\u00edbridos en el Parking del Hipermercado.<\/p>\n\n\n\n<p><\/p>\n\n\n\n<div style=\"height:100px\" aria-hidden=\"true\" class=\"wp-block-spacer\"><\/div>\n\n\n\n<p><\/p>\n\n\n\n<p><\/p>\n\n\n\n<p><\/p>\n\n\n\n<p><\/p>\n\n\n\n<p><\/p>\n\n\n\n<p><\/p>\n\n\n\n<p><\/p>\n\n\n\n<p><br><\/p>\n\t\t\t\t<\/div>\n\t\t\t\t<\/div>\n\t\t\t\t<\/div>\n\t\t\t\t<\/div>\n\t\t\t\t<\/div>\n\t\t<\/div>\n\t\t\t\t\t<div class=\"elementor-swiper-button elementor-swiper-button-prev\" role=\"button\" tabindex=\"0\" aria-label=\"Anterior\">\n\t\t\t\t<i aria-hidden=\"true\" class=\" icon-zilly-left-arrow\"><\/i>\t\t\t<\/div>\n\t\t\t<div class=\"elementor-swiper-button elementor-swiper-button-next\" role=\"button\" tabindex=\"0\" aria-label=\"Siguiente\">\n\t\t\t\t<i aria-hidden=\"true\" class=\" icon-zilly-right-arrow\"><\/i>\t\t\t<\/div>\n\t\t\t\t\t\t<\/div>\n\t\t\t\t<\/div>\n\t\t\t\t\t<\/div>\n\t\t\t\t<\/div>\n\t\t\t\t<\/div>\n\t\t","protected":false},"excerpt":{"rendered":"<p>Servicios E.Leclerc Prestarte servicios est\u00e1 en nuestra filosof\u00eda Te ofrecemos una gran variedad de opciones con los que\u2028completar una experiencia de compra inigualable m\u00e1s all\u00e1 del abastecimiento. Servicios<\/p>\n","protected":false},"author":1,"featured_media":0,"parent":0,"menu_order":0,"comment_status":"closed","ping_status":"closed","template":"elementor_header_footer","meta":{"_acf_changed":false,"footnotes":""},"class_list":["post-4107","page","type-page","status-publish","hentry"],"acf":[],"yoast_head":"<!-- This site is optimized with the Yoast SEO plugin v27.4 - https:\/\/yoast.com\/product\/yoast-seo-wordpress\/ -->\n<title>Servicios - E.Leclerc Majadahonda<\/title>\n<meta name=\"robots\" content=\"index, follow, max-snippet:-1, max-image-preview:large, max-video-preview:-1\" \/>\n<link rel=\"canonical\" href=\"https:\/\/e-leclerc.es\/majadahonda\/servicios\/\" \/>\n<meta property=\"og:locale\" content=\"es_ES\" \/>\n<meta property=\"og:type\" content=\"article\" \/>\n<meta property=\"og:title\" content=\"Servicios - E.Leclerc Majadahonda\" \/>\n<meta property=\"og:description\" content=\"Servicios E.Leclerc Prestarte servicios est\u00e1 en nuestra filosof\u00eda Te ofrecemos una gran variedad de opciones con los que\u2028completar una experiencia de compra inigualable m\u00e1s all\u00e1 del abastecimiento. Servicios\" \/>\n<meta property=\"og:url\" content=\"https:\/\/e-leclerc.es\/majadahonda\/servicios\/\" \/>\n<meta property=\"og:site_name\" content=\"E.Leclerc Majadahonda\" \/>\n<meta property=\"article:modified_time\" content=\"2024-05-20T18:56:27+00:00\" \/>\n<meta name=\"twitter:card\" content=\"summary_large_image\" \/>\n<meta name=\"twitter:label1\" content=\"Tiempo de lectura\" \/>\n\t<meta name=\"twitter:data1\" content=\"9 minutos\" \/>\n<script type=\"application\/ld+json\" class=\"yoast-schema-graph\">{\"@context\":\"https:\\\/\\\/schema.org\",\"@graph\":[{\"@type\":\"WebPage\",\"@id\":\"https:\\\/\\\/e-leclerc.es\\\/majadahonda\\\/servicios\\\/\",\"url\":\"https:\\\/\\\/e-leclerc.es\\\/majadahonda\\\/servicios\\\/\",\"name\":\"Servicios - E.Leclerc Majadahonda\",\"isPartOf\":{\"@id\":\"https:\\\/\\\/e-leclerc.es\\\/majadahonda\\\/#website\"},\"datePublished\":\"2024-04-19T11:21:54+00:00\",\"dateModified\":\"2024-05-20T18:56:27+00:00\",\"breadcrumb\":{\"@id\":\"https:\\\/\\\/e-leclerc.es\\\/majadahonda\\\/servicios\\\/#breadcrumb\"},\"inLanguage\":\"es\",\"potentialAction\":[{\"@type\":\"ReadAction\",\"target\":[\"https:\\\/\\\/e-leclerc.es\\\/majadahonda\\\/servicios\\\/\"]}]},{\"@type\":\"BreadcrumbList\",\"@id\":\"https:\\\/\\\/e-leclerc.es\\\/majadahonda\\\/servicios\\\/#breadcrumb\",\"itemListElement\":[{\"@type\":\"ListItem\",\"position\":1,\"name\":\"Portada\",\"item\":\"https:\\\/\\\/e-leclerc.es\\\/majadahonda\\\/\"},{\"@type\":\"ListItem\",\"position\":2,\"name\":\"Servicios\"}]},{\"@type\":\"WebSite\",\"@id\":\"https:\\\/\\\/e-leclerc.es\\\/majadahonda\\\/#website\",\"url\":\"https:\\\/\\\/e-leclerc.es\\\/majadahonda\\\/\",\"name\":\"E.Leclerc Majadahonda\",\"description\":\"Descubre los folletos, ofertas y promociones de nuestro hipermercado E.Leclerc Majadahonda en Comunidad de Madrid. Direcci\u00f3n | Horario | Productos locales\",\"publisher\":{\"@id\":\"https:\\\/\\\/e-leclerc.es\\\/majadahonda\\\/#organization\"},\"potentialAction\":[{\"@type\":\"SearchAction\",\"target\":{\"@type\":\"EntryPoint\",\"urlTemplate\":\"https:\\\/\\\/e-leclerc.es\\\/majadahonda\\\/?s={search_term_string}\"},\"query-input\":{\"@type\":\"PropertyValueSpecification\",\"valueRequired\":true,\"valueName\":\"search_term_string\"}}],\"inLanguage\":\"es\"},{\"@type\":\"Organization\",\"@id\":\"https:\\\/\\\/e-leclerc.es\\\/majadahonda\\\/#organization\",\"name\":\"E.Leclerc Majadahonda\",\"url\":\"https:\\\/\\\/e-leclerc.es\\\/majadahonda\\\/\",\"logo\":{\"@type\":\"ImageObject\",\"inLanguage\":\"es\",\"@id\":\"https:\\\/\\\/e-leclerc.es\\\/majadahonda\\\/#\\\/schema\\\/logo\\\/image\\\/\",\"url\":\"https:\\\/\\\/e-leclerc.es\\\/majadahonda\\\/wp-content\\\/uploads\\\/sites\\\/12\\\/2024\\\/03\\\/Leclerc_Logo.svg\",\"contentUrl\":\"https:\\\/\\\/e-leclerc.es\\\/majadahonda\\\/wp-content\\\/uploads\\\/sites\\\/12\\\/2024\\\/03\\\/Leclerc_Logo.svg\",\"caption\":\"E.Leclerc Majadahonda \"},\"image\":{\"@id\":\"https:\\\/\\\/e-leclerc.es\\\/majadahonda\\\/#\\\/schema\\\/logo\\\/image\\\/\"}}]}<\/script>\n<!-- \/ Yoast SEO plugin. -->","yoast_head_json":{"title":"Servicios - E.Leclerc Majadahonda","robots":{"index":"index","follow":"follow","max-snippet":"max-snippet:-1","max-image-preview":"max-image-preview:large","max-video-preview":"max-video-preview:-1"},"canonical":"https:\/\/e-leclerc.es\/majadahonda\/servicios\/","og_locale":"es_ES","og_type":"article","og_title":"Servicios - E.Leclerc Majadahonda","og_description":"Servicios E.Leclerc Prestarte servicios est\u00e1 en nuestra filosof\u00eda Te ofrecemos una gran variedad de opciones con los que\u2028completar una experiencia de compra inigualable m\u00e1s all\u00e1 del abastecimiento. Servicios","og_url":"https:\/\/e-leclerc.es\/majadahonda\/servicios\/","og_site_name":"E.Leclerc Majadahonda","article_modified_time":"2024-05-20T18:56:27+00:00","twitter_card":"summary_large_image","twitter_misc":{"Tiempo de lectura":"9 minutos"},"schema":{"@context":"https:\/\/schema.org","@graph":[{"@type":"WebPage","@id":"https:\/\/e-leclerc.es\/majadahonda\/servicios\/","url":"https:\/\/e-leclerc.es\/majadahonda\/servicios\/","name":"Servicios - E.Leclerc Majadahonda","isPartOf":{"@id":"https:\/\/e-leclerc.es\/majadahonda\/#website"},"datePublished":"2024-04-19T11:21:54+00:00","dateModified":"2024-05-20T18:56:27+00:00","breadcrumb":{"@id":"https:\/\/e-leclerc.es\/majadahonda\/servicios\/#breadcrumb"},"inLanguage":"es","potentialAction":[{"@type":"ReadAction","target":["https:\/\/e-leclerc.es\/majadahonda\/servicios\/"]}]},{"@type":"BreadcrumbList","@id":"https:\/\/e-leclerc.es\/majadahonda\/servicios\/#breadcrumb","itemListElement":[{"@type":"ListItem","position":1,"name":"Portada","item":"https:\/\/e-leclerc.es\/majadahonda\/"},{"@type":"ListItem","position":2,"name":"Servicios"}]},{"@type":"WebSite","@id":"https:\/\/e-leclerc.es\/majadahonda\/#website","url":"https:\/\/e-leclerc.es\/majadahonda\/","name":"E.Leclerc Majadahonda","description":"Descubre los folletos, ofertas y promociones de nuestro hipermercado E.Leclerc Majadahonda en Comunidad de Madrid. Direcci\u00f3n | Horario | Productos locales","publisher":{"@id":"https:\/\/e-leclerc.es\/majadahonda\/#organization"},"potentialAction":[{"@type":"SearchAction","target":{"@type":"EntryPoint","urlTemplate":"https:\/\/e-leclerc.es\/majadahonda\/?s={search_term_string}"},"query-input":{"@type":"PropertyValueSpecification","valueRequired":true,"valueName":"search_term_string"}}],"inLanguage":"es"},{"@type":"Organization","@id":"https:\/\/e-leclerc.es\/majadahonda\/#organization","name":"E.Leclerc Majadahonda","url":"https:\/\/e-leclerc.es\/majadahonda\/","logo":{"@type":"ImageObject","inLanguage":"es","@id":"https:\/\/e-leclerc.es\/majadahonda\/#\/schema\/logo\/image\/","url":"https:\/\/e-leclerc.es\/majadahonda\/wp-content\/uploads\/sites\/12\/2024\/03\/Leclerc_Logo.svg","contentUrl":"https:\/\/e-leclerc.es\/majadahonda\/wp-content\/uploads\/sites\/12\/2024\/03\/Leclerc_Logo.svg","caption":"E.Leclerc Majadahonda "},"image":{"@id":"https:\/\/e-leclerc.es\/majadahonda\/#\/schema\/logo\/image\/"}}]}},"_links":{"self":[{"href":"https:\/\/e-leclerc.es\/majadahonda\/wp-json\/wp\/v2\/pages\/4107","targetHints":{"allow":["GET"]}}],"collection":[{"href":"https:\/\/e-leclerc.es\/majadahonda\/wp-json\/wp\/v2\/pages"}],"about":[{"href":"https:\/\/e-leclerc.es\/majadahonda\/wp-json\/wp\/v2\/types\/page"}],"author":[{"embeddable":true,"href":"https:\/\/e-leclerc.es\/majadahonda\/wp-json\/wp\/v2\/users\/1"}],"replies":[{"embeddable":true,"href":"https:\/\/e-leclerc.es\/majadahonda\/wp-json\/wp\/v2\/comments?post=4107"}],"version-history":[{"count":106,"href":"https:\/\/e-leclerc.es\/majadahonda\/wp-json\/wp\/v2\/pages\/4107\/revisions"}],"predecessor-version":[{"id":6595,"href":"https:\/\/e-leclerc.es\/majadahonda\/wp-json\/wp\/v2\/pages\/4107\/revisions\/6595"}],"wp:attachment":[{"href":"https:\/\/e-leclerc.es\/majadahonda\/wp-json\/wp\/v2\/media?parent=4107"}],"curies":[{"name":"wp","href":"https:\/\/api.w.org\/{rel}","templated":true}]}}