{"id":7067,"date":"2024-05-20T16:17:08","date_gmt":"2024-05-20T14:17:08","guid":{"rendered":"https:\/\/www.e-leclerc.es\/leon\/?page_id=7067"},"modified":"2024-05-20T16:19:00","modified_gmt":"2024-05-20T14:19:00","slug":"informacion-basica-sobre-la-proteccion-de-datos","status":"publish","type":"page","link":"https:\/\/e-leclerc.es\/leon\/informacion-basica-sobre-la-proteccion-de-datos\/","title":{"rendered":"Informaci\u00f3n b\u00e1sica sobre la protecci\u00f3n de datos"},"content":{"rendered":"\t\t<div data-elementor-type=\"wp-page\" data-elementor-id=\"7067\" class=\"elementor elementor-7067\" data-elementor-post-type=\"page\">\n\t\t\t\t<div class=\"elementor-element elementor-element-dc91552 e-flex e-con-boxed e-con e-parent\" data-id=\"dc91552\" data-element_type=\"container\" data-e-type=\"container\">\n\t\t\t\t\t<div class=\"e-con-inner\">\n\t\t\t\t<div class=\"elementor-element elementor-element-7a9b31a elementor-invisible elementor-widget elementor-widget-rt-title\" data-id=\"7a9b31a\" data-element_type=\"widget\" data-e-type=\"widget\" data-widget_type=\"rt-title.default\">\n\t\t\t\t<div class=\"elementor-widget-container\">\n\t\t\t\t\t<div class=\"rt-section-title style1\">\n\t<div class=\"title-holder\">\t\t\n\t\t\t\t\t\t<div class=\"heading-wrap \"><h2 class=\"entry-title hide fadeInUp\" data-wow-delay=\"0.4s\" data-wow-duration=\"1.2s\">INFORMACI\u00d3N B\u00c1SICA SOBRE PROTECCI\u00d3N DE DATOS<\/h2><\/div>\n\t\t\t\t\t\t\t<\/div>\n<\/div>\n\t\t\t\t<\/div>\n\t\t\t\t<\/div>\n\t\t\t\t<div class=\"elementor-element elementor-element-c6a9bb6 elementor-widget elementor-widget-text-editor\" data-id=\"c6a9bb6\" data-element_type=\"widget\" data-e-type=\"widget\" data-widget_type=\"text-editor.default\">\n\t\t\t\t<div class=\"elementor-widget-container\">\n\t\t\t\t\t\t\t\t\t<table><tbody><tr><td width=\"283\"><p><strong>Responsable del tratamiento<\/strong><\/p><\/td><td width=\"283\"><p>Toriodis S.L.<\/p><\/td><\/tr><tr><td width=\"283\"><p><strong>Direcci\u00f3n del responsable<\/strong><\/p><\/td><td width=\"283\"><p>P\u00e1rroco Pablo D\u00edez s\/n (Pol\u00edgono industrial Trobajo del Camino) , CP 24010, San Andr\u00e9s del Rabanedo (Le\u00f3n)<\/p><\/td><\/tr><tr><td width=\"283\"><p><strong>Finalidad<\/strong><\/p><\/td><td width=\"283\"><p>Sus datos ser\u00e1n usados para poder atender sus solicitudes y prestarle nuestros servicios, incluyendo el comercio online.<\/p><p>Asimismo, si usted nos ha facilitado su curr\u00edculum personal, sus datos personales ser\u00e1n utilizados para participar en nuestros procesos de selecci\u00f3n.<\/p><\/td><\/tr><tr><td width=\"283\"><p><strong>Publicidad<\/strong><\/p><\/td><td width=\"283\"><p>Solo le enviaremos publicidad con su autorizaci\u00f3n previa, que podr\u00e1 facilitarnos mediante la casilla correspondiente establecida al efecto.<\/p><\/td><\/tr><tr><td width=\"283\"><p><strong>Legitimaci\u00f3n<\/strong><\/p><\/td><td width=\"283\"><p>\u00danicamente trataremos sus datos con su consentimiento previo, que podr\u00e1 facilitarnos mediante la casilla correspondiente establecida al efecto.<\/p><\/td><\/tr><tr><td width=\"283\"><p><strong>Destinatarios<\/strong><\/p><\/td><td width=\"283\"><p>Con car\u00e1cter general, s\u00f3lo el personal de nuestra entidad que est\u00e9 debidamente autorizado podr\u00e1 tener conocimiento de la informaci\u00f3n que le pedimos.<\/p><\/td><\/tr><tr><td width=\"283\"><p><strong>Derechos<\/strong><\/p><\/td><td width=\"283\"><p>Tiene derecho a saber qu\u00e9 informaci\u00f3n tenemos sobre usted, corregirla y eliminarla, tal y como se explica en la informaci\u00f3n adicional disponible en nuestra p\u00e1gina web.<\/p><\/td><\/tr><tr><td width=\"283\"><p><strong>Informaci\u00f3n adicional<\/strong><\/p><\/td><td width=\"283\"><p>M\u00e1s informaci\u00f3n en el apartado \u201cPOL\u00cdTICA DE PRIVACIDAD\u201d de nuestra p\u00e1gina web.<\/p><\/td><\/tr><tr><td width=\"283\"><p><strong>Datos de contacto DPD<\/strong><\/p><\/td><td width=\"283\"><p>dpd@audidat.com<\/p><\/td><\/tr><\/tbody><\/table>\t\t\t\t\t\t\t\t<\/div>\n\t\t\t\t<\/div>\n\t\t\t\t\t<\/div>\n\t\t\t\t<\/div>\n\t\t\t\t<\/div>\n\t\t","protected":false},"excerpt":{"rendered":"<p>INFORMACI\u00d3N B\u00c1SICA SOBRE PROTECCI\u00d3N DE DATOS Responsable del tratamiento Toriodis S.L. Direcci\u00f3n del responsable P\u00e1rroco Pablo D\u00edez s\/n (Pol\u00edgono industrial Trobajo del Camino) , CP 24010, San Andr\u00e9s del Rabanedo (Le\u00f3n) Finalidad Sus datos ser\u00e1n usados para poder atender sus solicitudes y prestarle nuestros servicios, incluyendo el comercio online. Asimismo, si usted nos ha facilitado [&hellip;]<\/p>\n","protected":false},"author":3,"featured_media":0,"parent":0,"menu_order":0,"comment_status":"closed","ping_status":"closed","template":"","meta":{"_acf_changed":false,"footnotes":""},"class_list":["post-7067","page","type-page","status-publish","hentry"],"acf":[],"yoast_head":"<!-- This site is optimized with the Yoast SEO plugin v27.4 - https:\/\/yoast.com\/product\/yoast-seo-wordpress\/ -->\n<title>Informaci\u00f3n b\u00e1sica sobre la protecci\u00f3n de datos - E.Leclerc Le\u00f3n<\/title>\n<meta name=\"robots\" content=\"index, follow, max-snippet:-1, max-image-preview:large, max-video-preview:-1\" \/>\n<link rel=\"canonical\" href=\"https:\/\/e-leclerc.es\/leon\/informacion-basica-sobre-la-proteccion-de-datos\/\" \/>\n<meta property=\"og:locale\" content=\"es_ES\" \/>\n<meta property=\"og:type\" content=\"article\" \/>\n<meta property=\"og:title\" content=\"Informaci\u00f3n b\u00e1sica sobre la protecci\u00f3n de datos - E.Leclerc Le\u00f3n\" \/>\n<meta property=\"og:description\" content=\"INFORMACI\u00d3N B\u00c1SICA SOBRE PROTECCI\u00d3N DE DATOS Responsable del tratamiento Toriodis S.L. Direcci\u00f3n del responsable P\u00e1rroco Pablo D\u00edez s\/n (Pol\u00edgono industrial Trobajo del Camino) , CP 24010, San Andr\u00e9s del Rabanedo (Le\u00f3n) Finalidad Sus datos ser\u00e1n usados para poder atender sus solicitudes y prestarle nuestros servicios, incluyendo el comercio online. Asimismo, si usted nos ha facilitado [&hellip;]\" \/>\n<meta property=\"og:url\" content=\"https:\/\/e-leclerc.es\/leon\/informacion-basica-sobre-la-proteccion-de-datos\/\" \/>\n<meta property=\"og:site_name\" content=\"E.Leclerc Le\u00f3n\" \/>\n<meta property=\"article:modified_time\" content=\"2024-05-20T14:19:00+00:00\" \/>\n<meta name=\"twitter:card\" content=\"summary_large_image\" \/>\n<meta name=\"twitter:label1\" content=\"Tiempo de lectura\" \/>\n\t<meta name=\"twitter:data1\" content=\"1 minuto\" \/>\n<script type=\"application\/ld+json\" class=\"yoast-schema-graph\">{\"@context\":\"https:\\\/\\\/schema.org\",\"@graph\":[{\"@type\":\"WebPage\",\"@id\":\"https:\\\/\\\/e-leclerc.es\\\/leon\\\/informacion-basica-sobre-la-proteccion-de-datos\\\/\",\"url\":\"https:\\\/\\\/e-leclerc.es\\\/leon\\\/informacion-basica-sobre-la-proteccion-de-datos\\\/\",\"name\":\"Informaci\u00f3n b\u00e1sica sobre la protecci\u00f3n de datos - E.Leclerc Le\u00f3n\",\"isPartOf\":{\"@id\":\"https:\\\/\\\/e-leclerc.es\\\/leon\\\/#website\"},\"datePublished\":\"2024-05-20T14:17:08+00:00\",\"dateModified\":\"2024-05-20T14:19:00+00:00\",\"breadcrumb\":{\"@id\":\"https:\\\/\\\/e-leclerc.es\\\/leon\\\/informacion-basica-sobre-la-proteccion-de-datos\\\/#breadcrumb\"},\"inLanguage\":\"es\",\"potentialAction\":[{\"@type\":\"ReadAction\",\"target\":[\"https:\\\/\\\/e-leclerc.es\\\/leon\\\/informacion-basica-sobre-la-proteccion-de-datos\\\/\"]}]},{\"@type\":\"BreadcrumbList\",\"@id\":\"https:\\\/\\\/e-leclerc.es\\\/leon\\\/informacion-basica-sobre-la-proteccion-de-datos\\\/#breadcrumb\",\"itemListElement\":[{\"@type\":\"ListItem\",\"position\":1,\"name\":\"Portada\",\"item\":\"https:\\\/\\\/e-leclerc.es\\\/leon\\\/\"},{\"@type\":\"ListItem\",\"position\":2,\"name\":\"Informaci\u00f3n b\u00e1sica sobre la protecci\u00f3n de datos\"}]},{\"@type\":\"WebSite\",\"@id\":\"https:\\\/\\\/e-leclerc.es\\\/leon\\\/#website\",\"url\":\"https:\\\/\\\/e-leclerc.es\\\/leon\\\/\",\"name\":\"E.Leclerc Le\u00f3n\",\"description\":\"Descubre los folletos, ofertas y promociones de nuestro hipermercado E.Leclerc Le\u00f3n en Castilla y Le\u00f3n. Direcci\u00f3n | Horario | Productos locales\",\"publisher\":{\"@id\":\"https:\\\/\\\/e-leclerc.es\\\/leon\\\/#organization\"},\"potentialAction\":[{\"@type\":\"SearchAction\",\"target\":{\"@type\":\"EntryPoint\",\"urlTemplate\":\"https:\\\/\\\/e-leclerc.es\\\/leon\\\/?s={search_term_string}\"},\"query-input\":{\"@type\":\"PropertyValueSpecification\",\"valueRequired\":true,\"valueName\":\"search_term_string\"}}],\"inLanguage\":\"es\"},{\"@type\":\"Organization\",\"@id\":\"https:\\\/\\\/e-leclerc.es\\\/leon\\\/#organization\",\"name\":\"E.Leclerc Le\u00f3n\",\"url\":\"https:\\\/\\\/e-leclerc.es\\\/leon\\\/\",\"logo\":{\"@type\":\"ImageObject\",\"inLanguage\":\"es\",\"@id\":\"https:\\\/\\\/e-leclerc.es\\\/leon\\\/#\\\/schema\\\/logo\\\/image\\\/\",\"url\":\"https:\\\/\\\/e-leclerc.es\\\/leon\\\/wp-content\\\/uploads\\\/sites\\\/10\\\/2024\\\/03\\\/Leclerc_Logo.svg\",\"contentUrl\":\"https:\\\/\\\/e-leclerc.es\\\/leon\\\/wp-content\\\/uploads\\\/sites\\\/10\\\/2024\\\/03\\\/Leclerc_Logo.svg\",\"caption\":\"E.Leclerc Le\u00f3n\"},\"image\":{\"@id\":\"https:\\\/\\\/e-leclerc.es\\\/leon\\\/#\\\/schema\\\/logo\\\/image\\\/\"}}]}<\/script>\n<!-- \/ Yoast SEO plugin. -->","yoast_head_json":{"title":"Informaci\u00f3n b\u00e1sica sobre la protecci\u00f3n de datos - E.Leclerc Le\u00f3n","robots":{"index":"index","follow":"follow","max-snippet":"max-snippet:-1","max-image-preview":"max-image-preview:large","max-video-preview":"max-video-preview:-1"},"canonical":"https:\/\/e-leclerc.es\/leon\/informacion-basica-sobre-la-proteccion-de-datos\/","og_locale":"es_ES","og_type":"article","og_title":"Informaci\u00f3n b\u00e1sica sobre la protecci\u00f3n de datos - E.Leclerc Le\u00f3n","og_description":"INFORMACI\u00d3N B\u00c1SICA SOBRE PROTECCI\u00d3N DE DATOS Responsable del tratamiento Toriodis S.L. Direcci\u00f3n del responsable P\u00e1rroco Pablo D\u00edez s\/n (Pol\u00edgono industrial Trobajo del Camino) , CP 24010, San Andr\u00e9s del Rabanedo (Le\u00f3n) Finalidad Sus datos ser\u00e1n usados para poder atender sus solicitudes y prestarle nuestros servicios, incluyendo el comercio online. Asimismo, si usted nos ha facilitado [&hellip;]","og_url":"https:\/\/e-leclerc.es\/leon\/informacion-basica-sobre-la-proteccion-de-datos\/","og_site_name":"E.Leclerc Le\u00f3n","article_modified_time":"2024-05-20T14:19:00+00:00","twitter_card":"summary_large_image","twitter_misc":{"Tiempo de lectura":"1 minuto"},"schema":{"@context":"https:\/\/schema.org","@graph":[{"@type":"WebPage","@id":"https:\/\/e-leclerc.es\/leon\/informacion-basica-sobre-la-proteccion-de-datos\/","url":"https:\/\/e-leclerc.es\/leon\/informacion-basica-sobre-la-proteccion-de-datos\/","name":"Informaci\u00f3n b\u00e1sica sobre la protecci\u00f3n de datos - E.Leclerc Le\u00f3n","isPartOf":{"@id":"https:\/\/e-leclerc.es\/leon\/#website"},"datePublished":"2024-05-20T14:17:08+00:00","dateModified":"2024-05-20T14:19:00+00:00","breadcrumb":{"@id":"https:\/\/e-leclerc.es\/leon\/informacion-basica-sobre-la-proteccion-de-datos\/#breadcrumb"},"inLanguage":"es","potentialAction":[{"@type":"ReadAction","target":["https:\/\/e-leclerc.es\/leon\/informacion-basica-sobre-la-proteccion-de-datos\/"]}]},{"@type":"BreadcrumbList","@id":"https:\/\/e-leclerc.es\/leon\/informacion-basica-sobre-la-proteccion-de-datos\/#breadcrumb","itemListElement":[{"@type":"ListItem","position":1,"name":"Portada","item":"https:\/\/e-leclerc.es\/leon\/"},{"@type":"ListItem","position":2,"name":"Informaci\u00f3n b\u00e1sica sobre la protecci\u00f3n de datos"}]},{"@type":"WebSite","@id":"https:\/\/e-leclerc.es\/leon\/#website","url":"https:\/\/e-leclerc.es\/leon\/","name":"E.Leclerc Le\u00f3n","description":"Descubre los folletos, ofertas y promociones de nuestro hipermercado E.Leclerc Le\u00f3n en Castilla y Le\u00f3n. Direcci\u00f3n | Horario | Productos locales","publisher":{"@id":"https:\/\/e-leclerc.es\/leon\/#organization"},"potentialAction":[{"@type":"SearchAction","target":{"@type":"EntryPoint","urlTemplate":"https:\/\/e-leclerc.es\/leon\/?s={search_term_string}"},"query-input":{"@type":"PropertyValueSpecification","valueRequired":true,"valueName":"search_term_string"}}],"inLanguage":"es"},{"@type":"Organization","@id":"https:\/\/e-leclerc.es\/leon\/#organization","name":"E.Leclerc Le\u00f3n","url":"https:\/\/e-leclerc.es\/leon\/","logo":{"@type":"ImageObject","inLanguage":"es","@id":"https:\/\/e-leclerc.es\/leon\/#\/schema\/logo\/image\/","url":"https:\/\/e-leclerc.es\/leon\/wp-content\/uploads\/sites\/10\/2024\/03\/Leclerc_Logo.svg","contentUrl":"https:\/\/e-leclerc.es\/leon\/wp-content\/uploads\/sites\/10\/2024\/03\/Leclerc_Logo.svg","caption":"E.Leclerc Le\u00f3n"},"image":{"@id":"https:\/\/e-leclerc.es\/leon\/#\/schema\/logo\/image\/"}}]}},"_links":{"self":[{"href":"https:\/\/e-leclerc.es\/leon\/wp-json\/wp\/v2\/pages\/7067","targetHints":{"allow":["GET"]}}],"collection":[{"href":"https:\/\/e-leclerc.es\/leon\/wp-json\/wp\/v2\/pages"}],"about":[{"href":"https:\/\/e-leclerc.es\/leon\/wp-json\/wp\/v2\/types\/page"}],"author":[{"embeddable":true,"href":"https:\/\/e-leclerc.es\/leon\/wp-json\/wp\/v2\/users\/3"}],"replies":[{"embeddable":true,"href":"https:\/\/e-leclerc.es\/leon\/wp-json\/wp\/v2\/comments?post=7067"}],"version-history":[{"count":6,"href":"https:\/\/e-leclerc.es\/leon\/wp-json\/wp\/v2\/pages\/7067\/revisions"}],"predecessor-version":[{"id":7073,"href":"https:\/\/e-leclerc.es\/leon\/wp-json\/wp\/v2\/pages\/7067\/revisions\/7073"}],"wp:attachment":[{"href":"https:\/\/e-leclerc.es\/leon\/wp-json\/wp\/v2\/media?parent=7067"}],"curies":[{"name":"wp","href":"https:\/\/api.w.org\/{rel}","templated":true}]}}