{"id":6247,"date":"2024-04-29T11:37:38","date_gmt":"2024-04-29T09:37:38","guid":{"rendered":"https:\/\/www.e-leclerc.es\/leon\/?page_id=6247"},"modified":"2024-05-07T16:46:26","modified_gmt":"2024-05-07T14:46:26","slug":"bolsa-de-empleo","status":"publish","type":"page","link":"https:\/\/e-leclerc.es\/leon\/bolsa-de-empleo\/","title":{"rendered":"Bolsa de empleo"},"content":{"rendered":"\t\t<div data-elementor-type=\"wp-page\" data-elementor-id=\"6247\" class=\"elementor elementor-6247\" data-elementor-post-type=\"page\">\n\t\t\t\t<div class=\"elementor-element elementor-element-50ccb14 e-flex e-con-boxed e-con e-parent\" data-id=\"50ccb14\" data-element_type=\"container\">\n\t\t\t\t\t<div class=\"e-con-inner\">\n\t\t<div class=\"elementor-element elementor-element-9fb74c4 e-flex e-con-boxed e-con e-child\" data-id=\"9fb74c4\" data-element_type=\"container\">\n\t\t\t\t\t<div class=\"e-con-inner\">\n\t\t\t\t<div class=\"elementor-element elementor-element-195f8da elementor-widget elementor-widget-heading\" data-id=\"195f8da\" data-element_type=\"widget\" data-widget_type=\"heading.default\">\n\t\t\t\t<div class=\"elementor-widget-container\">\n\t\t\t\t\t<h2 class=\"elementor-heading-title elementor-size-default\">B\u00fasqueda de empleo en Le\u00f3n<\/h2>\t\t\t\t<\/div>\n\t\t\t\t<\/div>\n\t\t\t\t<div class=\"elementor-element elementor-element-2bbb955 elementor-widget elementor-widget-shortcode\" data-id=\"2bbb955\" data-element_type=\"widget\" data-widget_type=\"shortcode.default\">\n\t\t\t\t<div class=\"elementor-widget-container\">\n\t\t\t\t\t\t\t<div class=\"elementor-shortcode\">\n\t<div class=\"jobs\">\n\t\t<div class=\"fluentform ff-default ffs_default_wrap\">\n\t\t\t<form id=\"search-jobs\" class=\"frm-fluent-form ff-el-form-top ffs_default ff-form-loaded\" method=\"POST\">\n\t\t\t\t<fieldset style=\"border: none!important;margin: 0!important;padding: 0!important;background-color: transparent!important;box-shadow: none!important;outline: none!important; min-inline-size: 100%;\">\n\t\t\t\t\t<div data-name=\"ff_cn_id_1\" class=\"ff-t-container ff-column-container ff_columns_total_3 contact-form \">\n\t\t\t\t\t\t<div class=\"ff-t-cell ff-t-column-1\" style=\"flex-basis: 33.33%;\">\n\t\t\t\t\t\t\t<div data-type=\"name-element\" data-name=\"names\" class=\" ff-field_container ff-name-field-wrapper\">\n\t\t\t\t\t\t\t\t<div class=\"ff-t-container\">\n\t\t\t\t\t\t\t\t\t<div class=\"ff-t-cell \">\n\t\t\t\t\t\t\t\t\t\t<div class=\"ff-el-group\">\n\t\t\t\t\t\t\t\t\t\t\t<div class=\"ff-el-input--content\">\n\t\t\t\t\t\t\t\t\t\t\t\t<input type=\"text\" name=\"search-job\" id=\"search-job\" class=\"ff-el-form-control\" placeholder=\"Empleo o palabra clave\" aria-invalid=\"false\" aria-required=\"true\" value=\"\">\n\t\t\t\t\t\t\t\t\t\t\t<\/div>\n\t\t\t\t\t\t\t\t\t\t<\/div>\n\t\t\t\t\t\t\t\t\t<\/div>\n\t\t\t\t\t\t\t\t<\/div>\n\t\t\t\t\t\t\t<\/div>\n\t\t\t\t\t\t<\/div>\n\t\t\t\t\t\t<div class=\"ff-t-cell ff-t-column-2\" style=\"flex-basis: 33.33%;\">\n\t\t\t\t\t\t\t<div class=\"ff-el-group\">\n\t\t\t\t\t\t\t\t<div class=\"ff-el-input--content\">\n\t\t\t\t\t\t\t\t\t<select  name='province_empleo' id='province_empleo' class='ff-el-form-control'>\n\t<option value='0' selected='selected'>Provincia<\/option>\n\t<option class=\"level-0\" value=\"94\">Le\u00f3n<\/option>\n<\/select>\n\t\t\t\t\t\t\t\t<\/div>\n\t\t\t\t\t\t\t<\/div>\n\t\t\t\t\t\t<\/div>\n\t\t\t\t\t\t<div class=\"ff-t-cell ff-t-column-3\" style=\"flex-basis: 33.33%;\">\n\t\t\t\t\t\t\t<div class=\"ff-el-group\">\n\t\t\t\t\t\t\t\t<div class=\"ff-el-input--content\">\n\t\t\t\t\t\t\t\t\t<select  name='category_empleo' id='category_empleo' class='ff-el-form-control'>\n<\/select>\n\t\t\t\t\t\t\t\t<\/div>\n\t\t\t\t\t\t\t<\/div>\n\t\t\t\t\t\t<\/div>\n\t\t\t\t\t<\/div>\n\t\t\t\t\t<!--<div data-name=\"ff_cn_id_2\" class=\"ff-t-container ff-column-container ff_columns_total_2 contact-form \">\n\t\t\t\t\t\t<div class=\"ff-t-cell ff-t-column-1\" style=\"flex-basis: 50%;\">\n\t\t\t\t\t\t\t<div class=\"ff-el-group\">\n\t\t\t\t\t\t\t\t<div class=\"ff-el-input--content\">\n\t\t\t\t\t\t\t\t\t<input type=\"text\" name=\"subject\" class=\"ff-el-form-control\" placeholder=\"Subject\" data-name=\"subject\" id=\"ff_1_subject\" aria-invalid=\"false\" aria-required=\"false\">\n\t\t\t\t\t\t\t\t<\/div>\n\t\t\t\t\t\t\t<\/div>\n\t\t\t\t\t\t<\/div>\n\t\t\t\t\t\t<div class=\"ff-t-cell ff-t-column-2\" style=\"flex-basis: 50%;\">\n\t\t\t\t\t\t\t<div class=\"ff-el-group\">\n\t\t\t\t\t\t\t\t<div class=\"ff-el-input--content\">\n\t\t\t\t\t\t\t\t\t<select name=\"dropdown\" id=\"ff_1_dropdown\" class=\"ff-el-form-control\" data-name=\"dropdown\" data-calc_value=\"0\" aria-invalid=\"false\" aria-required=\"false\">\n\t\t\t\t\t\t\t\t\t\t<option value=\"\">- Select -<\/option>\n\t\t\t\t\t\t\t\t\t\t<option value=\"Option 1\">Option 1<\/option>\n\t\t\t\t\t\t\t\t\t\t<option value=\"Option 2\">Option 2<\/option>\n\t\t\t\t\t\t\t\t\t<\/select>\n\t\t\t\t\t\t\t\t<\/div>\n\t\t\t\t\t\t\t<\/div>\n\t\t\t\t\t\t<\/div>\n\t\t\t\t\t<\/div>-->\n\t\t\t\t\t<div class=\"ff-el-group ff-text-right contact-form ff_submit_btn_wrapper\">\n\t\t\t\t\t\t<button type=\"reset\" class=\"ff-btn ff-btn-reset ff-btn-md ff_btn_no_style\">Borrar todos los filtros<\/button>\n\t\t\t\t\t\t<button type=\"submit\" class=\"ff-btn ff-btn-submit ff-btn-md ff_btn_no_style\">Buscar empleo <span class=\"elementor-button-icon elementor-align-icon-right\">\n\t\t\t\t\t<i aria-hidden=\"true\" class=\" icon-zilly-right-arrow\"><\/i><\/span><\/button>\n\t\t\t\t\t<\/div>\n\t\t\t\t<\/fieldset>\n\t\t\t<\/form>\n\t\t<\/div>\n\t\t<div class=\"grid\">\n\t\t\t<div class=\"grid__header\">\n\t\t\t\t<h2>Tenemos 1 oportunidades abiertas en E.Leclerc<\/h2>\n\t\t\t\t<!--<select name=\"order\" id=\"order\" class=\"ff-el-form-control\" data-name=\"dropdown\" data-calc_value=\"0\" aria-invalid=\"false\" aria-required=\"false\">\n\t\t\t\t\t<option value=\"\">- Orden -<\/option>\n\t\t\t\t\t<option value=\"Option 1\">Option 1<\/option>\n\t\t\t\t\t<option value=\"Option 2\">Option 2<\/option>\n\t\t\t\t<\/select>-->\n\t\t\t<\/div>\n\t\t\t<div class=\"grid__content\">\n\t\t\t\t\t\t\t\t\t\t<div class=\"grid__item\">\n\t\t\t\t\t\t\t<div class=\"grid__item__header\">\n\t\t\t\t\t\t\t\t<span>Publicado hace 699 d\u00edas<\/span>\n\t\t\t\t\t\t\t<\/div>\n\t\t\t\t\t\t\t<div class=\"grid__item__body\">\n\t\t\t\t\t\t\t\t<h3><a href=\"https:\/\/e-leclerc.es\/leon\/empleo\/deja-aqui-tu-curriculum\/\" target=\"_blank\">\u00bfQuieres trabajar con nosotros?<\/a><\/h3>\n\t\t\t\t\t\t\t<\/div>\n\t\t\t\t\t\t\t<div class=\"grid__item__footer\">\n\t\t\t\t\t\t\t\t<div class=\"grid__item__footer__data\">\n\t\t\t\t\t\t\t\t\t<i class=\"icon-zilly-location\"><\/i>\n\t\t\t\t\t\t\t\t\t<span>Le\u00f3n<\/span>\t\t\t\t\t\t\t\t<\/div>\n\t\t\t\t\t\t\t\t<div class=\"grid__item__footer__data\">\n\t\t\t\t\t\t\t\t\t<i class=\" icon-zilly-returning\"><\/i>\n\t\t\t\t\t\t\t\t\t\t\t\t\t\t\t\t\t<\/div>\n\t\t\t\t\t\t\t<\/div>\n\t\t\t\t\t\t<\/div>\n\t\t\t\t\t\t\t\t\t<\/div>\n\t\t<\/div>\n\t<\/div>\n\n\t<\/div>\n\t\t\t\t\t\t<\/div>\n\t\t\t\t<\/div>\n\t\t\t\t\t<\/div>\n\t\t\t\t<\/div>\n\t\t\t\t\t<\/div>\n\t\t\t\t<\/div>\n\t\t\t\t<\/div>\n\t\t","protected":false},"excerpt":{"rendered":"<p>B\u00fasqueda de empleo en Le\u00f3n<\/p>\n","protected":false},"author":1,"featured_media":0,"parent":0,"menu_order":0,"comment_status":"closed","ping_status":"closed","template":"elementor_header_footer","meta":{"_acf_changed":false,"footnotes":""},"class_list":["post-6247","page","type-page","status-publish","hentry"],"acf":[],"yoast_head":"<!-- This site is optimized with the Yoast SEO plugin v25.6 - https:\/\/yoast.com\/wordpress\/plugins\/seo\/ -->\n<title>Bolsa de empleo - E.Leclerc Le\u00f3n<\/title>\n<meta name=\"robots\" content=\"index, follow, max-snippet:-1, max-image-preview:large, max-video-preview:-1\" \/>\n<link rel=\"canonical\" href=\"https:\/\/e-leclerc.es\/leon\/bolsa-de-empleo\/\" \/>\n<meta property=\"og:locale\" content=\"es_ES\" \/>\n<meta property=\"og:type\" content=\"article\" \/>\n<meta property=\"og:title\" content=\"Bolsa de empleo - E.Leclerc Le\u00f3n\" \/>\n<meta property=\"og:description\" content=\"B\u00fasqueda de empleo en Le\u00f3n\" \/>\n<meta property=\"og:url\" content=\"https:\/\/e-leclerc.es\/leon\/bolsa-de-empleo\/\" \/>\n<meta property=\"og:site_name\" content=\"E.Leclerc Le\u00f3n\" \/>\n<meta property=\"article:modified_time\" content=\"2024-05-07T14:46:26+00:00\" \/>\n<meta name=\"twitter:card\" content=\"summary_large_image\" \/>\n<script type=\"application\/ld+json\" class=\"yoast-schema-graph\">{\"@context\":\"https:\/\/schema.org\",\"@graph\":[{\"@type\":\"WebPage\",\"@id\":\"https:\/\/e-leclerc.es\/leon\/bolsa-de-empleo\/\",\"url\":\"https:\/\/e-leclerc.es\/leon\/bolsa-de-empleo\/\",\"name\":\"Bolsa de empleo - E.Leclerc Le\u00f3n\",\"isPartOf\":{\"@id\":\"https:\/\/e-leclerc.es\/leon\/#website\"},\"datePublished\":\"2024-04-29T09:37:38+00:00\",\"dateModified\":\"2024-05-07T14:46:26+00:00\",\"breadcrumb\":{\"@id\":\"https:\/\/e-leclerc.es\/leon\/bolsa-de-empleo\/#breadcrumb\"},\"inLanguage\":\"es\",\"potentialAction\":[{\"@type\":\"ReadAction\",\"target\":[\"https:\/\/e-leclerc.es\/leon\/bolsa-de-empleo\/\"]}]},{\"@type\":\"BreadcrumbList\",\"@id\":\"https:\/\/e-leclerc.es\/leon\/bolsa-de-empleo\/#breadcrumb\",\"itemListElement\":[{\"@type\":\"ListItem\",\"position\":1,\"name\":\"Portada\",\"item\":\"https:\/\/e-leclerc.es\/leon\/\"},{\"@type\":\"ListItem\",\"position\":2,\"name\":\"Bolsa de empleo\"}]},{\"@type\":\"WebSite\",\"@id\":\"https:\/\/e-leclerc.es\/leon\/#website\",\"url\":\"https:\/\/e-leclerc.es\/leon\/\",\"name\":\"E.Leclerc Le\u00f3n\",\"description\":\"Descubre los folletos, ofertas y promociones de nuestro hipermercado E.Leclerc Le\u00f3n en Castilla y Le\u00f3n. Direcci\u00f3n | Horario | Productos locales\",\"publisher\":{\"@id\":\"https:\/\/e-leclerc.es\/leon\/#organization\"},\"potentialAction\":[{\"@type\":\"SearchAction\",\"target\":{\"@type\":\"EntryPoint\",\"urlTemplate\":\"https:\/\/e-leclerc.es\/leon\/?s={search_term_string}\"},\"query-input\":{\"@type\":\"PropertyValueSpecification\",\"valueRequired\":true,\"valueName\":\"search_term_string\"}}],\"inLanguage\":\"es\"},{\"@type\":\"Organization\",\"@id\":\"https:\/\/e-leclerc.es\/leon\/#organization\",\"name\":\"E.Leclerc Le\u00f3n\",\"url\":\"https:\/\/e-leclerc.es\/leon\/\",\"logo\":{\"@type\":\"ImageObject\",\"inLanguage\":\"es\",\"@id\":\"https:\/\/e-leclerc.es\/leon\/#\/schema\/logo\/image\/\",\"url\":\"https:\/\/e-leclerc.es\/leon\/wp-content\/uploads\/sites\/10\/2024\/03\/Leclerc_Logo.svg\",\"contentUrl\":\"https:\/\/e-leclerc.es\/leon\/wp-content\/uploads\/sites\/10\/2024\/03\/Leclerc_Logo.svg\",\"caption\":\"E.Leclerc Le\u00f3n\"},\"image\":{\"@id\":\"https:\/\/e-leclerc.es\/leon\/#\/schema\/logo\/image\/\"}}]}<\/script>\n<!-- \/ Yoast SEO plugin. -->","yoast_head_json":{"title":"Bolsa de empleo - E.Leclerc Le\u00f3n","robots":{"index":"index","follow":"follow","max-snippet":"max-snippet:-1","max-image-preview":"max-image-preview:large","max-video-preview":"max-video-preview:-1"},"canonical":"https:\/\/e-leclerc.es\/leon\/bolsa-de-empleo\/","og_locale":"es_ES","og_type":"article","og_title":"Bolsa de empleo - E.Leclerc Le\u00f3n","og_description":"B\u00fasqueda de empleo en Le\u00f3n","og_url":"https:\/\/e-leclerc.es\/leon\/bolsa-de-empleo\/","og_site_name":"E.Leclerc Le\u00f3n","article_modified_time":"2024-05-07T14:46:26+00:00","twitter_card":"summary_large_image","schema":{"@context":"https:\/\/schema.org","@graph":[{"@type":"WebPage","@id":"https:\/\/e-leclerc.es\/leon\/bolsa-de-empleo\/","url":"https:\/\/e-leclerc.es\/leon\/bolsa-de-empleo\/","name":"Bolsa de empleo - E.Leclerc Le\u00f3n","isPartOf":{"@id":"https:\/\/e-leclerc.es\/leon\/#website"},"datePublished":"2024-04-29T09:37:38+00:00","dateModified":"2024-05-07T14:46:26+00:00","breadcrumb":{"@id":"https:\/\/e-leclerc.es\/leon\/bolsa-de-empleo\/#breadcrumb"},"inLanguage":"es","potentialAction":[{"@type":"ReadAction","target":["https:\/\/e-leclerc.es\/leon\/bolsa-de-empleo\/"]}]},{"@type":"BreadcrumbList","@id":"https:\/\/e-leclerc.es\/leon\/bolsa-de-empleo\/#breadcrumb","itemListElement":[{"@type":"ListItem","position":1,"name":"Portada","item":"https:\/\/e-leclerc.es\/leon\/"},{"@type":"ListItem","position":2,"name":"Bolsa de empleo"}]},{"@type":"WebSite","@id":"https:\/\/e-leclerc.es\/leon\/#website","url":"https:\/\/e-leclerc.es\/leon\/","name":"E.Leclerc Le\u00f3n","description":"Descubre los folletos, ofertas y promociones de nuestro hipermercado E.Leclerc Le\u00f3n en Castilla y Le\u00f3n. Direcci\u00f3n | Horario | Productos locales","publisher":{"@id":"https:\/\/e-leclerc.es\/leon\/#organization"},"potentialAction":[{"@type":"SearchAction","target":{"@type":"EntryPoint","urlTemplate":"https:\/\/e-leclerc.es\/leon\/?s={search_term_string}"},"query-input":{"@type":"PropertyValueSpecification","valueRequired":true,"valueName":"search_term_string"}}],"inLanguage":"es"},{"@type":"Organization","@id":"https:\/\/e-leclerc.es\/leon\/#organization","name":"E.Leclerc Le\u00f3n","url":"https:\/\/e-leclerc.es\/leon\/","logo":{"@type":"ImageObject","inLanguage":"es","@id":"https:\/\/e-leclerc.es\/leon\/#\/schema\/logo\/image\/","url":"https:\/\/e-leclerc.es\/leon\/wp-content\/uploads\/sites\/10\/2024\/03\/Leclerc_Logo.svg","contentUrl":"https:\/\/e-leclerc.es\/leon\/wp-content\/uploads\/sites\/10\/2024\/03\/Leclerc_Logo.svg","caption":"E.Leclerc Le\u00f3n"},"image":{"@id":"https:\/\/e-leclerc.es\/leon\/#\/schema\/logo\/image\/"}}]}},"_links":{"self":[{"href":"https:\/\/e-leclerc.es\/leon\/wp-json\/wp\/v2\/pages\/6247","targetHints":{"allow":["GET"]}}],"collection":[{"href":"https:\/\/e-leclerc.es\/leon\/wp-json\/wp\/v2\/pages"}],"about":[{"href":"https:\/\/e-leclerc.es\/leon\/wp-json\/wp\/v2\/types\/page"}],"author":[{"embeddable":true,"href":"https:\/\/e-leclerc.es\/leon\/wp-json\/wp\/v2\/users\/1"}],"replies":[{"embeddable":true,"href":"https:\/\/e-leclerc.es\/leon\/wp-json\/wp\/v2\/comments?post=6247"}],"version-history":[{"count":7,"href":"https:\/\/e-leclerc.es\/leon\/wp-json\/wp\/v2\/pages\/6247\/revisions"}],"predecessor-version":[{"id":6876,"href":"https:\/\/e-leclerc.es\/leon\/wp-json\/wp\/v2\/pages\/6247\/revisions\/6876"}],"wp:attachment":[{"href":"https:\/\/e-leclerc.es\/leon\/wp-json\/wp\/v2\/media?parent=6247"}],"curies":[{"name":"wp","href":"https:\/\/api.w.org\/{rel}","templated":true}]}}