{"id":4105,"date":"2024-04-19T13:21:43","date_gmt":"2024-04-19T11:21:43","guid":{"rendered":"https:\/\/www.e-leclerc.es\/leon\/?page_id=4105"},"modified":"2026-01-07T13:15:14","modified_gmt":"2026-01-07T12:15:14","slug":"tu-tienda","status":"publish","type":"page","link":"https:\/\/e-leclerc.es\/leon\/tu-tienda\/","title":{"rendered":"Tu tienda"},"content":{"rendered":"\t\t<div data-elementor-type=\"wp-page\" data-elementor-id=\"4105\" class=\"elementor elementor-4105\" data-elementor-post-type=\"page\">\n\t\t\t\t<div class=\"elementor-element elementor-element-101e719 e-flex e-con-boxed e-con e-parent\" data-id=\"101e719\" data-element_type=\"container\" data-e-type=\"container\" data-settings=\"{&quot;background_background&quot;:&quot;classic&quot;}\">\n\t\t\t\t\t<div class=\"e-con-inner\">\n\t\t<div class=\"elementor-element elementor-element-ff2b5f4 e-flex e-con-boxed e-con e-child\" data-id=\"ff2b5f4\" data-element_type=\"container\" data-e-type=\"container\">\n\t\t\t\t\t<div class=\"e-con-inner\">\n\t\t<div class=\"elementor-element elementor-element-d3d344c e-con-full e-flex e-con e-child\" data-id=\"d3d344c\" data-element_type=\"container\" data-e-type=\"container\" data-settings=\"{&quot;background_background&quot;:&quot;classic&quot;}\">\n\t\t\t\t<div class=\"elementor-element elementor-element-c1b7df8 elementor-widget elementor-widget-image\" data-id=\"c1b7df8\" data-element_type=\"widget\" data-e-type=\"widget\" data-widget_type=\"image.default\">\n\t\t\t\t<div class=\"elementor-widget-container\">\n\t\t\t\t\t\t\t\t\t\t\t\t\t\t\t<img decoding=\"async\" width=\"1\" height=\"1\" src=\"https:\/\/e-leclerc.es\/leon\/wp-content\/uploads\/sites\/10\/2024\/04\/tienda.svg\" class=\"attachment-large size-large wp-image-4284\" alt=\"\" \/>\t\t\t\t\t\t\t\t\t\t\t\t\t\t\t<\/div>\n\t\t\t\t<\/div>\n\t\t\t\t<div class=\"elementor-element elementor-element-d0be6d8 elementor-widget elementor-widget-heading\" data-id=\"d0be6d8\" data-element_type=\"widget\" data-e-type=\"widget\" data-widget_type=\"heading.default\">\n\t\t\t\t<div class=\"elementor-widget-container\">\n\t\t\t\t\t<h3 class=\"elementor-heading-title elementor-size-default\">Tienda<\/h3>\t\t\t\t<\/div>\n\t\t\t\t<\/div>\n\t\t\t\t<div class=\"elementor-element elementor-element-ad2153e elementor-widget elementor-widget-heading\" data-id=\"ad2153e\" data-element_type=\"widget\" data-e-type=\"widget\" data-widget_type=\"heading.default\">\n\t\t\t\t<div class=\"elementor-widget-container\">\n\t\t\t\t\t<p class=\"elementor-heading-title elementor-size-default\"><b>Hipermercado<\/b><\/p>\t\t\t\t<\/div>\n\t\t\t\t<\/div>\n\t\t\t\t<div class=\"elementor-element elementor-element-5a0904f elementor-icon-list--layout-traditional elementor-list-item-link-full_width elementor-widget elementor-widget-icon-list\" data-id=\"5a0904f\" data-element_type=\"widget\" data-e-type=\"widget\" data-widget_type=\"icon-list.default\">\n\t\t\t\t<div class=\"elementor-widget-container\">\n\t\t\t\t\t\t\t<ul class=\"elementor-icon-list-items\">\n\t\t\t\t\t\t\t<li class=\"elementor-icon-list-item\">\n\t\t\t\t\t\t\t\t\t\t\t<span class=\"elementor-icon-list-icon\">\n\t\t\t\t\t\t\t<i aria-hidden=\"true\" class=\"fas fa-check-circle\"><\/i>\t\t\t\t\t\t<\/span>\n\t\t\t\t\t\t\t\t\t\t<span class=\"elementor-icon-list-text\">De Lunes a S\u00e1bado : De 09:00 a 21:30<\/span>\n\t\t\t\t\t\t\t\t\t<\/li>\n\t\t\t\t\t\t\t\t<li class=\"elementor-icon-list-item\">\n\t\t\t\t\t\t\t\t\t\t\t<span class=\"elementor-icon-list-icon\">\n\t\t\t\t\t\t\t<i aria-hidden=\"true\" class=\"fas fa-check-circle\"><\/i>\t\t\t\t\t\t<\/span>\n\t\t\t\t\t\t\t\t\t\t<span class=\"elementor-icon-list-text\">Domingo: Cerrado<\/span>\n\t\t\t\t\t\t\t\t\t<\/li>\n\t\t\t\t\t\t<\/ul>\n\t\t\t\t\t\t<\/div>\n\t\t\t\t<\/div>\n\t\t\t\t<div class=\"elementor-element elementor-element-d70c5ce elementor-widget elementor-widget-heading\" data-id=\"d70c5ce\" data-element_type=\"widget\" data-e-type=\"widget\" data-widget_type=\"heading.default\">\n\t\t\t\t<div class=\"elementor-widget-container\">\n\t\t\t\t\t<p class=\"elementor-heading-title elementor-size-default\"><b>Supermercado E.Leclerc Express \u00c1lvaro L\u00f3pez N\u00fa\u00f1ez<\/b><\/p>\t\t\t\t<\/div>\n\t\t\t\t<\/div>\n\t\t\t\t<div class=\"elementor-element elementor-element-91a4c43 elementor-icon-list--layout-traditional elementor-list-item-link-full_width elementor-widget elementor-widget-icon-list\" data-id=\"91a4c43\" data-element_type=\"widget\" data-e-type=\"widget\" data-widget_type=\"icon-list.default\">\n\t\t\t\t<div class=\"elementor-widget-container\">\n\t\t\t\t\t\t\t<ul class=\"elementor-icon-list-items\">\n\t\t\t\t\t\t\t<li class=\"elementor-icon-list-item\">\n\t\t\t\t\t\t\t\t\t\t\t<span class=\"elementor-icon-list-icon\">\n\t\t\t\t\t\t\t<i aria-hidden=\"true\" class=\"fas fa-check-circle\"><\/i>\t\t\t\t\t\t<\/span>\n\t\t\t\t\t\t\t\t\t\t<span class=\"elementor-icon-list-text\">De Lunes a S\u00e1bado : De 09:00 a 21:00<\/span>\n\t\t\t\t\t\t\t\t\t<\/li>\n\t\t\t\t\t\t\t\t<li class=\"elementor-icon-list-item\">\n\t\t\t\t\t\t\t\t\t\t\t<span class=\"elementor-icon-list-icon\">\n\t\t\t\t\t\t\t<i aria-hidden=\"true\" class=\"fas fa-check-circle\"><\/i>\t\t\t\t\t\t<\/span>\n\t\t\t\t\t\t\t\t\t\t<span class=\"elementor-icon-list-text\">Domingo : Cerrado<\/span>\n\t\t\t\t\t\t\t\t\t<\/li>\n\t\t\t\t\t\t<\/ul>\n\t\t\t\t\t\t<\/div>\n\t\t\t\t<\/div>\n\t\t\t\t<div class=\"elementor-element elementor-element-aa2c966 elementor-widget elementor-widget-heading\" data-id=\"aa2c966\" data-element_type=\"widget\" data-e-type=\"widget\" data-widget_type=\"heading.default\">\n\t\t\t\t<div class=\"elementor-widget-container\">\n\t\t\t\t\t<p class=\"elementor-heading-title elementor-size-default\"><b>Supermercado E.Leclerc Express Calle Cervantes, 8-10 La Virgen del Camino<\/b><\/p>\t\t\t\t<\/div>\n\t\t\t\t<\/div>\n\t\t\t\t<div class=\"elementor-element elementor-element-6017b78 elementor-icon-list--layout-traditional elementor-list-item-link-full_width elementor-widget elementor-widget-icon-list\" data-id=\"6017b78\" data-element_type=\"widget\" data-e-type=\"widget\" data-widget_type=\"icon-list.default\">\n\t\t\t\t<div class=\"elementor-widget-container\">\n\t\t\t\t\t\t\t<ul class=\"elementor-icon-list-items\">\n\t\t\t\t\t\t\t<li class=\"elementor-icon-list-item\">\n\t\t\t\t\t\t\t\t\t\t\t<span class=\"elementor-icon-list-icon\">\n\t\t\t\t\t\t\t<i aria-hidden=\"true\" class=\"fas fa-check-circle\"><\/i>\t\t\t\t\t\t<\/span>\n\t\t\t\t\t\t\t\t\t\t<span class=\"elementor-icon-list-text\">De Lunes a S\u00e1bado : De 09:00 a 21:00<\/span>\n\t\t\t\t\t\t\t\t\t<\/li>\n\t\t\t\t\t\t\t\t<li class=\"elementor-icon-list-item\">\n\t\t\t\t\t\t\t\t\t\t\t<span class=\"elementor-icon-list-icon\">\n\t\t\t\t\t\t\t<i aria-hidden=\"true\" class=\"fas fa-check-circle\"><\/i>\t\t\t\t\t\t<\/span>\n\t\t\t\t\t\t\t\t\t\t<span class=\"elementor-icon-list-text\">Domingo : Cerrado<\/span>\n\t\t\t\t\t\t\t\t\t<\/li>\n\t\t\t\t\t\t<\/ul>\n\t\t\t\t\t\t<\/div>\n\t\t\t\t<\/div>\n\t\t\t\t<\/div>\n\t\t<div class=\"elementor-element elementor-element-0c5e908 e-con-full e-flex e-con e-child\" data-id=\"0c5e908\" data-element_type=\"container\" data-e-type=\"container\" data-settings=\"{&quot;background_background&quot;:&quot;classic&quot;}\">\n\t\t\t\t<div class=\"elementor-element elementor-element-a8f84fd elementor-widget elementor-widget-image\" data-id=\"a8f84fd\" data-element_type=\"widget\" data-e-type=\"widget\" data-widget_type=\"image.default\">\n\t\t\t\t<div class=\"elementor-widget-container\">\n\t\t\t\t\t\t\t\t\t\t\t\t\t\t\t<img decoding=\"async\" width=\"1\" height=\"1\" src=\"https:\/\/e-leclerc.es\/leon\/wp-content\/uploads\/sites\/10\/2024\/04\/gas.svg\" class=\"attachment-large size-large wp-image-4282\" alt=\"\" \/>\t\t\t\t\t\t\t\t\t\t\t\t\t\t\t<\/div>\n\t\t\t\t<\/div>\n\t\t\t\t<div class=\"elementor-element elementor-element-6799938 elementor-widget elementor-widget-heading\" data-id=\"6799938\" data-element_type=\"widget\" data-e-type=\"widget\" data-widget_type=\"heading.default\">\n\t\t\t\t<div class=\"elementor-widget-container\">\n\t\t\t\t\t<h3 class=\"elementor-heading-title elementor-size-default\">Gasolinera<\/h3>\t\t\t\t<\/div>\n\t\t\t\t<\/div>\n\t\t\t\t<div class=\"elementor-element elementor-element-6f8d03d elementor-widget elementor-widget-heading\" data-id=\"6f8d03d\" data-element_type=\"widget\" data-e-type=\"widget\" data-widget_type=\"heading.default\">\n\t\t\t\t<div class=\"elementor-widget-container\">\n\t\t\t\t\t<p class=\"elementor-heading-title elementor-size-default\"><b>E. Leclerc Hipermercado<\/b><\/p>\t\t\t\t<\/div>\n\t\t\t\t<\/div>\n\t\t\t\t<div class=\"elementor-element elementor-element-3bc6b6b elementor-icon-list--layout-traditional elementor-list-item-link-full_width elementor-widget elementor-widget-icon-list\" data-id=\"3bc6b6b\" data-element_type=\"widget\" data-e-type=\"widget\" data-widget_type=\"icon-list.default\">\n\t\t\t\t<div class=\"elementor-widget-container\">\n\t\t\t\t\t\t\t<ul class=\"elementor-icon-list-items\">\n\t\t\t\t\t\t\t<li class=\"elementor-icon-list-item\">\n\t\t\t\t\t\t\t\t\t\t\t<span class=\"elementor-icon-list-icon\">\n\t\t\t\t\t\t\t<i aria-hidden=\"true\" class=\"fas fa-check-circle\"><\/i>\t\t\t\t\t\t<\/span>\n\t\t\t\t\t\t\t\t\t\t<span class=\"elementor-icon-list-text\">Abierto 24 horas 7 d\u00edas a la semana<\/span>\n\t\t\t\t\t\t\t\t\t<\/li>\n\t\t\t\t\t\t<\/ul>\n\t\t\t\t\t\t<\/div>\n\t\t\t\t<\/div>\n\t\t\t\t<div class=\"elementor-element elementor-element-c4b4df3 elementor-widget elementor-widget-heading\" data-id=\"c4b4df3\" data-element_type=\"widget\" data-e-type=\"widget\" data-widget_type=\"heading.default\">\n\t\t\t\t<div class=\"elementor-widget-container\">\n\t\t\t\t\t<p class=\"elementor-heading-title elementor-size-default\"><b>E.Leclerc Avenida de los Antibi\u00f3ticos<\/b><\/p>\t\t\t\t<\/div>\n\t\t\t\t<\/div>\n\t\t\t\t<div class=\"elementor-element elementor-element-0ba4f69 elementor-icon-list--layout-traditional elementor-list-item-link-full_width elementor-widget elementor-widget-icon-list\" data-id=\"0ba4f69\" data-element_type=\"widget\" data-e-type=\"widget\" data-widget_type=\"icon-list.default\">\n\t\t\t\t<div class=\"elementor-widget-container\">\n\t\t\t\t\t\t\t<ul class=\"elementor-icon-list-items\">\n\t\t\t\t\t\t\t<li class=\"elementor-icon-list-item\">\n\t\t\t\t\t\t\t\t\t\t\t<span class=\"elementor-icon-list-icon\">\n\t\t\t\t\t\t\t<i aria-hidden=\"true\" class=\"fas fa-check-circle\"><\/i>\t\t\t\t\t\t<\/span>\n\t\t\t\t\t\t\t\t\t\t<span class=\"elementor-icon-list-text\">Abierto 24 horas 7 d\u00edas a la semana<\/span>\n\t\t\t\t\t\t\t\t\t<\/li>\n\t\t\t\t\t\t<\/ul>\n\t\t\t\t\t\t<\/div>\n\t\t\t\t<\/div>\n\t\t\t\t<div class=\"elementor-element elementor-element-40c622a elementor-icon-list--layout-traditional elementor-list-item-link-full_width elementor-widget elementor-widget-icon-list\" data-id=\"40c622a\" data-element_type=\"widget\" data-e-type=\"widget\" data-widget_type=\"icon-list.default\">\n\t\t\t\t<div class=\"elementor-widget-container\">\n\t\t\t\t\t\t\t<ul class=\"elementor-icon-list-items\">\n\t\t\t\t\t\t\t<li class=\"elementor-icon-list-item\">\n\t\t\t\t\t\t\t\t\t\t\t<span class=\"elementor-icon-list-icon\">\n\t\t\t\t\t\t\t<i aria-hidden=\"true\" class=\"fas fa-check-circle\"><\/i>\t\t\t\t\t\t<\/span>\n\t\t\t\t\t\t\t\t\t\t<span class=\"elementor-icon-list-text\">Abierto tienda 00:00 a 23:30<\/span>\n\t\t\t\t\t\t\t\t\t<\/li>\n\t\t\t\t\t\t<\/ul>\n\t\t\t\t\t\t<\/div>\n\t\t\t\t<\/div>\n\t\t\t\t<\/div>\n\t\t\t\t\t<\/div>\n\t\t\t\t<\/div>\n\t\t\t\t\t<\/div>\n\t\t\t\t<\/div>\n\t\t<div class=\"elementor-element elementor-element-7a7afbd e-flex e-con-boxed e-con e-parent\" data-id=\"7a7afbd\" data-element_type=\"container\" data-e-type=\"container\">\n\t\t\t\t\t<div class=\"e-con-inner\">\n\t\t\t\t<div class=\"elementor-element elementor-element-0547972 elementor-invisible elementor-widget elementor-widget-rt-title\" data-id=\"0547972\" data-element_type=\"widget\" data-e-type=\"widget\" data-widget_type=\"rt-title.default\">\n\t\t\t\t<div class=\"elementor-widget-container\">\n\t\t\t\t\t<div class=\"rt-section-title style1\">\n\t<div class=\"title-holder\">\t\t\n\t\t\t\t<span class=\"sub-title hide fadeInUp\" data-wow-delay=\"0.2s\" data-wow-duration=\"1.2s\">Who We Are<\/span>\n\t\t\t\t\t\t<div class=\"heading-wrap \"><h2 class=\"entry-title hide fadeInUp\" data-wow-delay=\"0.4s\" data-wow-duration=\"1.2s\">Welcome To Zilly<\/h2><\/div>\n\t\t\t\t<div class=\"line-wrap hide fadeInUp\" data-wow-delay=\"0.6s\" data-wow-duration=\"1.2s\"><span class=\"title-line\"><\/span><span class=\"title-border\"><\/span><\/div>\t\t\t\t<span class=\"entry-text hide fadeInUp\" data-wow-delay=\"0.8s\" data-wow-duration=\"1.2s\">When an unknown printer took a galley of type and scrambled make specimen book It has survived five centuries.<\/span>\n\t\t\t<\/div>\n<\/div>\n\t\t\t\t<\/div>\n\t\t\t\t<\/div>\n\t\t\t\t\t<\/div>\n\t\t\t\t<\/div>\n\t\t\t\t<\/div>\n\t\t","protected":false},"excerpt":{"rendered":"<p>Tienda Hipermercado De Lunes a S\u00e1bado : De 09:00 a 21:30 Domingo: Cerrado Supermercado E.Leclerc Express \u00c1lvaro L\u00f3pez N\u00fa\u00f1ez De Lunes a S\u00e1bado : De 09:00 a 21:00 Domingo : Cerrado Supermercado E.Leclerc Express Calle Cervantes, 8-10 La Virgen del Camino De Lunes a S\u00e1bado : De 09:00 a 21:00 Domingo : Cerrado Gasolinera E. [&hellip;]<\/p>\n","protected":false},"author":1,"featured_media":0,"parent":0,"menu_order":0,"comment_status":"closed","ping_status":"closed","template":"elementor_header_footer","meta":{"_acf_changed":false,"footnotes":""},"class_list":["post-4105","page","type-page","status-publish","hentry"],"acf":[],"yoast_head":"<!-- This site is optimized with the Yoast SEO plugin v27.4 - https:\/\/yoast.com\/product\/yoast-seo-wordpress\/ -->\n<title>Tu tienda - E.Leclerc Le\u00f3n<\/title>\n<meta name=\"robots\" content=\"index, follow, max-snippet:-1, max-image-preview:large, max-video-preview:-1\" \/>\n<link rel=\"canonical\" href=\"https:\/\/e-leclerc.es\/leon\/tu-tienda\/\" \/>\n<meta property=\"og:locale\" content=\"es_ES\" \/>\n<meta property=\"og:type\" content=\"article\" \/>\n<meta property=\"og:title\" content=\"Tu tienda - E.Leclerc Le\u00f3n\" \/>\n<meta property=\"og:description\" content=\"Tienda Hipermercado De Lunes a S\u00e1bado : De 09:00 a 21:30 Domingo: Cerrado Supermercado E.Leclerc Express \u00c1lvaro L\u00f3pez N\u00fa\u00f1ez De Lunes a S\u00e1bado : De 09:00 a 21:00 Domingo : Cerrado Supermercado E.Leclerc Express Calle Cervantes, 8-10 La Virgen del Camino De Lunes a S\u00e1bado : De 09:00 a 21:00 Domingo : Cerrado Gasolinera E. [&hellip;]\" \/>\n<meta property=\"og:url\" content=\"https:\/\/e-leclerc.es\/leon\/tu-tienda\/\" \/>\n<meta property=\"og:site_name\" content=\"E.Leclerc Le\u00f3n\" \/>\n<meta property=\"article:modified_time\" content=\"2026-01-07T12:15:14+00:00\" \/>\n<meta name=\"twitter:card\" content=\"summary_large_image\" \/>\n<meta name=\"twitter:label1\" content=\"Tiempo de lectura\" \/>\n\t<meta name=\"twitter:data1\" content=\"1 minuto\" \/>\n<script type=\"application\/ld+json\" class=\"yoast-schema-graph\">{\"@context\":\"https:\\\/\\\/schema.org\",\"@graph\":[{\"@type\":\"WebPage\",\"@id\":\"https:\\\/\\\/e-leclerc.es\\\/leon\\\/tu-tienda\\\/\",\"url\":\"https:\\\/\\\/e-leclerc.es\\\/leon\\\/tu-tienda\\\/\",\"name\":\"Tu tienda - E.Leclerc Le\u00f3n\",\"isPartOf\":{\"@id\":\"https:\\\/\\\/e-leclerc.es\\\/leon\\\/#website\"},\"primaryImageOfPage\":{\"@id\":\"https:\\\/\\\/e-leclerc.es\\\/leon\\\/tu-tienda\\\/#primaryimage\"},\"image\":{\"@id\":\"https:\\\/\\\/e-leclerc.es\\\/leon\\\/tu-tienda\\\/#primaryimage\"},\"thumbnailUrl\":\"https:\\\/\\\/e-leclerc.es\\\/leon\\\/wp-content\\\/uploads\\\/sites\\\/10\\\/2024\\\/04\\\/tienda.svg\",\"datePublished\":\"2024-04-19T11:21:43+00:00\",\"dateModified\":\"2026-01-07T12:15:14+00:00\",\"breadcrumb\":{\"@id\":\"https:\\\/\\\/e-leclerc.es\\\/leon\\\/tu-tienda\\\/#breadcrumb\"},\"inLanguage\":\"es\",\"potentialAction\":[{\"@type\":\"ReadAction\",\"target\":[\"https:\\\/\\\/e-leclerc.es\\\/leon\\\/tu-tienda\\\/\"]}]},{\"@type\":\"ImageObject\",\"inLanguage\":\"es\",\"@id\":\"https:\\\/\\\/e-leclerc.es\\\/leon\\\/tu-tienda\\\/#primaryimage\",\"url\":\"https:\\\/\\\/e-leclerc.es\\\/leon\\\/wp-content\\\/uploads\\\/sites\\\/10\\\/2024\\\/04\\\/tienda.svg\",\"contentUrl\":\"https:\\\/\\\/e-leclerc.es\\\/leon\\\/wp-content\\\/uploads\\\/sites\\\/10\\\/2024\\\/04\\\/tienda.svg\"},{\"@type\":\"BreadcrumbList\",\"@id\":\"https:\\\/\\\/e-leclerc.es\\\/leon\\\/tu-tienda\\\/#breadcrumb\",\"itemListElement\":[{\"@type\":\"ListItem\",\"position\":1,\"name\":\"Portada\",\"item\":\"https:\\\/\\\/e-leclerc.es\\\/leon\\\/\"},{\"@type\":\"ListItem\",\"position\":2,\"name\":\"Tu tienda\"}]},{\"@type\":\"WebSite\",\"@id\":\"https:\\\/\\\/e-leclerc.es\\\/leon\\\/#website\",\"url\":\"https:\\\/\\\/e-leclerc.es\\\/leon\\\/\",\"name\":\"E.Leclerc Le\u00f3n\",\"description\":\"Descubre los folletos, ofertas y promociones de nuestro hipermercado E.Leclerc Le\u00f3n en Castilla y Le\u00f3n. Direcci\u00f3n | Horario | Productos locales\",\"publisher\":{\"@id\":\"https:\\\/\\\/e-leclerc.es\\\/leon\\\/#organization\"},\"potentialAction\":[{\"@type\":\"SearchAction\",\"target\":{\"@type\":\"EntryPoint\",\"urlTemplate\":\"https:\\\/\\\/e-leclerc.es\\\/leon\\\/?s={search_term_string}\"},\"query-input\":{\"@type\":\"PropertyValueSpecification\",\"valueRequired\":true,\"valueName\":\"search_term_string\"}}],\"inLanguage\":\"es\"},{\"@type\":\"Organization\",\"@id\":\"https:\\\/\\\/e-leclerc.es\\\/leon\\\/#organization\",\"name\":\"E.Leclerc Le\u00f3n\",\"url\":\"https:\\\/\\\/e-leclerc.es\\\/leon\\\/\",\"logo\":{\"@type\":\"ImageObject\",\"inLanguage\":\"es\",\"@id\":\"https:\\\/\\\/e-leclerc.es\\\/leon\\\/#\\\/schema\\\/logo\\\/image\\\/\",\"url\":\"https:\\\/\\\/e-leclerc.es\\\/leon\\\/wp-content\\\/uploads\\\/sites\\\/10\\\/2024\\\/03\\\/Leclerc_Logo.svg\",\"contentUrl\":\"https:\\\/\\\/e-leclerc.es\\\/leon\\\/wp-content\\\/uploads\\\/sites\\\/10\\\/2024\\\/03\\\/Leclerc_Logo.svg\",\"caption\":\"E.Leclerc Le\u00f3n\"},\"image\":{\"@id\":\"https:\\\/\\\/e-leclerc.es\\\/leon\\\/#\\\/schema\\\/logo\\\/image\\\/\"}}]}<\/script>\n<!-- \/ Yoast SEO plugin. -->","yoast_head_json":{"title":"Tu tienda - E.Leclerc Le\u00f3n","robots":{"index":"index","follow":"follow","max-snippet":"max-snippet:-1","max-image-preview":"max-image-preview:large","max-video-preview":"max-video-preview:-1"},"canonical":"https:\/\/e-leclerc.es\/leon\/tu-tienda\/","og_locale":"es_ES","og_type":"article","og_title":"Tu tienda - E.Leclerc Le\u00f3n","og_description":"Tienda Hipermercado De Lunes a S\u00e1bado : De 09:00 a 21:30 Domingo: Cerrado Supermercado E.Leclerc Express \u00c1lvaro L\u00f3pez N\u00fa\u00f1ez De Lunes a S\u00e1bado : De 09:00 a 21:00 Domingo : Cerrado Supermercado E.Leclerc Express Calle Cervantes, 8-10 La Virgen del Camino De Lunes a S\u00e1bado : De 09:00 a 21:00 Domingo : Cerrado Gasolinera E. [&hellip;]","og_url":"https:\/\/e-leclerc.es\/leon\/tu-tienda\/","og_site_name":"E.Leclerc Le\u00f3n","article_modified_time":"2026-01-07T12:15:14+00:00","twitter_card":"summary_large_image","twitter_misc":{"Tiempo de lectura":"1 minuto"},"schema":{"@context":"https:\/\/schema.org","@graph":[{"@type":"WebPage","@id":"https:\/\/e-leclerc.es\/leon\/tu-tienda\/","url":"https:\/\/e-leclerc.es\/leon\/tu-tienda\/","name":"Tu tienda - E.Leclerc Le\u00f3n","isPartOf":{"@id":"https:\/\/e-leclerc.es\/leon\/#website"},"primaryImageOfPage":{"@id":"https:\/\/e-leclerc.es\/leon\/tu-tienda\/#primaryimage"},"image":{"@id":"https:\/\/e-leclerc.es\/leon\/tu-tienda\/#primaryimage"},"thumbnailUrl":"https:\/\/e-leclerc.es\/leon\/wp-content\/uploads\/sites\/10\/2024\/04\/tienda.svg","datePublished":"2024-04-19T11:21:43+00:00","dateModified":"2026-01-07T12:15:14+00:00","breadcrumb":{"@id":"https:\/\/e-leclerc.es\/leon\/tu-tienda\/#breadcrumb"},"inLanguage":"es","potentialAction":[{"@type":"ReadAction","target":["https:\/\/e-leclerc.es\/leon\/tu-tienda\/"]}]},{"@type":"ImageObject","inLanguage":"es","@id":"https:\/\/e-leclerc.es\/leon\/tu-tienda\/#primaryimage","url":"https:\/\/e-leclerc.es\/leon\/wp-content\/uploads\/sites\/10\/2024\/04\/tienda.svg","contentUrl":"https:\/\/e-leclerc.es\/leon\/wp-content\/uploads\/sites\/10\/2024\/04\/tienda.svg"},{"@type":"BreadcrumbList","@id":"https:\/\/e-leclerc.es\/leon\/tu-tienda\/#breadcrumb","itemListElement":[{"@type":"ListItem","position":1,"name":"Portada","item":"https:\/\/e-leclerc.es\/leon\/"},{"@type":"ListItem","position":2,"name":"Tu tienda"}]},{"@type":"WebSite","@id":"https:\/\/e-leclerc.es\/leon\/#website","url":"https:\/\/e-leclerc.es\/leon\/","name":"E.Leclerc Le\u00f3n","description":"Descubre los folletos, ofertas y promociones de nuestro hipermercado E.Leclerc Le\u00f3n en Castilla y Le\u00f3n. Direcci\u00f3n | Horario | Productos locales","publisher":{"@id":"https:\/\/e-leclerc.es\/leon\/#organization"},"potentialAction":[{"@type":"SearchAction","target":{"@type":"EntryPoint","urlTemplate":"https:\/\/e-leclerc.es\/leon\/?s={search_term_string}"},"query-input":{"@type":"PropertyValueSpecification","valueRequired":true,"valueName":"search_term_string"}}],"inLanguage":"es"},{"@type":"Organization","@id":"https:\/\/e-leclerc.es\/leon\/#organization","name":"E.Leclerc Le\u00f3n","url":"https:\/\/e-leclerc.es\/leon\/","logo":{"@type":"ImageObject","inLanguage":"es","@id":"https:\/\/e-leclerc.es\/leon\/#\/schema\/logo\/image\/","url":"https:\/\/e-leclerc.es\/leon\/wp-content\/uploads\/sites\/10\/2024\/03\/Leclerc_Logo.svg","contentUrl":"https:\/\/e-leclerc.es\/leon\/wp-content\/uploads\/sites\/10\/2024\/03\/Leclerc_Logo.svg","caption":"E.Leclerc Le\u00f3n"},"image":{"@id":"https:\/\/e-leclerc.es\/leon\/#\/schema\/logo\/image\/"}}]}},"_links":{"self":[{"href":"https:\/\/e-leclerc.es\/leon\/wp-json\/wp\/v2\/pages\/4105","targetHints":{"allow":["GET"]}}],"collection":[{"href":"https:\/\/e-leclerc.es\/leon\/wp-json\/wp\/v2\/pages"}],"about":[{"href":"https:\/\/e-leclerc.es\/leon\/wp-json\/wp\/v2\/types\/page"}],"author":[{"embeddable":true,"href":"https:\/\/e-leclerc.es\/leon\/wp-json\/wp\/v2\/users\/1"}],"replies":[{"embeddable":true,"href":"https:\/\/e-leclerc.es\/leon\/wp-json\/wp\/v2\/comments?post=4105"}],"version-history":[{"count":139,"href":"https:\/\/e-leclerc.es\/leon\/wp-json\/wp\/v2\/pages\/4105\/revisions"}],"predecessor-version":[{"id":16718,"href":"https:\/\/e-leclerc.es\/leon\/wp-json\/wp\/v2\/pages\/4105\/revisions\/16718"}],"wp:attachment":[{"href":"https:\/\/e-leclerc.es\/leon\/wp-json\/wp\/v2\/media?parent=4105"}],"curies":[{"name":"wp","href":"https:\/\/api.w.org\/{rel}","templated":true}]}}