{"id":10695,"date":"2025-03-27T16:15:43","date_gmt":"2025-03-27T15:15:43","guid":{"rendered":"https:\/\/www.e-leclerc.es\/aranjuez\/?page_id=10695"},"modified":"2025-03-27T16:17:52","modified_gmt":"2025-03-27T15:17:52","slug":"solicitud-de-empleo","status":"publish","type":"page","link":"https:\/\/e-leclerc.es\/aranjuez\/bolsa-de-empleo\/solicitud-de-empleo\/","title":{"rendered":"Solicitud de empleo"},"content":{"rendered":"\t\t<div data-elementor-type=\"wp-page\" data-elementor-id=\"10695\" class=\"elementor elementor-10695\" data-elementor-post-type=\"page\">\n\t\t\t\t<div class=\"elementor-element elementor-element-6581cae e-flex e-con-boxed e-con e-parent\" data-id=\"6581cae\" data-element_type=\"container\" data-e-type=\"container\">\n\t\t\t\t\t<div class=\"e-con-inner\">\n\t\t<div class=\"elementor-element elementor-element-2e3285a e-flex e-con-boxed e-con e-child\" data-id=\"2e3285a\" data-element_type=\"container\" data-e-type=\"container\">\n\t\t\t\t\t<div class=\"e-con-inner\">\n\t\t\t\t<div class=\"elementor-element elementor-element-e69a915 elementor-widget elementor-widget-heading\" data-id=\"e69a915\" data-element_type=\"widget\" data-e-type=\"widget\" data-widget_type=\"heading.default\">\n\t\t\t\t<div class=\"elementor-widget-container\">\n\t\t\t\t\t<h2 class=\"elementor-heading-title elementor-size-default\">Trabaja con nosotros<\/h2>\t\t\t\t<\/div>\n\t\t\t\t<\/div>\n\t\t\t\t<div class=\"elementor-element elementor-element-90b517b fluent-form-widget-step-header-yes fluent-form-widget-step-progressbar-yes fluentform-widget-submit-button-custom elementor-widget elementor-widget-fluent-form-widget\" data-id=\"90b517b\" data-element_type=\"widget\" data-e-type=\"widget\" data-widget_type=\"fluent-form-widget.default\">\n\t\t\t\t<div class=\"elementor-widget-container\">\n\t\t\t\t\t\n            <div class=\"fluentform-widget-wrapper fluentform-widget-align-default\">\n\n            \n            <div class='fluentform ff-default fluentform_wrapper_3 ffs_default_wrap'><form data-form_id=\"3\" id=\"fluentform_3\" class=\"frm-fluent-form fluent_form_3 ff-el-form-top ff_form_instance_3_1 ff-form-loading ffs_default\" data-form_instance=\"ff_form_instance_3_1\" method=\"POST\" ><fieldset  style=\"border: none!important;margin: 0!important;padding: 0!important;background-color: transparent!important;box-shadow: none!important;outline: none!important; min-inline-size: 100%;\">\n                    <legend class=\"ff_screen_reader_title\" style=\"display: block; margin: 0!important;padding: 0!important;height: 0!important;text-indent: -999999px;width: 0!important;overflow:hidden;\">Solicitar empleo<\/legend><input type='hidden' name='__fluent_form_embded_post_id' value='10695' \/><input type=\"hidden\" id=\"_fluentform_3_fluentformnonce\" name=\"_fluentform_3_fluentformnonce\" value=\"7817eeb320\" \/><input type=\"hidden\" name=\"_wp_http_referer\" value=\"\/aranjuez\/wp-json\/wp\/v2\/pages\/10695\" \/><div data-name=\"ff_cn_id_1\"  class='ff-t-container ff-column-container ff_columns_total_4 '><div class='ff-t-cell ff-t-column-1' style='flex-basis: 10%;'><\/div><div class='ff-t-cell ff-t-column-2' style='flex-basis: 33.22%;'><div class='ff-el-group'><div class=\"ff-el-input--label ff-el-is-required asterisk-right\"><label for='ff_3_dropdown' id='label_ff_3_dropdown' aria-label=\"Tratamiento\">Tratamiento<\/label><\/div><div class='ff-el-input--content'><select name=\"dropdown\" id=\"ff_3_dropdown\" class=\"ff-el-form-control\" data-name=\"dropdown\" data-calc_value=\"0\"  aria-invalid=\"false\" aria-required=\"true\" aria-labelledby=\"label_ff_3_dropdown\"><option value=\"\">- Seleccionar -<\/option><option value=\"Sr\"  >Sr<\/option><option value=\"Sra\"  >Sra<\/option><\/select><\/div><\/div><div class='ff-el-group'><div class=\"ff-el-input--label asterisk-right\"><label for='ff_3_input_text_6' id='label_ff_3_input_text_6' aria-label=\"Tel\u00e9fono\">Tel\u00e9fono<\/label><\/div><div class='ff-el-input--content'><input type=\"text\" name=\"input_text_6\" class=\"ff-el-form-control\" data-name=\"input_text_6\" id=\"ff_3_input_text_6\"  aria-invalid=\"false\" aria-required=false><\/div><\/div><\/div><div class='ff-t-cell ff-t-column-3' style='flex-basis: 31.78%;'><div data-type=\"name-element\" data-name=\"nombre_1\" class=\" ff-field_container ff-name-field-wrapper\" ><div class='ff-t-container'><div class='ff-t-cell '><div class='ff-el-group'><div class=\"ff-el-input--label ff-el-is-required asterisk-right\"><label for='ff_3_nombre_1_first_name_' id='label_ff_3_nombre_1_first_name_' >Nombre<\/label><\/div><div class='ff-el-input--content'><input type=\"text\" name=\"nombre_1[first_name]\" id=\"ff_3_nombre_1_first_name_\" class=\"ff-el-form-control\" aria-invalid=\"false\" aria-required=true><\/div><\/div><\/div><\/div><\/div><div class='ff-el-group'><div class=\"ff-el-input--label ff-el-is-required asterisk-right\"><label for='ff_3_input_text_5' id='label_ff_3_input_text_5' aria-label=\"M\u00f3vil\">M\u00f3vil<\/label><\/div><div class='ff-el-input--content'><input type=\"text\" name=\"input_text_5\" class=\"ff-el-form-control\" data-name=\"input_text_5\" id=\"ff_3_input_text_5\"  aria-invalid=\"false\" aria-required=true><\/div><\/div><\/div><div class='ff-t-cell ff-t-column-4' style='flex-basis: 25%;'><div data-type=\"name-element\" data-name=\"nombre_3\" class=\" ff-field_container ff-name-field-wrapper\" ><div class='ff-t-container'><div class='ff-t-cell '><div class='ff-el-group'><div class=\"ff-el-input--label ff-el-is-required asterisk-right\"><label for='ff_3_nombre_3_middle_name_' id='label_ff_3_nombre_3_middle_name_' >Apellidos<\/label><\/div><div class='ff-el-input--content'><input type=\"text\" name=\"nombre_3[middle_name]\" id=\"ff_3_nombre_3_middle_name_\" class=\"ff-el-form-control\" aria-invalid=\"false\" aria-required=true><\/div><\/div><\/div><\/div><\/div><div class='ff-el-group'><div class=\"ff-el-input--label ff-el-is-required asterisk-right\"><label for='ff_3_email' id='label_ff_3_email' aria-label=\"Correo electr\u00f3nico\">Correo electr\u00f3nico<\/label><\/div><div class='ff-el-input--content'><input type=\"email\" name=\"email\" id=\"ff_3_email\" class=\"ff-el-form-control\" placeholder=\"Email Address\" data-name=\"email\"  aria-invalid=\"false\" aria-required=true><\/div><\/div><\/div><\/div><div class='ff-el-group'><div class=\"ff-el-input--label asterisk-right\"><label for='ff_3_multi_select' id='label_ff_3_multi_select' aria-label=\"Seleccione sus departamentos de inter\u00e9s\">Seleccione sus departamentos de inter\u00e9s<\/label><\/div><div class='ff-el-input--content'><select name=\"multi_select[]\" id=\"ff_3_multi_select\" class=\"ff-el-form-control  ff_has_multi_select\" multiple=\"1\" data-name=\"multi_select\" data-calc_value=\"0\"  aria-invalid=\"false\" aria-required=\"false\" aria-labelledby=\"label_ff_3_multi_select\"><option value=\"Carnicer\u00eda\"  >Carnicer\u00eda<\/option><option value=\"Charcuter\u00eda\"  >Charcuter\u00eda<\/option><option value=\"Fruter\u00eda\"  >Fruter\u00eda<\/option><option value=\"Pescader\u00eda\"  >Pescader\u00eda<\/option><option value=\"Panader\u00eda\/Pasteler\u00eda\"  >Panader\u00eda\/Pasteler\u00eda<\/option><option value=\"Almac\u00e9n\"  >Almac\u00e9n<\/option><option value=\"Administraci\u00f3n\"  >Administraci\u00f3n<\/option><option value=\"Mantenimiento\"  >Mantenimiento<\/option><option value=\"Reponedor\/a\"  >Reponedor\/a<\/option><option value=\"Vendedor\/a\"  >Vendedor\/a<\/option><option value=\"Nuevas tecnolog\u00edas \/electrodom\u00e9sticos\"  >Nuevas tecnolog\u00edas \/electrodom\u00e9sticos<\/option><option value=\"Publicidad \/ Marketing\"  >Publicidad \/ Marketing<\/option><option value=\"Cajas\"  >Cajas<\/option><option value=\"Otros\"  >Otros<\/option><\/select><\/div><\/div><div class='ff-el-group'><div class=\"ff-el-input--label ff-el-is-required asterisk-right\"><label for='ff_3_file-upload_1' id='label_ff_3_file-upload_1' aria-label=\"Adjuntar CV (formatos aceptados PDF, DOC, ODT)\">Adjuntar CV (formatos aceptados PDF, DOC, ODT)<\/label><\/div><div class='ff-el-input--content'><label for='ff_3_file-upload_1' class='ff_file_upload_holder'><span class='ff_upload_btn ff-btn' tabindex='0'>Seleccionar<\/span> <input type=\"file\" name=\"file-upload\" id=\"ff_3_file-upload_1\" class=\"ff-el-form-control  ff-screen-reader-element\" data-name=\"file-upload\" multiple=\"1\"  aria-invalid='false' aria-required=true><\/label><\/div><\/div><div data-name=\"ff_cn_id_2\"  class='ff-t-container ff-column-container ff_columns_total_2 '><div class='ff-t-cell ff-t-column-1' style='flex-basis: 87.93%;'><\/div><div class='ff-t-cell ff-t-column-2' style='flex-basis: 12.07%;'><\/div><\/div><div data-name=\"ff_cn_id_3\"  class='ff-t-container ff-column-container ff_columns_total_1 '><div class='ff-t-cell ff-t-column-1' style='flex-basis: 100%;'><\/div><\/div><div data-name=\"ff_cn_id_4\"  class='ff-t-container ff-column-container ff_columns_total_1 '><div class='ff-t-cell ff-t-column-1' style='flex-basis: 100%;'><div class='ff-el-group    ff-el-input--content'><div class='ff-el-form-check ff-el-tc'><label aria-label='T\u00e9rminos y condiciones: Consiento el uso de mis datos para los fines indicados en la &quot;POL\u00cdTICA DE PRIVACIDAD&quot;. Contiene 1 enlace. Usa la navegaci\u00f3n por pesta\u00f1as para rese\u00f1ar.' class='ff-el-form-check-label ff_tc_label' for=terms-n-condition_1_7c7bc52b9f7fdf4c74ebc2dd5a472fdd><span class='ff_tc_checkbox'><input type=\"checkbox\" name=\"terms-n-condition_1\" class=\"ff-el-form-check-input\" data-name=\"terms-n-condition_1\" id=\"terms-n-condition_1_7c7bc52b9f7fdf4c74ebc2dd5a472fdd\"  value='on' aria-invalid='false' aria-required=true><\/span> <div class='ff_t_c'><p>Consiento el uso de mis datos para los fines indicados en la \"<a href=\"https:\/\/e-leclerc.es\/aranjuez\/politica-de-privacidad\/\"><span style=\"color: #1173b6\">POL\u00cdTICA DE PRIVACIDAD<\/span><\/a>\".<\/p><\/div><\/label><\/div><\/div><div class='ff-el-group ' ><div class='ff-el-input--content'><div data-fluent_id='3' name='g-recaptcha-response'><div\n\t\tdata-sitekey='6LfKmL0qAAAAAIPSIpDTUReP7YnW86-CNVmpSrxh'\n\t\tid='fluentform-recaptcha-3-1'\n\t\tclass='ff-el-recaptcha g-recaptcha'\n\t\tdata-callback='fluentFormrecaptchaSuccessCallback'><\/div><\/div><\/div><\/div><\/div><\/div><div class='ff-el-group ff-text-left contact-form ff_submit_btn_wrapper'><button type=\"submit\" class=\"ff-btn ff-btn-submit ff-btn-md ff_btn_no_style\"  aria-label=\"Registrar\">Registrar<\/button><\/div><\/fieldset><\/form><div id='fluentform_3_errors' class='ff-errors-in-stack ff_form_instance_3_1 ff-form-loading_errors ff_form_instance_3_1_errors'><\/div><\/div>            <script type=\"text\/javascript\">\n                window.fluent_form_ff_form_instance_3_1 = {\"id\":\"3\",\"ajaxUrl\":\"https:\\\/\\\/e-leclerc.es\\\/aranjuez\\\/wp-admin\\\/admin-ajax.php\",\"settings\":{\"layout\":{\"labelPlacement\":\"top\",\"helpMessagePlacement\":\"with_label\",\"errorMessagePlacement\":\"inline\",\"cssClassName\":\"\",\"asteriskPlacement\":\"asterisk-right\"},\"restrictions\":{\"denyEmptySubmission\":{\"enabled\":false}}},\"form_instance\":\"ff_form_instance_3_1\",\"form_id_selector\":\"fluentform_3\",\"rules\":{\"dropdown\":{\"required\":{\"value\":true,\"message\":\"Este campo es obligatorio\",\"global_message\":\"Este campo es obligatorio\",\"global\":true}},\"input_text_6\":{\"required\":{\"value\":false,\"message\":\"Este campo es obligatorio\",\"global_message\":\"Este campo es obligatorio\",\"global\":true}},\"nombre_1[first_name]\":{\"required\":{\"value\":true,\"message\":\"Este campo es obligatorio\",\"global\":true,\"global_message\":\"Este campo es obligatorio\"}},\"nombre_1[middle_name]\":{\"required\":{\"value\":false,\"message\":\"This field is required\",\"global\":false,\"global_message\":\"Este campo es obligatorio\"}},\"nombre_1[last_name]\":{\"required\":{\"value\":false,\"message\":\"This field is required\",\"global\":false,\"global_message\":\"Este campo es obligatorio\"}},\"input_text_5\":{\"required\":{\"value\":true,\"message\":\"Este campo es obligatorio\",\"global_message\":\"Este campo es obligatorio\",\"global\":true}},\"nombre_3[first_name]\":{\"required\":{\"value\":true,\"message\":\"Este campo es obligatorio\",\"global\":true,\"global_message\":\"Este campo es obligatorio\"}},\"nombre_3[middle_name]\":{\"required\":{\"value\":true,\"message\":\"This field is required\",\"global\":false,\"global_message\":\"Este campo es obligatorio\"}},\"nombre_3[last_name]\":{\"required\":{\"value\":false,\"message\":\"This field is required\",\"global\":false,\"global_message\":\"Este campo es obligatorio\"}},\"email\":{\"required\":{\"value\":true,\"message\":\"Este campo es obligatorio\",\"global_message\":\"Este campo es obligatorio\",\"global\":true},\"email\":{\"value\":true,\"message\":\"Este campo debe contener un correo electr\\u00f3nico v\\u00e1lido\",\"global_message\":\"Este campo debe contener un correo electr\\u00f3nico v\\u00e1lido\",\"global\":true}},\"multi_select\":{\"required\":{\"value\":false,\"message\":\"Este campo es obligatorio\",\"global_message\":\"Este campo es obligatorio\",\"global\":true}},\"file-upload\":{\"required\":{\"value\":true,\"message\":\"Este campo es obligatorio\",\"global_message\":\"Este campo es obligatorio\",\"global\":true},\"max_file_size\":{\"value\":3145728,\"_valueFrom\":\"MB\",\"message\":\"La validaci\\u00f3n falla por el tama\\u00f1o m\\u00e1ximo de archivo\",\"global_message\":\"La validaci\\u00f3n falla por el tama\\u00f1o m\\u00e1ximo de archivo\",\"global\":true},\"max_file_count\":{\"value\":1,\"message\":\"La validaci\\u00f3n falla para el recuento m\\u00e1ximo de archivos\",\"global_message\":\"La validaci\\u00f3n falla para el recuento m\\u00e1ximo de archivos\",\"global\":true},\"allowed_file_types\":{\"value\":[\"pdf\",\"doc|ppt|pps|xls|mdb|docx|xlsx|pptx|odt|odp|ods|odg|odc|odb|odf|rtf|txt\"],\"message\":\"Tipo de archivo no v\\u00e1lido\",\"global_message\":\"Tipo de archivo no v\\u00e1lido\",\"global\":true}},\"terms-n-condition_1\":{\"required\":{\"value\":true,\"message\":\"Este campo es obligatorio\",\"global_message\":\"Este campo es obligatorio\",\"global\":true}},\"g-recaptcha-response\":[]},\"debounce_time\":300};\n                            <\/script>\n                        <\/div>\n\n            \t\t\t\t<\/div>\n\t\t\t\t<\/div>\n\t\t\t\t\t<\/div>\n\t\t\t\t<\/div>\n\t\t\t\t\t<\/div>\n\t\t\t\t<\/div>\n\t\t\t\t<\/div>\n\t\t","protected":false},"excerpt":{"rendered":"<p>Trabaja con nosotros Solicitar empleo Tratamiento&#8211; Seleccionar &#8211;SrSraTel\u00e9fonoNombreM\u00f3vilApellidosCorreo electr\u00f3nicoSeleccione sus departamentos de inter\u00e9sCarnicer\u00edaCharcuter\u00edaFruter\u00edaPescader\u00edaPanader\u00eda\/Pasteler\u00edaAlmac\u00e9nAdministraci\u00f3nMantenimientoReponedor\/aVendedor\/aNuevas tecnolog\u00edas \/electrodom\u00e9sticosPublicidad \/ MarketingCajasOtrosAdjuntar CV (formatos aceptados PDF, DOC, ODT)Seleccionar Consiento el uso de mis datos para los fines indicados en la \u00abPOL\u00cdTICA DE PRIVACIDAD\u00ab. Registrar<\/p>\n","protected":false},"author":3,"featured_media":0,"parent":6126,"menu_order":0,"comment_status":"closed","ping_status":"closed","template":"elementor_header_footer","meta":{"_acf_changed":false,"footnotes":""},"class_list":["post-10695","page","type-page","status-publish","hentry"],"acf":[],"yoast_head":"<!-- This site is optimized with the Yoast SEO plugin v27.4 - https:\/\/yoast.com\/product\/yoast-seo-wordpress\/ -->\n<title>Solicitud de empleo - E.Leclerc Aranjuez<\/title>\n<meta name=\"robots\" content=\"noindex, follow\" \/>\n<meta property=\"og:locale\" content=\"es_ES\" \/>\n<meta property=\"og:type\" content=\"article\" \/>\n<meta property=\"og:title\" content=\"Solicitud de empleo - E.Leclerc Aranjuez\" \/>\n<meta property=\"og:description\" content=\"Trabaja con nosotros Solicitar empleo Tratamiento&#8211; Seleccionar &#8211;SrSraTel\u00e9fonoNombreM\u00f3vilApellidosCorreo electr\u00f3nicoSeleccione sus departamentos de inter\u00e9sCarnicer\u00edaCharcuter\u00edaFruter\u00edaPescader\u00edaPanader\u00eda\/Pasteler\u00edaAlmac\u00e9nAdministraci\u00f3nMantenimientoReponedor\/aVendedor\/aNuevas tecnolog\u00edas \/electrodom\u00e9sticosPublicidad \/ MarketingCajasOtrosAdjuntar CV (formatos aceptados PDF, DOC, ODT)Seleccionar Consiento el uso de mis datos para los fines indicados en la \u00abPOL\u00cdTICA DE PRIVACIDAD\u00ab. Registrar\" \/>\n<meta property=\"og:url\" content=\"https:\/\/e-leclerc.es\/aranjuez\/bolsa-de-empleo\/solicitud-de-empleo\/\" \/>\n<meta property=\"og:site_name\" content=\"E.Leclerc Aranjuez\" \/>\n<meta property=\"article:modified_time\" content=\"2025-03-27T15:17:52+00:00\" \/>\n<meta name=\"twitter:card\" content=\"summary_large_image\" \/>\n<meta name=\"twitter:label1\" content=\"Tiempo de lectura\" \/>\n\t<meta name=\"twitter:data1\" content=\"1 minuto\" \/>\n<script type=\"application\/ld+json\" class=\"yoast-schema-graph\">{\"@context\":\"https:\\\/\\\/schema.org\",\"@graph\":[{\"@type\":\"WebPage\",\"@id\":\"https:\\\/\\\/e-leclerc.es\\\/aranjuez\\\/bolsa-de-empleo\\\/solicitud-de-empleo\\\/\",\"url\":\"https:\\\/\\\/e-leclerc.es\\\/aranjuez\\\/bolsa-de-empleo\\\/solicitud-de-empleo\\\/\",\"name\":\"Solicitud de empleo - E.Leclerc Aranjuez\",\"isPartOf\":{\"@id\":\"https:\\\/\\\/e-leclerc.es\\\/aranjuez\\\/#website\"},\"datePublished\":\"2025-03-27T15:15:43+00:00\",\"dateModified\":\"2025-03-27T15:17:52+00:00\",\"breadcrumb\":{\"@id\":\"https:\\\/\\\/e-leclerc.es\\\/aranjuez\\\/bolsa-de-empleo\\\/solicitud-de-empleo\\\/#breadcrumb\"},\"inLanguage\":\"es\",\"potentialAction\":[{\"@type\":\"ReadAction\",\"target\":[\"https:\\\/\\\/e-leclerc.es\\\/aranjuez\\\/bolsa-de-empleo\\\/solicitud-de-empleo\\\/\"]}]},{\"@type\":\"BreadcrumbList\",\"@id\":\"https:\\\/\\\/e-leclerc.es\\\/aranjuez\\\/bolsa-de-empleo\\\/solicitud-de-empleo\\\/#breadcrumb\",\"itemListElement\":[{\"@type\":\"ListItem\",\"position\":1,\"name\":\"Portada\",\"item\":\"https:\\\/\\\/e-leclerc.es\\\/aranjuez\\\/\"},{\"@type\":\"ListItem\",\"position\":2,\"name\":\"Bolsa de empleo\",\"item\":\"https:\\\/\\\/e-leclerc.es\\\/aranjuez\\\/bolsa-de-empleo\\\/\"},{\"@type\":\"ListItem\",\"position\":3,\"name\":\"Solicitud de empleo\"}]},{\"@type\":\"WebSite\",\"@id\":\"https:\\\/\\\/e-leclerc.es\\\/aranjuez\\\/#website\",\"url\":\"https:\\\/\\\/e-leclerc.es\\\/aranjuez\\\/\",\"name\":\"E.Leclerc Aranjuez\",\"description\":\"Descubre los folletos, ofertas y promociones de nuestro hipermercado E.Leclerc Aranjuez en Comunidad de Madrid. Direcci\u00f3n | Horario | Productos locales\",\"publisher\":{\"@id\":\"https:\\\/\\\/e-leclerc.es\\\/aranjuez\\\/#organization\"},\"potentialAction\":[{\"@type\":\"SearchAction\",\"target\":{\"@type\":\"EntryPoint\",\"urlTemplate\":\"https:\\\/\\\/e-leclerc.es\\\/aranjuez\\\/?s={search_term_string}\"},\"query-input\":{\"@type\":\"PropertyValueSpecification\",\"valueRequired\":true,\"valueName\":\"search_term_string\"}}],\"inLanguage\":\"es\"},{\"@type\":\"Organization\",\"@id\":\"https:\\\/\\\/e-leclerc.es\\\/aranjuez\\\/#organization\",\"name\":\"E.Leclerc Aranjuez\",\"url\":\"https:\\\/\\\/e-leclerc.es\\\/aranjuez\\\/\",\"logo\":{\"@type\":\"ImageObject\",\"inLanguage\":\"es\",\"@id\":\"https:\\\/\\\/e-leclerc.es\\\/aranjuez\\\/#\\\/schema\\\/logo\\\/image\\\/\",\"url\":\"https:\\\/\\\/e-leclerc.es\\\/aranjuez\\\/wp-content\\\/uploads\\\/sites\\\/11\\\/2024\\\/03\\\/Leclerc_Logo.svg\",\"contentUrl\":\"https:\\\/\\\/e-leclerc.es\\\/aranjuez\\\/wp-content\\\/uploads\\\/sites\\\/11\\\/2024\\\/03\\\/Leclerc_Logo.svg\",\"caption\":\"E.Leclerc Aranjuez\"},\"image\":{\"@id\":\"https:\\\/\\\/e-leclerc.es\\\/aranjuez\\\/#\\\/schema\\\/logo\\\/image\\\/\"}}]}<\/script>\n<!-- \/ Yoast SEO plugin. -->","yoast_head_json":{"title":"Solicitud de empleo - E.Leclerc Aranjuez","robots":{"index":"noindex","follow":"follow"},"og_locale":"es_ES","og_type":"article","og_title":"Solicitud de empleo - E.Leclerc Aranjuez","og_description":"Trabaja con nosotros Solicitar empleo Tratamiento&#8211; Seleccionar &#8211;SrSraTel\u00e9fonoNombreM\u00f3vilApellidosCorreo electr\u00f3nicoSeleccione sus departamentos de inter\u00e9sCarnicer\u00edaCharcuter\u00edaFruter\u00edaPescader\u00edaPanader\u00eda\/Pasteler\u00edaAlmac\u00e9nAdministraci\u00f3nMantenimientoReponedor\/aVendedor\/aNuevas tecnolog\u00edas \/electrodom\u00e9sticosPublicidad \/ MarketingCajasOtrosAdjuntar CV (formatos aceptados PDF, DOC, ODT)Seleccionar Consiento el uso de mis datos para los fines indicados en la \u00abPOL\u00cdTICA DE PRIVACIDAD\u00ab. Registrar","og_url":"https:\/\/e-leclerc.es\/aranjuez\/bolsa-de-empleo\/solicitud-de-empleo\/","og_site_name":"E.Leclerc Aranjuez","article_modified_time":"2025-03-27T15:17:52+00:00","twitter_card":"summary_large_image","twitter_misc":{"Tiempo de lectura":"1 minuto"},"schema":{"@context":"https:\/\/schema.org","@graph":[{"@type":"WebPage","@id":"https:\/\/e-leclerc.es\/aranjuez\/bolsa-de-empleo\/solicitud-de-empleo\/","url":"https:\/\/e-leclerc.es\/aranjuez\/bolsa-de-empleo\/solicitud-de-empleo\/","name":"Solicitud de empleo - E.Leclerc Aranjuez","isPartOf":{"@id":"https:\/\/e-leclerc.es\/aranjuez\/#website"},"datePublished":"2025-03-27T15:15:43+00:00","dateModified":"2025-03-27T15:17:52+00:00","breadcrumb":{"@id":"https:\/\/e-leclerc.es\/aranjuez\/bolsa-de-empleo\/solicitud-de-empleo\/#breadcrumb"},"inLanguage":"es","potentialAction":[{"@type":"ReadAction","target":["https:\/\/e-leclerc.es\/aranjuez\/bolsa-de-empleo\/solicitud-de-empleo\/"]}]},{"@type":"BreadcrumbList","@id":"https:\/\/e-leclerc.es\/aranjuez\/bolsa-de-empleo\/solicitud-de-empleo\/#breadcrumb","itemListElement":[{"@type":"ListItem","position":1,"name":"Portada","item":"https:\/\/e-leclerc.es\/aranjuez\/"},{"@type":"ListItem","position":2,"name":"Bolsa de empleo","item":"https:\/\/e-leclerc.es\/aranjuez\/bolsa-de-empleo\/"},{"@type":"ListItem","position":3,"name":"Solicitud de empleo"}]},{"@type":"WebSite","@id":"https:\/\/e-leclerc.es\/aranjuez\/#website","url":"https:\/\/e-leclerc.es\/aranjuez\/","name":"E.Leclerc Aranjuez","description":"Descubre los folletos, ofertas y promociones de nuestro hipermercado E.Leclerc Aranjuez en Comunidad de Madrid. Direcci\u00f3n | Horario | Productos locales","publisher":{"@id":"https:\/\/e-leclerc.es\/aranjuez\/#organization"},"potentialAction":[{"@type":"SearchAction","target":{"@type":"EntryPoint","urlTemplate":"https:\/\/e-leclerc.es\/aranjuez\/?s={search_term_string}"},"query-input":{"@type":"PropertyValueSpecification","valueRequired":true,"valueName":"search_term_string"}}],"inLanguage":"es"},{"@type":"Organization","@id":"https:\/\/e-leclerc.es\/aranjuez\/#organization","name":"E.Leclerc Aranjuez","url":"https:\/\/e-leclerc.es\/aranjuez\/","logo":{"@type":"ImageObject","inLanguage":"es","@id":"https:\/\/e-leclerc.es\/aranjuez\/#\/schema\/logo\/image\/","url":"https:\/\/e-leclerc.es\/aranjuez\/wp-content\/uploads\/sites\/11\/2024\/03\/Leclerc_Logo.svg","contentUrl":"https:\/\/e-leclerc.es\/aranjuez\/wp-content\/uploads\/sites\/11\/2024\/03\/Leclerc_Logo.svg","caption":"E.Leclerc Aranjuez"},"image":{"@id":"https:\/\/e-leclerc.es\/aranjuez\/#\/schema\/logo\/image\/"}}]}},"_links":{"self":[{"href":"https:\/\/e-leclerc.es\/aranjuez\/wp-json\/wp\/v2\/pages\/10695","targetHints":{"allow":["GET"]}}],"collection":[{"href":"https:\/\/e-leclerc.es\/aranjuez\/wp-json\/wp\/v2\/pages"}],"about":[{"href":"https:\/\/e-leclerc.es\/aranjuez\/wp-json\/wp\/v2\/types\/page"}],"author":[{"embeddable":true,"href":"https:\/\/e-leclerc.es\/aranjuez\/wp-json\/wp\/v2\/users\/3"}],"replies":[{"embeddable":true,"href":"https:\/\/e-leclerc.es\/aranjuez\/wp-json\/wp\/v2\/comments?post=10695"}],"version-history":[{"count":7,"href":"https:\/\/e-leclerc.es\/aranjuez\/wp-json\/wp\/v2\/pages\/10695\/revisions"}],"predecessor-version":[{"id":10702,"href":"https:\/\/e-leclerc.es\/aranjuez\/wp-json\/wp\/v2\/pages\/10695\/revisions\/10702"}],"up":[{"embeddable":true,"href":"https:\/\/e-leclerc.es\/aranjuez\/wp-json\/wp\/v2\/pages\/6126"}],"wp:attachment":[{"href":"https:\/\/e-leclerc.es\/aranjuez\/wp-json\/wp\/v2\/media?parent=10695"}],"curies":[{"name":"wp","href":"https:\/\/api.w.org\/{rel}","templated":true}]}}